{"id":4435,"date":"2025-06-08T19:02:28","date_gmt":"2025-06-08T12:02:28","guid":{"rendered":"https:\/\/xedop.com\/?post_type=product&#038;p=4435"},"modified":"2025-07-16T15:08:18","modified_gmt":"2025-07-16T08:08:18","slug":"dung-cu-bom-dau-phanh","status":"publish","type":"product","link":"https:\/\/xedop.com\/en\/san-pham\/dung-cu-bom-dau-phanh\/","title":{"rendered":"D\u1ee5ng c\u1ee5 b\u01a1m d\u1ea7u phanh"},"content":{"rendered":"<div>\n<p>D\u1ee5ng c\u1ee5 b\u01a1m d\u1ea7u phanh<\/p>\n<\/div>\n<div>\n<div>\n<div>\n<p>B\u1ed9 d\u1ee5ng c\u1ee5 b\u01a1m d\u1ea7u phanh d\u00e0nh cho c\u00e1c c\u1eeda h\u00e0ng v\u00e0 th\u1ee3 s\u1eeda xe \u0111\u1ea1p.<\/p>\n<p>C\u00f4ng d\u1ee5ng:<\/p>\n<p>\u0110\u1ea7y \u0111\u1ee7 c\u00e1c ph\u1ee5 t\u00f9ng th\u00e1o v\u00e0 b\u01a1m d\u1ea7u phanh cho xe \u0111\u1ea1p c\u00e1c th\u01b0\u01a1ng hi\u1ec7u shimano, tektro, magura<\/p>\n<\/div>\n<\/div>\n<\/div>\n","protected":false},"excerpt":{"rendered":"<p>D\u1ee5ng c\u1ee5 b\u01a1m d\u1ea7u phanh B\u1ed9 d\u1ee5ng c\u1ee5 b\u01a1m d\u1ea7u phanh d\u00e0nh cho c\u00e1c c\u1eeda h\u00e0ng v\u00e0 th\u1ee3 s\u1eeda xe \u0111\u1ea1p. C\u00f4ng d\u1ee5ng: \u0110\u1ea7y \u0111\u1ee7 c\u00e1c<span class=\"excerpt-hellip\"> [\u2026]<\/span><\/p>\n","protected":false},"featured_media":4436,"comment_status":"closed","ping_status":"closed","template":"","meta":[],"product_cat":[84],"product_tag":[],"class_list":["post-4435","product","type-product","status-publish","has-post-thumbnail","hentry","product_cat-dung-cu-sua-chua"],"_links":{"self":[{"href":"https:\/\/xedop.com\/en\/wp-json\/wp\/v2\/product\/4435","targetHints":{"allow":["GET"]}}],"collection":[{"href":"https:\/\/xedop.com\/en\/wp-json\/wp\/v2\/product"}],"about":[{"href":"https:\/\/xedop.com\/en\/wp-json\/wp\/v2\/types\/product"}],"replies":[{"embeddable":true,"href":"https:\/\/xedop.com\/en\/wp-json\/wp\/v2\/comments?post=4435"}],"version-history":[{"count":1,"href":"https:\/\/xedop.com\/en\/wp-json\/wp\/v2\/product\/4435\/revisions"}],"predecessor-version":[{"id":4442,"href":"https:\/\/xedop.com\/en\/wp-json\/wp\/v2\/product\/4435\/revisions\/4442"}],"wp:featuredmedia":[{"embeddable":true,"href":"https:\/\/xedop.com\/en\/wp-json\/wp\/v2\/media\/4436"}],"wp:attachment":[{"href":"https:\/\/xedop.com\/en\/wp-json\/wp\/v2\/media?parent=4435"}],"wp:term":[{"taxonomy":"product_cat","embeddable":true,"href":"https:\/\/xedop.com\/en\/wp-json\/wp\/v2\/product_cat?post=4435"},{"taxonomy":"product_tag","embeddable":true,"href":"https:\/\/xedop.com\/en\/wp-json\/wp\/v2\/product_tag?post=4435"}],"curies":[{"name":"wp","href":"https:\/\/api.w.org\/{rel}","templated":true}]}}