{"id":4459,"date":"2025-06-08T19:49:23","date_gmt":"2025-06-08T12:49:23","guid":{"rendered":"https:\/\/xedop.com\/?post_type=product&#038;p=4459"},"modified":"2025-09-12T10:11:19","modified_gmt":"2025-09-12T03:11:19","slug":"dung-cu-da-nang-crankbrothers-m10","status":"publish","type":"product","link":"https:\/\/xedop.com\/en\/san-pham\/dung-cu-da-nang-crankbrothers-m10\/","title":{"rendered":"D\u1ee5ng c\u1ee5 \u0111a n\u0103ng Crankbrothers M10"},"content":{"rendered":"<p>\u0110\u01b0\u1ee3c ch\u1ebf t\u1ea1o b\u1eb1ng th\u00e9p c\u01b0\u1eddng \u0111\u1ed9 cao, \u0111\u1ed9 ho\u00e0n thi\u1ec7n ch\u00ednh x\u00e1c cao, v\u1eeba v\u1eb7n v\u1edbi tay. Tay c\u1ea7m 2 b\u00ean ch\u1eafc ch\u1eafn ngay c\u1ea3 khi \u0111eo g\u0103ng tay<\/p>\n<table class=\"specs\">\n<tbody>\n<tr>\n<td class=\"spec-name\">\u0110\u1ea7u l\u1ee5c gi\u00e1c<\/td>\n<td class=\"helv-font spec-detail\">#2, 2.5, 3, 4, 5, 6, 8<\/td>\n<\/tr>\n<tr>\n<td class=\"spec-name\">Chi\u1ec1u d\u00e0i<\/td>\n<td class=\"helv-font spec-detail\">89mm<\/td>\n<\/tr>\n<tr>\n<td class=\"spec-name\">\u0110\u1ea7u vit<\/td>\n<td class=\"helv-font spec-detail\">Phillips #2, flat #2<\/td>\n<\/tr>\n<tr>\n<td class=\"spec-name\">\u0110\u1ea7u ng\u00f4i sao<\/td>\n<td class=\"helv-font spec-detail\">T-25<\/td>\n<\/tr>\n<tr>\n<td class=\"spec-name\">Tr\u1ecdng l\u01b0\u1ee3ng<\/td>\n<td class=\"helv-font spec-detail\">150g<\/td>\n<\/tr>\n<\/tbody>\n<\/table>\n","protected":false},"excerpt":{"rendered":"<p>\u0110\u01b0\u1ee3c ch\u1ebf t\u1ea1o b\u1eb1ng th\u00e9p c\u01b0\u1eddng \u0111\u1ed9 cao, \u0111\u1ed9 ho\u00e0n thi\u1ec7n ch\u00ednh x\u00e1c cao, v\u1eeba v\u1eb7n v\u1edbi tay. Tay c\u1ea7m 2 b\u00ean ch\u1eafc ch\u1eafn ngay c\u1ea3<span class=\"excerpt-hellip\"> [\u2026]<\/span><\/p>\n","protected":false},"featured_media":4460,"comment_status":"closed","ping_status":"closed","template":"","meta":[],"product_cat":[84],"product_tag":[],"class_list":["post-4459","product","type-product","status-publish","has-post-thumbnail","hentry","product_cat-dung-cu-sua-chua"],"_links":{"self":[{"href":"https:\/\/xedop.com\/en\/wp-json\/wp\/v2\/product\/4459","targetHints":{"allow":["GET"]}}],"collection":[{"href":"https:\/\/xedop.com\/en\/wp-json\/wp\/v2\/product"}],"about":[{"href":"https:\/\/xedop.com\/en\/wp-json\/wp\/v2\/types\/product"}],"replies":[{"embeddable":true,"href":"https:\/\/xedop.com\/en\/wp-json\/wp\/v2\/comments?post=4459"}],"version-history":[{"count":1,"href":"https:\/\/xedop.com\/en\/wp-json\/wp\/v2\/product\/4459\/revisions"}],"predecessor-version":[{"id":4464,"href":"https:\/\/xedop.com\/en\/wp-json\/wp\/v2\/product\/4459\/revisions\/4464"}],"wp:featuredmedia":[{"embeddable":true,"href":"https:\/\/xedop.com\/en\/wp-json\/wp\/v2\/media\/4460"}],"wp:attachment":[{"href":"https:\/\/xedop.com\/en\/wp-json\/wp\/v2\/media?parent=4459"}],"wp:term":[{"taxonomy":"product_cat","embeddable":true,"href":"https:\/\/xedop.com\/en\/wp-json\/wp\/v2\/product_cat?post=4459"},{"taxonomy":"product_tag","embeddable":true,"href":"https:\/\/xedop.com\/en\/wp-json\/wp\/v2\/product_tag?post=4459"}],"curies":[{"name":"wp","href":"https:\/\/api.w.org\/{rel}","templated":true}]}}