{"id":4473,"date":"2025-06-08T19:53:38","date_gmt":"2025-06-08T12:53:38","guid":{"rendered":"https:\/\/xedop.com\/?post_type=product&#038;p=4473"},"modified":"2025-06-08T19:53:38","modified_gmt":"2025-06-08T12:53:38","slug":"luc-giac-giant-bo-8-chiec-1-5-2-2-5-3-4-5-6-8","status":"publish","type":"product","link":"https:\/\/xedop.com\/en\/san-pham\/luc-giac-giant-bo-8-chiec-1-5-2-2-5-3-4-5-6-8\/","title":{"rendered":"L\u1ee5c gi\u00e1c Giant, b\u1ed9 8 chi\u1ebfc 1.5-2-2.5-3-4-5-6-8"},"content":{"rendered":"<p>B\u1ed9 l\u1ee5c gi\u00e1c Giant<\/p>\n<p>\u0110\u01b0\u1ee3c ch\u1ebf t\u1ea1o b\u1eb1ng th\u00e9p c\u01b0\u1eddng \u0111\u1ed9 cao<\/p>\n<p>\u0110\u1ed9 ch\u00ednh x\u00e1c cao<\/p>\n<p>\u0110\u1ea7u l\u1ee5c gi\u00e1c\u00a01.5, 2, 2.5, 3, 4, 5, 6, 8<\/p>\n","protected":false},"excerpt":{"rendered":"<p>B\u1ed9 l\u1ee5c gi\u00e1c Giant \u0110\u01b0\u1ee3c ch\u1ebf t\u1ea1o b\u1eb1ng th\u00e9p c\u01b0\u1eddng \u0111\u1ed9 cao \u0110\u1ed9 ch\u00ednh x\u00e1c cao \u0110\u1ea7u l\u1ee5c gi\u00e1c\u00a01.5, 2, 2.5, 3, 4, 5, 6, 8<\/p>\n","protected":false},"featured_media":4474,"comment_status":"closed","ping_status":"closed","template":"","meta":[],"product_cat":[84],"product_tag":[],"class_list":["post-4473","product","type-product","status-publish","has-post-thumbnail","hentry","product_cat-dung-cu-sua-chua"],"_links":{"self":[{"href":"https:\/\/xedop.com\/en\/wp-json\/wp\/v2\/product\/4473","targetHints":{"allow":["GET"]}}],"collection":[{"href":"https:\/\/xedop.com\/en\/wp-json\/wp\/v2\/product"}],"about":[{"href":"https:\/\/xedop.com\/en\/wp-json\/wp\/v2\/types\/product"}],"replies":[{"embeddable":true,"href":"https:\/\/xedop.com\/en\/wp-json\/wp\/v2\/comments?post=4473"}],"version-history":[{"count":1,"href":"https:\/\/xedop.com\/en\/wp-json\/wp\/v2\/product\/4473\/revisions"}],"predecessor-version":[{"id":4480,"href":"https:\/\/xedop.com\/en\/wp-json\/wp\/v2\/product\/4473\/revisions\/4480"}],"wp:featuredmedia":[{"embeddable":true,"href":"https:\/\/xedop.com\/en\/wp-json\/wp\/v2\/media\/4474"}],"wp:attachment":[{"href":"https:\/\/xedop.com\/en\/wp-json\/wp\/v2\/media?parent=4473"}],"wp:term":[{"taxonomy":"product_cat","embeddable":true,"href":"https:\/\/xedop.com\/en\/wp-json\/wp\/v2\/product_cat?post=4473"},{"taxonomy":"product_tag","embeddable":true,"href":"https:\/\/xedop.com\/en\/wp-json\/wp\/v2\/product_tag?post=4473"}],"curies":[{"name":"wp","href":"https:\/\/api.w.org\/{rel}","templated":true}]}}