{"id":4481,"date":"2025-06-08T19:56:44","date_gmt":"2025-06-08T12:56:44","guid":{"rendered":"https:\/\/xedop.com\/?post_type=product&#038;p=4481"},"modified":"2025-07-19T19:58:52","modified_gmt":"2025-07-19T12:58:52","slug":"quan-bim-dap-xe-cheji-mac-trong","status":"publish","type":"product","link":"https:\/\/xedop.com\/en\/san-pham\/quan-bim-dap-xe-cheji-mac-trong\/","title":{"rendered":"Qu\u1ea7n b\u1ec9m \u0111\u1ea1p xe Cheji &#8211; m\u1eb7c trong"},"content":{"rendered":"<p>Qu\u1ea7n b\u1ec9m \u0111\u1ea1p xe s\u1eed d\u1ee5ng v\u1ea3i l\u01b0\u1edbi gi\u00fap tho\u00e1t kh\u00ed.<\/p>\n<p>L\u1edbp \u0111\u1ec7m m\u00f4ng gi\u1eef cho v\u1ecb tr\u00ed x\u01b0\u01a1ng ch\u1eadu v\u00e0 m\u00f4ng kh\u00f4ng b\u1ecb \u0111au v\u00e0 \u00ea khi di chuy\u1ec3n 1 qu\u00e3ng \u0111\u01b0\u1eddng d\u00e0i.<\/p>\n<p>\u0110\u01b0\u1ee3c b\u1ed5 sung n\u1ed3ng \u0111\u1ed9 Asota Sanitiged l\u00e0 m\u1ed9t ch\u1ea5t ch\u1ed1ng vi khu\u1ea9n v\u00e0 \u0111i\u1ec1u tr\u1ecb ch\u1ed1ng n\u1ea5m. \u00a0Ch\u1ea5t n\u00e0y \u0111\u01b0\u1ee3c th\u00eam v\u00e0o b\u00ean trong s\u1ee3i trong qu\u00e1 tr\u00ecnh quay. N\u1ed3ng \u0111\u1ed9 gia t\u0103ng l\u00e0 \u0111\u1ee7 \u0111\u1ec3 ng\u0103n ch\u1eb7n s\u1ef1 ph\u00e1t tri\u1ec3n c\u1ee7a vi khu\u1ea9n, nh\u01b0ng kh\u00f4ng l\u00e0m h\u1ecfng da; ng\u0103n m\u00f9i \u0111\u01b0\u1ee3c t\u1ea1o ra do ho\u1ea1t \u0111\u1ed9ng \u0111\u1ea1p xe ti\u1ebft m\u1ed3 h\u00f4i, v\u00e0 ng\u0103n ch\u1eb7n s\u1ef1 ph\u00e1t tri\u1ec3n c\u1ee7a vi khu\u1ea9n l\u00e0m h\u1ecfng v\u1ea3i. Sau m\u1ed9t th\u1eddi gian d\u00e0i c\u1ee7a ho\u1ea1t \u0111\u1ed9ng, kh\u00f4ng t\u1ea1o ra m\u00f9i m\u1ed3 h\u00f4i! H\u00e3y ch\u1eafc ch\u1eafn r\u1eb1ng b\u1ea1n c\u00f3 1 chi\u1ebfc qu\u1ea7n b\u1ec9m \u01b0ng \u00fd \u0111\u1ec3\u00a0ng\u0103n ch\u1eb7n nhi\u1ec5m tr\u00f9ng b\u1edfi \u00a0vi khu\u1ea9n.<\/p>\n","protected":false},"excerpt":{"rendered":"<p>Qu\u1ea7n b\u1ec9m \u0111\u1ea1p xe s\u1eed d\u1ee5ng v\u1ea3i l\u01b0\u1edbi gi\u00fap tho\u00e1t kh\u00ed. L\u1edbp \u0111\u1ec7m m\u00f4ng gi\u1eef cho v\u1ecb tr\u00ed x\u01b0\u01a1ng ch\u1eadu v\u00e0 m\u00f4ng kh\u00f4ng b\u1ecb \u0111au v\u00e0<span class=\"excerpt-hellip\"> [\u2026]<\/span><\/p>\n","protected":false},"featured_media":4482,"comment_status":"closed","ping_status":"closed","template":"","meta":[],"product_cat":[77],"product_tag":[],"class_list":["post-4481","product","type-product","status-publish","has-post-thumbnail","hentry","product_cat-quan"],"_links":{"self":[{"href":"https:\/\/xedop.com\/en\/wp-json\/wp\/v2\/product\/4481","targetHints":{"allow":["GET"]}}],"collection":[{"href":"https:\/\/xedop.com\/en\/wp-json\/wp\/v2\/product"}],"about":[{"href":"https:\/\/xedop.com\/en\/wp-json\/wp\/v2\/types\/product"}],"replies":[{"embeddable":true,"href":"https:\/\/xedop.com\/en\/wp-json\/wp\/v2\/comments?post=4481"}],"version-history":[{"count":1,"href":"https:\/\/xedop.com\/en\/wp-json\/wp\/v2\/product\/4481\/revisions"}],"predecessor-version":[{"id":4488,"href":"https:\/\/xedop.com\/en\/wp-json\/wp\/v2\/product\/4481\/revisions\/4488"}],"wp:featuredmedia":[{"embeddable":true,"href":"https:\/\/xedop.com\/en\/wp-json\/wp\/v2\/media\/4482"}],"wp:attachment":[{"href":"https:\/\/xedop.com\/en\/wp-json\/wp\/v2\/media?parent=4481"}],"wp:term":[{"taxonomy":"product_cat","embeddable":true,"href":"https:\/\/xedop.com\/en\/wp-json\/wp\/v2\/product_cat?post=4481"},{"taxonomy":"product_tag","embeddable":true,"href":"https:\/\/xedop.com\/en\/wp-json\/wp\/v2\/product_tag?post=4481"}],"curies":[{"name":"wp","href":"https:\/\/api.w.org\/{rel}","templated":true}]}}