{"id":4489,"date":"2025-06-08T19:59:01","date_gmt":"2025-06-08T12:59:01","guid":{"rendered":"https:\/\/xedop.com\/?post_type=product&#038;p=4489"},"modified":"2025-07-19T19:58:40","modified_gmt":"2025-07-19T12:58:40","slug":"quan-cheji-gau-ke","status":"publish","type":"product","link":"https:\/\/xedop.com\/en\/san-pham\/quan-cheji-gau-ke\/","title":{"rendered":"Qu\u1ea7n Cheji g\u1ea5u k\u1ebb"},"content":{"rendered":"<p>Ch\u1ea5t li\u1ec7u v\u1ea3i:\u00a0Polyester v\u00e0 Lycra<\/p>\n<p>T\u00ednh n\u0103ng:<\/p>\n<p>&#8211;\u00a0ch\u1ee9c n\u0103ng kh\u00f4 nhanh v\u00e0 l\u00e0m cho b\u1ea1n c\u1ea3m th\u1ea5y tho\u1ea3i m\u00e1i h\u01a1n trong qu\u00e1 tr\u00ecnh v\u1eadn \u0111\u1ed9ng<\/p>\n<p>&#8211; B\u1ec9m 3D ch\u1ea5t l\u01b0\u1ee3ng cao<\/p>\n","protected":false},"excerpt":{"rendered":"<p>Ch\u1ea5t li\u1ec7u v\u1ea3i:\u00a0Polyester v\u00e0 Lycra T\u00ednh n\u0103ng: &#8211;\u00a0ch\u1ee9c n\u0103ng kh\u00f4 nhanh v\u00e0 l\u00e0m cho b\u1ea1n c\u1ea3m th\u1ea5y tho\u1ea3i m\u00e1i h\u01a1n trong qu\u00e1 tr\u00ecnh v\u1eadn \u0111\u1ed9ng &#8211;<span class=\"excerpt-hellip\"> [\u2026]<\/span><\/p>\n","protected":false},"featured_media":4490,"comment_status":"closed","ping_status":"closed","template":"","meta":[],"product_cat":[77],"product_tag":[],"class_list":["post-4489","product","type-product","status-publish","has-post-thumbnail","hentry","product_cat-quan"],"_links":{"self":[{"href":"https:\/\/xedop.com\/en\/wp-json\/wp\/v2\/product\/4489","targetHints":{"allow":["GET"]}}],"collection":[{"href":"https:\/\/xedop.com\/en\/wp-json\/wp\/v2\/product"}],"about":[{"href":"https:\/\/xedop.com\/en\/wp-json\/wp\/v2\/types\/product"}],"replies":[{"embeddable":true,"href":"https:\/\/xedop.com\/en\/wp-json\/wp\/v2\/comments?post=4489"}],"version-history":[{"count":1,"href":"https:\/\/xedop.com\/en\/wp-json\/wp\/v2\/product\/4489\/revisions"}],"predecessor-version":[{"id":4496,"href":"https:\/\/xedop.com\/en\/wp-json\/wp\/v2\/product\/4489\/revisions\/4496"}],"wp:featuredmedia":[{"embeddable":true,"href":"https:\/\/xedop.com\/en\/wp-json\/wp\/v2\/media\/4490"}],"wp:attachment":[{"href":"https:\/\/xedop.com\/en\/wp-json\/wp\/v2\/media?parent=4489"}],"wp:term":[{"taxonomy":"product_cat","embeddable":true,"href":"https:\/\/xedop.com\/en\/wp-json\/wp\/v2\/product_cat?post=4489"},{"taxonomy":"product_tag","embeddable":true,"href":"https:\/\/xedop.com\/en\/wp-json\/wp\/v2\/product_tag?post=4489"}],"curies":[{"name":"wp","href":"https:\/\/api.w.org\/{rel}","templated":true}]}}