{"id":4517,"date":"2025-06-08T20:15:04","date_gmt":"2025-06-08T13:15:04","guid":{"rendered":"https:\/\/xedop.com\/?post_type=product&#038;p=4517"},"modified":"2025-06-08T20:15:04","modified_gmt":"2025-06-08T13:15:04","slug":"quan-dap-xe-nenk-sean","status":"publish","type":"product","link":"https:\/\/xedop.com\/en\/san-pham\/quan-dap-xe-nenk-sean\/","title":{"rendered":"Qu\u1ea7n \u0111\u1ea1p xe NENK SEAN"},"content":{"rendered":"<ul>\n<li>Ch\u1ea5t li\u1ec7u OCEAN EFPE gi\u00fap v\u1eadt li\u1ec7u c\u00f3 \u0111\u1ed9 \u0111\u00e0n h\u1ed3i t\u1ed1t, mau kh\u00f4.<\/li>\n<li>Ch\u1ea5t li\u1ec7u\u00a0b\u1ec9m\u00a0\u0111\u1ecf DT TOUR cao c\u1ea5p, m\u1ec1m m\u1ea1i, kh\u00f4ng g\u00e2y d\u1ecb \u1ee9ng da.<\/li>\n<li>S\u1eed d\u1ee5ng lo\u1ea1i m\u1ef1c in ch\u1ea5t l\u01b0\u1ee3ng cao nh\u1eadp kh\u1ea9u t\u1eeb \u00dd Manoukian-Argon an to\u00e0n v\u00e0 th\u00e2n thi\u1ec7n v\u1edbi m\u00f4i tr\u01b0\u1eddng, ch\u1ed1ng phai.<\/li>\n<li>D\u1ea3i m\u00e0u \u0111ai qu\u1ea7n ph\u1ee7 l\u1edbp ph\u1ea3n quang gi\u00fap an to\u00e0n h\u01a1n khi \u0111\u1ea1p tr\u1eddi t\u1ed1i.<\/li>\n<\/ul>\n<p>&nbsp;<\/p>\n<p>L\u01afU \u00dd:<\/p>\n<div>\n<ul>\n<li><span>Gi\u1eb7t\u00a0b\u1eb1ng n\u01b0\u1edbc m\u00e1t: 30 \u00b0<\/span><\/li>\n<li><span>Kh\u00f4ng \u0111\u01b0\u1ee3c ng\u00e2m<\/span><\/li>\n<li><span>Kh\u00f4ng ch\u1ea3i<\/span><\/li>\n<li><span>Kh\u00f4ng lau kh\u00f4; Kh\u00f4ng s\u1ea5y kh\u00f4<\/span><\/li>\n<li><span>Kh\u00f4ng t\u1ea9y<\/span><\/li>\n<li><span>\u0110\u1eebng \u1ee7i<\/span><\/li>\n<li><span>B\u1ecf v\u00e0o t\u00fai gi\u1eb7t khi gi\u1eb7t trong m\u00e1y<\/span><\/li>\n<\/ul>\n<\/div>\n","protected":false},"excerpt":{"rendered":"<p>Ch\u1ea5t li\u1ec7u OCEAN EFPE gi\u00fap v\u1eadt li\u1ec7u c\u00f3 \u0111\u1ed9 \u0111\u00e0n h\u1ed3i t\u1ed1t, mau kh\u00f4. Ch\u1ea5t li\u1ec7u\u00a0b\u1ec9m\u00a0\u0111\u1ecf DT TOUR cao c\u1ea5p, m\u1ec1m m\u1ea1i, kh\u00f4ng g\u00e2y d\u1ecb \u1ee9ng<span class=\"excerpt-hellip\"> [\u2026]<\/span><\/p>\n","protected":false},"featured_media":4518,"comment_status":"closed","ping_status":"closed","template":"","meta":[],"product_cat":[77],"product_tag":[],"class_list":["post-4517","product","type-product","status-publish","has-post-thumbnail","hentry","product_cat-quan"],"_links":{"self":[{"href":"https:\/\/xedop.com\/en\/wp-json\/wp\/v2\/product\/4517","targetHints":{"allow":["GET"]}}],"collection":[{"href":"https:\/\/xedop.com\/en\/wp-json\/wp\/v2\/product"}],"about":[{"href":"https:\/\/xedop.com\/en\/wp-json\/wp\/v2\/types\/product"}],"replies":[{"embeddable":true,"href":"https:\/\/xedop.com\/en\/wp-json\/wp\/v2\/comments?post=4517"}],"version-history":[{"count":1,"href":"https:\/\/xedop.com\/en\/wp-json\/wp\/v2\/product\/4517\/revisions"}],"predecessor-version":[{"id":4530,"href":"https:\/\/xedop.com\/en\/wp-json\/wp\/v2\/product\/4517\/revisions\/4530"}],"wp:featuredmedia":[{"embeddable":true,"href":"https:\/\/xedop.com\/en\/wp-json\/wp\/v2\/media\/4518"}],"wp:attachment":[{"href":"https:\/\/xedop.com\/en\/wp-json\/wp\/v2\/media?parent=4517"}],"wp:term":[{"taxonomy":"product_cat","embeddable":true,"href":"https:\/\/xedop.com\/en\/wp-json\/wp\/v2\/product_cat?post=4517"},{"taxonomy":"product_tag","embeddable":true,"href":"https:\/\/xedop.com\/en\/wp-json\/wp\/v2\/product_tag?post=4517"}],"curies":[{"name":"wp","href":"https:\/\/api.w.org\/{rel}","templated":true}]}}