{"id":4584,"date":"2025-06-08T20:30:11","date_gmt":"2025-06-08T13:30:11","guid":{"rendered":"https:\/\/xedop.com\/?post_type=product&#038;p=4584"},"modified":"2025-06-08T20:30:11","modified_gmt":"2025-06-08T13:30:11","slug":"khan-da-nang-cateye","status":"publish","type":"product","link":"https:\/\/xedop.com\/en\/san-pham\/khan-da-nang-cateye\/","title":{"rendered":"Kh\u0103n \u0111a n\u0103ng Cateye"},"content":{"rendered":"","protected":false},"excerpt":{"rendered":"","protected":false},"featured_media":4585,"comment_status":"closed","ping_status":"closed","template":"","meta":[],"product_cat":[75],"product_tag":[],"class_list":["post-4584","product","type-product","status-publish","has-post-thumbnail","hentry","product_cat-gang-ong-tay-khan"],"_links":{"self":[{"href":"https:\/\/xedop.com\/en\/wp-json\/wp\/v2\/product\/4584","targetHints":{"allow":["GET"]}}],"collection":[{"href":"https:\/\/xedop.com\/en\/wp-json\/wp\/v2\/product"}],"about":[{"href":"https:\/\/xedop.com\/en\/wp-json\/wp\/v2\/types\/product"}],"replies":[{"embeddable":true,"href":"https:\/\/xedop.com\/en\/wp-json\/wp\/v2\/comments?post=4584"}],"version-history":[{"count":1,"href":"https:\/\/xedop.com\/en\/wp-json\/wp\/v2\/product\/4584\/revisions"}],"predecessor-version":[{"id":4597,"href":"https:\/\/xedop.com\/en\/wp-json\/wp\/v2\/product\/4584\/revisions\/4597"}],"wp:featuredmedia":[{"embeddable":true,"href":"https:\/\/xedop.com\/en\/wp-json\/wp\/v2\/media\/4585"}],"wp:attachment":[{"href":"https:\/\/xedop.com\/en\/wp-json\/wp\/v2\/media?parent=4584"}],"wp:term":[{"taxonomy":"product_cat","embeddable":true,"href":"https:\/\/xedop.com\/en\/wp-json\/wp\/v2\/product_cat?post=4584"},{"taxonomy":"product_tag","embeddable":true,"href":"https:\/\/xedop.com\/en\/wp-json\/wp\/v2\/product_tag?post=4584"}],"curies":[{"name":"wp","href":"https:\/\/api.w.org\/{rel}","templated":true}]}}