{"id":4654,"date":"2025-06-08T20:43:18","date_gmt":"2025-06-08T13:43:18","guid":{"rendered":"https:\/\/xedop.com\/?post_type=product&#038;p=4654"},"modified":"2025-06-08T20:43:18","modified_gmt":"2025-06-08T13:43:18","slug":"ao-road-cycling-ss-jersey-orbea-cam","status":"publish","type":"product","link":"https:\/\/xedop.com\/en\/san-pham\/ao-road-cycling-ss-jersey-orbea-cam\/","title":{"rendered":"\u00c1o Road Cycling SS Jersey ORBEA cam"},"content":{"rendered":"","protected":false},"excerpt":{"rendered":"<div dir=\"auto\">V\u1ea3i m\u00e1t, nh\u1eb9, th\u1ea5m<\/div>\n<div dir=\"auto\">H\u1ea1n ch\u1ebf \u0111\u01b0\u1eddng may, thay \u0111\u00f3 l\u00e0 \u00e9p nhi\u1ec7t c\u00e1c g\u1ea5u\u2026 n\u00ean g\u1ea7n nh\u01b0 kh\u00f4ng c\u1ed9m, kh\u00f4ng g\u1ee3n\u2026<\/div>\n","protected":false},"featured_media":4655,"comment_status":"closed","ping_status":"closed","template":"","meta":[],"product_cat":[76],"product_tag":[],"class_list":["post-4654","product","type-product","status-publish","has-post-thumbnail","hentry","product_cat-ao"],"_links":{"self":[{"href":"https:\/\/xedop.com\/en\/wp-json\/wp\/v2\/product\/4654","targetHints":{"allow":["GET"]}}],"collection":[{"href":"https:\/\/xedop.com\/en\/wp-json\/wp\/v2\/product"}],"about":[{"href":"https:\/\/xedop.com\/en\/wp-json\/wp\/v2\/types\/product"}],"replies":[{"embeddable":true,"href":"https:\/\/xedop.com\/en\/wp-json\/wp\/v2\/comments?post=4654"}],"version-history":[{"count":1,"href":"https:\/\/xedop.com\/en\/wp-json\/wp\/v2\/product\/4654\/revisions"}],"predecessor-version":[{"id":4661,"href":"https:\/\/xedop.com\/en\/wp-json\/wp\/v2\/product\/4654\/revisions\/4661"}],"wp:featuredmedia":[{"embeddable":true,"href":"https:\/\/xedop.com\/en\/wp-json\/wp\/v2\/media\/4655"}],"wp:attachment":[{"href":"https:\/\/xedop.com\/en\/wp-json\/wp\/v2\/media?parent=4654"}],"wp:term":[{"taxonomy":"product_cat","embeddable":true,"href":"https:\/\/xedop.com\/en\/wp-json\/wp\/v2\/product_cat?post=4654"},{"taxonomy":"product_tag","embeddable":true,"href":"https:\/\/xedop.com\/en\/wp-json\/wp\/v2\/product_tag?post=4654"}],"curies":[{"name":"wp","href":"https:\/\/api.w.org\/{rel}","templated":true}]}}