{"id":4700,"date":"2025-06-08T20:54:02","date_gmt":"2025-06-08T13:54:02","guid":{"rendered":"https:\/\/xedop.com\/?post_type=product&#038;p=4700"},"modified":"2025-06-08T20:54:02","modified_gmt":"2025-06-08T13:54:02","slug":"kinh-tifosi-crit-crystal-black-enliven-bike","status":"publish","type":"product","link":"https:\/\/xedop.com\/en\/san-pham\/kinh-tifosi-crit-crystal-black-enliven-bike\/","title":{"rendered":"K\u00cdNH TIFOSI CRIT CRYSTAL BLACK, ENLIVEN BIKE"},"content":{"rendered":"<p>C\u00e0ng k\u00ednh v\u00e0 \u0111\u1ec7m m\u0169i c\u00f3 th\u1ec3 t\u00f9y ch\u1ec9nh \u0111\u01b0\u1ee3c thi\u1ebft k\u1ebf ri\u00eang cho b\u1ea1n.<\/p>\n<p>Tr\u00f2ng k\u00ednh Enliven Xe \u0111\u1ea1p v\u1edbi t\u00f4ng m\u00e0u \u0111\u1ecf l\u00e0m t\u0103ng \u0111\u1ed9 t\u01b0\u01a1ng ph\u1ea3n v\u00e0 gi\u00fap cho c\u00e1c m\u00e0u \u0111\u1ecf, xanh lam v\u00e0 xanh l\u00e1 c\u00e2y n\u1ed5i b\u1eadt v\u1edbi \u0111\u1ed9 n\u00e9t cao.<\/p>\n<p>S\u1eed d\u1ee5ng ch\u1ea5t li\u1ec7u Grilamid TR-90, m\u1ed9t h\u1ee3p ch\u1ea5t nylon homopolyamide \u0111\u1eb7c tr\u01b0ng b\u1edfi \u0111\u1ed9 b\u1ec1n khi u\u1ed1n cong c\u1ef1c k\u1ef3 cao, t\u1ef7 tr\u1ecdng th\u1ea5p v\u00e0 kh\u1ea3 n\u0103ng ch\u1ed1ng l\u1ea1i t\u00e1c h\u1ea1i c\u1ee7a h\u00f3a ch\u1ea5t v\u00e0 tia c\u1ef1c t\u00edm cao. Ph\u1ea7n \u0111\u1ec7m tai v\u00e0 m\u0169i b\u1eb1ng cao su \u01b0a n\u01b0\u1edbc th\u1ea5m h\u00fat cao ch\u1ed1ng tr\u01b0\u1ee3t hi\u1ec7u qu\u1ea3. Ngo\u00e0i ra ph\u1ea7n \u0111\u1ec7m tai v\u00e0 m\u0169i c\u00f3 th\u00ea \u0111i\u1ec1u ch\u1ec9nh cho ph\u00f9 h\u1ee3p v\u00e0 tho\u1ea3i m\u00e1i h\u01a1n. Tr\u00f2ng k\u00ednh tho\u00e1ng kh\u00ed c\u1ea3i thi\u1ec7n kh\u1ea3 n\u0103ng l\u01b0u chuy\u1ec3n kh\u00ed, ng\u0103n ch\u1eb7n hi\u1ec7n t\u01b0\u1ee3ng m\u1edd k\u00ednh.<\/p>\n","protected":false},"excerpt":{"rendered":"<p>Thu\u1ed9c d\u00f2ng m\u1eaft k\u00ednh kh\u00ed \u0111\u1ed9ng h\u1ecdc v\u00e0 t\u1ed1i \u01b0u kh\u1ea3 n\u0103ng tho\u00e1ng kh\u00ed, Crit \u0111\u01b0\u1ee3c thi\u1ebft k\u1ebf chuy\u00ean d\u1ee5ng cho c\u00e1c m\u00f4n th\u1ec3 thao endurance.<\/p>\n","protected":false},"featured_media":4701,"comment_status":"closed","ping_status":"closed","template":"","meta":[],"product_cat":[74],"product_tag":[],"class_list":["post-4700","product","type-product","status-publish","has-post-thumbnail","hentry","product_cat-kinh"],"_links":{"self":[{"href":"https:\/\/xedop.com\/en\/wp-json\/wp\/v2\/product\/4700","targetHints":{"allow":["GET"]}}],"collection":[{"href":"https:\/\/xedop.com\/en\/wp-json\/wp\/v2\/product"}],"about":[{"href":"https:\/\/xedop.com\/en\/wp-json\/wp\/v2\/types\/product"}],"replies":[{"embeddable":true,"href":"https:\/\/xedop.com\/en\/wp-json\/wp\/v2\/comments?post=4700"}],"version-history":[{"count":1,"href":"https:\/\/xedop.com\/en\/wp-json\/wp\/v2\/product\/4700\/revisions"}],"predecessor-version":[{"id":4709,"href":"https:\/\/xedop.com\/en\/wp-json\/wp\/v2\/product\/4700\/revisions\/4709"}],"wp:featuredmedia":[{"embeddable":true,"href":"https:\/\/xedop.com\/en\/wp-json\/wp\/v2\/media\/4701"}],"wp:attachment":[{"href":"https:\/\/xedop.com\/en\/wp-json\/wp\/v2\/media?parent=4700"}],"wp:term":[{"taxonomy":"product_cat","embeddable":true,"href":"https:\/\/xedop.com\/en\/wp-json\/wp\/v2\/product_cat?post=4700"},{"taxonomy":"product_tag","embeddable":true,"href":"https:\/\/xedop.com\/en\/wp-json\/wp\/v2\/product_tag?post=4700"}],"curies":[{"name":"wp","href":"https:\/\/api.w.org\/{rel}","templated":true}]}}