{"id":4722,"date":"2025-06-09T08:43:24","date_gmt":"2025-06-09T01:43:24","guid":{"rendered":"https:\/\/xedop.com\/?post_type=product&#038;p=4722"},"modified":"2025-06-09T08:43:24","modified_gmt":"2025-06-09T01:43:24","slug":"mu-bao-hiem-xe-dap-giant-ghb","status":"publish","type":"product","link":"https:\/\/xedop.com\/en\/san-pham\/mu-bao-hiem-xe-dap-giant-ghb\/","title":{"rendered":"M\u0169 b\u1ea3o hi\u1ec3m xe \u0111\u1ea1p GIANT \u2013 GHB"},"content":{"rendered":"<p>\u2013 M\u0169 thi\u1ebft k\u1ebf ch\u1ecbu l\u1ef1c t\u1ed1t, s\u1eed d\u1ee5ng ch\u1ea5t li\u1ec7u EPS m\u1eadt \u0111\u1ed9 d\u1ea7y v\u00e0 PC<br \/>\n\u2013 C\u00f3 n\u1eafp ch\u1ed1ng n\u1eafng<br \/>\n\u2013 Thi\u1ebft k\u1ebf 25 l\u00f4 tho\u00e1t kh\u00ed, \u0111\u1ea3m b\u1ea3o kh\u00f4ng kh\u00ed l\u01b0u th\u00f4ng t\u1ed1t<br \/>\n\u2013 C\u00f3 th\u1ec3 th\u00e1o \u0111\u1ec7m trong m\u0169, d\u1ec5 d\u00e0ng gi\u1eb7t s\u1ea1ch<br \/>\n\u2013 C\u00f3 n\u00fat \u0111i\u1ec1u ch\u1ec9nh v\u00f2ng \u0111\u1ea7u, c\u00f3 th\u1ec3 l\u1eafp \u0111\u00e8n h\u1eadu TWINKIE<br \/>\n\u2013 Size\uff1aM\/L\uff0854-58CM\uff09\uff0cL\/XL\uff0858-61cm\uff09<br \/>\n\u2013 Tr\u1ecdng l\u01b0\u1ee3ng\uff1aM\/L (240g\u00b130g\uff09, L\/XL\uff08255g\u00b130g\uff09<\/p>\n","protected":false},"excerpt":{"rendered":"<p>\u2013 M\u0169 thi\u1ebft k\u1ebf ch\u1ecbu l\u1ef1c t\u1ed1t, s\u1eed d\u1ee5ng ch\u1ea5t li\u1ec7u EPS m\u1eadt \u0111\u1ed9 d\u1ea7y v\u00e0 PC \u2013 C\u00f3 n\u1eafp ch\u1ed1ng n\u1eafng \u2013 Thi\u1ebft k\u1ebf 25<span class=\"excerpt-hellip\"> [\u2026]<\/span><\/p>\n","protected":false},"featured_media":4723,"comment_status":"closed","ping_status":"closed","template":"","meta":[],"product_cat":[73],"product_tag":[],"class_list":["post-4722","product","type-product","status-publish","has-post-thumbnail","hentry","product_cat-mu-bao-hiem"],"_links":{"self":[{"href":"https:\/\/xedop.com\/en\/wp-json\/wp\/v2\/product\/4722","targetHints":{"allow":["GET"]}}],"collection":[{"href":"https:\/\/xedop.com\/en\/wp-json\/wp\/v2\/product"}],"about":[{"href":"https:\/\/xedop.com\/en\/wp-json\/wp\/v2\/types\/product"}],"replies":[{"embeddable":true,"href":"https:\/\/xedop.com\/en\/wp-json\/wp\/v2\/comments?post=4722"}],"version-history":[{"count":1,"href":"https:\/\/xedop.com\/en\/wp-json\/wp\/v2\/product\/4722\/revisions"}],"predecessor-version":[{"id":4729,"href":"https:\/\/xedop.com\/en\/wp-json\/wp\/v2\/product\/4722\/revisions\/4729"}],"wp:featuredmedia":[{"embeddable":true,"href":"https:\/\/xedop.com\/en\/wp-json\/wp\/v2\/media\/4723"}],"wp:attachment":[{"href":"https:\/\/xedop.com\/en\/wp-json\/wp\/v2\/media?parent=4722"}],"wp:term":[{"taxonomy":"product_cat","embeddable":true,"href":"https:\/\/xedop.com\/en\/wp-json\/wp\/v2\/product_cat?post=4722"},{"taxonomy":"product_tag","embeddable":true,"href":"https:\/\/xedop.com\/en\/wp-json\/wp\/v2\/product_tag?post=4722"}],"curies":[{"name":"wp","href":"https:\/\/api.w.org\/{rel}","templated":true}]}}