{"id":4807,"date":"2025-06-09T09:10:32","date_gmt":"2025-06-09T02:10:32","guid":{"rendered":"https:\/\/xedop.com\/?post_type=product&#038;p=4807"},"modified":"2025-06-09T09:10:32","modified_gmt":"2025-06-09T02:10:32","slug":"mu-bao-hiem-giant-bold-mips","status":"publish","type":"product","link":"https:\/\/xedop.com\/en\/san-pham\/mu-bao-hiem-giant-bold-mips\/","title":{"rendered":"M\u0169 b\u1ea3o hi\u1ec3m GIANT &#8211; BOLD MIPS"},"content":{"rendered":"<ul>\n<li>M\u0169 b\u1ea3o hi\u1ec3m BOLD, t\u1ed5 h\u1ee3p PC+EPS, EPS h\u00fat l\u1ef1c xung k\u00edch, gi\u1ea3m ch\u1ea5n th\u01b0\u01a1ng l\u00ean v\u00f9ng \u0111\u1ea7u, v\u1edbi 24 l\u1ed7 th\u00f4ng kh\u00ed v\u1eeba h\u1ee3p l\u00fd l\u1ea1i m\u1ef9 quan, \u0111\u1ea3m b\u1ea3o cho ph\u1ea7n \u0111\u1ea7u c\u1ee7a ng\u01b0\u1eddi s\u1eed d\u1ee5ng khi \u0111\u1ea1p xe t\u1ea3n nhi\u1ec7t v\u00e0 th\u00f4ng gi\u00f3 t\u1ed1t.<\/li>\n<li>N\u00fat kho\u00e1 ITW ch\u1ea5t l\u01b0\u1ee3ng cao gi\u00fap b\u1ea1n s\u1eed d\u1ee5ng ti\u1ec7n l\u1ee3i v\u00e0 d\u1ec5 d\u00e0ng h\u01a1n.<\/li>\n<li>L\u00f3t m\u0169 m\u1ec1m m\u1ea1i, h\u00fat m\u1ed3 h\u00f4i v\u00e0 gi\u1ea3m rung ch\u1ea5n t\u1ed1t. Trang b\u1ecb h\u1ec7 th\u1ed1ng an to\u00e0n ti\u00eau chu\u1ea9n qu\u1ed1c t\u1ebf Mips gi\u00fap m\u0169 c\u1ee9ng c\u00e1p h\u01a1n.<\/li>\n<li>N\u00fat \u0111i\u1ec1u ch\u1ec9nh 360 \u0111\u1ed9, \u0111i\u1ec1u ch\u1ec9nh ph\u00f9 h\u1ee3p v\u1edbi nhi\u1ec1u ki\u1ec3u \u0111\u1ea7u kh\u00e1c nhau, gi\u00fap ph\u1ea7n \u0111\u1ea7u ti\u1ebfp x\u00fac v\u1edbi m\u0169 t\u1ed1t h\u01a1n v\u00e0 tho\u1ea3i m\u00e1i h\u01a1n.<\/li>\n<\/ul>\n","protected":false},"excerpt":{"rendered":"<p>M\u0169 b\u1ea3o hi\u1ec3m BOLD, t\u1ed5 h\u1ee3p PC+EPS, EPS h\u00fat l\u1ef1c xung k\u00edch, gi\u1ea3m ch\u1ea5n th\u01b0\u01a1ng l\u00ean v\u00f9ng \u0111\u1ea7u, v\u1edbi 24 l\u1ed7 th\u00f4ng kh\u00ed v\u1eeba h\u1ee3p l\u00fd<span class=\"excerpt-hellip\"> [\u2026]<\/span><\/p>\n","protected":false},"featured_media":4814,"comment_status":"closed","ping_status":"closed","template":"","meta":[],"product_cat":[73],"product_tag":[],"class_list":["post-4807","product","type-product","status-publish","has-post-thumbnail","hentry","product_cat-mu-bao-hiem"],"_links":{"self":[{"href":"https:\/\/xedop.com\/en\/wp-json\/wp\/v2\/product\/4807","targetHints":{"allow":["GET"]}}],"collection":[{"href":"https:\/\/xedop.com\/en\/wp-json\/wp\/v2\/product"}],"about":[{"href":"https:\/\/xedop.com\/en\/wp-json\/wp\/v2\/types\/product"}],"replies":[{"embeddable":true,"href":"https:\/\/xedop.com\/en\/wp-json\/wp\/v2\/comments?post=4807"}],"version-history":[{"count":1,"href":"https:\/\/xedop.com\/en\/wp-json\/wp\/v2\/product\/4807\/revisions"}],"predecessor-version":[{"id":4816,"href":"https:\/\/xedop.com\/en\/wp-json\/wp\/v2\/product\/4807\/revisions\/4816"}],"wp:featuredmedia":[{"embeddable":true,"href":"https:\/\/xedop.com\/en\/wp-json\/wp\/v2\/media\/4814"}],"wp:attachment":[{"href":"https:\/\/xedop.com\/en\/wp-json\/wp\/v2\/media?parent=4807"}],"wp:term":[{"taxonomy":"product_cat","embeddable":true,"href":"https:\/\/xedop.com\/en\/wp-json\/wp\/v2\/product_cat?post=4807"},{"taxonomy":"product_tag","embeddable":true,"href":"https:\/\/xedop.com\/en\/wp-json\/wp\/v2\/product_tag?post=4807"}],"curies":[{"name":"wp","href":"https:\/\/api.w.org\/{rel}","templated":true}]}}