{"id":4865,"date":"2025-06-09T09:21:59","date_gmt":"2025-06-09T02:21:59","guid":{"rendered":"https:\/\/xedop.com\/?post_type=product&#038;p=4865"},"modified":"2025-06-09T09:22:00","modified_gmt":"2025-06-09T02:22:00","slug":"mu-bao-hiem-xe-dap-fizik-kudo-aero-black","status":"publish","type":"product","link":"https:\/\/xedop.com\/en\/san-pham\/mu-bao-hiem-xe-dap-fizik-kudo-aero-black\/","title":{"rendered":"M\u0169 b\u1ea3o hi\u1ec3m xe \u0111\u1ea1p FIZIK Kudo Aero &#8211; Black"},"content":{"rendered":"<div>\n<p>Kudo Aero l\u00e0 d\u00f2ng m\u0169 b\u1ea3o hi\u1ec3m xe \u0111\u1ea1p hi\u1ec7u su\u1ea5t cao, nhanh, an to\u00e0n cho m\u1ecdi \u0111\u1ecba h\u00ecnh t\u1eeb \u0111\u01b0\u1eddng tr\u01b0\u1eddng, gravel \u0111\u1ebfn XC. V\u1edbi kh\u1ea3 n\u0103ng tinh ch\u1ec9nh ho\u00e0n h\u1ea3o, \u0111\u00e8n t\u00edch h\u1ee3p, th\u00f4ng gi\u00f3 t\u1ed1i \u01b0u v\u00e0 c\u00f4ng ngh\u1ec7 b\u1ea3o v\u1ec7 \u0111\u1ea7u MIPS Air Node, \u0111\u00e2y l\u00e0 l\u1ef1a ch\u1ecdn h\u00e0ng \u0111\u1ea7u cho t\u1ed1c \u0111\u1ed9 v\u00e0 s\u1ef1 an to\u00e0n.<\/p>\n<p>M\u0169 \u0111\u00e3 \u0111\u01b0\u1ee3c Virginia Tech Helmet Lab, t\u1ed5 ch\u1ee9c h\u00e0ng \u0111\u1ea7u v\u1ec1 nghi\u00ean c\u1ee9u an to\u00e0n m\u0169 b\u1ea3o hi\u1ec3m, \u0111\u00e1nh gi\u00e1 5 sao.<\/p><\/div>\n<p>&nbsp;<\/p>\n<p>THI\u1ebeT K\u1ebe T\u1ed0I GI\u1ea2N, T\u1ed0C \u0110\u1ed8 T\u1ed0I \u0110A<\/p>\n<p>Kudo Aero l\u00e0 m\u1ed9t chi\u1ebfc m\u0169 b\u1ea3o hi\u1ec3m xe \u0111\u1ea1p hi\u1ec7u su\u1ea5t cao, c\u00f3 thi\u1ebft k\u1ebf kh\u00ed \u0111\u1ed9ng h\u1ecdc, g\u1ea7n nh\u01b0 t\u01b0\u01a1ng \u0111\u1ed3ng v\u1edbi d\u00f2ng Kudo, nh\u01b0ng d\u00f2ng Kudo Aero s\u1ebd t\u1ed1i \u01b0u kh\u00ed \u0111\u1ed9ng h\u1ecdc h\u01a1n, ph\u00f9 h\u1ee3p cho nh\u1eefng chuy\u1ebfn \u0111i v\u00e0 cu\u1ed9c \u0111ua t\u1ed1c \u0111\u1ed9 cao.<\/p>\n<p>V\u1ece KH\u00cd \u0110\u1ed8NG H\u1eccC, C\u00c1NH GI\u00d3 PH\u00cdA SAU<\/p>\n<p>B\u1ec1 m\u1eb7t tr\u00ean c\u1ee7a Kudo Aero c\u00f3 m\u1ed9t l\u1edbp v\u1ecf ngo\u00e0i b\u00f3ng b\u1ea9y, tr\u01a1n tru, gi\u00fap gi\u1ea3m l\u1ef1c c\u1ea3n gi\u00f3. Th\u00eam v\u00e0o \u0111\u00f3, c\u00e1nh gi\u00f3 ph\u00eda sau c\u00f3 kh\u1ea3 n\u0103ng t\u00e1ch r\u1eddi gi\u00fap tr\u00ec ho\u00e3n s\u1ef1 t\u00e1ch l\u1edbp c\u1ee7a lu\u1ed3ng kh\u00f4ng kh\u00ed, t\u0103ng c\u01b0\u1eddng hi\u1ec7u su\u1ea5t kh\u00ed \u0111\u1ed9ng h\u1ecdc \u2014 \u0111\u00e2y l\u00e0 m\u1ed9t t\u00ednh n\u0103ng \u1ea5n t\u01b0\u1ee3ng \u0111\u1ed1i v\u1edbi m\u1ed9t chi\u1ebfc m\u0169 b\u1ea3o hi\u1ec3m n\u1eeda \u0111\u1ea7u truy\u1ec1n th\u1ed1ng.<\/p>\n<p>THO\u00c1NG KH\u00cd, THO\u1ea2I M\u00c1I V\u00c0 AN TO\u00c0N<\/p>\n<p>Ngo\u00e0i t\u1ed1i \u01b0u kh\u00ed \u0111\u1ed9ng h\u1ecdc, s\u1ef1 tho\u1ea3i m\u00e1i c\u0169ng l\u00e0 \u01b0u ti\u00ean c\u1ee7a Kudo Aero. Hai l\u1ed7 th\u00f4ng gi\u00f3 ph\u00eda tr\u01b0\u1edbc v\u00e0 c\u00e1c khe tho\u00e1t nhi\u1ec7t ph\u00eda sau \u0111\u1ea3m b\u1ea3o s\u1ef1 \u0111i\u1ec1u h\u00f2a nhi\u1ec7t hi\u1ec7u qu\u1ea3, gi\u1eef cho ng\u01b0\u1eddi l\u00e1i lu\u00f4n m\u00e1t m\u1ebb trong nh\u1eefng n\u1ed7 l\u1ef1c cao \u0111\u1ed9. M\u0169 b\u1ea3o hi\u1ec3m n\u00e0y \u0111\u01b0\u1ee3c ch\u1ee9ng nh\u1eadn theo c\u1ea3 ti\u00eau chu\u1ea9n EU v\u00e0 CPSC, v\u00e0 h\u00ecnh d\u1ea1ng tr\u00f2n c\u1ee7a n\u00f3 \u0111\u01b0\u1ee3c thi\u1ebft k\u1ebf \u0111\u1ec3 gi\u1ea3m \u0111\u1ed9 b\u00e1m b\u1ec1 m\u1eb7t khi va ch\u1ea1m, c\u00f3 kh\u1ea3 n\u0103ng l\u00e0m gi\u1ea3m l\u1ef1c t\u00e1c \u0111\u1ed9ng.<\/p>\n<p>B\u1ea2O V\u1ec6 T\u1ed0I \u01afU H\u01a0N<\/p>\n<p>C\u1ea5u tr\u00fac c\u1ea7u n\u1ed1i b\u00ean trong m\u0169, \u0111\u01b0\u1ee3c t\u00edch h\u1ee3p s\u00e2u v\u00e0o l\u1edbp x\u1ed1p EPS, gi\u00fap ph\u00e2n t\u00e1n l\u1ef1c t\u00e1c \u0111\u1ed9ng hi\u1ec7u qu\u1ea3 tr\u00ean to\u00e0n b\u1ed9 b\u1ec1 m\u1eb7t m\u0169, mang l\u1ea1i kh\u1ea3 n\u0103ng b\u1ea3o v\u1ec7 bao ph\u1ee7 to\u00e0n di\u1ec7n. H\u01a1n n\u1eefa, c\u00f4ng ngh\u1ec7 b\u1ea3o v\u1ec7 \u0111\u1ea7u MIPS Air Node, \u0111\u01b0\u1ee3c t\u00edch h\u1ee3p li\u1ec1n m\u1ea1ch v\u00e0o l\u1edbp \u0111\u1ec7m, c\u00f2n gi\u00fap h\u1ea5p th\u1ee5 c\u00e1c l\u1ef1c xoay nguy hi\u1ec3m trong tr\u01b0\u1eddng h\u1ee3p va ch\u1ea1m. L\u1edbp gi\u1ea3m ma s\u00e1t n\u00e0y kh\u00f4ng ch\u1ec9 nh\u1eb9 v\u00e0 d\u1ec5 v\u1ec7 sinh m\u00e0 c\u00f2n cung c\u1ea5p m\u1ed9t l\u1edbp b\u1ea3o v\u1ec7 ti\u00ean ti\u1ebfn kh\u00e1c m\u00e0 kh\u00f4ng l\u00e0m gi\u1ea3m \u0111i s\u1ef1 tho\u1ea3i m\u00e1i khi s\u1eed d\u1ee5ng.<\/p>\n<p>S\u1ef0 V\u1eeaA V\u1eb6N HO\u00c0N H\u1ea2O<\/p>\n<p>Kudo Aero \u0111\u01b0\u1ee3c trang b\u1ecb h\u1ec7 th\u1ed1ng \u0111i\u1ec1u ch\u1ec9nh ti\u00ean ti\u1ebfn ph\u00eda sau \u0111\u1ea7u \u0111\u1ec3 \u0111i\u1ec1u ch\u1ec9nh \u0111\u1ed9 nghi\u00eang v\u00e0 kh\u1ea3 n\u0103ng t\u01b0\u01a1ng th\u00edch v\u1edbi k\u00ednh m\u1eaft. M\u1ed9t \u0111i\u1ec1u ch\u1ec9nh \u0111\u1ec9nh \u0111\u1ea7u ri\u00eang bi\u1ec7t cho ph\u00e9p ng\u01b0\u1eddi l\u00e1i tinh ch\u1ec9nh \u0111\u1ed9 v\u1eeba v\u1eb7n theo h\u00ecnh d\u1ea1ng ch\u00ednh x\u00e1c c\u1ee7a \u0111\u1ea7u h\u1ecd, trong khi d\u00e2y \u0111ai ripstop nh\u1eb9 mang l\u1ea1i kh\u1ea3 n\u0103ng \u0111i\u1ec1u ch\u1ec9nh ho\u00e0n to\u00e0n quanh tai.<\/p>\n<p>T\u0102NG C\u01af\u1edcNG KH\u1ea2 N\u0102NG HI\u1ec2N TH\u1eca<\/p>\n<p>Kudo Aero t\u00edch h\u1ee3p s\u1eb5n m\u1ed9t mi\u1ebfng ph\u1ea3n quang th\u00e1o r\u1eddi \u1edf ph\u00eda sau m\u0169 v\u00e0 \u0111\u00e8n h\u1eadu LED s\u1ea1c USB \u0111\u1ec3 t\u0103ng th\u00eam \u0111\u1ed9 an to\u00e0n. \u0110\u00e8n h\u1eadu c\u00f3 nhi\u1ec1u ch\u1ebf \u0111\u1ed9 s\u00e1ng cho c\u1ea3 ng\u00e0y v\u00e0 \u0111\u00eam, gi\u00fap ng\u01b0\u1eddi \u0111\u1ea1p lu\u00f4n \u0111\u01b0\u1ee3c nh\u1eadn di\u1ec7n r\u00f5 r\u00e0ng.<\/p>\n<p>&nbsp;<\/p>\n<p>Th\u00f4ng s\u1ed1 k\u1ef9 thu\u1eadt \/ C\u00f4ng ngh\u1ec7<\/p>\n<ul>\n<li>Thi\u1ebft k\u1ebf kh\u00ed \u0111\u1ed9ng h\u1ecdc<\/li>\n<li>C\u1ea5u tr\u00fac EPS-PC \u0111\u00fac li\u1ec1n kh\u1ed1i<\/li>\n<li>C\u00e1nh l\u01b0\u1edbt gi\u00f3 sau t\u1ed1i \u01b0u<\/li>\n<li>Ph\u1ea7n m\u1edf r\u1ed9ng EPS \u0111\u01b0\u1ee3c t\u1ed1i \u01b0u h\u00f3a<\/li>\n<li>H\u1ec7 th\u1ed1ng th\u00f4ng gi\u00f3 tho\u00e1ng kh\u00ed<\/li>\n<li>R\u00e3nh th\u00f4ng gi\u00f3 r\u1ed9ng<\/li>\n<li>C\u00f4ng ngh\u1ec7 MIPS Air Node System b\u1ea3o v\u1ec7 \u0111\u1ea7u<\/li>\n<li>H\u1ec7 th\u1ed1ng \u0111i\u1ec1u ch\u1ec9nh k\u00edch c\u1ee1 v\u1edbi t\u00ednh n\u0103ng \u0111i\u1ec1u ch\u1ec9nh \u0111\u1ed9 nghi\u00eang v\u00e0 v\u00f2ng \u0111\u1ea7u<\/li>\n<li>T\u1ea5m ph\u1ea3n quang ph\u00eda sau c\u00f3 th\u1ec3 th\u00e1o r\u1eddi<\/li>\n<li>T\u01b0\u01a1ng th\u00edch v\u1edbi \u0111\u00e8n m\u0169 b\u1ea3o hi\u1ec3m Fizik<\/li>\n<\/ul>\n<p>K\u00edch th\u01b0\u1edbc:<\/p>\n<ul>\n<li>S: 52cm-56cm (CE 270g)<\/li>\n<li>M: 56cm-59cm (CE 290g)<\/li>\n<li>L: 59cm-61cm (CE 320g)<\/li>\n<\/ul>\n<p>\u0110\u1ea1t c\u00e1c ti\u00eau chu\u1ea9n an to\u00e0n CE EN 1078:2012 ho\u1eb7c CPSC 1203.<\/p>\n","protected":false},"excerpt":{"rendered":"<p>Thi\u1ebft k\u1ebf m\u0169 b\u1ea3o hi\u1ec3m kh\u00ed \u0111\u1ed9ng h\u1ecdc, gi\u1ea3m l\u1ef1c c\u1ea3n, ph\u00f9 h\u1ee3p cho c\u1ea3 xe \u0111\u1ea1p gravel, \u0111\u01b0\u1eddng tr\u01b0\u1eddng v\u00e0 XC MTB. Thi\u1ebft k\u1ebf n\u1eeda \u0111\u1ea7u linh ho\u1ea1t t\u1ed1i \u01b0u cho vi\u1ec7c \u0111\u1ea1p nhanh v\u00e0 \u0111ua, gi\u00fap b\u1ea1n t\u0103ng hi\u1ec7u su\u1ea5t m\u00e0 kh\u00f4ng lo b\u1ecb n\u1eb7ng \u0111\u1ea7u.<\/p>\n","protected":false},"featured_media":4866,"comment_status":"closed","ping_status":"closed","template":"","meta":[],"product_cat":[73],"product_tag":[],"class_list":["post-4865","product","type-product","status-publish","has-post-thumbnail","hentry","product_cat-mu-bao-hiem"],"_links":{"self":[{"href":"https:\/\/xedop.com\/en\/wp-json\/wp\/v2\/product\/4865","targetHints":{"allow":["GET"]}}],"collection":[{"href":"https:\/\/xedop.com\/en\/wp-json\/wp\/v2\/product"}],"about":[{"href":"https:\/\/xedop.com\/en\/wp-json\/wp\/v2\/types\/product"}],"replies":[{"embeddable":true,"href":"https:\/\/xedop.com\/en\/wp-json\/wp\/v2\/comments?post=4865"}],"version-history":[{"count":1,"href":"https:\/\/xedop.com\/en\/wp-json\/wp\/v2\/product\/4865\/revisions"}],"predecessor-version":[{"id":4878,"href":"https:\/\/xedop.com\/en\/wp-json\/wp\/v2\/product\/4865\/revisions\/4878"}],"wp:featuredmedia":[{"embeddable":true,"href":"https:\/\/xedop.com\/en\/wp-json\/wp\/v2\/media\/4866"}],"wp:attachment":[{"href":"https:\/\/xedop.com\/en\/wp-json\/wp\/v2\/media?parent=4865"}],"wp:term":[{"taxonomy":"product_cat","embeddable":true,"href":"https:\/\/xedop.com\/en\/wp-json\/wp\/v2\/product_cat?post=4865"},{"taxonomy":"product_tag","embeddable":true,"href":"https:\/\/xedop.com\/en\/wp-json\/wp\/v2\/product_tag?post=4865"}],"curies":[{"name":"wp","href":"https:\/\/api.w.org\/{rel}","templated":true}]}}