{"id":4911,"date":"2025-06-09T09:35:10","date_gmt":"2025-06-09T02:35:10","guid":{"rendered":"https:\/\/xedop.com\/?post_type=product&#038;p=4911"},"modified":"2025-06-09T09:35:13","modified_gmt":"2025-06-09T02:35:13","slug":"mu-bao-hiem-xe-dap-triathlon-tt-giro-aerohead-mips","status":"publish","type":"product","link":"https:\/\/xedop.com\/en\/san-pham\/mu-bao-hiem-xe-dap-triathlon-tt-giro-aerohead-mips\/","title":{"rendered":"M\u0169 B\u1ea3o Hi\u1ec3m Xe \u0110\u1ea1p Triathlon\/TT GIRO Aerohead MIPS"},"content":{"rendered":"<p>Aerohead MIPS c\u00f3 thi\u1ebft k\u1ebf l\u01b0\u1edbt gi\u00f3 gi\u1ed1ng nh\u01b0 Aerohead Ultimate, nh\u01b0ng t\u0103ng th\u00eam \u0111\u1ed9 th\u00f4ng tho\u00e1ng \u0111\u1ec3 gi\u1eef cho v\u1eadn \u0111\u1ed9ng vi\u00ean thi 3 m\u00f4n ph\u1ed1i h\u1ee3p v\u00e0 \u0111ua xe \u0111\u1ea1p t\u00ednh gi\u1edd lu\u00f4n tho\u00e1ng m\u00e1t trong nh\u1eefng ng\u00e0y thi \u0111\u1ea5u.<\/p>\n<p>L\u1edbp v\u1ecf polycarbonate, h\u1ec7 th\u1ed1ng Wind Channel v\u00e0 tho\u00e1ng kh\u00ed b\u00ean trong , chi\u1ebfc n\u00f3n b\u1ea3o hi\u1ec3m n\u00e0y th\u00f4ng qua c\u00e1c th\u1ef1c nghi\u1ec7m gi\u00fap t\u0103ng kh\u1ea3 n\u0103ng l\u00e0m m\u00e1t trong khi v\u1eabn gi\u1eef t\u00ednh ch\u1ea5t kh\u00ed \u0111\u1ed9ng h\u1ecdc. Ngo\u00e0i ra, Aerohead MIPS c\u00f2n bao g\u1ed3m ph\u1ea7n k\u00ednh ch\u1eafn mang \u0111\u1ebfn t\u1ea7m nh\u00ecn \u1ea5n t\u01b0\u1ee3ng, th\u00e1o l\u1eafp d\u1ec5 d\u00e0ng hay g\u00e0i k\u00ednh ng\u01b0\u1ee3c l\u00ean n\u00f3n khi kh\u00f4ng s\u1eed d\u1ee5ng nh\u1edd nam ch\u00e2m t\u1eeb t\u00ednh &#8211; Ho\u00e0n h\u1ea3o cho vi\u1ec7c thay \u0111\u1ed5i t\u1eeb b\u01a1i sang \u0111\u1ea1p xe.<\/p>\n<p>TH\u00d4NG S\u1ed0 K\u1ef8 THU\u1eacT<\/p>\n<ul>\n<li>H\u1ec7 th\u1ed1ng \u0111i\u1ec1u ch\u1ec9nh Roc Loc 5 Air<\/li>\n<li>4 l\u1ed7 tho\u00e1ng kh\u00ed c\u00f9n h\u1ec7 th\u1ed1ng Wind Tunnel v\u00e0 tho\u00e1ng kh\u00ed b\u00ean trong<\/li>\n<li>Trang b\u1ecb c\u00f4ng ngh\u1ec7 MIPS<\/li>\n<li>K\u00ednh ch\u1eafn k\u00e8m theo s\u1ea3n xu\u1ea5t b\u1edfi ZEISS\u00ae Optics<\/li>\n<li>K\u1ebft c\u1ea5u v\u1ecf b\u1ecdc In-Mold Construction b\u1eb1ng Polycarbonate<\/li>\n<li>C\u00f4ng ngh\u1ec7 Super Fit v\u1eeba v\u1eb7n<\/li>\n<li>\u0110\u1ea1t ch\u1ee9ng nh\u1eadn CPSC BICYCLE<\/li>\n<li>Tr\u1ecdng l\u01b0\u1ee3ng 450g (size M)<\/li>\n<\/ul>\n<p><img decoding=\"async\" src=\"https:\/\/xedop.com\/wp-content\/uploads\/2025\/06\/mu-bao-hiem-xe-dap-triathlon-tt-giro-aerohead-mips-4911.jpg\" alt=\"\" \/><\/p>\n","protected":false},"excerpt":{"rendered":"<p>Aerohead MIPS c\u00f3 thi\u1ebft k\u1ebf l\u01b0\u1edbt gi\u00f3 gi\u1ed1ng nh\u01b0 Aerohead Ultimate, nh\u01b0ng t\u0103ng th\u00eam \u0111\u1ed9 th\u00f4ng tho\u00e1ng \u0111\u1ec3 gi\u1eef cho v\u1eadn \u0111\u1ed9ng vi\u00ean thi 3 m\u00f4n<span class=\"excerpt-hellip\"> [\u2026]<\/span><\/p>\n","protected":false},"featured_media":4912,"comment_status":"closed","ping_status":"closed","template":"","meta":[],"product_cat":[73],"product_tag":[],"class_list":["post-4911","product","type-product","status-publish","has-post-thumbnail","hentry","product_cat-mu-bao-hiem"],"_links":{"self":[{"href":"https:\/\/xedop.com\/en\/wp-json\/wp\/v2\/product\/4911","targetHints":{"allow":["GET"]}}],"collection":[{"href":"https:\/\/xedop.com\/en\/wp-json\/wp\/v2\/product"}],"about":[{"href":"https:\/\/xedop.com\/en\/wp-json\/wp\/v2\/types\/product"}],"replies":[{"embeddable":true,"href":"https:\/\/xedop.com\/en\/wp-json\/wp\/v2\/comments?post=4911"}],"version-history":[{"count":1,"href":"https:\/\/xedop.com\/en\/wp-json\/wp\/v2\/product\/4911\/revisions"}],"predecessor-version":[{"id":4930,"href":"https:\/\/xedop.com\/en\/wp-json\/wp\/v2\/product\/4911\/revisions\/4930"}],"wp:featuredmedia":[{"embeddable":true,"href":"https:\/\/xedop.com\/en\/wp-json\/wp\/v2\/media\/4912"}],"wp:attachment":[{"href":"https:\/\/xedop.com\/en\/wp-json\/wp\/v2\/media?parent=4911"}],"wp:term":[{"taxonomy":"product_cat","embeddable":true,"href":"https:\/\/xedop.com\/en\/wp-json\/wp\/v2\/product_cat?post=4911"},{"taxonomy":"product_tag","embeddable":true,"href":"https:\/\/xedop.com\/en\/wp-json\/wp\/v2\/product_tag?post=4911"}],"curies":[{"name":"wp","href":"https:\/\/api.w.org\/{rel}","templated":true}]}}