{"id":4931,"date":"2025-06-09T09:38:56","date_gmt":"2025-06-09T02:38:56","guid":{"rendered":"https:\/\/xedop.com\/?post_type=product&#038;p=4931"},"modified":"2025-06-09T09:38:56","modified_gmt":"2025-06-09T02:38:56","slug":"mu-bao-hiem-xe-dap-triathlon-fizik-kunee","status":"publish","type":"product","link":"https:\/\/xedop.com\/en\/san-pham\/mu-bao-hiem-xe-dap-triathlon-fizik-kunee\/","title":{"rendered":"M\u0169 b\u1ea3o hi\u1ec3m xe \u0111\u1ea1p Triathlon FIZIK Kunee"},"content":{"rendered":"<p>M\u1ed9t chi\u1ebfc m\u0169 b\u1ea3o hi\u1ec3m hi\u1ec7u su\u1ea5t cao d\u00e0nh cho c\u00e1c cu\u1ed9c thi ba m\u00f4n ph\u1ed1i h\u1ee3p Triathlon v\u00e0 \u0111ua xe t\u00ednh gi\u1edd, t\u00edch h\u1ee3p k\u00ednh che t\u1eeb t\u00ednh. \u0110\u01b0\u1ee3c thi\u1ebft k\u1ebf d\u1ef1a tr\u00ean nhi\u1ec1u n\u0103m nghi\u00ean c\u1ee9u v\u00e0 th\u1eed nghi\u1ec7m nh\u1eb1m t\u1ed1i \u01b0u kh\u00ed \u0111\u1ed9ng h\u1ecdc v\u00e0 gi\u1ea3m thi\u1ec3u t\u1ed1i \u0111a k\u00edch th\u01b0\u1edbc c\u0169ng nh\u01b0 tr\u1ecdng l\u01b0\u1ee3ng kh\u00f4ng c\u1ea7n thi\u1ebft.<\/p>\n<p>&nbsp;<\/p>\n<p>THI\u1ebeT K\u1ebe V\u00cc HI\u1ec6U SU\u1ea4T<\/p>\n<p>Kunee \u0111\u01b0\u1ee3c ch\u1ebf t\u1ea1o d\u00e0nh ri\u00eang cho nh\u1eefng v\u1eadn \u0111\u1ed9ng vi\u00ean \u0111ua xe t\u00ednh gi\u1edd v\u00e0 ba m\u00f4n ph\u1ed1i h\u1ee3p, nh\u1eefng ng\u01b0\u1eddi lu\u00f4n \u0111\u1eb7t t\u1ed1c \u0111\u1ed9 v\u00e0 hi\u1ec7u qu\u1ea3 l\u00ean h\u00e0ng \u0111\u1ea7u. V\u1edbi m\u1ee5c ti\u00eau duy nh\u1ea5t l\u00e0 t\u1ed1i \u01b0u h\u00f3a t\u00ednh kh\u00ed \u0111\u1ed9ng h\u1ecdc v\u00e0 n\u00e2ng cao hi\u1ec7u su\u1ea5t s\u1eed d\u1ee5ng n\u0103ng l\u01b0\u1ee3ng, chi\u1ebfc m\u0169 b\u1ea3o hi\u1ec3m n\u00e0y gi\u00fap gi\u1ea3m thi\u1ec3u l\u1ef1c c\u1ea3n, cho ph\u00e9p b\u1ea1n b\u1ee9t ph\u00e1 t\u1ed1c \u0111\u1ed9 v\u00e0 duy tr\u00ec phong \u0111\u1ed9 tr\u00ean \u0111\u01b0\u1eddng \u0111ua d\u00e0i h\u01a1n.<\/p>\n<p>KI\u1ebeN T\u1ea0O HI\u1ec6U SU\u1ea4T T\u1eea NGHI\u00caN C\u1ee8U CHUY\u00caN S\u00c2U<\/p>\n<p>Nhi\u1ec1u n\u0103m nghi\u00ean c\u1ee9u \u0111\u1ed9ng l\u1ef1c h\u1ecdc ch\u1ea5t l\u01b0u t\u00ednh to\u00e1n (CFD), k\u1ebft h\u1ee3p v\u1edbi c\u00e1c th\u1eed nghi\u1ec7m th\u1ef1c t\u1ebf trong h\u1ea7m gi\u00f3 v\u00e0 ngo\u00e0i tr\u1eddi, \u0111\u00e3 \u0111\u1ecbnh h\u00ecnh n\u00ean ki\u1ec3u d\u00e1ng kh\u00ed \u0111\u1ed9ng h\u1ecdc c\u1ee7a Kunee. \u0110\u01b0\u1ee3c ph\u00e1t tri\u1ec3n v\u1edbi s\u1ef1 h\u1ee3p t\u00e1c c\u1ee7a c\u00e1c v\u1eadn \u0111\u1ed9ng vi\u00ean v\u00e0 chuy\u00ean gia \u0111\u1eb3ng c\u1ea5p th\u1ebf gi\u1edbi, m\u0169 b\u1ea3o hi\u1ec3m n\u00e0y d\u1ec5 d\u00e0ng th\u00edch \u1ee9ng v\u1edbi c\u01a1 th\u1ec3 c\u1ee7a m\u1ed7i tay \u0111ua, mang l\u1ea1i hi\u1ec7u su\u1ea5t v\u01b0\u1ee3t tr\u1ed9i trong nhi\u1ec1u \u0111i\u1ec1u ki\u1ec7n thi \u0111\u1ea5u kh\u00e1c nhau.<\/p>\n<p>\u01afU TI\u00caN HI\u1ec6U QU\u1ea2 TH\u1ef0C T\u1ebe<\/p>\n<p>Thi\u1ebft k\u1ebf c\u1ee7a Kunee t\u1eadp trung v\u00e0o \u1ee9ng d\u1ee5ng th\u1ef1c t\u1ebf, \u0111\u1ea3m b\u1ea3o hi\u1ec7u qu\u1ea3 kh\u00ed \u0111\u1ed9ng h\u1ecdc v\u00e0 s\u1ef1 \u1ed5n \u0111\u1ecbnh trong \u0111i\u1ec1u ki\u1ec7n gi\u00f3 thay \u0111\u1ed5i li\u00ean t\u1ee5c. B\u1ea5t k\u1ec3 k\u00edch th\u01b0\u1edbc hay h\u00ecnh d\u00e1ng c\u1ee7a v\u1eadn \u0111\u1ed9ng vi\u00ean, m\u0169 b\u1ea3o hi\u1ec3m n\u00e0y ho\u1ea1t \u0111\u1ed9ng \u0111\u1ec3 t\u1ed1i \u01b0u h\u00f3a lu\u1ed3ng kh\u00f4ng kh\u00ed, gi\u1ea3m thi\u1ec3u l\u1ef1c c\u1ea3n v\u00e0 duy tr\u00ec t\u1ed1c \u0111\u1ed9, khi\u1ebfn n\u00f3 tr\u1edf th\u00e0nh l\u1ef1a ch\u1ecdn ho\u00e0n h\u1ea3o cho c\u1ea3 v\u1eadn \u0111\u1ed9ng vi\u00ean \u0111ua xe t\u00ednh gi\u1edd v\u00e0 ba m\u00f4n ph\u1ed1i h\u1ee3p Triathlon.<\/p>\n<p>Ngo\u00e0i ra, Kunee c\u00f2n \u0111\u01b0\u1ee3c ch\u1ee9ng nh\u1eadn \u0111\u00e1p \u1ee9ng c\u1ea3 ti\u00eau chu\u1ea9n EU v\u00e0 CPSC v\u1ec1 kh\u1ea3 n\u0103ng b\u1ea3o v\u1ec7 khi va \u0111\u1eadp.<\/p>\n<p>\u0110\u01af\u1ee2C THI\u1ebeT K\u1ebe \u0110\u1ec2 B\u1ee8T T\u1ed0C<\/p>\n<p>B\u1ec1 m\u1eb7t tr\u01a1n nh\u1eb5n c\u1ee7a Kunee \u0111\u1ea3m b\u1ea3o lu\u1ed3ng kh\u00ed \u00f4m s\u00e1t, \u0111\u1ed3ng th\u1eddi gi\u1ea3m thi\u1ec3u di\u1ec7n t\u00edch c\u1ea3n gi\u00f3 \u1edf ph\u00eda tr\u01b0\u1edbc. Thi\u1ebft k\u1ebf h\u00ecnh gi\u1ecdt n\u01b0\u1edbc \u00f4m theo \u0111\u01b0\u1eddng n\u00e9t c\u01a1 th\u1ec3 ng\u01b0\u1eddi l\u00e1i, t\u1ea1o ra d\u00f2ng kh\u00ed m\u01b0\u1ee3t m\u00e0 v\u00e0 gi\u1ea3m thi\u1ec3u v\u00f9ng \u00e1p su\u1ea5t th\u1ea5p g\u00e2y c\u1ea3n tr\u1edf, mang l\u1ea1i hi\u1ec7u qu\u1ea3 kh\u00ed \u0111\u1ed9ng h\u1ecdc t\u1ed1i \u01b0u. Nh\u1edd thi\u1ebft k\u1ebf nh\u1ecf g\u1ecdn v\u00e0 tr\u1ecdng l\u01b0\u1ee3ng nh\u1eb9, Kunee mang \u0111\u1ebfn s\u1ef1 tho\u1ea3i m\u00e1i v\u00e0 \u1ed5n \u0111\u1ecbnh v\u01b0\u1ee3t tr\u1ed9i, gi\u00fap ng\u01b0\u1eddi l\u00e1i duy tr\u00ec t\u01b0 th\u1ebf t\u1ed1t v\u00e0 \u0111\u1ea1t hi\u1ec7u su\u1ea5t cao nh\u1ea5t trong th\u1eddi gian d\u00e0i. D\u00f9 b\u1ea1n \u0111ang \u0111ua v\u1edbi th\u1eddi gian hay chinh ph\u1ee5c nh\u1eefng k\u1ef7 l\u1ee5c c\u00e1 nh\u00e2n, Kunee \u0111\u01b0\u1ee3c ch\u1ebf t\u1ea1o \u0111\u1ec3 mang \u0111\u1ebfn t\u1ed1c \u0111\u1ed9 kh\u00f4ng gi\u1edbi h\u1ea1n.<\/p>\n<p>\u0110\u1ed8T PH\u00c1 V\u1edaI THI\u1ebeT K\u1ebe G\u1ee2N S\u00d3NG<\/p>\n<p>Kh\u00f4ng gi\u1ed1ng nh\u01b0 nhi\u1ec1u m\u0169 b\u1ea3o hi\u1ec3m kh\u00ed \u0111\u1ed9ng h\u1ecdc kh\u00e1c th\u01b0\u1eddng m\u1edf r\u1ed9ng sang hai b\u00ean \u0111\u1ec3 che ch\u1eafn vai, l\u00e0m t\u0103ng th\u00eam k\u00edch th\u01b0\u1edbc v\u00e0 c\u1ea3n gi\u00f3, Kunee t\u1eadn d\u1ee5ng c\u00e1c t\u1ea5m b\u00ean d\u1ea1ng g\u1ee3n s\u00f3ng \u0111\u1ec3 gi\u1eef lu\u1ed3ng kh\u00ed xo\u00e1y s\u00e1t v\u00e0o m\u0169. Thi\u1ebft k\u1ebf n\u00e0y gi\u00fap lu\u1ed3ng gi\u00f3 chuy\u1ec3n h\u01b0\u1edbng m\u01b0\u1ee3t m\u00e0 h\u01a1n quanh v\u00f9ng vai v\u00e0 ra ph\u00eda sau ng\u01b0\u1eddi l\u00e1i m\u00e0 kh\u00f4ng c\u1ea7n t\u0103ng th\u00eam k\u00edch th\u01b0\u1edbc t\u1ed5ng th\u1ec3 c\u1ee7a m\u0169.<\/p>\n<p>M\u00c1T M\u1eba, \u00caM \u00c1I\u2014T\u1eacP TRUNG TUY\u1ec6T \u0110\u1ed0I<\/p>\n<p>H\u1ec7 th\u1ed1ng th\u00f4ng gi\u00f3 \u0111\u1ed9c \u0111\u00e1o ph\u00eda tr\u01b0\u1edbc, ngay tr\u00ean k\u00ednh ch\u1eafn gi\u00f3, v\u1edbi c\u1ea5u tr\u00fac l\u01b0\u1edbi t\u1ed5 ong, \u0111\u1ea3m b\u1ea3o l\u00e0m m\u00e1t hi\u1ec7u qu\u1ea3 m\u00e0 v\u1eabn gi\u1ea3m thi\u1ec3u l\u1ef1c c\u1ea3n kh\u00f4ng kh\u00ed. Lu\u1ed3ng gi\u00f3 \u0111\u01b0\u1ee3c t\u1ed1i \u01b0u h\u00f3a n\u00e0y gi\u00fap t\u0103ng c\u01b0\u1eddng s\u1ef1 tho\u1ea3i m\u00e1i v\u00e0 hi\u1ec7u su\u1ea5t khi b\u1ea1n \u1edf t\u01b0 th\u1ebf l\u00e1i quy\u1ebft li\u1ec7t nh\u1ea5t. \u0110\u1ed3ng th\u1eddi, c\u00e1c v\u00f9ng \u00e1p su\u1ea5t th\u1ea5p \u0111\u01b0\u1ee3c thi\u1ebft k\u1ebf \u0111\u1eb7c bi\u1ec7t \u1edf hai b\u00ean m\u0169 gi\u00fap gi\u1ea3m \u0111\u00e1ng k\u1ec3 ti\u1ebfng \u1ed3n c\u1ee7a gi\u00f3, mang l\u1ea1i tr\u1ea3i nghi\u1ec7m \u00eam \u00e1i v\u00e0 gi\u00fap b\u1ea1n t\u1eadp trung cao \u0111\u1ed9 v\u00e0o \u0111\u01b0\u1eddng \u0111ua.<\/p>\n<p><strong>Th\u00f4ng s\u1ed1 k\u1ef9 thu\u1eadt \/ C\u00f4ng ngh\u1ec7<\/strong><\/p>\n<ul>\n<li>K\u1ebft c\u1ea5u EPS-PC \u0111\u00fac li\u1ec1n kh\u1ed1i, t\u0103ng c\u01b0\u1eddng \u0111\u1ed9 ch\u1eafc ch\u1eafn v\u00e0 b\u1ec1n b\u1ec9.<\/li>\n<li>V\u1ecf ngo\u00e0i polycarbonate (PC) nguy\u00ean kh\u1ed1i.<\/li>\n<li>K\u00ednh ch\u1eafn gi\u00f3 th\u00f4ng tho\u00e1ng, g\u1eafn t\u1eeb t\u00ednh ti\u1ec7n l\u1ee3i.<\/li>\n<li>Thi\u1ebft k\u1ebf ph\u00f9 h\u1ee3p \u0111\u1ec3 \u0111eo c\u00f9ng k\u00ednh r\u00e2m.<\/li>\n<li>H\u1ec7 th\u1ed1ng \u0111i\u1ec1u ch\u1ec9nh k\u00edch th\u01b0\u1edbc cho ph\u00e9p t\u00f9y ch\u1ec9nh \u0111\u1ed9 nghi\u00eang v\u00e0 v\u00f2ng \u0111\u1ea7u v\u1eeba v\u1eb7n.<\/li>\n<li>L\u1edbp l\u00f3t b\u00ean trong c\u00f3 th\u1ec3 th\u00e1o r\u1eddi, d\u1ec5 d\u00e0ng v\u1ec7 sinh.<\/li>\n<\/ul>\n<p>T\u1eb7ng k\u00e8m:<\/p>\n<ul>\n<li>K\u00ednh ch\u1eafn gi\u00f3 tr\u00e1ng g\u01b0\u01a1ng th\u1eddi trang.<\/li>\n<li>K\u00ednh ch\u1eafn gi\u00f3 trong su\u1ed1t<\/li>\n<li>H\u1ed9p \u0111\u1ef1ng m\u0169 b\u1ea3o hi\u1ec3m cao c\u1ea5p<\/li>\n<\/ul>\n<p>&nbsp;<\/p>\n<p>K\u00edch c\u1ee1:<\/p>\n<ul>\n<li>S\/M: 54cm &#8211; 58cm (350g kh\u00f4ng k\u00ednh \u2013 400g c\u00f3 k\u00ednh)<\/li>\n<li>M\/L: 58cm &#8211; 61cm (400g kh\u00f4ng k\u00ednh \u2013 450g c\u00f3 k\u00ednh)<\/li>\n<\/ul>\n<p>Tu\u00e2n th\u1ee7 c\u00e1c ti\u00eau chu\u1ea9n an to\u00e0n CE EN 1078:2012 v\u00e0 CPSC 1203.<\/p>\n","protected":false},"excerpt":{"rendered":"<p>M\u1ed9t chi\u1ebfc m\u0169 b\u1ea3o hi\u1ec3m hi\u1ec7u su\u1ea5t cao d\u00e0nh cho c\u00e1c cu\u1ed9c thi ba m\u00f4n ph\u1ed1i h\u1ee3p Triathlon v\u00e0 \u0111ua xe t\u00ednh gi\u1edd, t\u00edch h\u1ee3p k\u00ednh che t\u1eeb t\u00ednh. \u0110\u01b0\u1ee3c thi\u1ebft k\u1ebf d\u1ef1a tr\u00ean nhi\u1ec1u n\u0103m nghi\u00ean c\u1ee9u v\u00e0 th\u1eed nghi\u1ec7m nh\u1eb1m t\u1ed1i \u01b0u kh\u00ed \u0111\u1ed9ng h\u1ecdc v\u00e0 gi\u1ea3m thi\u1ec3u t\u1ed1i \u0111a k\u00edch th\u01b0\u1edbc c\u0169ng nh\u01b0 tr\u1ecdng l\u01b0\u1ee3ng kh\u00f4ng c\u1ea7n thi\u1ebft.<\/p>\n","protected":false},"featured_media":4932,"comment_status":"closed","ping_status":"closed","template":"","meta":[],"product_cat":[73],"product_tag":[],"class_list":["post-4931","product","type-product","status-publish","has-post-thumbnail","hentry","product_cat-mu-bao-hiem"],"_links":{"self":[{"href":"https:\/\/xedop.com\/en\/wp-json\/wp\/v2\/product\/4931","targetHints":{"allow":["GET"]}}],"collection":[{"href":"https:\/\/xedop.com\/en\/wp-json\/wp\/v2\/product"}],"about":[{"href":"https:\/\/xedop.com\/en\/wp-json\/wp\/v2\/types\/product"}],"replies":[{"embeddable":true,"href":"https:\/\/xedop.com\/en\/wp-json\/wp\/v2\/comments?post=4931"}],"version-history":[{"count":1,"href":"https:\/\/xedop.com\/en\/wp-json\/wp\/v2\/product\/4931\/revisions"}],"predecessor-version":[{"id":4944,"href":"https:\/\/xedop.com\/en\/wp-json\/wp\/v2\/product\/4931\/revisions\/4944"}],"wp:featuredmedia":[{"embeddable":true,"href":"https:\/\/xedop.com\/en\/wp-json\/wp\/v2\/media\/4932"}],"wp:attachment":[{"href":"https:\/\/xedop.com\/en\/wp-json\/wp\/v2\/media?parent=4931"}],"wp:term":[{"taxonomy":"product_cat","embeddable":true,"href":"https:\/\/xedop.com\/en\/wp-json\/wp\/v2\/product_cat?post=4931"},{"taxonomy":"product_tag","embeddable":true,"href":"https:\/\/xedop.com\/en\/wp-json\/wp\/v2\/product_tag?post=4931"}],"curies":[{"name":"wp","href":"https:\/\/api.w.org\/{rel}","templated":true}]}}