{"id":4945,"date":"2025-06-09T09:42:50","date_gmt":"2025-06-09T02:42:50","guid":{"rendered":"https:\/\/xedop.com\/?post_type=product&#038;p=4945"},"modified":"2025-06-09T09:42:50","modified_gmt":"2025-06-09T02:42:50","slug":"groupset-sram-nx-eagle-1x12","status":"publish","type":"product","link":"https:\/\/xedop.com\/en\/san-pham\/groupset-sram-nx-eagle-1x12\/","title":{"rendered":"GROUPSET SRAM NX EAGLE [1&#215;12]"},"content":{"rendered":"<p><strong>Groupset bao g\u1ed3m:<\/strong><\/p>\n<p>1\/ \u0110\u1ec1 sau: NX Eagle 12-speed<\/p>\n<p>2\/ Tay \u0111\u1ec1: NX Eagle 12-speed k\u00e8m theo ng\u00e0m g\u1eafn r\u1eddi<\/p>\n<p>3\/ B\u1ed9 \u0111\u00f9i \u0111\u1ea1p:\u00a0NX Eagle\u00a0DUB 12s 170 Direct Mount 32t X-SYNC Chainring<\/p>\n<p>4\/ X\u00edch:\u00a0NX Eagle\u00a0126 links<\/p>\n<p>5\/ L\u00edp: PG-1230 Eagle 11-50t<\/p>\n<p>6\/ Tr\u1ee5c gi\u1eefa Dub<\/p>\n<p><strong>* L\u01b0u \u00fd:<\/strong><\/p>\n<ul>\n<li>Gi\u00e1 groupset ch\u01b0a bao g\u1ed3m ph\u00ed l\u1eafp \u0111\u1eb7t n\u1ebfu qu\u00fd kh\u00e1ch c\u00f3 nhu c\u1ea7u \u0111\u1ec3 nh\u00e2n vi\u00ean k\u1ef9 thu\u1eadt l\u1eafp r\u00e1p.<\/li>\n<\/ul>\n","protected":false},"excerpt":{"rendered":"<p>Groupset bao g\u1ed3m: 1\/ \u0110\u1ec1 sau: NX Eagle 12-speed 2\/ Tay \u0111\u1ec1: NX Eagle 12-speed k\u00e8m theo ng\u00e0m g\u1eafn r\u1eddi 3\/ B\u1ed9 \u0111\u00f9i \u0111\u1ea1p:\u00a0NX Eagle\u00a0DUB 12s<span class=\"excerpt-hellip\"> [\u2026]<\/span><\/p>\n","protected":false},"featured_media":4960,"comment_status":"closed","ping_status":"closed","template":"","meta":[],"product_cat":[94],"product_tag":[],"class_list":["post-4945","product","type-product","status-publish","has-post-thumbnail","hentry","product_cat-he-thong-truyen-dong-tay-de-dui-dia-gat-de"],"_links":{"self":[{"href":"https:\/\/xedop.com\/en\/wp-json\/wp\/v2\/product\/4945","targetHints":{"allow":["GET"]}}],"collection":[{"href":"https:\/\/xedop.com\/en\/wp-json\/wp\/v2\/product"}],"about":[{"href":"https:\/\/xedop.com\/en\/wp-json\/wp\/v2\/types\/product"}],"replies":[{"embeddable":true,"href":"https:\/\/xedop.com\/en\/wp-json\/wp\/v2\/comments?post=4945"}],"version-history":[{"count":1,"href":"https:\/\/xedop.com\/en\/wp-json\/wp\/v2\/product\/4945\/revisions"}],"predecessor-version":[{"id":4962,"href":"https:\/\/xedop.com\/en\/wp-json\/wp\/v2\/product\/4945\/revisions\/4962"}],"wp:featuredmedia":[{"embeddable":true,"href":"https:\/\/xedop.com\/en\/wp-json\/wp\/v2\/media\/4960"}],"wp:attachment":[{"href":"https:\/\/xedop.com\/en\/wp-json\/wp\/v2\/media?parent=4945"}],"wp:term":[{"taxonomy":"product_cat","embeddable":true,"href":"https:\/\/xedop.com\/en\/wp-json\/wp\/v2\/product_cat?post=4945"},{"taxonomy":"product_tag","embeddable":true,"href":"https:\/\/xedop.com\/en\/wp-json\/wp\/v2\/product_tag?post=4945"}],"curies":[{"name":"wp","href":"https:\/\/api.w.org\/{rel}","templated":true}]}}