{"id":4979,"date":"2025-06-09T09:56:32","date_gmt":"2025-06-09T02:56:32","guid":{"rendered":"https:\/\/xedop.com\/?post_type=product&#038;p=4979"},"modified":"2025-06-09T09:56:32","modified_gmt":"2025-06-09T02:56:32","slug":"bo-nang-cap-sram-gx-eagle-axs-12-spd","status":"publish","type":"product","link":"https:\/\/xedop.com\/en\/san-pham\/bo-nang-cap-sram-gx-eagle-axs-12-spd\/","title":{"rendered":"B\u1ed9 n\u00e2ng c\u1ea5p SRAM GX Eagle AXS 12 Spd"},"content":{"rendered":"<p>B\u1ed9 n\u00e2ng c\u1ea5p n\u00e0y t\u01b0\u01a1ng th\u00edch v\u1edbi t\u1ea5t c\u1ea3 c\u00e1c ph\u1ee5 t\u00f9ng kh\u00e1c trong h\u1ec7 sinh th\u00e1i Eagle, t\u1eeb \u1ed5 l\u00edp, v\u1edbi gi\u00f2 \u0111\u1ea1p, cho ph\u00e9p b\u1ea1n tho\u1ea3i m\u00e1i tr\u1ea3i nghi\u1ec7m gi\u00e1 tr\u1ecb c\u1ee7a AXS m\u00e0 kh\u00f4ng c\u1ea7n ph\u1ea3i thay th\u1ebf to\u00e0n b\u1ed9 h\u1ec7 th\u1ed1ng truy\u1ec1n \u0111\u1ed9ng hi\u1ec7n c\u00f3. D\u00f9 cho nhu c\u1ea7u c\u1ee7a b\u1ea1n l\u00e0 mu\u1ed1n n\u00e2ng c\u1ea5p tr\u1ea3i nghi\u1ec7m \u0111\u1ea1p, hay \u0111\u01a1n gi\u1ea3n ch\u1ec9 l\u00e0 b\u1ea1n mu\u1ed1n thay th\u1ebf h\u1ec7 th\u1ed1ng c\u0169, \u0111\u1eebng t\u00ecm \u0111\u00e2u xa h\u01a1n, GX Eagle AXS ch\u00ednh l\u00e0 l\u1ef1a ch\u1ecdn h\u00e0ng \u0111\u1ea7u cho b\u1ea1n.<\/p>\n<p>B\u1ed9 n\u00e2ng c\u1ea5p bao g\u1ed3m:<\/p>\n<ul>\n<li>\u0110\u1ec1 sau GX Eagle AXS<\/li>\n<li>Pin eTap AXS<\/li>\n<li>B\u1ed9 \u0111i\u1ec1u khi\u1ec3n Eagle AXS (tay \u0111\u1ec1)<\/li>\n<li>C\u1ed1c s\u1ea1c &amp; d\u00e2y s\u1ea1c<\/li>\n<li>B\u1ed9 canh ch\u1ec9nh l\u00edp Eagle<\/li>\n<\/ul>\n","protected":false},"excerpt":{"rendered":"<p>H\u1ec7\u00a0th\u1ed1ng truy\u1ec1n \u0111\u1ed9ng \u0111\u00e1ng gi\u00e1 nh\u1ea5t, \u0111\u01b0\u1ee3c y\u00eau th\u00edch nh\u1ea5t tr\u00ean n\u1ec1n t\u1ea3ng Eagle &#8211; GX, nay \u0111\u01b0\u1ee3c n\u00e2ng c\u1ea5p l\u00ean m\u1ed9t th\u1ebf h\u1ec7 ho\u00e0n to\u00e0n m\u1edbi &#8211; GX Eagle AXS. V\u1edbi s\u1ef1 b\u1ed5 tr\u1ee3 c\u1ee7a n\u1ec1n t\u1ea3ng truy\u1ec1n \u0111\u1ed9ng \u0111i\u1ec7n t\u1eed kh\u00f4ng d\u00e2y SRAM AXS, GX Eagle nay nh\u01b0 h\u1ed5 m\u1ecdc th\u00eam c\u00e1nh, v\u00e0 ch\u1eafc ch\u1eafn s\u1ebd tr\u1edf th\u00e0nh l\u1ef1a ch\u1ecdn kh\u00f4ng th\u1ec3 b\u1ecf qua \u0111\u1ed1i v\u1edbi b\u1ea5t c\u1ee9 MTB rider n\u00e0o \u0111ang mu\u1ed1n b\u01b0\u1edbc ch\u00e2n v\u00e0o th\u1ebf gi\u1edbi c\u1ee7a b\u1ed9 truy\u1ec1n \u0111\u1ed9ng \u0111i\u1ec7n t\u1eed kh\u00f4ng d\u00e2y.<\/p>\n","protected":false},"featured_media":4992,"comment_status":"closed","ping_status":"closed","template":"","meta":[],"product_cat":[94],"product_tag":[],"class_list":["post-4979","product","type-product","status-publish","has-post-thumbnail","hentry","product_cat-he-thong-truyen-dong-tay-de-dui-dia-gat-de"],"_links":{"self":[{"href":"https:\/\/xedop.com\/en\/wp-json\/wp\/v2\/product\/4979","targetHints":{"allow":["GET"]}}],"collection":[{"href":"https:\/\/xedop.com\/en\/wp-json\/wp\/v2\/product"}],"about":[{"href":"https:\/\/xedop.com\/en\/wp-json\/wp\/v2\/types\/product"}],"replies":[{"embeddable":true,"href":"https:\/\/xedop.com\/en\/wp-json\/wp\/v2\/comments?post=4979"}],"version-history":[{"count":1,"href":"https:\/\/xedop.com\/en\/wp-json\/wp\/v2\/product\/4979\/revisions"}],"predecessor-version":[{"id":4994,"href":"https:\/\/xedop.com\/en\/wp-json\/wp\/v2\/product\/4979\/revisions\/4994"}],"wp:featuredmedia":[{"embeddable":true,"href":"https:\/\/xedop.com\/en\/wp-json\/wp\/v2\/media\/4992"}],"wp:attachment":[{"href":"https:\/\/xedop.com\/en\/wp-json\/wp\/v2\/media?parent=4979"}],"wp:term":[{"taxonomy":"product_cat","embeddable":true,"href":"https:\/\/xedop.com\/en\/wp-json\/wp\/v2\/product_cat?post=4979"},{"taxonomy":"product_tag","embeddable":true,"href":"https:\/\/xedop.com\/en\/wp-json\/wp\/v2\/product_tag?post=4979"}],"curies":[{"name":"wp","href":"https:\/\/api.w.org\/{rel}","templated":true}]}}