{"id":4999,"date":"2025-06-09T10:00:33","date_gmt":"2025-06-09T03:00:33","guid":{"rendered":"https:\/\/xedop.com\/?post_type=product&#038;p=4999"},"modified":"2025-09-14T10:24:44","modified_gmt":"2025-09-14T03:24:44","slug":"groupset-shimano-105-r7000-khong-phanh-dui-52-36t-170mm-lip-11-25t-co-bb","status":"publish","type":"product","link":"https:\/\/xedop.com\/en\/san-pham\/groupset-shimano-105-r7000-khong-phanh-dui-52-36t-170mm-lip-11-25t-co-bb\/","title":{"rendered":"Groupset Shimano 105 R7000 kh\u00f4ng phanh, \u0111\u00f9i 52\/36T 170mm, l\u00edp 11\/25T c\u00f3 BB"},"content":{"rendered":"<p>Groupset Shimano 105 R7000<\/p>\n<p>Th\u01b0\u01a1ng hi\u1ec7u: Shimano<\/p>\n<p>H\u1ec7 th\u1ed1ng truy\u1ec1n \u0111\u1ed9ng d\u00f9ng cho xe \u0111\u1ea1p \u0111ua \u0111\u01b0\u1eddng tr\u01b0\u1eddng<\/p>\n<p>B\u1ed9 s\u1ea3n ph\u1ea9m kh\u00f4ng g\u1ed3m h\u1ec7 th\u1ed1ng phanh<\/p>\n<p>\u0110\u00f9i \u0111\u0129a 52\/36T 170mm c\u00f3 k\u00e8m BB<\/p>\n<p>L\u00edp 11\/25T<\/p>\n<p>&nbsp;<\/p>\n","protected":false},"excerpt":{"rendered":"<p>Groupset Shimano 105 R7000 Th\u01b0\u01a1ng hi\u1ec7u: Shimano H\u1ec7 th\u1ed1ng truy\u1ec1n \u0111\u1ed9ng d\u00f9ng cho xe \u0111\u1ea1p \u0111ua \u0111\u01b0\u1eddng tr\u01b0\u1eddng B\u1ed9 s\u1ea3n ph\u1ea9m kh\u00f4ng g\u1ed3m h\u1ec7 th\u1ed1ng phanh<span class=\"excerpt-hellip\"> [\u2026]<\/span><\/p>\n","protected":false},"featured_media":5000,"comment_status":"closed","ping_status":"closed","template":"","meta":[],"product_cat":[94],"product_tag":[],"class_list":["post-4999","product","type-product","status-publish","has-post-thumbnail","hentry","product_cat-he-thong-truyen-dong-tay-de-dui-dia-gat-de"],"_links":{"self":[{"href":"https:\/\/xedop.com\/en\/wp-json\/wp\/v2\/product\/4999","targetHints":{"allow":["GET"]}}],"collection":[{"href":"https:\/\/xedop.com\/en\/wp-json\/wp\/v2\/product"}],"about":[{"href":"https:\/\/xedop.com\/en\/wp-json\/wp\/v2\/types\/product"}],"replies":[{"embeddable":true,"href":"https:\/\/xedop.com\/en\/wp-json\/wp\/v2\/comments?post=4999"}],"version-history":[{"count":4,"href":"https:\/\/xedop.com\/en\/wp-json\/wp\/v2\/product\/4999\/revisions"}],"predecessor-version":[{"id":11021,"href":"https:\/\/xedop.com\/en\/wp-json\/wp\/v2\/product\/4999\/revisions\/11021"}],"wp:featuredmedia":[{"embeddable":true,"href":"https:\/\/xedop.com\/en\/wp-json\/wp\/v2\/media\/5000"}],"wp:attachment":[{"href":"https:\/\/xedop.com\/en\/wp-json\/wp\/v2\/media?parent=4999"}],"wp:term":[{"taxonomy":"product_cat","embeddable":true,"href":"https:\/\/xedop.com\/en\/wp-json\/wp\/v2\/product_cat?post=4999"},{"taxonomy":"product_tag","embeddable":true,"href":"https:\/\/xedop.com\/en\/wp-json\/wp\/v2\/product_tag?post=4999"}],"curies":[{"name":"wp","href":"https:\/\/api.w.org\/{rel}","templated":true}]}}