{"id":5011,"date":"2025-06-09T10:34:03","date_gmt":"2025-06-09T03:34:03","guid":{"rendered":"https:\/\/xedop.com\/?post_type=product&#038;p=5011"},"modified":"2025-09-13T15:24:48","modified_gmt":"2025-09-13T08:24:48","slug":"gat-de-sau-shimano-deore-m6000-10spd","status":"publish","type":"product","link":"https:\/\/xedop.com\/en\/san-pham\/gat-de-sau-shimano-deore-m6000-10spd\/","title":{"rendered":"G\u1ea1t \u0111\u1ec1 sau Shimano Deore M6000 10spd"},"content":{"rendered":"<p>L\u1ee2I \u00cdCH<br \/>\n&#8211; H\u1ec7 th\u1ed1ng truy\u1ec1n \u0111\u1ed9ng m\u1ea1nh m\u1ebd cho kh\u1ea3 n\u0103ng di chuy\u1ec3n m\u1ea1nh m\u1ebd tr\u00ean \u0111\u01b0\u1eddng m\u00f2n.<br \/>\n&#8211; Y\u00ean t\u0129nh v\u00e0 \u1ed5n \u0111\u1ecbnh khi l\u00e1i xe<br \/>\n&#8211; Chuy\u1ec3n s\u1ed1 m\u01b0\u1ee3t m\u00e0 v\u00e0 ch\u00ednh x\u00e1c<\/p>\n<p>T\u00cdNH N\u0102NG<br \/>\n&#8211; S\u1ef1 k\u1ebft h\u1ee3p b\u00e1nh r\u0103ng v\u00e0 t\u1ef7 s\u1ed1 truy\u1ec1n \u0111\u01b0\u1ee3c t\u1ed1i \u01b0u h\u00f3a cho vi\u1ec7c \u0111i \u0111\u01b0\u1eddng m\u00f2n b\u1eb1ng h\u1ec7 th\u1ed1ng tr\u01b0\u1edbc v\u00e0 sau<br \/>\n&#8211; T\u01b0\u01a1ng th\u00edch l\u00edp ph\u1ea1m vi r\u1ed9ng<br \/>\n&#8211; C\u1ea3i thi\u1ec7n \u0111\u1ed9 \u1ed5n \u0111\u1ecbnh v\u00e0 kh\u1ea3 n\u0103ng gi\u1eef x\u00edch trong th\u1eddi gian d\u00e0i<\/p>\n<p>C\u00d4NG NGH\u1ec6<br \/>\nH\u1ec7 th\u1ed1ng m\u1ea1nh m\u1ebd t\u01b0\u01a1ng th\u00edch v\u1edbi DYNA-SYS<\/p>\n","protected":false},"excerpt":{"rendered":"<p>L\u1ee2I \u00cdCH &#8211; H\u1ec7 th\u1ed1ng truy\u1ec1n \u0111\u1ed9ng m\u1ea1nh m\u1ebd cho kh\u1ea3 n\u0103ng di chuy\u1ec3n m\u1ea1nh m\u1ebd tr\u00ean \u0111\u01b0\u1eddng m\u00f2n. &#8211; Y\u00ean t\u0129nh v\u00e0 \u1ed5n \u0111\u1ecbnh khi<span class=\"excerpt-hellip\"> [\u2026]<\/span><\/p>\n","protected":false},"featured_media":5012,"comment_status":"closed","ping_status":"closed","template":"","meta":[],"product_cat":[94],"product_tag":[],"class_list":["post-5011","product","type-product","status-publish","has-post-thumbnail","hentry","product_cat-he-thong-truyen-dong-tay-de-dui-dia-gat-de"],"_links":{"self":[{"href":"https:\/\/xedop.com\/en\/wp-json\/wp\/v2\/product\/5011","targetHints":{"allow":["GET"]}}],"collection":[{"href":"https:\/\/xedop.com\/en\/wp-json\/wp\/v2\/product"}],"about":[{"href":"https:\/\/xedop.com\/en\/wp-json\/wp\/v2\/types\/product"}],"replies":[{"embeddable":true,"href":"https:\/\/xedop.com\/en\/wp-json\/wp\/v2\/comments?post=5011"}],"version-history":[{"count":2,"href":"https:\/\/xedop.com\/en\/wp-json\/wp\/v2\/product\/5011\/revisions"}],"predecessor-version":[{"id":10997,"href":"https:\/\/xedop.com\/en\/wp-json\/wp\/v2\/product\/5011\/revisions\/10997"}],"wp:featuredmedia":[{"embeddable":true,"href":"https:\/\/xedop.com\/en\/wp-json\/wp\/v2\/media\/5012"}],"wp:attachment":[{"href":"https:\/\/xedop.com\/en\/wp-json\/wp\/v2\/media?parent=5011"}],"wp:term":[{"taxonomy":"product_cat","embeddable":true,"href":"https:\/\/xedop.com\/en\/wp-json\/wp\/v2\/product_cat?post=5011"},{"taxonomy":"product_tag","embeddable":true,"href":"https:\/\/xedop.com\/en\/wp-json\/wp\/v2\/product_tag?post=5011"}],"curies":[{"name":"wp","href":"https:\/\/api.w.org\/{rel}","templated":true}]}}