{"id":5031,"date":"2025-06-09T10:41:24","date_gmt":"2025-06-09T03:41:24","guid":{"rendered":"https:\/\/xedop.com\/?post_type=product&#038;p=5031"},"modified":"2025-06-09T10:41:24","modified_gmt":"2025-06-09T03:41:24","slug":"truc-giua-rong-promend","status":"publish","type":"product","link":"https:\/\/xedop.com\/en\/san-pham\/truc-giua-rong-promend\/","title":{"rendered":"Tr\u1ee5c gi\u1eefa r\u1ed7ng Promend"},"content":{"rendered":"<p>Tr\u1ee5c gi\u1eefa r\u1ed7ng Promend<\/p>\n<p>&#8211; M86: d\u00f9ng cho d\u00f2ng xe MTB, tr\u1ee5c c\u00f3 ren<\/p>\n<p>&#8211; M92-PF: d\u00f9ng cho d\u00f2ng xe MTB, tr\u1ee5c kh\u00f4ng c\u00f3 ren<\/p>\n<p>&#8211; R68: d\u00f9ng cho d\u00f2ng xe road, tr\u1ee5c c\u00f3 ren<\/p>\n<p>&#8211; R86-PF: d\u00f9ng cho d\u00f2ng xe road, tr\u1ee5c kh\u00f4ng c\u00f3 ren<\/p>\n","protected":false},"excerpt":{"rendered":"<p>Tr\u1ee5c gi\u1eefa r\u1ed7ng Promend &#8211; M86: d\u00f9ng cho d\u00f2ng xe MTB, tr\u1ee5c c\u00f3 ren &#8211; M92-PF: d\u00f9ng cho d\u00f2ng xe MTB, tr\u1ee5c kh\u00f4ng c\u00f3 ren &#8211;<span class=\"excerpt-hellip\"> [\u2026]<\/span><\/p>\n","protected":false},"featured_media":5032,"comment_status":"closed","ping_status":"closed","template":"","meta":[],"product_cat":[94],"product_tag":[],"class_list":["post-5031","product","type-product","status-publish","has-post-thumbnail","hentry","product_cat-he-thong-truyen-dong-tay-de-dui-dia-gat-de"],"_links":{"self":[{"href":"https:\/\/xedop.com\/en\/wp-json\/wp\/v2\/product\/5031","targetHints":{"allow":["GET"]}}],"collection":[{"href":"https:\/\/xedop.com\/en\/wp-json\/wp\/v2\/product"}],"about":[{"href":"https:\/\/xedop.com\/en\/wp-json\/wp\/v2\/types\/product"}],"replies":[{"embeddable":true,"href":"https:\/\/xedop.com\/en\/wp-json\/wp\/v2\/comments?post=5031"}],"version-history":[{"count":1,"href":"https:\/\/xedop.com\/en\/wp-json\/wp\/v2\/product\/5031\/revisions"}],"predecessor-version":[{"id":5034,"href":"https:\/\/xedop.com\/en\/wp-json\/wp\/v2\/product\/5031\/revisions\/5034"}],"wp:featuredmedia":[{"embeddable":true,"href":"https:\/\/xedop.com\/en\/wp-json\/wp\/v2\/media\/5032"}],"wp:attachment":[{"href":"https:\/\/xedop.com\/en\/wp-json\/wp\/v2\/media?parent=5031"}],"wp:term":[{"taxonomy":"product_cat","embeddable":true,"href":"https:\/\/xedop.com\/en\/wp-json\/wp\/v2\/product_cat?post=5031"},{"taxonomy":"product_tag","embeddable":true,"href":"https:\/\/xedop.com\/en\/wp-json\/wp\/v2\/product_tag?post=5031"}],"curies":[{"name":"wp","href":"https:\/\/api.w.org\/{rel}","templated":true}]}}