{"id":5039,"date":"2025-06-09T10:43:37","date_gmt":"2025-06-09T03:43:37","guid":{"rendered":"https:\/\/xedop.com\/?post_type=product&#038;p=5039"},"modified":"2025-06-09T10:43:37","modified_gmt":"2025-06-09T03:43:37","slug":"dui-dia-truc-rong-prowheel-mpl-651","status":"publish","type":"product","link":"https:\/\/xedop.com\/en\/san-pham\/dui-dia-truc-rong-prowheel-mpl-651\/","title":{"rendered":"\u0110\u00f9i \u0111\u0129a tr\u1ee5c r\u1ed7ng Prowheel MPL-651"},"content":{"rendered":"<p>\u0110\u00f9i \u0111\u0129a Prowheel MPL-651<\/p>\n<p>V\u1eadt li\u1ec7u c\u1ea5u t\u1ea1o: \u0110\u00f9i h\u1ee3p kim nh\u00f4m + \u0111\u0129a th\u00e9p<\/p>\n<p>Chi\u1ec1u d\u00e0i \u0111\u00f9i 170mm<\/p>\n<p>T\u01b0\u01a1ng th\u00edch 10 t\u1ed1c \u0111\u1ed9 theo ti\u00eau chu\u1ea9n (c\u00f3 th\u1ec3 t\u01b0\u01a1ng th\u00edch 9,\u00a011 t\u1ed1c \u0111\u1ed9)<\/p>\n<p>G\u1ed3m 3 \u0111\u0129a 24\/32\/42T<\/p>\n","protected":false},"excerpt":{"rendered":"<p>\u0110\u00f9i \u0111\u0129a Prowheel MPL-651 V\u1eadt li\u1ec7u c\u1ea5u t\u1ea1o: \u0110\u00f9i h\u1ee3p kim nh\u00f4m + \u0111\u0129a th\u00e9p Chi\u1ec1u d\u00e0i \u0111\u00f9i 170mm T\u01b0\u01a1ng th\u00edch 10 t\u1ed1c \u0111\u1ed9 theo ti\u00eau<span class=\"excerpt-hellip\"> [\u2026]<\/span><\/p>\n","protected":false},"featured_media":5040,"comment_status":"closed","ping_status":"closed","template":"","meta":[],"product_cat":[94],"product_tag":[],"class_list":["post-5039","product","type-product","status-publish","has-post-thumbnail","hentry","product_cat-he-thong-truyen-dong-tay-de-dui-dia-gat-de"],"_links":{"self":[{"href":"https:\/\/xedop.com\/en\/wp-json\/wp\/v2\/product\/5039","targetHints":{"allow":["GET"]}}],"collection":[{"href":"https:\/\/xedop.com\/en\/wp-json\/wp\/v2\/product"}],"about":[{"href":"https:\/\/xedop.com\/en\/wp-json\/wp\/v2\/types\/product"}],"replies":[{"embeddable":true,"href":"https:\/\/xedop.com\/en\/wp-json\/wp\/v2\/comments?post=5039"}],"version-history":[{"count":1,"href":"https:\/\/xedop.com\/en\/wp-json\/wp\/v2\/product\/5039\/revisions"}],"predecessor-version":[{"id":5046,"href":"https:\/\/xedop.com\/en\/wp-json\/wp\/v2\/product\/5039\/revisions\/5046"}],"wp:featuredmedia":[{"embeddable":true,"href":"https:\/\/xedop.com\/en\/wp-json\/wp\/v2\/media\/5040"}],"wp:attachment":[{"href":"https:\/\/xedop.com\/en\/wp-json\/wp\/v2\/media?parent=5039"}],"wp:term":[{"taxonomy":"product_cat","embeddable":true,"href":"https:\/\/xedop.com\/en\/wp-json\/wp\/v2\/product_cat?post=5039"},{"taxonomy":"product_tag","embeddable":true,"href":"https:\/\/xedop.com\/en\/wp-json\/wp\/v2\/product_tag?post=5039"}],"curies":[{"name":"wp","href":"https:\/\/api.w.org\/{rel}","templated":true}]}}