{"id":5047,"date":"2025-06-09T10:44:59","date_gmt":"2025-06-09T03:44:59","guid":{"rendered":"https:\/\/xedop.com\/?post_type=product&#038;p=5047"},"modified":"2025-10-13T10:05:10","modified_gmt":"2025-10-13T03:05:10","slug":"dui-dia-shimano-mt210-22-36t-khong-kem-truc-rong","status":"publish","type":"product","link":"https:\/\/xedop.com\/en\/san-pham\/dui-dia-shimano-mt210-22-36t-khong-kem-truc-rong\/","title":{"rendered":"\u0110\u00f9i \u0111\u0129a Shimano MT210 22\/36T (kh\u00f4ng k\u00e8m tr\u1ee5c r\u1ed7ng)"},"content":{"rendered":"<p>Th\u01b0\u01a1ng hi\u1ec7u: Shimano<\/p>\n<p>M\u00e3 s\u1ea3n ph\u1ea9m: MT210<\/p>\n<p>\u0110\u00f9i \u0111\u0129a xe \u0111\u1ea1p \u0111\u1ecba h\u00ecnh, xe \u0111\u1ea1p leo n\u00fai, MTB<\/p>\n<p>S\u1ed1 t\u1ea7ng \u0111\u0129a: 2 t\u1ea7ng 22\/36T<\/p>\n","protected":false},"excerpt":{"rendered":"<p>Th\u01b0\u01a1ng hi\u1ec7u: Shimano M\u00e3 s\u1ea3n ph\u1ea9m: MT210 \u0110\u00f9i \u0111\u0129a xe \u0111\u1ea1p \u0111\u1ecba h\u00ecnh, xe \u0111\u1ea1p leo n\u00fai, MTB S\u1ed1 t\u1ea7ng \u0111\u0129a: 2 t\u1ea7ng 22\/36T<\/p>\n","protected":false},"featured_media":10185,"comment_status":"closed","ping_status":"closed","template":"","meta":[],"product_cat":[94],"product_tag":[],"class_list":["post-5047","product","type-product","status-publish","has-post-thumbnail","hentry","product_cat-he-thong-truyen-dong-tay-de-dui-dia-gat-de"],"_links":{"self":[{"href":"https:\/\/xedop.com\/en\/wp-json\/wp\/v2\/product\/5047","targetHints":{"allow":["GET"]}}],"collection":[{"href":"https:\/\/xedop.com\/en\/wp-json\/wp\/v2\/product"}],"about":[{"href":"https:\/\/xedop.com\/en\/wp-json\/wp\/v2\/types\/product"}],"replies":[{"embeddable":true,"href":"https:\/\/xedop.com\/en\/wp-json\/wp\/v2\/comments?post=5047"}],"version-history":[{"count":3,"href":"https:\/\/xedop.com\/en\/wp-json\/wp\/v2\/product\/5047\/revisions"}],"predecessor-version":[{"id":10187,"href":"https:\/\/xedop.com\/en\/wp-json\/wp\/v2\/product\/5047\/revisions\/10187"}],"wp:featuredmedia":[{"embeddable":true,"href":"https:\/\/xedop.com\/en\/wp-json\/wp\/v2\/media\/10185"}],"wp:attachment":[{"href":"https:\/\/xedop.com\/en\/wp-json\/wp\/v2\/media?parent=5047"}],"wp:term":[{"taxonomy":"product_cat","embeddable":true,"href":"https:\/\/xedop.com\/en\/wp-json\/wp\/v2\/product_cat?post=5047"},{"taxonomy":"product_tag","embeddable":true,"href":"https:\/\/xedop.com\/en\/wp-json\/wp\/v2\/product_tag?post=5047"}],"curies":[{"name":"wp","href":"https:\/\/api.w.org\/{rel}","templated":true}]}}