{"id":5051,"date":"2025-06-09T10:46:11","date_gmt":"2025-06-09T03:46:11","guid":{"rendered":"https:\/\/xedop.com\/?post_type=product&#038;p=5051"},"modified":"2025-06-09T11:24:52","modified_gmt":"2025-06-09T04:24:52","slug":"dui-dia-prowheel-3-tang-24-34-42t-170mm","status":"publish","type":"product","link":"https:\/\/xedop.com\/en\/san-pham\/dui-dia-prowheel-3-tang-24-34-42t-170mm\/","title":{"rendered":"\u0110\u00f9i \u0111\u0129a Prowheel 3 t\u1ea7ng 24-34-42T 170mm"},"content":{"rendered":"","protected":false},"excerpt":{"rendered":"","protected":false},"featured_media":5052,"comment_status":"closed","ping_status":"closed","template":"","meta":[],"product_cat":[94],"product_tag":[],"class_list":["post-5051","product","type-product","status-publish","has-post-thumbnail","hentry","product_cat-he-thong-truyen-dong-tay-de-dui-dia-gat-de"],"_links":{"self":[{"href":"https:\/\/xedop.com\/en\/wp-json\/wp\/v2\/product\/5051","targetHints":{"allow":["GET"]}}],"collection":[{"href":"https:\/\/xedop.com\/en\/wp-json\/wp\/v2\/product"}],"about":[{"href":"https:\/\/xedop.com\/en\/wp-json\/wp\/v2\/types\/product"}],"replies":[{"embeddable":true,"href":"https:\/\/xedop.com\/en\/wp-json\/wp\/v2\/comments?post=5051"}],"version-history":[{"count":1,"href":"https:\/\/xedop.com\/en\/wp-json\/wp\/v2\/product\/5051\/revisions"}],"predecessor-version":[{"id":5054,"href":"https:\/\/xedop.com\/en\/wp-json\/wp\/v2\/product\/5051\/revisions\/5054"}],"wp:featuredmedia":[{"embeddable":true,"href":"https:\/\/xedop.com\/en\/wp-json\/wp\/v2\/media\/5052"}],"wp:attachment":[{"href":"https:\/\/xedop.com\/en\/wp-json\/wp\/v2\/media?parent=5051"}],"wp:term":[{"taxonomy":"product_cat","embeddable":true,"href":"https:\/\/xedop.com\/en\/wp-json\/wp\/v2\/product_cat?post=5051"},{"taxonomy":"product_tag","embeddable":true,"href":"https:\/\/xedop.com\/en\/wp-json\/wp\/v2\/product_tag?post=5051"}],"curies":[{"name":"wp","href":"https:\/\/api.w.org\/{rel}","templated":true}]}}