{"id":5055,"date":"2025-06-09T10:47:11","date_gmt":"2025-06-09T03:47:11","guid":{"rendered":"https:\/\/xedop.com\/?post_type=product&#038;p=5055"},"modified":"2025-06-17T10:57:29","modified_gmt":"2025-06-17T03:57:29","slug":"dui-dia-cot-vuong-shimano-tx801-22-32-42","status":"publish","type":"product","link":"https:\/\/xedop.com\/en\/san-pham\/dui-dia-cot-vuong-shimano-tx801-22-32-42\/","title":{"rendered":"\u0110\u00f9i \u0111\u0129a c\u1ed1t vu\u00f4ng Shimano TX801 22-32-42"},"content":{"rendered":"","protected":false},"excerpt":{"rendered":"","protected":false},"featured_media":5056,"comment_status":"closed","ping_status":"closed","template":"","meta":[],"product_cat":[94],"product_tag":[],"class_list":["post-5055","product","type-product","status-publish","has-post-thumbnail","hentry","product_cat-he-thong-truyen-dong-tay-de-dui-dia-gat-de"],"_links":{"self":[{"href":"https:\/\/xedop.com\/en\/wp-json\/wp\/v2\/product\/5055","targetHints":{"allow":["GET"]}}],"collection":[{"href":"https:\/\/xedop.com\/en\/wp-json\/wp\/v2\/product"}],"about":[{"href":"https:\/\/xedop.com\/en\/wp-json\/wp\/v2\/types\/product"}],"replies":[{"embeddable":true,"href":"https:\/\/xedop.com\/en\/wp-json\/wp\/v2\/comments?post=5055"}],"version-history":[{"count":1,"href":"https:\/\/xedop.com\/en\/wp-json\/wp\/v2\/product\/5055\/revisions"}],"predecessor-version":[{"id":5058,"href":"https:\/\/xedop.com\/en\/wp-json\/wp\/v2\/product\/5055\/revisions\/5058"}],"wp:featuredmedia":[{"embeddable":true,"href":"https:\/\/xedop.com\/en\/wp-json\/wp\/v2\/media\/5056"}],"wp:attachment":[{"href":"https:\/\/xedop.com\/en\/wp-json\/wp\/v2\/media?parent=5055"}],"wp:term":[{"taxonomy":"product_cat","embeddable":true,"href":"https:\/\/xedop.com\/en\/wp-json\/wp\/v2\/product_cat?post=5055"},{"taxonomy":"product_tag","embeddable":true,"href":"https:\/\/xedop.com\/en\/wp-json\/wp\/v2\/product_tag?post=5055"}],"curies":[{"name":"wp","href":"https:\/\/api.w.org\/{rel}","templated":true}]}}