{"id":5059,"date":"2025-06-09T10:49:08","date_gmt":"2025-06-09T03:49:08","guid":{"rendered":"https:\/\/xedop.com\/?post_type=product&#038;p=5059"},"modified":"2026-03-30T20:25:12","modified_gmt":"2026-03-30T13:25:12","slug":"lip-7s-shimano-tz500-7","status":"publish","type":"product","link":"https:\/\/xedop.com\/en\/san-pham\/lip-7s-shimano-tz500-7\/","title":{"rendered":"L\u00edp xe \u0111\u1ea1p 7s Shimano TZ500-7"},"content":{"rendered":"<p>D\u00f2ng l\u00edp ph\u1ed5 th\u00f4ng 7 speed c\u1ee7a Shimano<\/p>\n<p>*\u0110\u1eb7c \u0111i\u1ec3m:<\/p>\n<p>&#8211; L\u00e0 d\u00f2ng l\u00edp v\u1eb7n ren, d\u1ec5 th\u00e1o l\u1eafp<\/p>\n<p>&#8211; Gi\u00e1 th\u00e0nh r\u1ebb, l\u00edp ph\u1ed5 th\u00f4ng<\/p>\n<p>&#8211; C\u00f4ng n\u0103ng s\u1eed d\u1ee5ng \u1ed5n \u0111\u1ecbnh<\/p>\n","protected":false},"excerpt":{"rendered":"<p>D\u00f2ng l\u00edp ph\u1ed5 th\u00f4ng 7 speed c\u1ee7a Shimano *\u0110\u1eb7c \u0111i\u1ec3m: &#8211; L\u00e0 d\u00f2ng l\u00edp v\u1eb7n ren, d\u1ec5 th\u00e1o l\u1eafp &#8211; Gi\u00e1 th\u00e0nh r\u1ebb, l\u00edp ph\u1ed5 th\u00f4ng<span class=\"excerpt-hellip\"> [\u2026]<\/span><\/p>\n","protected":false},"featured_media":5062,"comment_status":"closed","ping_status":"closed","template":"","meta":[],"product_cat":[112],"product_tag":[],"class_list":["post-5059","product","type-product","status-publish","has-post-thumbnail","hentry","product_cat-lip"],"_links":{"self":[{"href":"https:\/\/xedop.com\/en\/wp-json\/wp\/v2\/product\/5059","targetHints":{"allow":["GET"]}}],"collection":[{"href":"https:\/\/xedop.com\/en\/wp-json\/wp\/v2\/product"}],"about":[{"href":"https:\/\/xedop.com\/en\/wp-json\/wp\/v2\/types\/product"}],"replies":[{"embeddable":true,"href":"https:\/\/xedop.com\/en\/wp-json\/wp\/v2\/comments?post=5059"}],"version-history":[{"count":2,"href":"https:\/\/xedop.com\/en\/wp-json\/wp\/v2\/product\/5059\/revisions"}],"predecessor-version":[{"id":12037,"href":"https:\/\/xedop.com\/en\/wp-json\/wp\/v2\/product\/5059\/revisions\/12037"}],"wp:featuredmedia":[{"embeddable":true,"href":"https:\/\/xedop.com\/en\/wp-json\/wp\/v2\/media\/5062"}],"wp:attachment":[{"href":"https:\/\/xedop.com\/en\/wp-json\/wp\/v2\/media?parent=5059"}],"wp:term":[{"taxonomy":"product_cat","embeddable":true,"href":"https:\/\/xedop.com\/en\/wp-json\/wp\/v2\/product_cat?post=5059"},{"taxonomy":"product_tag","embeddable":true,"href":"https:\/\/xedop.com\/en\/wp-json\/wp\/v2\/product_tag?post=5059"}],"curies":[{"name":"wp","href":"https:\/\/api.w.org\/{rel}","templated":true}]}}