{"id":5167,"date":"2025-06-09T13:39:42","date_gmt":"2025-06-09T06:39:42","guid":{"rendered":"https:\/\/xedop.com\/?post_type=product&#038;p=5167"},"modified":"2026-04-08T10:05:52","modified_gmt":"2026-04-08T03:05:52","slug":"xich-xe-dap-the-thao-kmc-x9","status":"publish","type":"product","link":"https:\/\/xedop.com\/en\/san-pham\/xich-xe-dap-the-thao-kmc-x9\/","title":{"rendered":"X\u00edch xe \u0111\u1ea1p th\u1ec3 thao KMC X9"},"content":{"rendered":"<p>X\u00edch KMC<\/p>\n<p>D\u00f2ng X &#8211; 9 t\u1ed1c \u0111\u1ed9<\/p>\n<p>M\u1ed9t chu\u1ed7i cho t\u1ea5t c\u1ea3<\/p>\n<p>Kh\u1ea3 n\u0103ng t\u01b0\u01a1ng th\u00edch 100% tr\u00ean t\u1ea5t c\u1ea3 c\u00e1c h\u1ec7 th\u1ed1ng Derailleur h\u00e0ng \u0111\u1ea7u<\/p>\n<p>\u0110\u00e3 th\u00eam V\u00e1t \u0111\u1ec3 v\u1eadn h\u00e0nh tr\u01a1n tru<\/p>\n<p>\u0110\u1ed9 ch\u00ednh x\u00e1c ho\u00e0n h\u1ea3o<\/p>\n<p>Kh\u00f3a m\u1eaft, th\u00e1o l\u1eafp nhanh<\/p>\n<h2><span>K\u00edch th\u01b0\u1edbc<\/span><\/h2>\n<p><span>1\/2 &#8220;x11 \/ 128&#8221; |\u00a0Kh\u1ea3 n\u0103ng t\u01b0\u01a1ng th\u00edch: SHIMANO, SRAM v\u00e0 t\u1ea5t c\u1ea3 c\u00e1c h\u1ec7 d\u1eabn \u0111\u1ed9ng 9 t\u1ed1c \u0111\u1ed9 kh\u00e1c |\u00a01&#215;9, 2&#215;9, 3&#215;9<\/span><\/p>\n","protected":false},"excerpt":{"rendered":"<p>X\u00edch KMC D\u00f2ng X &#8211; 9 t\u1ed1c \u0111\u1ed9 M\u1ed9t chu\u1ed7i cho t\u1ea5t c\u1ea3 Kh\u1ea3 n\u0103ng t\u01b0\u01a1ng th\u00edch 100% tr\u00ean t\u1ea5t c\u1ea3 c\u00e1c h\u1ec7 th\u1ed1ng Derailleur h\u00e0ng<span class=\"excerpt-hellip\"> [\u2026]<\/span><\/p>\n","protected":false},"featured_media":5168,"comment_status":"closed","ping_status":"closed","template":"","meta":[],"product_cat":[113],"product_tag":[],"class_list":["post-5167","product","type-product","status-publish","has-post-thumbnail","hentry","product_cat-xich"],"_links":{"self":[{"href":"https:\/\/xedop.com\/en\/wp-json\/wp\/v2\/product\/5167","targetHints":{"allow":["GET"]}}],"collection":[{"href":"https:\/\/xedop.com\/en\/wp-json\/wp\/v2\/product"}],"about":[{"href":"https:\/\/xedop.com\/en\/wp-json\/wp\/v2\/types\/product"}],"replies":[{"embeddable":true,"href":"https:\/\/xedop.com\/en\/wp-json\/wp\/v2\/comments?post=5167"}],"version-history":[{"count":2,"href":"https:\/\/xedop.com\/en\/wp-json\/wp\/v2\/product\/5167\/revisions"}],"predecessor-version":[{"id":12206,"href":"https:\/\/xedop.com\/en\/wp-json\/wp\/v2\/product\/5167\/revisions\/12206"}],"wp:featuredmedia":[{"embeddable":true,"href":"https:\/\/xedop.com\/en\/wp-json\/wp\/v2\/media\/5168"}],"wp:attachment":[{"href":"https:\/\/xedop.com\/en\/wp-json\/wp\/v2\/media?parent=5167"}],"wp:term":[{"taxonomy":"product_cat","embeddable":true,"href":"https:\/\/xedop.com\/en\/wp-json\/wp\/v2\/product_cat?post=5167"},{"taxonomy":"product_tag","embeddable":true,"href":"https:\/\/xedop.com\/en\/wp-json\/wp\/v2\/product_tag?post=5167"}],"curies":[{"name":"wp","href":"https:\/\/api.w.org\/{rel}","templated":true}]}}