{"id":5305,"date":"2025-06-09T14:26:06","date_gmt":"2025-06-09T07:26:06","guid":{"rendered":"https:\/\/xedop.com\/?post_type=product&#038;p=5305"},"modified":"2025-06-09T14:26:06","modified_gmt":"2025-06-09T07:26:06","slug":"phuoc-xe-dap-banh-26-phanh-dia","status":"publish","type":"product","link":"https:\/\/xedop.com\/en\/san-pham\/phuoc-xe-dap-banh-26-phanh-dia\/","title":{"rendered":"Phu\u1ed9c xe \u0111\u1ea1p b\u00e1nh 26&#8243; phanh \u0111\u0129a"},"content":{"rendered":"<p>Phu\u1ed9c d\u00e0nh cho xe \u0111\u1ea1p MTB<\/p>\n<p>B\u00ean vai tr\u00e1i c\u00f3 n\u00fam \u0111i\u1ec1u ch\u1ec9nh \u0111\u1ed9 \u0111\u00e0n h\u1ed3i ph\u00f9 h\u1ee3p v\u1edbi c\u00e1c \u0111\u1ecba h\u00ecnh off-road kh\u00e1ch nhau<\/p>\n<p>Th\u00edch h\u1ee3p cho xe \u0111\u1ea1p s\u1eed d\u1ee5ng phanh \u0111\u0129a<\/p>\n<p>\u0110\u01b0\u1eddng k\u00ednh \u1ed1ng \u0111\u1ee9ng 28,6mm<\/p>\n<p>H\u00e0nh tr\u00ecnh gi\u1ea3m x\u00f3c 100mm<\/p>\n","protected":false},"excerpt":{"rendered":"<p>Phu\u1ed9c d\u00e0nh cho xe \u0111\u1ea1p MTB B\u00ean vai tr\u00e1i c\u00f3 n\u00fam \u0111i\u1ec1u ch\u1ec9nh \u0111\u1ed9 \u0111\u00e0n h\u1ed3i ph\u00f9 h\u1ee3p v\u1edbi c\u00e1c \u0111\u1ecba h\u00ecnh off-road kh\u00e1ch nhau Th\u00edch<span class=\"excerpt-hellip\"> [\u2026]<\/span><\/p>\n","protected":false},"featured_media":5306,"comment_status":"closed","ping_status":"closed","template":"","meta":[],"product_cat":[97],"product_tag":[],"class_list":["post-5305","product","type-product","status-publish","has-post-thumbnail","hentry","product_cat-ghi-dong-stem-potan-phuoc-phu-tung-khac"],"_links":{"self":[{"href":"https:\/\/xedop.com\/en\/wp-json\/wp\/v2\/product\/5305","targetHints":{"allow":["GET"]}}],"collection":[{"href":"https:\/\/xedop.com\/en\/wp-json\/wp\/v2\/product"}],"about":[{"href":"https:\/\/xedop.com\/en\/wp-json\/wp\/v2\/types\/product"}],"replies":[{"embeddable":true,"href":"https:\/\/xedop.com\/en\/wp-json\/wp\/v2\/comments?post=5305"}],"version-history":[{"count":1,"href":"https:\/\/xedop.com\/en\/wp-json\/wp\/v2\/product\/5305\/revisions"}],"predecessor-version":[{"id":5308,"href":"https:\/\/xedop.com\/en\/wp-json\/wp\/v2\/product\/5305\/revisions\/5308"}],"wp:featuredmedia":[{"embeddable":true,"href":"https:\/\/xedop.com\/en\/wp-json\/wp\/v2\/media\/5306"}],"wp:attachment":[{"href":"https:\/\/xedop.com\/en\/wp-json\/wp\/v2\/media?parent=5305"}],"wp:term":[{"taxonomy":"product_cat","embeddable":true,"href":"https:\/\/xedop.com\/en\/wp-json\/wp\/v2\/product_cat?post=5305"},{"taxonomy":"product_tag","embeddable":true,"href":"https:\/\/xedop.com\/en\/wp-json\/wp\/v2\/product_tag?post=5305"}],"curies":[{"name":"wp","href":"https:\/\/api.w.org\/{rel}","templated":true}]}}