{"id":5321,"date":"2025-06-09T14:31:19","date_gmt":"2025-06-09T07:31:19","guid":{"rendered":"https:\/\/xedop.com\/?post_type=product&#038;p=5321"},"modified":"2025-06-09T14:31:20","modified_gmt":"2025-06-09T07:31:20","slug":"bang-keo-dan-vanh-tubeless-muc-off-rimtape","status":"publish","type":"product","link":"https:\/\/xedop.com\/en\/san-pham\/bang-keo-dan-vanh-tubeless-muc-off-rimtape\/","title":{"rendered":"B\u0103ng keo d\u00e1n v\u00e0nh TUBELESS MUC OFF RimTape"},"content":{"rendered":"<div><strong>* T\u00cdNH N\u0102NG N\u1ed4I B\u1eacT<\/strong><\/div>\n<div>\n<div>&#8211; D\u00e2y tim Tubeless Muc-Off \u0111\u01b0\u1ee3c l\u00e0m t\u1eeb ch\u1ea5t li\u1ec7u \u0111\u1ed9c quy\u1ec1n v\u1edbi lo\u1ea1i keo \u00e1p su\u1ea5t cung c\u1ea5p \u0111\u1ed9 gi\u00e3n<\/div>\n<div>\u00a0 v\u1eeba \u0111\u1ee7 trong khi v\u1eabn duy tr\u00ec \u0111\u1ed9 b\u1ec1n v\u00e0 ch\u1eafc ch\u1eafn trong th\u1eddi gian d\u00e0i.<\/div>\n<div>&#8211; Ch\u1ea5t li\u1ec7u b\u00e1n trong su\u1ed1t gi\u00fap \u0111\u1ecbnh v\u1ecb l\u1ed7 van d\u1ec5 d\u00e0ng.<\/div>\n<div>&#8211; B\u1ed9 b\u0103ng keo k\u00e8m theo 4 mi\u1ebfng kh\u00f3a d\u00e1n.<\/div>\n<div>&#8211; Cu\u1ed9n b\u0103ng keo d\u00e0i 10m v\u1edbi t\u00f9y ch\u1ecdn \u0111\u1ed9 r\u1ed9ng kh\u00e1c nhau.<\/div>\n<div>&#8211; Ph\u00f9 h\u1ee3p v\u1edbi h\u1ea7u h\u1ebft c\u00e1c lo\u1ea1i v\u00e0nh xe Road, CX, Gravel, MTB v\u00e0 v\u00e0nh ngo\u1ea1i c\u1ee1 kh\u00e1c.<\/div>\n<\/div>\n","protected":false},"excerpt":{"rendered":"<p>* T\u00cdNH N\u0102NG N\u1ed4I B\u1eacT &#8211; D\u00e2y tim Tubeless Muc-Off \u0111\u01b0\u1ee3c l\u00e0m t\u1eeb ch\u1ea5t li\u1ec7u \u0111\u1ed9c quy\u1ec1n v\u1edbi lo\u1ea1i keo \u00e1p su\u1ea5t cung c\u1ea5p \u0111\u1ed9 gi\u00e3n<span class=\"excerpt-hellip\"> [\u2026]<\/span><\/p>\n","protected":false},"featured_media":5322,"comment_status":"closed","ping_status":"closed","template":"","meta":[],"product_cat":[83],"product_tag":[],"class_list":["post-5321","product","type-product","status-publish","has-post-thumbnail","hentry","product_cat-phu-kien-tubeless"],"_links":{"self":[{"href":"https:\/\/xedop.com\/en\/wp-json\/wp\/v2\/product\/5321","targetHints":{"allow":["GET"]}}],"collection":[{"href":"https:\/\/xedop.com\/en\/wp-json\/wp\/v2\/product"}],"about":[{"href":"https:\/\/xedop.com\/en\/wp-json\/wp\/v2\/types\/product"}],"replies":[{"embeddable":true,"href":"https:\/\/xedop.com\/en\/wp-json\/wp\/v2\/comments?post=5321"}],"version-history":[{"count":1,"href":"https:\/\/xedop.com\/en\/wp-json\/wp\/v2\/product\/5321\/revisions"}],"predecessor-version":[{"id":5330,"href":"https:\/\/xedop.com\/en\/wp-json\/wp\/v2\/product\/5321\/revisions\/5330"}],"wp:featuredmedia":[{"embeddable":true,"href":"https:\/\/xedop.com\/en\/wp-json\/wp\/v2\/media\/5322"}],"wp:attachment":[{"href":"https:\/\/xedop.com\/en\/wp-json\/wp\/v2\/media?parent=5321"}],"wp:term":[{"taxonomy":"product_cat","embeddable":true,"href":"https:\/\/xedop.com\/en\/wp-json\/wp\/v2\/product_cat?post=5321"},{"taxonomy":"product_tag","embeddable":true,"href":"https:\/\/xedop.com\/en\/wp-json\/wp\/v2\/product_tag?post=5321"}],"curies":[{"name":"wp","href":"https:\/\/api.w.org\/{rel}","templated":true}]}}