{"id":5418,"date":"2025-06-09T14:56:52","date_gmt":"2025-06-09T07:56:52","guid":{"rendered":"https:\/\/xedop.com\/?post_type=product&#038;p=5418"},"modified":"2025-06-09T14:56:53","modified_gmt":"2025-06-09T07:56:53","slug":"ban-dap-phang-pedals-promend-r87c","status":"publish","type":"product","link":"https:\/\/xedop.com\/en\/san-pham\/ban-dap-phang-pedals-promend-r87c\/","title":{"rendered":"B\u00e0n \u0111\u1ea1p ph\u1eb3ng Pedals Promend R87c"},"content":{"rendered":"<p>Th\u01b0\u01a1ng hi\u1ec7u: Promend<\/p>\n<p>Model:\u00a0PD-R87<\/p>\n<p>Ch\u1ea5t li\u1ec7u: h\u1ee3p kim nh\u00f4m-magi\u00ea + chrome molypden th\u00e9p mang<\/p>\n<p>Tr\u1ecdng l\u01b0\u1ee3ng: 245g<\/p>\n<p>C\u00e1c t\u00ednh n\u0103ng: Tr\u1ecdng l\u01b0\u1ee3ng nh\u1eb9, b\u00f4i tr\u01a1n t\u1ed1t v\u00e0 th\u1eddi trang.<\/p>\n<p>Hi\u1ec7u su\u1ea5t c\u1ee7a b\u00e0n ch\u00e2n l\u1ea5y l\u1ef1c l\u01b0\u1ee3ng c\u1ee7a ng\u01b0\u1eddi l\u00e1i nhi\u1ec1u h\u01a1n tr\u00ean b\u00e0n \u0111\u1ea1p, v\u00e0 gi\u1ea3m thi\u1ec3u s\u1ef1 m\u1ea5t m\u00e1t th\u1ec3 ch\u1ea5t c\u1ee7a c\u01a1 th\u1ec3.<\/p>\n<p>Thi\u1ebft k\u1ebf\u00a0m\u1ecfng l\u00e0 gi\u00fap gi\u1ea3m t\u1ed1i \u0111a\u00a0tr\u1ecdng l\u01b0\u1ee3ng c\u1ee7a xe \u0111\u1ea1p. Chi\u1ebfc xe c\u00f3 th\u1ec3 t\u1ef1 nhi\u00ean \u0111\u1ea1t \u0111\u01b0\u1ee3c t\u00edch h\u1ee3p, v\u00e0 c\u1ea5u tr\u00fac ba-peilin b\u00f4i tr\u01a1n cho ph\u00e9p b\u00e0n \u0111\u1ea1p \u0111\u1ec3 ho\u1ea1t \u0111\u1ed9ng d\u1ec5 d\u00e0ng.<\/p>\n","protected":false},"excerpt":{"rendered":"<p>Th\u01b0\u01a1ng hi\u1ec7u: Promend Model:\u00a0PD-R87 Ch\u1ea5t li\u1ec7u: h\u1ee3p kim nh\u00f4m-magi\u00ea + chrome molypden th\u00e9p mang Tr\u1ecdng l\u01b0\u1ee3ng: 245g C\u00e1c t\u00ednh n\u0103ng: Tr\u1ecdng l\u01b0\u1ee3ng nh\u1eb9, b\u00f4i tr\u01a1n t\u1ed1t<span class=\"excerpt-hellip\"> [\u2026]<\/span><\/p>\n","protected":false},"featured_media":5419,"comment_status":"closed","ping_status":"closed","template":"","meta":[],"product_cat":[109],"product_tag":[],"class_list":["post-5418","product","type-product","status-publish","has-post-thumbnail","hentry","product_cat-ban-dap-pedals"],"_links":{"self":[{"href":"https:\/\/xedop.com\/en\/wp-json\/wp\/v2\/product\/5418","targetHints":{"allow":["GET"]}}],"collection":[{"href":"https:\/\/xedop.com\/en\/wp-json\/wp\/v2\/product"}],"about":[{"href":"https:\/\/xedop.com\/en\/wp-json\/wp\/v2\/types\/product"}],"replies":[{"embeddable":true,"href":"https:\/\/xedop.com\/en\/wp-json\/wp\/v2\/comments?post=5418"}],"version-history":[{"count":1,"href":"https:\/\/xedop.com\/en\/wp-json\/wp\/v2\/product\/5418\/revisions"}],"predecessor-version":[{"id":5427,"href":"https:\/\/xedop.com\/en\/wp-json\/wp\/v2\/product\/5418\/revisions\/5427"}],"wp:featuredmedia":[{"embeddable":true,"href":"https:\/\/xedop.com\/en\/wp-json\/wp\/v2\/media\/5419"}],"wp:attachment":[{"href":"https:\/\/xedop.com\/en\/wp-json\/wp\/v2\/media?parent=5418"}],"wp:term":[{"taxonomy":"product_cat","embeddable":true,"href":"https:\/\/xedop.com\/en\/wp-json\/wp\/v2\/product_cat?post=5418"},{"taxonomy":"product_tag","embeddable":true,"href":"https:\/\/xedop.com\/en\/wp-json\/wp\/v2\/product_tag?post=5418"}],"curies":[{"name":"wp","href":"https:\/\/api.w.org\/{rel}","templated":true}]}}