{"id":5529,"date":"2025-06-09T15:20:54","date_gmt":"2025-06-09T08:20:54","guid":{"rendered":"https:\/\/xedop.com\/?post_type=product&#038;p=5529"},"modified":"2026-04-02T10:24:05","modified_gmt":"2026-04-02T03:24:05","slug":"sam-giant-700x23-25-fv-48mm","status":"publish","type":"product","link":"https:\/\/xedop.com\/en\/san-pham\/sam-giant-700x23-25-fv-48mm\/","title":{"rendered":"S\u0103m xe \u0111\u1ea1p Giant 700&#215;23\/25 FV 48mm"},"content":{"rendered":"<p>Th\u01b0\u01a1ng hi\u1ec7u: Giant<br \/>\nXu\u1ea5t x\u1ee9: Trung Qu\u1ed1c<br \/>\nK\u00edch th\u01b0\u1edbc: 700\u00d723\/25<br \/>\nKi\u1ec3u van: Van Ph\u00e1p (FV)<br \/>\n\u0110\u1ed9 d\u00e0i van: 48mm<br \/>\nD\u00f9ng cho xe \u0111\u1ea1p \u0111ua \u0111\u01b0\u1eddng tr\u01b0\u1eddng<\/p>\n","protected":false},"excerpt":{"rendered":"<p>Th\u01b0\u01a1ng hi\u1ec7u: Giant Xu\u1ea5t x\u1ee9: Trung Qu\u1ed1c K\u00edch th\u01b0\u1edbc: 700\u00d723\/25 Ki\u1ec3u van: Van Ph\u00e1p (FV) \u0110\u1ed9 d\u00e0i van: 48mm D\u00f9ng cho xe \u0111\u1ea1p \u0111ua \u0111\u01b0\u1eddng tr\u01b0\u1eddng<\/p>\n","protected":false},"featured_media":5530,"comment_status":"closed","ping_status":"closed","template":"","meta":[],"product_cat":[102],"product_tag":[],"class_list":["post-5529","product","type-product","status-publish","has-post-thumbnail","hentry","product_cat-sam"],"_links":{"self":[{"href":"https:\/\/xedop.com\/en\/wp-json\/wp\/v2\/product\/5529","targetHints":{"allow":["GET"]}}],"collection":[{"href":"https:\/\/xedop.com\/en\/wp-json\/wp\/v2\/product"}],"about":[{"href":"https:\/\/xedop.com\/en\/wp-json\/wp\/v2\/types\/product"}],"replies":[{"embeddable":true,"href":"https:\/\/xedop.com\/en\/wp-json\/wp\/v2\/comments?post=5529"}],"version-history":[{"count":3,"href":"https:\/\/xedop.com\/en\/wp-json\/wp\/v2\/product\/5529\/revisions"}],"predecessor-version":[{"id":12144,"href":"https:\/\/xedop.com\/en\/wp-json\/wp\/v2\/product\/5529\/revisions\/12144"}],"wp:featuredmedia":[{"embeddable":true,"href":"https:\/\/xedop.com\/en\/wp-json\/wp\/v2\/media\/5530"}],"wp:attachment":[{"href":"https:\/\/xedop.com\/en\/wp-json\/wp\/v2\/media?parent=5529"}],"wp:term":[{"taxonomy":"product_cat","embeddable":true,"href":"https:\/\/xedop.com\/en\/wp-json\/wp\/v2\/product_cat?post=5529"},{"taxonomy":"product_tag","embeddable":true,"href":"https:\/\/xedop.com\/en\/wp-json\/wp\/v2\/product_tag?post=5529"}],"curies":[{"name":"wp","href":"https:\/\/api.w.org\/{rel}","templated":true}]}}