{"id":5574,"date":"2025-06-09T15:35:13","date_gmt":"2025-06-09T08:35:13","guid":{"rendered":"https:\/\/xedop.com\/?post_type=product&#038;p=5574"},"modified":"2026-04-02T09:14:15","modified_gmt":"2026-04-02T02:14:15","slug":"sam-irc-29-x1-95-2-30-fv-40mm","status":"publish","type":"product","link":"https:\/\/xedop.com\/en\/san-pham\/sam-irc-29-x1-95-2-30-fv-40mm\/","title":{"rendered":"S\u0103m xe \u0111\u1ea1p IRC 29&#215;1.95-2.30 FV 40mm"},"content":{"rendered":"<p>S\u0103m c\u00f3 \u0111\u1ed9 d\u00e0y 1.0 mm, s\u0103m \u0111\u01b0\u1ee3c s\u1ea3n xu\u1ea5t v\u1edbi 100% cao su butyl ch\u1ea5t l\u01b0\u1ee3ng tuy\u1ec7t h\u1ea3o, ch\u00fang t\u00f4i \u0111em \u0111\u1ebfn cho b\u1ea1n m\u1ed9t s\u1ea3n ph\u1ea9m c\u00f3 \u0111\u1ed9 k\u00edn kh\u00ed cao g\u1ea5p nhi\u1ec1u l\u1ea7n so v\u1edbi s\u0103m cao su thi\u00ean nhi\u00ean th\u00f4ng th\u01b0\u1eddng.<\/p>\n","protected":false},"excerpt":{"rendered":"<p>S\u0103m c\u00f3 \u0111\u1ed9 d\u00e0y 1.0 mm, s\u0103m \u0111\u01b0\u1ee3c s\u1ea3n xu\u1ea5t v\u1edbi 100% cao su butyl ch\u1ea5t l\u01b0\u1ee3ng tuy\u1ec7t h\u1ea3o, ch\u00fang t\u00f4i \u0111em \u0111\u1ebfn cho b\u1ea1n m\u1ed9t<span class=\"excerpt-hellip\"> [\u2026]<\/span><\/p>\n","protected":false},"featured_media":5575,"comment_status":"closed","ping_status":"closed","template":"","meta":[],"product_cat":[102],"product_tag":[],"class_list":["post-5574","product","type-product","status-publish","has-post-thumbnail","hentry","product_cat-sam"],"_links":{"self":[{"href":"https:\/\/xedop.com\/en\/wp-json\/wp\/v2\/product\/5574","targetHints":{"allow":["GET"]}}],"collection":[{"href":"https:\/\/xedop.com\/en\/wp-json\/wp\/v2\/product"}],"about":[{"href":"https:\/\/xedop.com\/en\/wp-json\/wp\/v2\/types\/product"}],"replies":[{"embeddable":true,"href":"https:\/\/xedop.com\/en\/wp-json\/wp\/v2\/comments?post=5574"}],"version-history":[{"count":3,"href":"https:\/\/xedop.com\/en\/wp-json\/wp\/v2\/product\/5574\/revisions"}],"predecessor-version":[{"id":12134,"href":"https:\/\/xedop.com\/en\/wp-json\/wp\/v2\/product\/5574\/revisions\/12134"}],"wp:featuredmedia":[{"embeddable":true,"href":"https:\/\/xedop.com\/en\/wp-json\/wp\/v2\/media\/5575"}],"wp:attachment":[{"href":"https:\/\/xedop.com\/en\/wp-json\/wp\/v2\/media?parent=5574"}],"wp:term":[{"taxonomy":"product_cat","embeddable":true,"href":"https:\/\/xedop.com\/en\/wp-json\/wp\/v2\/product_cat?post=5574"},{"taxonomy":"product_tag","embeddable":true,"href":"https:\/\/xedop.com\/en\/wp-json\/wp\/v2\/product_tag?post=5574"}],"curies":[{"name":"wp","href":"https:\/\/api.w.org\/{rel}","templated":true}]}}