{"id":5588,"date":"2025-06-09T15:40:12","date_gmt":"2025-06-09T08:40:12","guid":{"rendered":"https:\/\/xedop.com\/?post_type=product&#038;p=5588"},"modified":"2026-04-03T10:36:21","modified_gmt":"2026-04-03T03:36:21","slug":"lop-xe-dap-schwalbe-hurricane-27-5x2-0","status":"publish","type":"product","link":"https:\/\/xedop.com\/en\/san-pham\/lop-xe-dap-schwalbe-hurricane-27-5x2-0\/","title":{"rendered":"L\u1ed1p xe \u0111\u1ea1p Schwalbe Hurricane 27.5&#215;2.00"},"content":{"rendered":"<p>Th\u00f4ng s\u1ed1 k\u1ef9 thu\u1eadt<\/p>\n<table cellspacing=\"0\" data-cke-table-faked-selection-table=\"\">\n<tbody>\n<tr>\n<td class=\"xl65 cke_table-faked-selection\"><strong>K\u00edch Th\u01b0\u1edbc<\/strong><\/td>\n<td><\/td>\n<td>27.5 x 2.00 inch<\/td>\n<td class=\"xl66 cke_table-faked-selection\"><\/td>\n<td><\/td>\n<td class=\"xl66 cke_table-faked-selection\"><\/td>\n<\/tr>\n<tr>\n<td class=\"xl65 cke_table-faked-selection\"><strong>Ki\u1ec3u Talong<\/strong><\/td>\n<td><\/td>\n<td>Kh\u00f4ng g\u1ea5p (Wire)<\/td>\n<td class=\"xl66 cke_table-faked-selection\"><\/td>\n<td><\/td>\n<td class=\"xl66 cke_table-faked-selection\"><\/td>\n<\/tr>\n<tr>\n<td class=\"xl65 cke_table-faked-selection\"><strong>H\u1ee3p ch\u1ea5t<\/strong><\/td>\n<td><\/td>\n<td>Addix Performance<\/td>\n<td class=\"xl66 cke_table-faked-selection\"><\/td>\n<td><\/td>\n<td class=\"xl66 cke_table-faked-selection\"><\/td>\n<\/tr>\n<tr>\n<td class=\"xl65 cke_table-faked-selection\"><strong>Protection<\/strong><\/td>\n<td><\/td>\n<td>Performance<\/td>\n<td class=\"xl66 cke_table-faked-selection\"><\/td>\n<td><\/td>\n<td class=\"xl66 cke_table-faked-selection\"><\/td>\n<\/tr>\n<tr>\n<td class=\"xl65 cke_table-faked-selection\"><strong>M\u00e0u s\u1eafc<\/strong><\/td>\n<td><\/td>\n<td>\u0110en<\/td>\n<td class=\"xl66 cke_table-faked-selection\"><\/td>\n<td><\/td>\n<td class=\"xl66 cke_table-faked-selection\"><\/td>\n<\/tr>\n<tr>\n<td class=\"xl65 cke_table-faked-selection\"><strong>Tr\u1ecdng l\u01b0\u1ee3ng<\/strong><\/td>\n<td><\/td>\n<td>610g<\/td>\n<td class=\"xl66 cke_table-faked-selection\"><\/td>\n<td><\/td>\n<td class=\"xl66 cke_table-faked-selection\"><\/td>\n<\/tr>\n<tr>\n<td class=\"xl65 cke_table-faked-selection\"><strong>\u00c1p xu\u1ea5t<\/strong><\/td>\n<td><\/td>\n<td>(30 &#8211; 65 psi)<\/td>\n<td class=\"xl66 cke_table-faked-selection\"><\/td>\n<td><\/td>\n<td class=\"xl66 cke_table-faked-selection\"><\/td>\n<\/tr>\n<tr>\n<td class=\"xl65 cke_table-faked-selection\"><strong>T\u1ea3i tr\u1ecdng t\u1ed1i \u0111a<\/strong><\/td>\n<td><\/td>\n<td>105kg<\/td>\n<td class=\"xl66 cke_table-faked-selection\"><\/td>\n<td><\/td>\n<td class=\"xl66 cke_table-faked-selection\"><\/td>\n<\/tr>\n<tr>\n<td class=\"xl67 cke_table-faked-selection\"><strong>M\u1eadt \u0111\u1ed9 s\u1ee3i n\u1ec1n<\/strong><\/td>\n<td><\/td>\n<td>67 EPI<\/td>\n<td class=\"xl68 cke_table-faked-selection\"><\/td>\n<td><\/td>\n<\/tr>\n<\/tbody>\n<\/table>\n","protected":false},"excerpt":{"rendered":"<p>Hurricane\u00a0c\u00f3 thi\u1ebft k\u1ebf hi\u1ec7n \u0111\u1ea1i, n\u0103ng \u0111\u1ed9ng, tinh t\u1ebf.\u00a0\u0110\u00e2y l\u00e0 lo\u1ea1i l\u1ed1p d\u00e0nh cho\u00a0<strong>\u0111a d\u1ea1ng\u00a0\u0111\u1ecba h\u00ecnh nh\u1ea5t<\/strong>, l\u00e0 s\u1ef1 l\u1ef1a ch\u1ecdn\u00a0tuy\u1ec7t v\u1eddi d\u00e0nh cho nh\u1eefng ng\u01b0\u1eddi \u0111i xe \u0111\u1ea1p h\u01b0\u1edbng \u0111\u1ebfn t\u1ed1c \u0111\u1ed9.<\/p>\n<ul>\n<li>Gai trung t\u00e2m l\u1ed1p\u00a0m\u01b0\u1ee3t m\u00e0 cho kh\u1ea3 n\u0103ng ch\u1ed1ng l\u0103n th\u1ea5p v\u00e0 gi\u1ea3m \u0111\u1ed9 rung\u00a0t\u1ed1i thi\u1ec3u.<\/li>\n<li>Gai\u00a0nh\u1ecf \u1edf\u00a0khu v\u1ef1c chuy\u1ec3n ti\u1ebfp &#8211; gi\u1eef trung t\u00e2m v\u00e0 h\u00f4ng &#8211;\u00a0h\u1ed7 tr\u1ee3 tr\u1ea3i nghi\u1ec7m l\u00e1i xe \u00eam \u00e1i v\u00e0 an to\u00e0n tr\u00ean nh\u1eefng cung \u0111\u01b0\u1eddng cua.<\/li>\n<li>Gai \u1edf hai b\u00ean r\u00eca ph\u00e1t huy \u0111\u01b0\u1ee3c s\u1ef1\u00a0ch\u1eafc ch\u1eafn \u0111\u1ec3 b\u00e1m t\u1ed1t h\u01a1n\u00a0tr\u00ean \u0111\u01b0\u1eddng r\u1eebng, \u0111\u01b0\u1eddng m\u00f2n\u00a0v\u00e0 s\u1ecfi \u0111\u00e1.<\/li>\n<\/ul>\n","protected":false},"featured_media":9935,"comment_status":"closed","ping_status":"closed","template":"","meta":[],"product_cat":[101],"product_tag":[],"class_list":["post-5588","product","type-product","status-publish","has-post-thumbnail","hentry","product_cat-lop"],"_links":{"self":[{"href":"https:\/\/xedop.com\/en\/wp-json\/wp\/v2\/product\/5588","targetHints":{"allow":["GET"]}}],"collection":[{"href":"https:\/\/xedop.com\/en\/wp-json\/wp\/v2\/product"}],"about":[{"href":"https:\/\/xedop.com\/en\/wp-json\/wp\/v2\/types\/product"}],"replies":[{"embeddable":true,"href":"https:\/\/xedop.com\/en\/wp-json\/wp\/v2\/comments?post=5588"}],"version-history":[{"count":7,"href":"https:\/\/xedop.com\/en\/wp-json\/wp\/v2\/product\/5588\/revisions"}],"predecessor-version":[{"id":11517,"href":"https:\/\/xedop.com\/en\/wp-json\/wp\/v2\/product\/5588\/revisions\/11517"}],"wp:featuredmedia":[{"embeddable":true,"href":"https:\/\/xedop.com\/en\/wp-json\/wp\/v2\/media\/9935"}],"wp:attachment":[{"href":"https:\/\/xedop.com\/en\/wp-json\/wp\/v2\/media?parent=5588"}],"wp:term":[{"taxonomy":"product_cat","embeddable":true,"href":"https:\/\/xedop.com\/en\/wp-json\/wp\/v2\/product_cat?post=5588"},{"taxonomy":"product_tag","embeddable":true,"href":"https:\/\/xedop.com\/en\/wp-json\/wp\/v2\/product_tag?post=5588"}],"curies":[{"name":"wp","href":"https:\/\/api.w.org\/{rel}","templated":true}]}}