{"id":5600,"date":"2025-06-09T15:43:06","date_gmt":"2025-06-09T08:43:06","guid":{"rendered":"https:\/\/xedop.com\/?post_type=product&#038;p=5600"},"modified":"2026-04-03T11:03:41","modified_gmt":"2026-04-03T04:03:41","slug":"lop-xe-dap-schwalbe-lugano-endurance-700x25","status":"publish","type":"product","link":"https:\/\/xedop.com\/en\/san-pham\/lop-xe-dap-schwalbe-lugano-endurance-700x25\/","title":{"rendered":"L\u1ed1p xe \u0111\u1ea1p Schwalbe Lugano Endurance 700&#215;25"},"content":{"rendered":"","protected":false},"excerpt":{"rendered":"<p><span dir=\"auto\">D\u00f9 l\u00e0 xe \u0111\u1ea1p fixed gear, xe \u0111\u1ea1p \u0111\u01b0\u1eddng tr\u01b0\u1eddng hay xe \u0111\u1ea1p \u0111\u00f4 th\u1ecb, \u0111i\u1ec1u \u0111\u00f3 kh\u00f4ng quan tr\u1ecdng. L\u1ed1p<\/span><span dir=\"auto\"> Lugano Endurance l\u00e0 lo\u1ea1i l\u1ed1p th\u1ec3 thao ho\u00e0n h\u1ea3o cho m\u1ecdi cu\u1ed9c phi\u00eau l\u01b0u. Ph\u1ea7n gai l\u1ed1p \u0111\u01b0\u1ee3c gia c\u1ed1 th\u00eam &#8211; l\u00e0m t\u1eeb h\u1ee3p ch\u1ea5t Silica c\u1ea3i ti\u1ebfn &#8211; v\u1eeba b\u1ec1n b\u1ec9 v\u1eeba b\u00e1m \u0111\u01b0\u1eddng t\u1ed1t.<\/span><\/p>\n","protected":false},"featured_media":5601,"comment_status":"closed","ping_status":"closed","template":"","meta":[],"product_cat":[101],"product_tag":[],"class_list":["post-5600","product","type-product","status-publish","has-post-thumbnail","hentry","product_cat-lop"],"_links":{"self":[{"href":"https:\/\/xedop.com\/en\/wp-json\/wp\/v2\/product\/5600","targetHints":{"allow":["GET"]}}],"collection":[{"href":"https:\/\/xedop.com\/en\/wp-json\/wp\/v2\/product"}],"about":[{"href":"https:\/\/xedop.com\/en\/wp-json\/wp\/v2\/types\/product"}],"replies":[{"embeddable":true,"href":"https:\/\/xedop.com\/en\/wp-json\/wp\/v2\/comments?post=5600"}],"version-history":[{"count":3,"href":"https:\/\/xedop.com\/en\/wp-json\/wp\/v2\/product\/5600\/revisions"}],"predecessor-version":[{"id":12187,"href":"https:\/\/xedop.com\/en\/wp-json\/wp\/v2\/product\/5600\/revisions\/12187"}],"wp:featuredmedia":[{"embeddable":true,"href":"https:\/\/xedop.com\/en\/wp-json\/wp\/v2\/media\/5601"}],"wp:attachment":[{"href":"https:\/\/xedop.com\/en\/wp-json\/wp\/v2\/media?parent=5600"}],"wp:term":[{"taxonomy":"product_cat","embeddable":true,"href":"https:\/\/xedop.com\/en\/wp-json\/wp\/v2\/product_cat?post=5600"},{"taxonomy":"product_tag","embeddable":true,"href":"https:\/\/xedop.com\/en\/wp-json\/wp\/v2\/product_tag?post=5600"}],"curies":[{"name":"wp","href":"https:\/\/api.w.org\/{rel}","templated":true}]}}