{"id":5608,"date":"2025-06-09T15:46:16","date_gmt":"2025-06-09T08:46:16","guid":{"rendered":"https:\/\/xedop.com\/?post_type=product&#038;p=5608"},"modified":"2025-06-09T15:46:16","modified_gmt":"2025-06-09T08:46:16","slug":"lop-innova-face-mile-700x25c-gap-chong-dam","status":"publish","type":"product","link":"https:\/\/xedop.com\/en\/san-pham\/lop-innova-face-mile-700x25c-gap-chong-dam\/","title":{"rendered":"L\u1ed1p Innova Face Mile 700x25c (g\u1ea5p + ch\u1ed1ng \u0111\u00e2m)"},"content":{"rendered":"<p>&#8211; H\u00e3ng s\u1ea3n xu\u1ea5t: INNOVA<\/p>\n<p>&#8211; K\u00edch th\u01b0\u1edbc: 700x25C<\/p>\n<p>&#8211; PSI: 145 \u00a0 &#8211; TPI: 120 \u00a0 &#8211; Kh\u00f4ng talon<\/p>\n<p>&#8211; Tr\u1ecdng l\u01b0\u1ee3ng: 210g~220g<\/p>\n<p>&#8211; M\u00e0u s\u1eafc: \u0110en vi\u1ec1n V\u00e0ng<\/p>\n<p>&#8211; \u0110\u1eb7c \u0111i\u1ec3m: Si\u00eau Nh\u1eb9, Ch\u1ed1ng \u0110\u00e2m Th\u1ee7ng, Zoom c\u00f4ng ngh\u1ec7 \u0110\u1eb7c Bi\u1ec7t b\u1eb1ng s\u00e1ng ch\u1ebf \u0111\u1ec3 gi\u1ea3m windage<\/p>\n","protected":false},"excerpt":{"rendered":"<p>&#8211; H\u00e3ng s\u1ea3n xu\u1ea5t: INNOVA &#8211; K\u00edch th\u01b0\u1edbc: 700x25C &#8211; PSI: 145 \u00a0 &#8211; TPI: 120 \u00a0 &#8211; Kh\u00f4ng talon &#8211; Tr\u1ecdng l\u01b0\u1ee3ng: 210g~220g &#8211; M\u00e0u<span class=\"excerpt-hellip\"> [\u2026]<\/span><\/p>\n","protected":false},"featured_media":5609,"comment_status":"closed","ping_status":"closed","template":"","meta":[],"product_cat":[101],"product_tag":[],"class_list":["post-5608","product","type-product","status-publish","has-post-thumbnail","hentry","product_cat-lop"],"_links":{"self":[{"href":"https:\/\/xedop.com\/en\/wp-json\/wp\/v2\/product\/5608","targetHints":{"allow":["GET"]}}],"collection":[{"href":"https:\/\/xedop.com\/en\/wp-json\/wp\/v2\/product"}],"about":[{"href":"https:\/\/xedop.com\/en\/wp-json\/wp\/v2\/types\/product"}],"replies":[{"embeddable":true,"href":"https:\/\/xedop.com\/en\/wp-json\/wp\/v2\/comments?post=5608"}],"version-history":[{"count":1,"href":"https:\/\/xedop.com\/en\/wp-json\/wp\/v2\/product\/5608\/revisions"}],"predecessor-version":[{"id":5611,"href":"https:\/\/xedop.com\/en\/wp-json\/wp\/v2\/product\/5608\/revisions\/5611"}],"wp:featuredmedia":[{"embeddable":true,"href":"https:\/\/xedop.com\/en\/wp-json\/wp\/v2\/media\/5609"}],"wp:attachment":[{"href":"https:\/\/xedop.com\/en\/wp-json\/wp\/v2\/media?parent=5608"}],"wp:term":[{"taxonomy":"product_cat","embeddable":true,"href":"https:\/\/xedop.com\/en\/wp-json\/wp\/v2\/product_cat?post=5608"},{"taxonomy":"product_tag","embeddable":true,"href":"https:\/\/xedop.com\/en\/wp-json\/wp\/v2\/product_tag?post=5608"}],"curies":[{"name":"wp","href":"https:\/\/api.w.org\/{rel}","templated":true}]}}