{"id":5821,"date":"2025-06-09T18:30:34","date_gmt":"2025-06-09T11:30:34","guid":{"rendered":"https:\/\/xedop.com\/?post_type=product&#038;p=5821"},"modified":"2026-03-31T08:27:31","modified_gmt":"2026-03-31T01:27:31","slug":"lop-xe-dap-irc-mibro-for-marathon-kevlar-29x2-3","status":"publish","type":"product","link":"https:\/\/xedop.com\/en\/san-pham\/lop-xe-dap-irc-mibro-for-marathon-kevlar-29x2-3\/","title":{"rendered":"L\u1ed1p xe \u0111\u1ea1p IRC Mibro For Marathon Kevlar 29&#215;2.3"},"content":{"rendered":"<h4>C\u00e1c kh\u1ed1i \u1edf gi\u1eefa th\u1ea5p c\u00f3 l\u1ef1c c\u1ea3n l\u0103n th\u1ea5p v\u00e0 gi\u00fap b\u1ea1n di chuy\u1ec3n d\u1ec5 d\u00e0ng. Thi\u1ebft k\u1ebf kh\u1ed1i hai c\u1ea1nh gi\u00fap c\u1ea3i thi\u1ec7n \u0111\u1ed9 b\u00e1m \u0111\u01b0\u1eddng tr\u00ean b\u1ec1 m\u1eb7t m\u1ec1m v\u00e0 duy tr\u00ec s\u1ef1 \u1ed5n \u0111\u1ecbnh trong qu\u00e1 tr\u00ecnh phanh. Thi\u1ebft k\u1ebf hai c\u1ea1nh h\u01a1i l\u1edbn h\u01a1n\u00a0ch\u00fat cho ph\u00e9p b\u1ea1n \u0111i\u1ec1u khi\u1ec3n xe \u0111\u1ea1p c\u1ee7a m\u00ecnh \u1edf t\u1ed1c \u0111\u1ed9 cao qua c\u00e1c g\u00f3c cua.<\/h4>\n<h4>&#8211; C\u00f4ng ngh\u1ec7 s\u1eed d\u1ee5ng:<\/h4>\n<h4>C\u00f3 th\u1ec3 d\u00f9ng s\u0103m ho\u1eb7c kh\u00f4ng c\u00f3 s\u0103m, khi kh\u00f4ng d\u00f9ng s\u0103m ph\u1ea3i d\u00f9ng h\u1ee3p ch\u1ea5t sealant<\/h4>\n<h4>Cao su c\u00f3 \u0111\u1ed9 b\u00e1m cao<\/h4>\n<h4>&#8211; Th\u00f4ng s\u1ed1 l\u1ed1p:<\/h4>\n<h4><\/h4>\n<table width=\"100%\">\n<thead>\n<tr>\n<td>\n<h4>C\u1ee0 L\u1ed0P<\/h4>\n<\/td>\n<td>\n<h4>LO\u1ea0I TANH<\/h4>\n<\/td>\n<td>\n<h4>\u00c1P L\u1ef0C B\u01a0M<\/h4>\n<\/td>\n<td>\n<h4>TL(g)<\/h4>\n<\/td>\n<\/tr>\n<\/thead>\n<tbody>\n<tr>\n<td>\n<h4>29\u00a0X 2.3<\/h4>\n<\/td>\n<td>\n<h4>G\u1eadp<\/h4>\n<\/td>\n<td>\n<h4>200 &#8211; 300 kpa<\/h4>\n<\/td>\n<td>\n<h4><span style=\"font-family: times new roman, times, serif;\">735<\/span><\/h4>\n<\/td>\n<\/tr>\n<\/tbody>\n<\/table>\n","protected":false},"excerpt":{"rendered":"<p>C\u00e1c kh\u1ed1i \u1edf gi\u1eefa th\u1ea5p c\u00f3 l\u1ef1c c\u1ea3n l\u0103n th\u1ea5p v\u00e0 gi\u00fap b\u1ea1n di chuy\u1ec3n d\u1ec5 d\u00e0ng. Thi\u1ebft k\u1ebf kh\u1ed1i hai c\u1ea1nh gi\u00fap c\u1ea3i thi\u1ec7n \u0111\u1ed9<span class=\"excerpt-hellip\"> [\u2026]<\/span><\/p>\n","protected":false},"featured_media":5822,"comment_status":"closed","ping_status":"closed","template":"","meta":[],"product_cat":[101],"product_tag":[],"class_list":["post-5821","product","type-product","status-publish","has-post-thumbnail","hentry","product_cat-lop"],"_links":{"self":[{"href":"https:\/\/xedop.com\/en\/wp-json\/wp\/v2\/product\/5821","targetHints":{"allow":["GET"]}}],"collection":[{"href":"https:\/\/xedop.com\/en\/wp-json\/wp\/v2\/product"}],"about":[{"href":"https:\/\/xedop.com\/en\/wp-json\/wp\/v2\/types\/product"}],"replies":[{"embeddable":true,"href":"https:\/\/xedop.com\/en\/wp-json\/wp\/v2\/comments?post=5821"}],"version-history":[{"count":2,"href":"https:\/\/xedop.com\/en\/wp-json\/wp\/v2\/product\/5821\/revisions"}],"predecessor-version":[{"id":12071,"href":"https:\/\/xedop.com\/en\/wp-json\/wp\/v2\/product\/5821\/revisions\/12071"}],"wp:featuredmedia":[{"embeddable":true,"href":"https:\/\/xedop.com\/en\/wp-json\/wp\/v2\/media\/5822"}],"wp:attachment":[{"href":"https:\/\/xedop.com\/en\/wp-json\/wp\/v2\/media?parent=5821"}],"wp:term":[{"taxonomy":"product_cat","embeddable":true,"href":"https:\/\/xedop.com\/en\/wp-json\/wp\/v2\/product_cat?post=5821"},{"taxonomy":"product_tag","embeddable":true,"href":"https:\/\/xedop.com\/en\/wp-json\/wp\/v2\/product_tag?post=5821"}],"curies":[{"name":"wp","href":"https:\/\/api.w.org\/{rel}","templated":true}]}}