{"id":5927,"date":"2025-06-10T14:41:05","date_gmt":"2025-06-10T07:41:05","guid":{"rendered":"https:\/\/xedop.com\/?post_type=product&#038;p=5927"},"modified":"2026-04-21T15:17:12","modified_gmt":"2026-04-21T08:17:12","slug":"xe-dap-giant-2022-stp-24","status":"publish","type":"product","link":"https:\/\/xedop.com\/en\/san-pham\/xe-dap-giant-2022-stp-24\/","title":{"rendered":"Xe \u0111\u1ea1p GIANT 2022 STP 24"},"content":{"rendered":"<h2>\u0110i\u1ec3m n\u1ed5i b\u1eadt<\/h2>\n<div>\n<p>STP \u0111\u1eddi m\u1edbi thi\u1ebft k\u1ebf cho tr\u1ebb t\u1eeb 7-12 tu\u1ed5i, \u0111\u1ec3 tr\u1ebb em t\u1ef1 do tr\u1ea3i nghi\u1ec7m cu\u1ed9c s\u1ed1ng, kh\u00edch l\u1ec7 ch\u00fang nh\u00ecn r\u1ed9ng ra th\u1ebf gi\u1edbi xung quanh. STP l\u00e0 chi\u1ebfc xe th\u1ec3 thao t\u00ednh n\u0103ng t\u1ed1t, xe nh\u1eb9, ch\u1ea5t li\u1ec7u b\u1ec1n b\u1ec9. C\u1ea3m nh\u1eadn s\u1ef1 t\u1ef1 tin, bay cao bay xa h\u01a1n.<\/p>\n<figure id=\"attachment_18004\" class=\"wp-caption aligncenter\" aria-describedby=\"caption-attachment-18004\"><img fetchpriority=\"high\" decoding=\"async\" class=\"wp-image-18004\" src=\"https:\/\/xedop.com\/wp-content\/uploads\/2025\/06\/xe-dap-giant-2022-stp-24-5927.jpg\" sizes=\"(max-width: 800px) 100vw, 800px\" srcset=\"https:\/\/xedop.com\/wp-content\/uploads\/2025\/06\/xe-dap-giant-2022-stp-24-5927.jpg 760w, https:\/\/giantvietnam.vn\/wp-content\/uploads\/2021\/08\/2022-stp-24-4-linh-kien-600x311.jpg 600w\" alt=\"\" width=\"800\" height=\"415\" \/><figcaption id=\"caption-attachment-18004\" class=\"wp-caption-text\">Khung xe ki\u00ean c\u1ed1, tr\u1ecdng l\u01b0\u1ee3ng nh\u1eb9, ch\u1ea5t li\u1ec7u b\u1ec1n b\u1ec9 c\u1ee7a h\u1ee3p kim nh\u00f4m lu\u00f4n khi\u1ebfn ng\u01b0\u1eddi kh\u00e1c tr\u1ea7m tr\u1ed3.<\/figcaption><\/figure>\n<figure id=\"attachment_18005\" class=\"wp-caption aligncenter\" aria-describedby=\"caption-attachment-18005\"><img decoding=\"async\" class=\"wp-image-18005\" src=\"https:\/\/xedop.com\/wp-content\/uploads\/2025\/06\/xe-dap-giant-2022-stp-24-5927-1.jpg\" sizes=\"(max-width: 800px) 100vw, 800px\" srcset=\"https:\/\/xedop.com\/wp-content\/uploads\/2025\/06\/xe-dap-giant-2022-stp-24-5927-1.jpg 568w, https:\/\/giantvietnam.vn\/wp-content\/uploads\/2021\/08\/2022-stp-24-5-linh-kien-600x422.jpg 600w, https:\/\/giantvietnam.vn\/wp-content\/uploads\/2021\/08\/2022-stp-24-5-linh-kien.jpg 676w\" alt=\"\" width=\"800\" height=\"563\" \/><figcaption id=\"caption-attachment-18005\" class=\"wp-caption-text\">Thi\u1ebft k\u1ebf xe v\u1edbi l\u1ed1p c\u1ee1 24\u2033, l\u1ea1i c\u00f3 y\u00ean t\u1ea7m th\u1ea5p, t\u1ef1 tin h\u01a1n v\u1edbi t\u1ed1c \u0111\u1ed9 cao.<\/figcaption><\/figure>\n<figure id=\"attachment_18006\" class=\"wp-caption aligncenter\" aria-describedby=\"caption-attachment-18006\"><img decoding=\"async\" class=\"wp-image-18006\" src=\"https:\/\/xedop.com\/wp-content\/uploads\/2025\/06\/xe-dap-giant-2022-stp-24-5927-2.jpg\" sizes=\"(max-width: 800px) 100vw, 800px\" srcset=\"https:\/\/xedop.com\/wp-content\/uploads\/2025\/06\/xe-dap-giant-2022-stp-24-5927-2.jpg 676w, https:\/\/giantvietnam.vn\/wp-content\/uploads\/2021\/08\/2022-stp-24-3-linh-kien-600x294.jpg 600w\" alt=\"\" width=\"800\" height=\"392\" \/><figcaption id=\"caption-attachment-18006\" class=\"wp-caption-text\">Phanh \u0111\u0129a an to\u00e0n, \u0111\u1ec3 thanh thi\u1ebfu ni\u00ean \u0111i\u1ec1u khi\u1ec3n d\u1ec5 d\u00e0ng h\u01a1n.<\/figcaption><\/figure>\n<figure id=\"attachment_17979\" class=\"wp-caption aligncenter\" aria-describedby=\"caption-attachment-17979\"><img loading=\"lazy\" decoding=\"async\" class=\"wp-image-17979\" src=\"https:\/\/xedop.com\/wp-content\/uploads\/2025\/06\/xe-dap-giant-2022-stp-24-5927-3.jpg\" sizes=\"(max-width: 800px) 100vw, 800px\" srcset=\"https:\/\/xedop.com\/wp-content\/uploads\/2025\/06\/xe-dap-giant-2022-stp-24-5927-3.jpg 711w, https:\/\/giantvietnam.vn\/wp-content\/uploads\/2021\/10\/XE-DAP-TRE-EM-GIANT-1400x788.png 1400w, https:\/\/giantvietnam.vn\/wp-content\/uploads\/2021\/10\/XE-DAP-TRE-EM-GIANT-768x432.png 768w, https:\/\/giantvietnam.vn\/wp-content\/uploads\/2021\/10\/XE-DAP-TRE-EM-GIANT-1536x864.png 1536w, https:\/\/giantvietnam.vn\/wp-content\/uploads\/2021\/10\/XE-DAP-TRE-EM-GIANT-600x338.png 600w, https:\/\/giantvietnam.vn\/wp-content\/uploads\/2021\/10\/XE-DAP-TRE-EM-GIANT.png 1920w\" alt=\"\" width=\"800\" height=\"450\" \/><\/figure>\n<\/div>\n<div>\n<h4>KHUNG<\/h4>\n<p>K\u00edch c\u1ee1\/Sizes:One Size<\/p>\n<p>M\u00e0u s\u1eafc\/Colors:\u0110en<\/p>\n<p>Ch\u1ea5t li\u1ec7u khung\/Frame:ALUXX-Grade Aluminum<\/p>\n<p>Phu\u1ed9c\/Fork:Alloy Rigid<\/p>\n<p>Gi\u1ea3m x\u00f3c\/Shock:-<\/p>\n<h4>H\u00ca\u0323 TH\u00d4\u0301NG BA\u0301NH XE<\/h4>\n<p>V\u00e0nh xe\/Rims:&#8221;Giant 24&#8243;&#8221;, 6061 Aluminum, 28 mm inner width&#8221;<\/p>\n<p>Moay \u01a1\/Hubs:&#8221;Giant Disc, , 100\/141 QR alloy disc hub&#8221;<\/p>\n<p>Nan hoa\/Spokes:14G<\/p>\n<p>L\u1ed1p xe\/Tires:&#8221;Kenda Karma K1237 24&#215;2.6, 60 TPI&#8221;<\/p>\n<h4>KHA\u0301C<\/h4>\n<p>Th\u00eam\/Extras:(m\u1ed9t s\u1ed1 linh ki\u1ec7n c\u00f3 th\u1ec3 thay \u0111\u1ed5i lo\u1ea1i t\u01b0\u01a1ng \u0111\u01b0\u01a1ng theo th\u1ef1c t\u1ebf)<\/p>\n<\/div>\n<div>\n<h4>CA\u0301C B\u00d4\u0323 PH\u00c2\u0323N<\/h4>\n<p>Ghi \u0111\u00f4ng\/Handlebar:Giant Sport Alloy, Low 31.8mm<\/p>\n<p>P\u00f4 t\u0103ng\/Stem:Forged Alloy , 0-Degree<\/p>\n<p>C\u1ecdc y\u00ean\/Seatpost:Alloy TWO-Bolt, 30.9x300mm<\/p>\n<p>Y\u00ean\/Saddle:Giant Jr. Sports<\/p>\n<p>Ba\u0300n \u0111a\u0323p\/Pedals:-<\/p>\n<h4>B\u00d4\u0323 TRUY\u00ca\u0300N \u0110\u00d4\u0323NG<\/h4>\n<p>Tay \u0111\u1ec1\/Shifters:Shimano RevoShifter<\/p>\n<p>B\u1ed9 chuy\u1ec3n \u0111\u1ec1 tr\u01b0\u1edbc\/Front Derailleur:-<\/p>\n<p>B\u1ed9 chuy\u1ec3n \u0111\u1ec1 sau\/Rear Derailleur:Shimano Altus RD-M310<\/p>\n<p>Phanh\/Brakes:Mechanical disc brake<\/p>\n<p>Tay phanh\/Brake Levers:-<\/p>\n<p>L\u00edp\/Cassette:Shimano CS-HG200 12x32t<\/p>\n<p>X\u00edch\/Chain:-<\/p>\n<p>\u0110\u00f9i \u0111\u0129a\/Crankset:Forge Alloy 30T w\/CG x140mm<\/p>\n<\/div>\n","protected":false},"excerpt":{"rendered":"<p>\u0110i\u1ec3m n\u1ed5i b\u1eadt STP \u0111\u1eddi m\u1edbi thi\u1ebft k\u1ebf cho tr\u1ebb t\u1eeb 7-12 tu\u1ed5i, \u0111\u1ec3 tr\u1ebb em t\u1ef1 do tr\u1ea3i nghi\u1ec7m cu\u1ed9c s\u1ed1ng, kh\u00edch l\u1ec7 ch\u00fang nh\u00ecn<span class=\"excerpt-hellip\"> [\u2026]<\/span><\/p>\n","protected":false},"featured_media":8939,"comment_status":"closed","ping_status":"closed","template":"","meta":[],"product_cat":[68],"product_tag":[],"class_list":["post-5927","product","type-product","status-publish","has-post-thumbnail","hentry","product_cat-xe-dap-tre-em"],"_links":{"self":[{"href":"https:\/\/xedop.com\/en\/wp-json\/wp\/v2\/product\/5927","targetHints":{"allow":["GET"]}}],"collection":[{"href":"https:\/\/xedop.com\/en\/wp-json\/wp\/v2\/product"}],"about":[{"href":"https:\/\/xedop.com\/en\/wp-json\/wp\/v2\/types\/product"}],"replies":[{"embeddable":true,"href":"https:\/\/xedop.com\/en\/wp-json\/wp\/v2\/comments?post=5927"}],"version-history":[{"count":1,"href":"https:\/\/xedop.com\/en\/wp-json\/wp\/v2\/product\/5927\/revisions"}],"predecessor-version":[{"id":5938,"href":"https:\/\/xedop.com\/en\/wp-json\/wp\/v2\/product\/5927\/revisions\/5938"}],"wp:featuredmedia":[{"embeddable":true,"href":"https:\/\/xedop.com\/en\/wp-json\/wp\/v2\/media\/8939"}],"wp:attachment":[{"href":"https:\/\/xedop.com\/en\/wp-json\/wp\/v2\/media?parent=5927"}],"wp:term":[{"taxonomy":"product_cat","embeddable":true,"href":"https:\/\/xedop.com\/en\/wp-json\/wp\/v2\/product_cat?post=5927"},{"taxonomy":"product_tag","embeddable":true,"href":"https:\/\/xedop.com\/en\/wp-json\/wp\/v2\/product_tag?post=5927"}],"curies":[{"name":"wp","href":"https:\/\/api.w.org\/{rel}","templated":true}]}}