{"id":5977,"date":"2025-06-10T14:51:47","date_gmt":"2025-06-10T07:51:47","guid":{"rendered":"https:\/\/xedop.com\/?post_type=product&#038;p=5977"},"modified":"2026-04-21T14:26:12","modified_gmt":"2026-04-21T07:26:12","slug":"xe-dap-liv-2024-cate-20","status":"publish","type":"product","link":"https:\/\/xedop.com\/en\/san-pham\/xe-dap-liv-2024-cate-20\/","title":{"rendered":"Xe \u0111\u1ea1p LIV 2024 CATE 20"},"content":{"rendered":"<figure id=\"attachment_30441\" class=\"wp-caption aligncenter\" aria-describedby=\"caption-attachment-30441\"><img fetchpriority=\"high\" decoding=\"async\" class=\"wp-image-30441 size-full\" src=\"https:\/\/xedop.com\/wp-content\/uploads\/2025\/06\/xe-dap-liv-2024-cate-20-5977.jpg\" sizes=\"(max-width: 1100px) 100vw, 1100px\" srcset=\"https:\/\/xedop.com\/wp-content\/uploads\/2025\/06\/xe-dap-liv-2024-cate-20-5977.jpg 1100w, https:\/\/giantvietnam.vn\/wp-content\/uploads\/2023\/06\/LIV-2024-CATE-20-768x279.jpg 768w, https:\/\/giantvietnam.vn\/wp-content\/uploads\/2023\/06\/LIV-2024-CATE-20-600x218.jpg 600w\" alt=\"\" width=\"1100\" height=\"400\" \/><figcaption id=\"caption-attachment-30441\" class=\"wp-caption-text\">Xe \u0111\u1ea1p\u00a0<strong>LIV 2024 CATE 20<\/strong>\u00a0khung h\u1ee3p kim nh\u00f4m thi\u1ebft k\u1ebf ri\u00eang cho xe \u0111\u1ea1p leo n\u00fai, ph\u00f9 h\u1ee3p v\u00f3c d\u00e1ng v\u00e0 t\u01b0 th\u1ebf \u0111\u1ea1p xe c\u1ee7a thanh thi\u1ebfu ni\u00ean. Tr\u1ecdng t\u00e2m v\u00e0 khung g\u1ea7m th\u1ea5p gi\u00fap tr\u1ebb d\u1ec5 \u0111i\u1ec1u khi\u1ec3n, t\u0103ng \u0111\u1ed9 an to\u00e0n, tho\u1ea3i m\u00e1i khi di chuy\u1ec3n tr\u00ean nhi\u1ec1u \u0111\u1ecba h\u00ecnh.\u00a0<\/figcaption><\/figure>\n<figure id=\"attachment_30442\" class=\"wp-caption aligncenter\" aria-describedby=\"caption-attachment-30442\"><img decoding=\"async\" class=\"wp-image-30442 size-full\" src=\"https:\/\/xedop.com\/wp-content\/uploads\/2025\/06\/xe-dap-liv-2024-cate-20-5977-1.jpg\" sizes=\"(max-width: 1100px) 100vw, 1100px\" srcset=\"https:\/\/xedop.com\/wp-content\/uploads\/2025\/06\/xe-dap-liv-2024-cate-20-5977-1.jpg 1100w, https:\/\/giantvietnam.vn\/wp-content\/uploads\/2023\/06\/LIV-2024-CATE-20-1-768x279.jpg 768w, https:\/\/giantvietnam.vn\/wp-content\/uploads\/2023\/06\/LIV-2024-CATE-20-1-600x218.jpg 600w\" alt=\"\" width=\"1100\" height=\"400\" \/><figcaption id=\"caption-attachment-30442\" class=\"wp-caption-text\">Phu\u1ed9c ch\u1ea5t li\u1ec7u th\u00e9p RIGID carbon cao c\u1ea5p, n\u1ed5i b\u1eadt v\u1edbi \u0111\u1ed9 b\u1ec1n v\u01b0\u1ee3t tr\u1ed9i. Ch\u1ea5t li\u1ec7u th\u00e9p carbon mang l\u1ea1i s\u1ef1 an to\u00e0n v\u00e0 tin c\u1eady t\u1ed1i \u0111a.<\/figcaption><\/figure>\n<figure id=\"attachment_30443\" class=\"wp-caption aligncenter\" aria-describedby=\"caption-attachment-30443\"><img decoding=\"async\" class=\"wp-image-30443 size-full\" src=\"https:\/\/xedop.com\/wp-content\/uploads\/2025\/06\/xe-dap-liv-2024-cate-20-5977-2.jpg\" sizes=\"(max-width: 1100px) 100vw, 1100px\" srcset=\"https:\/\/xedop.com\/wp-content\/uploads\/2025\/06\/xe-dap-liv-2024-cate-20-5977-2.jpg 1100w, https:\/\/giantvietnam.vn\/wp-content\/uploads\/2023\/06\/LIV-2024-CATE-20-2-768x279.jpg 768w, https:\/\/giantvietnam.vn\/wp-content\/uploads\/2023\/06\/LIV-2024-CATE-20-2-600x218.jpg 600w\" alt=\"\" width=\"1100\" height=\"400\" \/><figcaption id=\"caption-attachment-30443\" class=\"wp-caption-text\">B\u1ed9 chuy\u1ec3n \u0111\u1ec1 1\u00d77 t\u1ed1c \u0111\u1ed9 gi\u00fap tr\u1ebb d\u1ec5 d\u00e0ng chinh ph\u1ee5c \u0111\u1ecba h\u00ecnh ph\u1ee9c t\u1ea1p. H\u1ec7 th\u1ed1ng sang s\u1ed1 ch\u00ednh x\u00e1c mang l\u1ea1i tr\u1ea3i nghi\u1ec7m \u0111\u1ea1p xe m\u01b0\u1ee3t m\u00e0, linh ho\u1ea1t.\u00a0<\/figcaption><\/figure>\n<figure id=\"attachment_30445\" class=\"wp-caption aligncenter\" aria-describedby=\"caption-attachment-30445\"><img loading=\"lazy\" decoding=\"async\" class=\"wp-image-30445 size-full\" src=\"https:\/\/xedop.com\/wp-content\/uploads\/2025\/06\/xe-dap-liv-2024-cate-20-5977-3.jpg\" sizes=\"(max-width: 1100px) 100vw, 1100px\" srcset=\"https:\/\/xedop.com\/wp-content\/uploads\/2025\/06\/xe-dap-liv-2024-cate-20-5977-3.jpg 1100w, https:\/\/giantvietnam.vn\/wp-content\/uploads\/2023\/06\/LIV-2024-CATE-20-3-768x279.jpg 768w, https:\/\/giantvietnam.vn\/wp-content\/uploads\/2023\/06\/LIV-2024-CATE-20-3-600x218.jpg 600w\" alt=\"\" width=\"1100\" height=\"400\" \/><figcaption id=\"caption-attachment-30445\" class=\"wp-caption-text\">Tay c\u1ea7m \u0111\u01b0\u1eddng k\u00ednh nh\u1ecf 25mm, ph\u00f9 h\u1ee3p v\u1edbi b\u00e0n tay nh\u1ecf gi\u00fap c\u1ea7m n\u1eafm d\u1ec5 d\u00e0ng, ch\u1eafc ch\u1eafn. Tay phanh h\u1ee3p kim nh\u00f4m nh\u1eb9, ti\u1ebft ki\u1ec7m l\u1ef1c, h\u1ed7 tr\u1ee3 tr\u1ebb phanh an to\u00e0n v\u00e0 hi\u1ec7u qu\u1ea3 khi \u0111\u1ea1p xe.\u00a0<\/figcaption><\/figure>\n<figure id=\"attachment_30446\" class=\"wp-caption aligncenter\" aria-describedby=\"caption-attachment-30446\"><img loading=\"lazy\" decoding=\"async\" class=\"wp-image-30446 size-full\" src=\"https:\/\/xedop.com\/wp-content\/uploads\/2025\/06\/xe-dap-liv-2024-cate-20-5977-4.jpg\" sizes=\"(max-width: 1100px) 100vw, 1100px\" srcset=\"https:\/\/xedop.com\/wp-content\/uploads\/2025\/06\/xe-dap-liv-2024-cate-20-5977-4.jpg 1100w, https:\/\/giantvietnam.vn\/wp-content\/uploads\/2023\/06\/LIV-2024-CATE-20-4-768x279.jpg 768w, https:\/\/giantvietnam.vn\/wp-content\/uploads\/2023\/06\/LIV-2024-CATE-20-4-600x218.jpg 600w\" alt=\"\" width=\"1100\" height=\"400\" \/><figcaption id=\"caption-attachment-30446\" class=\"wp-caption-text\">T\u1ea5m ch\u1eafn b\u00f9n tr\u01b0\u1edbc ti\u00eau chu\u1ea9n, thi\u1ebft k\u1ebf \u0111\u1eb9p m\u1eaft, h\u00e0i h\u00f2a v\u1edbi t\u1ed5ng th\u1ec3 xe, t\u0103ng th\u1ea9m m\u1ef9 v\u00e0 b\u1ea3o v\u1ec7 hi\u1ec7u qu\u1ea3 khi di chuy\u1ec3n.<\/figcaption><\/figure>\n<figure id=\"attachment_30447\" class=\"wp-caption aligncenter\" aria-describedby=\"caption-attachment-30447\"><img loading=\"lazy\" decoding=\"async\" class=\"wp-image-30447 size-full\" src=\"https:\/\/xedop.com\/wp-content\/uploads\/2025\/06\/xe-dap-liv-2024-cate-20-5977-5.jpg\" sizes=\"(max-width: 1100px) 100vw, 1100px\" srcset=\"https:\/\/xedop.com\/wp-content\/uploads\/2025\/06\/xe-dap-liv-2024-cate-20-5977-5.jpg 1100w, https:\/\/giantvietnam.vn\/wp-content\/uploads\/2023\/06\/LIV-2024-CATE-20-5-768x279.jpg 768w, https:\/\/giantvietnam.vn\/wp-content\/uploads\/2023\/06\/LIV-2024-CATE-20-5-600x218.jpg 600w\" alt=\"\" width=\"1100\" height=\"400\" \/><figcaption id=\"caption-attachment-30447\" class=\"wp-caption-text\">V\u1ecf b\u1ecdc tr\u01b0\u1edbc thi\u1ebft k\u1ebf k\u00edn ho\u00e0n to\u00e0n b\u1eb1ng x\u1ed1p EVA, gi\u00fap gi\u1ea3m ch\u1ea5n v\u00e0 b\u1ea3o v\u1ec7 tr\u1ebb khi phanh g\u1ea5p ho\u1eb7c va ch\u1ea1m trong l\u00fac \u0111\u1ea1p xe.\u00a0<\/figcaption><\/figure>\n<figure id=\"attachment_30448\" class=\"wp-caption aligncenter\" aria-describedby=\"caption-attachment-30448\"><img loading=\"lazy\" decoding=\"async\" class=\"wp-image-30448 size-full\" src=\"https:\/\/xedop.com\/wp-content\/uploads\/2025\/06\/xe-dap-liv-2024-cate-20-5977-6.jpg\" sizes=\"(max-width: 1100px) 100vw, 1100px\" srcset=\"https:\/\/xedop.com\/wp-content\/uploads\/2025\/06\/xe-dap-liv-2024-cate-20-5977-6.jpg 1100w, https:\/\/giantvietnam.vn\/wp-content\/uploads\/2023\/06\/LIV-2024-CATE-20-6-768x279.jpg 768w, https:\/\/giantvietnam.vn\/wp-content\/uploads\/2023\/06\/LIV-2024-CATE-20-6-600x218.jpg 600w\" alt=\"\" width=\"1100\" height=\"400\" \/><figcaption id=\"caption-attachment-30448\" class=\"wp-caption-text\">Y\u00ean xe thi\u1ebft k\u1ebf \u0111\u1eb7c bi\u1ec7t cho thanh thi\u1ebfu ni\u00ean, \u00eam \u00e1i v\u00e0 v\u1eeba v\u1eb7n, mang l\u1ea1i c\u1ea3m gi\u00e1c tho\u1ea3i m\u00e1i khi \u0111\u1ea1p xe.<\/figcaption><\/figure>\n<figure id=\"attachment_30449\" class=\"wp-caption aligncenter\" aria-describedby=\"caption-attachment-30449\"><img loading=\"lazy\" decoding=\"async\" class=\"wp-image-30449 size-full\" src=\"https:\/\/xedop.com\/wp-content\/uploads\/2025\/06\/xe-dap-liv-2024-cate-20-5977-7.jpg\" sizes=\"(max-width: 1100px) 100vw, 1100px\" srcset=\"https:\/\/xedop.com\/wp-content\/uploads\/2025\/06\/xe-dap-liv-2024-cate-20-5977-7.jpg 1100w, https:\/\/giantvietnam.vn\/wp-content\/uploads\/2023\/06\/LIV-2024-CATE-20-7-768x279.jpg 768w, https:\/\/giantvietnam.vn\/wp-content\/uploads\/2023\/06\/LIV-2024-CATE-20-7-600x218.jpg 600w\" alt=\"\" width=\"1100\" height=\"400\" \/><figcaption id=\"caption-attachment-30449\" class=\"wp-caption-text\">L\u1ed1p xe v\u1edbi c\u1ee1 b\u00e1nh 20\u2033x1.95\u2033 v\u1edbi gai nh\u1ecf t\u0103ng di\u1ec7n t\u00edch ti\u1ebfp x\u00fac, gai vai l\u1edbn gi\u1ea3m l\u1ef1c c\u1ea3n, gi\u00fap tr\u1ebb \u0111\u1ea1p xe \u00eam, \u1ed5n \u0111\u1ecbnh v\u00e0 linh ho\u1ea1t khi \u0111i th\u1eb3ng hay r\u1ebd.<\/figcaption><\/figure>\n<figure id=\"attachment_30450\" class=\"wp-caption aligncenter\" aria-describedby=\"caption-attachment-30450\"><img loading=\"lazy\" decoding=\"async\" class=\"wp-image-30450 size-full\" src=\"https:\/\/xedop.com\/wp-content\/uploads\/2025\/06\/xe-dap-liv-2024-cate-20-5977-8.jpg\" sizes=\"(max-width: 1100px) 100vw, 1100px\" srcset=\"https:\/\/xedop.com\/wp-content\/uploads\/2025\/06\/xe-dap-liv-2024-cate-20-5977-8.jpg 1100w, https:\/\/giantvietnam.vn\/wp-content\/uploads\/2023\/06\/LIV-2024-CATE-20-9-768x279.jpg 768w, https:\/\/giantvietnam.vn\/wp-content\/uploads\/2023\/06\/LIV-2024-CATE-20-9-600x218.jpg 600w\" alt=\"\" width=\"1100\" height=\"400\" \/><figcaption id=\"caption-attachment-30450\" class=\"wp-caption-text\">Ngo\u1ea1i h\u00ecnh d\u1ec5 th\u01b0\u01a1ng v\u1edbi m\u00e0u s\u1eafc nh\u01b0 c\u00f4ng ch\u00faa c\u1ed5 t\u00edch, \u0111\u1eb7c bi\u1ec7t ph\u00f9 h\u1ee3p v\u1edbi b\u00e9 g\u00e1i. Nh\u00e3n d\u00e1n h\u00ecnh v\u1ecf s\u00f2, sao bi\u1ec3n sinh \u0111\u1ed9ng, t\u1ea1o n\u00e9t ng\u1ed9 ngh\u0129nh v\u00e0 cu\u1ed1n h\u00fat.<\/p>\n<div>\n<h4>KHUNG<\/h4>\n<p>K\u00edch c\u1ee1\/Sizes:20<\/p>\n<p>M\u00e0u s\u1eafc\/Colors:T\u00edm<\/p>\n<p>Ch\u1ea5t li\u1ec7u khung\/Frame:GIANT 20\u201d H\u1ee3p kim nh\u00f4m ALUXX<\/p>\n<p>Phu\u1ed9c\/Fork:Th\u00e9p RIGID carbon<\/p>\n<p>Gi\u1ea3m x\u00f3c\/Shock:&#8212;<\/p>\n<h4>H\u00ca\u0323 TH\u00d4\u0301NG BA\u0301NH XE<\/h4>\n<p>V\u00e0nh xe\/Rims:H\u1ee3p kim nh\u00f4m<\/p>\n<p>Moay \u01a1\/Hubs:H\u1ee3p kim nh\u00f4m Peilin<\/p>\n<p>Nan hoa\/Spokes:14G HTSS<\/p>\n<p>L\u1ed1p xe\/Tires:20&#215;1.95 22TPI<\/p>\n<h4>KHA\u0301C<\/h4>\n<p>Th\u00eam\/Extras:(m\u1ed9t s\u1ed1 linh ki\u1ec7n c\u00f3 th\u1ec3 thay \u0111\u1ed5i lo\u1ea1i t\u01b0\u01a1ng \u0111\u01b0\u01a1ng theo th\u1ef1c t\u1ebf)<\/p>\n<\/div>\n<div>\n<h4>CA\u0301C B\u00d4\u0323 PH\u00c2\u0323N<\/h4>\n<p>Ghi \u0111\u00f4ng\/Handlebar:H\u1ee3p kim nh\u00f4m<\/p>\n<p>P\u00f4 t\u0103ng\/Stem:H\u1ee3p kim nh\u00f4m 31.8<\/p>\n<p>C\u1ecdc y\u00ean\/Seatpost:H\u1ee3p kim nh\u00f4m 27.2<\/p>\n<p>Y\u00ean\/Saddle:Thanh thi\u1ebfu ni\u00ean<\/p>\n<p>Ba\u0300n \u0111a\u0323p\/Pedals:C\u00f3 s\u1eb5n<\/p>\n<h4>B\u00d4\u0323 TRUY\u00ca\u0300N \u0110\u00d4\u0323NG<\/h4>\n<p>Tay \u0111\u1ec1\/Shifters:SHIMANO SL-RV200-7R<\/p>\n<p>B\u1ed9 chuy\u1ec3n \u0111\u1ec1 tr\u01b0\u1edbc\/Front Derailleur:&#8212;<\/p>\n<p>B\u1ed9 chuy\u1ec3n \u0111\u1ec1 sau\/Rear Derailleur:SHIMANO RD-FT35 7s<\/p>\n<p>Phanh\/Brakes:Phanh V, h\u1ee3p kim nh\u00f4m<\/p>\n<p>Tay phanh\/Brake Levers:&#8212;<\/p>\n<p>L\u00edp\/Cassette:7S 14-28T<\/p>\n<p>X\u00edch\/Chain:N\/A<\/p>\n<p>\u0110\u00f9i \u0111\u0129a\/Crankset:H\u1ee3p kim nh\u00f4m 36T<\/p>\n<\/div>\n<\/figcaption><\/figure>\n","protected":false},"excerpt":{"rendered":"<p>Xe \u0111\u1ea1p\u00a0LIV 2024 CATE 20\u00a0khung h\u1ee3p kim nh\u00f4m thi\u1ebft k\u1ebf ri\u00eang cho xe \u0111\u1ea1p leo n\u00fai, ph\u00f9 h\u1ee3p v\u00f3c d\u00e1ng v\u00e0 t\u01b0 th\u1ebf \u0111\u1ea1p xe c\u1ee7a<span class=\"excerpt-hellip\"> [\u2026]<\/span><\/p>\n","protected":false},"featured_media":9600,"comment_status":"closed","ping_status":"closed","template":"","meta":[],"product_cat":[68],"product_tag":[],"class_list":["post-5977","product","type-product","status-publish","has-post-thumbnail","hentry","product_cat-xe-dap-tre-em"],"_links":{"self":[{"href":"https:\/\/xedop.com\/en\/wp-json\/wp\/v2\/product\/5977","targetHints":{"allow":["GET"]}}],"collection":[{"href":"https:\/\/xedop.com\/en\/wp-json\/wp\/v2\/product"}],"about":[{"href":"https:\/\/xedop.com\/en\/wp-json\/wp\/v2\/types\/product"}],"replies":[{"embeddable":true,"href":"https:\/\/xedop.com\/en\/wp-json\/wp\/v2\/comments?post=5977"}],"version-history":[{"count":3,"href":"https:\/\/xedop.com\/en\/wp-json\/wp\/v2\/product\/5977\/revisions"}],"predecessor-version":[{"id":9620,"href":"https:\/\/xedop.com\/en\/wp-json\/wp\/v2\/product\/5977\/revisions\/9620"}],"wp:featuredmedia":[{"embeddable":true,"href":"https:\/\/xedop.com\/en\/wp-json\/wp\/v2\/media\/9600"}],"wp:attachment":[{"href":"https:\/\/xedop.com\/en\/wp-json\/wp\/v2\/media?parent=5977"}],"wp:term":[{"taxonomy":"product_cat","embeddable":true,"href":"https:\/\/xedop.com\/en\/wp-json\/wp\/v2\/product_cat?post=5977"},{"taxonomy":"product_tag","embeddable":true,"href":"https:\/\/xedop.com\/en\/wp-json\/wp\/v2\/product_tag?post=5977"}],"curies":[{"name":"wp","href":"https:\/\/api.w.org\/{rel}","templated":true}]}}