{"id":5990,"date":"2025-06-10T14:57:07","date_gmt":"2025-06-10T07:57:07","guid":{"rendered":"https:\/\/xedop.com\/?post_type=product&#038;p=5990"},"modified":"2025-06-20T22:08:18","modified_gmt":"2025-06-20T15:08:18","slug":"xe-dap-giant-2025-atx-24-d-1","status":"publish","type":"product","link":"https:\/\/xedop.com\/en\/san-pham\/xe-dap-giant-2025-atx-24-d-1\/","title":{"rendered":"Xe \u0111\u1ea1p GIANT 2025 ATX 24 D 1"},"content":{"rendered":"<div>\n<h4>KHUNG<\/h4>\n<p>K\u00edch c\u1ee1\/Sizes:24<\/p>\n<p>M\u00e0u s\u1eafc\/Colors:\u0110en, Tr\u1eafng<\/p>\n<p>Ch\u1ea5t li\u1ec7u khung\/Frame:GIANT ALUXX<\/p>\n<p>Phu\u1ed9c\/Fork:H\u1ee3p kim nh\u00f4m<\/p>\n<p>Gi\u1ea3m x\u00f3c\/Shock:-<\/p>\n<h4>H\u00ca\u0323 TH\u00d4\u0301NG BA\u0301NH XE<\/h4>\n<p>V\u00e0nh xe\/Rims:H\u1ee3p kim nh\u00f4m 2 l\u1edbp 24<\/p>\n<p>Moay \u01a1\/Hubs:H\u1ee3p kim nh\u00f4m<\/p>\n<p>Nan hoa\/Spokes:14G<\/p>\n<p>L\u1ed1p xe\/Tires:24<\/p>\n<h4>KHA\u0301C<\/h4>\n<p>Th\u00eam\/Extras:M\u1ed9t s\u1ed1 linh ki\u1ec7n c\u00f3 th\u1ec3 thay th\u1ebf lo\u1ea1i t\u01b0\u01a1ng \u0111\u01b0\u01a1ng<\/p>\n<\/div>\n<div>\n<h4>CA\u0301C B\u00d4\u0323 PH\u00c2\u0323N<\/h4>\n<p>Ghi \u0111\u00f4ng\/Handlebar:H\u1ee3p kim nh\u00f4m<\/p>\n<p>P\u00f4 t\u0103ng\/Stem:H\u1ee3p kim nh\u00f4m<\/p>\n<p>C\u1ecdc y\u00ean\/Seatpost:H\u1ee3p kim nh\u00f4m<\/p>\n<p>Y\u00ean\/Saddle:Th\u1ec3 thao tr\u1ebb em<\/p>\n<p>Ba\u0300n \u0111a\u0323p\/Pedals:C\u00f3 s\u1eb5n<\/p>\n<h4>B\u00d4\u0323 TRUY\u00ca\u0300N \u0110\u00d4\u0323NG<\/h4>\n<p>Tay \u0111\u1ec1\/Shifters:SHIMANO TOURNEY 3x7s<\/p>\n<p>B\u1ed9 chuy\u1ec3n \u0111\u1ec1 tr\u01b0\u1edbc\/Front Derailleur:SHIMANO TOURNEY 3s<\/p>\n<p>B\u1ed9 chuy\u1ec3n \u0111\u1ec1 sau\/Rear Derailleur:SHIMANO TOURNEY 7s<\/p>\n<p>Phanh\/Brakes:\u0110\u0129a d\u1ea7u TEKTRO<\/p>\n<p>Tay phanh\/Brake Levers:Tektro<\/p>\n<p>L\u00edp\/Cassette:7S<\/p>\n<p>X\u00edch\/Chain:KMC<\/p>\n<p>\u0110\u00f9i \u0111\u0129a\/Crankset:Prowheel<\/p>\n<\/div>\n","protected":false},"excerpt":{"rendered":"<p>KHUNG K\u00edch c\u1ee1\/Sizes:24 M\u00e0u s\u1eafc\/Colors:\u0110en, Tr\u1eafng Ch\u1ea5t li\u1ec7u khung\/Frame:GIANT ALUXX Phu\u1ed9c\/Fork:H\u1ee3p kim nh\u00f4m Gi\u1ea3m x\u00f3c\/Shock:- H\u00ca\u0323 TH\u00d4\u0301NG BA\u0301NH XE V\u00e0nh xe\/Rims:H\u1ee3p kim nh\u00f4m 2 l\u1edbp 24<span class=\"excerpt-hellip\"> [\u2026]<\/span><\/p>\n","protected":false},"featured_media":9587,"comment_status":"closed","ping_status":"closed","template":"","meta":[],"product_cat":[68],"product_tag":[],"class_list":["post-5990","product","type-product","status-publish","has-post-thumbnail","hentry","product_cat-xe-dap-tre-em"],"_links":{"self":[{"href":"https:\/\/xedop.com\/en\/wp-json\/wp\/v2\/product\/5990","targetHints":{"allow":["GET"]}}],"collection":[{"href":"https:\/\/xedop.com\/en\/wp-json\/wp\/v2\/product"}],"about":[{"href":"https:\/\/xedop.com\/en\/wp-json\/wp\/v2\/types\/product"}],"replies":[{"embeddable":true,"href":"https:\/\/xedop.com\/en\/wp-json\/wp\/v2\/comments?post=5990"}],"version-history":[{"count":1,"href":"https:\/\/xedop.com\/en\/wp-json\/wp\/v2\/product\/5990\/revisions"}],"predecessor-version":[{"id":5991,"href":"https:\/\/xedop.com\/en\/wp-json\/wp\/v2\/product\/5990\/revisions\/5991"}],"wp:featuredmedia":[{"embeddable":true,"href":"https:\/\/xedop.com\/en\/wp-json\/wp\/v2\/media\/9587"}],"wp:attachment":[{"href":"https:\/\/xedop.com\/en\/wp-json\/wp\/v2\/media?parent=5990"}],"wp:term":[{"taxonomy":"product_cat","embeddable":true,"href":"https:\/\/xedop.com\/en\/wp-json\/wp\/v2\/product_cat?post=5990"},{"taxonomy":"product_tag","embeddable":true,"href":"https:\/\/xedop.com\/en\/wp-json\/wp\/v2\/product_tag?post=5990"}],"curies":[{"name":"wp","href":"https:\/\/api.w.org\/{rel}","templated":true}]}}