{"id":6019,"date":"2025-06-11T08:16:18","date_gmt":"2025-06-11T01:16:18","guid":{"rendered":"https:\/\/xedop.com\/?post_type=product&#038;p=6019"},"modified":"2025-06-20T21:59:31","modified_gmt":"2025-06-20T14:59:31","slug":"xe-dap-giant-2025-xtc-20-d","status":"publish","type":"product","link":"https:\/\/xedop.com\/en\/san-pham\/xe-dap-giant-2025-xtc-20-d\/","title":{"rendered":"Xe \u0111\u1ea1p GIANT 2025 XTC 20-D"},"content":{"rendered":"<h2>\u0110i\u1ec3m n\u1ed5i b\u1eadt<\/h2>\n<div>\n<p><strong>GIANT s\u1ea3n xu\u1ea5t Seri XTC 20 cho tr\u1ebb em, thi\u1ebft k\u1ebf \u0111a s\u1eafc, b\u1ec1n b\u1ec9, khung h\u1ee3p kim nh\u00f4m ALUXX nh\u1eb9, \u0111\u1ec3 tr\u1ebb em h\u01b0\u1edfng th\u1ee5 th\u00fa vui \u0111\u1ea1p xe.<\/strong><\/p>\n<p>&nbsp;<\/p>\n<figure id=\"attachment_27851\" class=\"wp-caption aligncenter\" aria-describedby=\"caption-attachment-27851\"><img fetchpriority=\"high\" decoding=\"async\" class=\"wp-image-27851 size-full\" src=\"https:\/\/xedop.com\/wp-content\/uploads\/2025\/06\/xe-dap-giant-2025-xtc-20-d-6019.jpg\" sizes=\"(max-width: 1100px) 100vw, 1100px\" srcset=\"https:\/\/xedop.com\/wp-content\/uploads\/2025\/06\/xe-dap-giant-2025-xtc-20-d-6019.jpg 1100w, https:\/\/giantvietnam.vn\/wp-content\/uploads\/2024\/10\/MY25XTC20-D-a-768x489.jpg 768w, https:\/\/giantvietnam.vn\/wp-content\/uploads\/2024\/10\/MY25XTC20-D-a-600x382.jpg 600w\" alt=\"\" width=\"1100\" height=\"700\" \/><figcaption id=\"caption-attachment-27851\" class=\"wp-caption-text\">Khung h\u1ee3p kim nh\u00f4m th\u1ec3 thao GIANT ALUXX, tr\u1ecdng l\u01b0\u1ee3ng ho\u00e1 \u0111\u1ed3ng th\u1eddi v\u1eabn \u0111\u1ea3m b\u1ea3o \u0111\u1ed9 c\u1ee9ng. Thi\u1ebft k\u1ebf t\u1ea1o h\u00ecnh gia t\u1ed9c XTC, ph\u00f9 h\u1ee3p th\u00e2n h\u00ecnh c\u1ee7a tr\u1ebb em, t\u01b0 th\u1ebf \u0111\u1ea1p tho\u1ea3i m\u00e1i, tr\u1ecdng t\u00e2m th\u1ea5p d\u1ec5 d\u00e0ng \u0111i\u1ec1u khi\u1ec3n<\/figcaption><\/figure>\n<figure id=\"attachment_27853\" class=\"wp-caption aligncenter\" aria-describedby=\"caption-attachment-27853\"><img decoding=\"async\" class=\"wp-image-27853 size-full\" src=\"https:\/\/xedop.com\/wp-content\/uploads\/2025\/06\/xe-dap-giant-2025-xtc-20-d-6019-1.jpg\" sizes=\"(max-width: 1100px) 100vw, 1100px\" srcset=\"https:\/\/xedop.com\/wp-content\/uploads\/2025\/06\/xe-dap-giant-2025-xtc-20-d-6019-1.jpg 1100w, https:\/\/giantvietnam.vn\/wp-content\/uploads\/2024\/10\/MY25XTC20-D-a-1-768x489.jpg 768w, https:\/\/giantvietnam.vn\/wp-content\/uploads\/2024\/10\/MY25XTC20-D-a-1-600x382.jpg 600w\" alt=\"\" width=\"1100\" height=\"700\" \/><figcaption id=\"caption-attachment-27853\" class=\"wp-caption-text\">Thi\u1ebft k\u1ebf d\u00e0nh ri\u00eang cho tr\u1ebb em: Thi\u1ebft k\u1ebf tay n\u1eafm, ghi \u0111\u00f4ng nh\u1ecf cho tr\u1ebb em, tay nh\u1ecf v\u1eabn d\u1ec5 d\u00e0ng n\u1eafm \u0111\u01b0\u1ee3c, c\u1ef1 ly tay phanh ng\u1eafn, y\u00ean t\u00e2m h\u01a1n khi phanh xe<\/figcaption><\/figure>\n<p>&nbsp;<\/p>\n<p>&nbsp;<\/p>\n<figure id=\"attachment_27854\" class=\"wp-caption aligncenter\" aria-describedby=\"caption-attachment-27854\"><img decoding=\"async\" class=\"wp-image-27854 size-full\" src=\"https:\/\/xedop.com\/wp-content\/uploads\/2025\/06\/xe-dap-giant-2025-xtc-20-d-6019-2.jpg\" sizes=\"(max-width: 1100px) 100vw, 1100px\" srcset=\"https:\/\/xedop.com\/wp-content\/uploads\/2025\/06\/xe-dap-giant-2025-xtc-20-d-6019-2.jpg 1100w, https:\/\/giantvietnam.vn\/wp-content\/uploads\/2024\/10\/MY25XTC20-D-a-2-768x489.jpg 768w, https:\/\/giantvietnam.vn\/wp-content\/uploads\/2024\/10\/MY25XTC20-D-a-2-600x382.jpg 600w\" alt=\"\" width=\"1100\" height=\"700\" \/><figcaption id=\"caption-attachment-27854\" class=\"wp-caption-text\">M\u1eb7t \u0111\u01b0\u1eddng ph\u1ee9c t\u1ea1p kh\u00f4ng lo l\u1eafng: Thi\u1ebft k\u1ebf \u0111\u0129a \u0111\u01a1n 1x7S, d\u00e0nh cho nh\u1eefng b\u1ea1n nh\u1ecf m\u1edbi bi\u1ebft \u0111i xe s\u1eed d\u1ee5ng, phu\u1ed9c th\u00e9p carbon \u0111\u1ed9 c\u1ee9ng cao c\u00f9ng v\u1edbi l\u1ed1p \u0111\u1ecba h\u00ecnh ta l\u00f4ng h\u1ea1t nh\u1ecf 20\u00d71.95 B\u1ea5t lu\u1eadn \u0111\u1ea1p xe hay r\u1ebd \u0111\u1ec1u thu\u1eadn l\u1ee3i<\/figcaption><\/figure>\n<figure id=\"attachment_27855\" class=\"wp-caption aligncenter\" aria-describedby=\"caption-attachment-27855\"><img loading=\"lazy\" decoding=\"async\" class=\"wp-image-27855 size-full\" src=\"https:\/\/xedop.com\/wp-content\/uploads\/2025\/06\/xe-dap-giant-2025-xtc-20-d-6019-3.jpg\" sizes=\"(max-width: 1100px) 100vw, 1100px\" srcset=\"https:\/\/xedop.com\/wp-content\/uploads\/2025\/06\/xe-dap-giant-2025-xtc-20-d-6019-3.jpg 1100w, https:\/\/giantvietnam.vn\/wp-content\/uploads\/2024\/10\/MY25XTC20-D-a-3-768x489.jpg 768w, https:\/\/giantvietnam.vn\/wp-content\/uploads\/2024\/10\/MY25XTC20-D-a-3-600x382.jpg 600w\" alt=\"\" width=\"1100\" height=\"700\" \/><figcaption id=\"caption-attachment-27855\" class=\"wp-caption-text\">An to\u00e0n \u0111\u1ed3ng h\u00e0nh: Thi\u1ebft k\u1ebf phanh V h\u1ee3p kim nh\u00f4m, an to\u00e0n h\u01a1n khi phanh xe. Khung xe s\u01a1n d\u1ea7u kh\u00e1ng khu\u1ea9n, \u0111\u1ea3m b\u1ea3o s\u1ee9c kho\u1ebb cho tr\u1ebb<\/p>\n<div>\n<h4>KHUNG<\/h4>\n<p>K\u00edch c\u1ee1\/Sizes:20&#8243;X10&#8243;<\/p>\n<p>M\u00e0u s\u1eafc\/Colors:Ghi, tr\u1eafng<\/p>\n<p>Ch\u1ea5t li\u1ec7u khung\/Frame:H\u1ee3p kim nh\u00f4m GIANT XTC 20 ALUXX<\/p>\n<p>Phu\u1ed9c\/Fork:Th\u00e9p Carbon gi\u1ea3m s\u00f3c h\u00e0nh tr\u00ecnh 30mm<\/p>\n<p>Gi\u1ea3m x\u00f3c\/Shock:N\/A<\/p>\n<h4>H\u00ca\u0323 TH\u00d4\u0301NG BA\u0301NH XE<\/h4>\n<p>V\u00e0nh xe\/Rims:H\u1ee3p kim nh\u00f4m 2 l\u1edbp, 28H<\/p>\n<p>Moay \u01a1\/Hubs:Th\u00e9p Carbon<\/p>\n<p>Nan hoa\/Spokes:14G HTSS<\/p>\n<p>L\u1ed1p xe\/Tires:GIANT 20&#215;1.95 A\/V<\/p>\n<h4>KHA\u0301C<\/h4>\n<p>Th\u00eam\/Extras:C\u00f3 s\u1eb5n ch\u00e2n ch\u1ed1ng h\u1ee3p kim nh\u00f4m, ch\u1eafn b\u00f9n tr\u01b0\u1edbc, c\u00f3 \u0111i\u1ec3m ch\u1edd l\u1eafp baga<\/p>\n<\/div>\n<div>\n<h4>CA\u0301C B\u00d4\u0323 PH\u00c2\u0323N<\/h4>\n<p>Ghi \u0111\u00f4ng\/Handlebar:H\u1ee3p kim nh\u00f4m, c\u00e1nh y\u1ebfn, 31.8mm<\/p>\n<p>P\u00f4 t\u0103ng\/Stem:H\u1ee3p kim nh\u00f4m, 31.8mm<\/p>\n<p>C\u1ecdc y\u00ean\/Seatpost:H\u1ee3p kim nh\u00f4m 27.2mm<\/p>\n<p>Y\u00ean\/Saddle:Tr\u1ebb em<\/p>\n<p>Ba\u0300n \u0111a\u0323p\/Pedals:C\u00f3 s\u1eb5n<\/p>\n<h4>B\u00d4\u0323 TRUY\u00ca\u0300N \u0110\u00d4\u0323NG<\/h4>\n<p>Tay \u0111\u1ec1\/Shifters:SHIMANO TOURNEY 7S<\/p>\n<p>B\u1ed9 chuy\u1ec3n \u0111\u1ec1 tr\u01b0\u1edbc\/Front Derailleur:N\/A<\/p>\n<p>B\u1ed9 chuy\u1ec3n \u0111\u1ec1 sau\/Rear Derailleur:SHIMANO TOURNEY 7S<\/p>\n<p>Phanh\/Brakes:N\/A<\/p>\n<p>Tay phanh\/Brake Levers:H\u1ee3p kim nh\u00f4m<\/p>\n<p>L\u00edp\/Cassette:7S 14-28T<\/p>\n<p>X\u00edch\/Chain:14G HTSS<\/p>\n<p>\u0110\u00f9i \u0111\u0129a\/Crankset:H\u1ee3p kim nh\u00f4m 36T<\/p>\n<\/div>\n<\/figcaption><\/figure>\n<\/div>\n","protected":false},"excerpt":{"rendered":"<p>\u0110i\u1ec3m n\u1ed5i b\u1eadt GIANT s\u1ea3n xu\u1ea5t Seri XTC 20 cho tr\u1ebb em, thi\u1ebft k\u1ebf \u0111a s\u1eafc, b\u1ec1n b\u1ec9, khung h\u1ee3p kim nh\u00f4m ALUXX nh\u1eb9, \u0111\u1ec3 tr\u1ebb<span class=\"excerpt-hellip\"> [\u2026]<\/span><\/p>\n","protected":false},"featured_media":9575,"comment_status":"closed","ping_status":"closed","template":"","meta":[],"product_cat":[68],"product_tag":[],"class_list":["post-6019","product","type-product","status-publish","has-post-thumbnail","hentry","product_cat-xe-dap-tre-em"],"_links":{"self":[{"href":"https:\/\/xedop.com\/en\/wp-json\/wp\/v2\/product\/6019","targetHints":{"allow":["GET"]}}],"collection":[{"href":"https:\/\/xedop.com\/en\/wp-json\/wp\/v2\/product"}],"about":[{"href":"https:\/\/xedop.com\/en\/wp-json\/wp\/v2\/types\/product"}],"replies":[{"embeddable":true,"href":"https:\/\/xedop.com\/en\/wp-json\/wp\/v2\/comments?post=6019"}],"version-history":[{"count":1,"href":"https:\/\/xedop.com\/en\/wp-json\/wp\/v2\/product\/6019\/revisions"}],"predecessor-version":[{"id":6032,"href":"https:\/\/xedop.com\/en\/wp-json\/wp\/v2\/product\/6019\/revisions\/6032"}],"wp:featuredmedia":[{"embeddable":true,"href":"https:\/\/xedop.com\/en\/wp-json\/wp\/v2\/media\/9575"}],"wp:attachment":[{"href":"https:\/\/xedop.com\/en\/wp-json\/wp\/v2\/media?parent=6019"}],"wp:term":[{"taxonomy":"product_cat","embeddable":true,"href":"https:\/\/xedop.com\/en\/wp-json\/wp\/v2\/product_cat?post=6019"},{"taxonomy":"product_tag","embeddable":true,"href":"https:\/\/xedop.com\/en\/wp-json\/wp\/v2\/product_tag?post=6019"}],"curies":[{"name":"wp","href":"https:\/\/api.w.org\/{rel}","templated":true}]}}