{"id":6033,"date":"2025-06-11T08:19:13","date_gmt":"2025-06-11T01:19:13","guid":{"rendered":"https:\/\/xedop.com\/?post_type=product&#038;p=6033"},"modified":"2025-06-20T21:56:09","modified_gmt":"2025-06-20T14:56:09","slug":"xe-dap-giant-2025-xtc-24-d-1","status":"publish","type":"product","link":"https:\/\/xedop.com\/en\/san-pham\/xe-dap-giant-2025-xtc-24-d-1\/","title":{"rendered":"Xe \u0111\u1ea1p GIANT 2025 XTC 24-D 1"},"content":{"rendered":"<h2>\u0110i\u1ec3m n\u1ed5i b\u1eadt<\/h2>\n<div>\n<figure id=\"attachment_27917\" class=\"wp-caption aligncenter\" aria-describedby=\"caption-attachment-27917\"><img fetchpriority=\"high\" decoding=\"async\" class=\"wp-image-27917 size-full\" src=\"https:\/\/xedop.com\/wp-content\/uploads\/2025\/06\/xe-dap-giant-2025-xtc-24-d-1-6033.jpg\" sizes=\"(max-width: 1100px) 100vw, 1100px\" srcset=\"https:\/\/xedop.com\/wp-content\/uploads\/2025\/06\/xe-dap-giant-2025-xtc-24-d-1-6033.jpg 1100w, https:\/\/giantvietnam.vn\/wp-content\/uploads\/2024\/09\/2025-XTC-24-D1-1-768x349.jpg 768w, https:\/\/giantvietnam.vn\/wp-content\/uploads\/2024\/09\/2025-XTC-24-D1-1-600x273.jpg 600w\" alt=\"\" width=\"1100\" height=\"500\" \/><figcaption id=\"caption-attachment-27917\" class=\"wp-caption-text\">Ai c\u0169ng c\u00f3 gi\u1ea5c m\u01a1 c\u1ee7a ri\u00eang m\u00ecnh, c\u00f3 th\u1ea5t b\u1ea1i c\u00f3 th\u00e0nh c\u00f4ng. GIANT nghi\u00ean c\u1ee9u d\u00f2ng s\u1ea3n ph\u1ea9m XTC 24 d\u00e0nh ri\u00eang cho thanh thi\u1ebfu ni\u00ean. Thi\u1ebft k\u1ebf \u01b0u ho\u00e1, xe tr\u1ecdng l\u01b0\u1ee3ng nh\u1eb9 v\u1edbi khung GIANT ALUXX.<\/figcaption><\/figure>\n<figure id=\"attachment_27916\" class=\"wp-caption aligncenter\" aria-describedby=\"caption-attachment-27916\"><img decoding=\"async\" class=\"wp-image-27916 size-full\" src=\"https:\/\/xedop.com\/wp-content\/uploads\/2025\/06\/xe-dap-giant-2025-xtc-24-d-1-6033-1.jpg\" sizes=\"(max-width: 1100px) 100vw, 1100px\" srcset=\"https:\/\/xedop.com\/wp-content\/uploads\/2025\/06\/xe-dap-giant-2025-xtc-24-d-1-6033-1.jpg 1100w, https:\/\/giantvietnam.vn\/wp-content\/uploads\/2024\/09\/2025-XTC-24-D1-768x419.jpg 768w, https:\/\/giantvietnam.vn\/wp-content\/uploads\/2024\/09\/2025-XTC-24-D1-600x327.jpg 600w\" alt=\"\" width=\"1100\" height=\"600\" \/><figcaption id=\"caption-attachment-27916\" class=\"wp-caption-text\">Khung h\u1ee3p kim nh\u00f4m, thi\u1ebft k\u1ebf t\u1ea1o h\u00ecnh ki\u1ec3u d\u00e1ng v\u1eadn \u0111\u1ed9ng c\u1ee7a Seri XTC ph\u00f9 h\u1ee3p v\u1edbi thanh thi\u1ebfu ni\u00ean v\u1edbi tr\u1ecdng t\u00e2m th\u1ea5p, gi\u00fap c\u00e1c b\u1ea1n nh\u1ecf d\u1ec5 d\u00e0ng \u0111i\u1ec1u khi\u1ec3n xe.<\/figcaption><\/figure>\n<figure id=\"attachment_27918\" class=\"wp-caption aligncenter\" aria-describedby=\"caption-attachment-27918\"><img decoding=\"async\" class=\"wp-image-27918 size-full\" src=\"https:\/\/xedop.com\/wp-content\/uploads\/2025\/06\/xe-dap-giant-2025-xtc-24-d-1-6033-2.jpg\" sizes=\"(max-width: 1100px) 100vw, 1100px\" srcset=\"https:\/\/xedop.com\/wp-content\/uploads\/2025\/06\/xe-dap-giant-2025-xtc-24-d-1-6033-2.jpg 1100w, https:\/\/giantvietnam.vn\/wp-content\/uploads\/2024\/09\/2025-XTC-24-D1-2-768x419.jpg 768w, https:\/\/giantvietnam.vn\/wp-content\/uploads\/2024\/09\/2025-XTC-24-D1-2-600x327.jpg 600w\" alt=\"\" width=\"1100\" height=\"600\" \/><figcaption id=\"caption-attachment-27918\" class=\"wp-caption-text\">Thi\u1ebft k\u1ebf d\u00e0nh ri\u00eang cho thanh thi\u1ebfu ni\u00ean, tay phanh ng\u1eafn ph\u00f9 h\u1ee3p v\u1edbi b\u00e0n tay c\u1ee7a thanh thi\u1ebfu ni\u00ean.<\/figcaption><\/figure>\n<figure id=\"attachment_27919\" class=\"wp-caption aligncenter\" aria-describedby=\"caption-attachment-27919\"><img loading=\"lazy\" decoding=\"async\" class=\"wp-image-27919 size-full\" src=\"https:\/\/xedop.com\/wp-content\/uploads\/2025\/06\/xe-dap-giant-2025-xtc-24-d-1-6033-3.jpg\" sizes=\"(max-width: 1100px) 100vw, 1100px\" srcset=\"https:\/\/xedop.com\/wp-content\/uploads\/2025\/06\/xe-dap-giant-2025-xtc-24-d-1-6033-3.jpg 1100w, https:\/\/giantvietnam.vn\/wp-content\/uploads\/2024\/09\/2025-XTC-24-D1-3-768x419.jpg 768w, https:\/\/giantvietnam.vn\/wp-content\/uploads\/2024\/09\/2025-XTC-24-D1-3-600x327.jpg 600w\" alt=\"\" width=\"1100\" height=\"600\" \/><figcaption id=\"caption-attachment-27919\" class=\"wp-caption-text\">Ph\u00f9 h\u1ee3p nhi\u1ec1u m\u1eb7t \u0111\u01b0\u1eddng ph\u1ee9c t\u1ea1p, h\u1ec7 th\u1ed1ng chuy\u1ec3n \u0111\u1ec1 3x8s ph\u00f9 h\u1ee3p v\u1edbi nhi\u1ec1u phong c\u00e1ch \u0111\u1ea1p xe kh\u00e1c nhau. An to\u00e0n, \u0111\u00e1ng tin c\u00e2y v\u1edbi phu\u1ed9c gi\u1ea3m ch\u1ea5n h\u1ee3p kim nh\u00f4m, l\u1ed1p \u0111\u1ecba h\u00ecnh h\u1ea1t nh\u1ecf 24\u00d71.95, b\u1ea5t lu\u1eadn \u0111\u1ea1p hay r\u1ebd \u0111\u1ec1u r\u1ea5t d\u1ec5 d\u00e0ng.<\/figcaption><\/figure>\n<figure id=\"attachment_27920\" class=\"wp-caption aligncenter\" aria-describedby=\"caption-attachment-27920\"><img loading=\"lazy\" decoding=\"async\" class=\"wp-image-27920 size-full\" src=\"https:\/\/xedop.com\/wp-content\/uploads\/2025\/06\/xe-dap-giant-2025-xtc-24-d-1-6033-4.jpg\" sizes=\"(max-width: 1100px) 100vw, 1100px\" srcset=\"https:\/\/xedop.com\/wp-content\/uploads\/2025\/06\/xe-dap-giant-2025-xtc-24-d-1-6033-4.jpg 1100w, https:\/\/giantvietnam.vn\/wp-content\/uploads\/2024\/09\/2025-XTC-24-D1-4-768x419.jpg 768w, https:\/\/giantvietnam.vn\/wp-content\/uploads\/2024\/09\/2025-XTC-24-D1-4-600x327.jpg 600w\" alt=\"\" width=\"1100\" height=\"600\" \/><figcaption id=\"caption-attachment-27920\" class=\"wp-caption-text\">Thi\u1ebft k\u1ebf phanh \u0111\u0129a d\u1ea7u h\u1ee3p kim nh\u00f4m, b\u1ea3o \u0111\u1ea3m an to\u00e0n cho chuy\u1ebfn \u0111i v\u1edbi \u0111\u1ed9ng n\u0103ng m\u1ea1nh m\u1ebd, khung xe phun s\u01a1n ch\u1ed1ng \u0111\u1ed9c t\u1ed1t, b\u1ea3o v\u1ec7 s\u1ee9c kho\u1ebb c\u1ee7a tr\u1ebb.<\/p>\n<div>\n<h4>KHUNG<\/h4>\n<p>K\u00edch c\u1ee1\/Sizes:24&#8243;<\/p>\n<p>M\u00e0u s\u1eafc\/Colors:Tr\u1eafng, \u0110en, Ghi<\/p>\n<p>Ch\u1ea5t li\u1ec7u khung\/Frame:H\u1ee3p kim nh\u00f4m GIANT ALUXX 24&#215;12<\/p>\n<p>Phu\u1ed9c\/Fork:H\u1ee3p kim nh\u00f4m, c\u00f3 kho\u00e1, h\u00e0nh tr\u00ecnh 50mm<\/p>\n<p>Gi\u1ea3m x\u00f3c\/Shock:N\/A<\/p>\n<h4>H\u00ca\u0323 TH\u00d4\u0301NG BA\u0301NH XE<\/h4>\n<p>V\u00e0nh xe\/Rims:H\u1ee3p kim nh\u00f4m 2 l\u1edbp<\/p>\n<p>Moay \u01a1\/Hubs:H\u1ee3p kim nh\u00f4m<\/p>\n<p>Nan hoa\/Spokes:14G HTSS<\/p>\n<p>L\u1ed1p xe\/Tires:24X1.95 60TPI A\/V<\/p>\n<h4>KHA\u0301C<\/h4>\n<p>Th\u00eam\/Extras:C\u00f3 s\u1eb5n ch\u00e2n ch\u1ed1ng h\u1ee3p kim nh\u00f4m, c\u00f3 \u0111i\u1ec3m ch\u1edd l\u1eafp baga, ch\u1eafn b\u00f9n<\/p>\n<\/div>\n<div>\n<h4>CA\u0301C B\u00d4\u0323 PH\u00c2\u0323N<\/h4>\n<p>Ghi \u0111\u00f4ng\/Handlebar:H\u1ee3p kim nh\u00f4m 31.8mm<\/p>\n<p>P\u00f4 t\u0103ng\/Stem:H\u1ee3p kim nh\u00f4m 31.8mm<\/p>\n<p>C\u1ecdc y\u00ean\/Seatpost:H\u1ee3p kim nh\u00f4m 27.2mm<\/p>\n<p>Y\u00ean\/Saddle:Thanh thi\u1ebfu ni\u00ean<\/p>\n<p>Ba\u0300n \u0111a\u0323p\/Pedals:C\u00f3 s\u1eb5n<\/p>\n<h4>B\u00d4\u0323 TRUY\u00ca\u0300N \u0110\u00d4\u0323NG<\/h4>\n<p>Tay \u0111\u1ec1\/Shifters:SHIMANO ALTUS 3x8s<\/p>\n<p>B\u1ed9 chuy\u1ec3n \u0111\u1ec1 tr\u01b0\u1edbc\/Front Derailleur:SHIMANO TOURNEY 3s<\/p>\n<p>B\u1ed9 chuy\u1ec3n \u0111\u1ec1 sau\/Rear Derailleur:SHIMANO ALTUS 8s<\/p>\n<p>Phanh\/Brakes:\u0110\u0129a d\u1ea7u Tektro<\/p>\n<p>Tay phanh\/Brake Levers:Tektro<\/p>\n<p>L\u00edp\/Cassette:SHIMANO 8S 12-32T<\/p>\n<p>X\u00edch\/Chain:KMC<\/p>\n<p>\u0110\u00f9i \u0111\u0129a\/Crankset:H\u1ee3p kim nh\u00f4m 24\/34\/42T<\/p>\n<\/div>\n<\/figcaption><\/figure>\n<\/div>\n","protected":false},"excerpt":{"rendered":"<p>\u0110i\u1ec3m n\u1ed5i b\u1eadt Ai c\u0169ng c\u00f3 gi\u1ea5c m\u01a1 c\u1ee7a ri\u00eang m\u00ecnh, c\u00f3 th\u1ea5t b\u1ea1i c\u00f3 th\u00e0nh c\u00f4ng. GIANT nghi\u00ean c\u1ee9u d\u00f2ng s\u1ea3n ph\u1ea9m XTC 24 d\u00e0nh<span class=\"excerpt-hellip\"> [\u2026]<\/span><\/p>\n","protected":false},"featured_media":9569,"comment_status":"closed","ping_status":"closed","template":"","meta":[],"product_cat":[68],"product_tag":[],"class_list":["post-6033","product","type-product","status-publish","has-post-thumbnail","hentry","product_cat-xe-dap-tre-em"],"_links":{"self":[{"href":"https:\/\/xedop.com\/en\/wp-json\/wp\/v2\/product\/6033","targetHints":{"allow":["GET"]}}],"collection":[{"href":"https:\/\/xedop.com\/en\/wp-json\/wp\/v2\/product"}],"about":[{"href":"https:\/\/xedop.com\/en\/wp-json\/wp\/v2\/types\/product"}],"replies":[{"embeddable":true,"href":"https:\/\/xedop.com\/en\/wp-json\/wp\/v2\/comments?post=6033"}],"version-history":[{"count":1,"href":"https:\/\/xedop.com\/en\/wp-json\/wp\/v2\/product\/6033\/revisions"}],"predecessor-version":[{"id":6050,"href":"https:\/\/xedop.com\/en\/wp-json\/wp\/v2\/product\/6033\/revisions\/6050"}],"wp:featuredmedia":[{"embeddable":true,"href":"https:\/\/xedop.com\/en\/wp-json\/wp\/v2\/media\/9569"}],"wp:attachment":[{"href":"https:\/\/xedop.com\/en\/wp-json\/wp\/v2\/media?parent=6033"}],"wp:term":[{"taxonomy":"product_cat","embeddable":true,"href":"https:\/\/xedop.com\/en\/wp-json\/wp\/v2\/product_cat?post=6033"},{"taxonomy":"product_tag","embeddable":true,"href":"https:\/\/xedop.com\/en\/wp-json\/wp\/v2\/product_tag?post=6033"}],"curies":[{"name":"wp","href":"https:\/\/api.w.org\/{rel}","templated":true}]}}