{"id":6051,"date":"2026-04-21T09:22:06","date_gmt":"2026-04-21T02:22:06","guid":{"rendered":"https:\/\/xedop.com\/?post_type=product&#038;p=6051"},"modified":"2026-04-21T15:26:41","modified_gmt":"2026-04-21T08:26:41","slug":"xe-dap-giant-2025-xtc-24-d-2","status":"publish","type":"product","link":"https:\/\/xedop.com\/en\/san-pham\/xe-dap-giant-2025-xtc-24-d-2\/","title":{"rendered":"Xe \u0111\u1ea1p GIANT 2025 XTC 24-D 2"},"content":{"rendered":"<h2>\u0110i\u1ec3m n\u1ed5i b\u1eadt<\/h2>\n<div>\n<figure id=\"attachment_29596\" class=\"wp-caption aligncenter\" aria-describedby=\"caption-attachment-29596\"><img fetchpriority=\"high\" decoding=\"async\" class=\"wp-image-29596 size-full\" src=\"https:\/\/xedop.com\/wp-content\/uploads\/2025\/06\/xe-dap-giant-2025-xtc-24-d-2-6051.jpg\" sizes=\"(max-width: 1100px) 100vw, 1100px\" srcset=\"https:\/\/xedop.com\/wp-content\/uploads\/2025\/06\/xe-dap-giant-2025-xtc-24-d-2-6051.jpg 1100w, https:\/\/giantvietnam.vn\/wp-content\/uploads\/2025\/04\/GIANT-2025-XTC-24-D2-768x419.jpg 768w, https:\/\/giantvietnam.vn\/wp-content\/uploads\/2025\/04\/GIANT-2025-XTC-24-D2-600x327.jpg 600w\" alt=\"\" width=\"1100\" height=\"600\" \/><figcaption id=\"caption-attachment-29596\" class=\"wp-caption-text\">Ai c\u0169ng c\u00f3 nh\u1eefng gi\u1ea5c m\u01a1 \u2013 \u0111\u00f4i khi v\u1ea5p ng\u00e3, \u0111\u00f4i khi th\u00e0nh c\u00f4ng. Hi\u1ec3u \u0111i\u1ec1u \u0111\u00f3, GIANT mang \u0111\u1ebfn d\u00f2ng s\u1ea3n ph\u1ea9m XTC 24 d\u00e0nh ri\u00eang cho thanh thi\u1ebfu ni\u00ean: khung xe ALUXX nh\u1eb9, ch\u1eafc ch\u1eafn, thi\u1ebft k\u1ebf t\u1ed1i \u01b0u gi\u00fap c\u00e1c b\u1ea1n tr\u1ebb t\u1ef1 tin kh\u00e1m ph\u00e1 th\u1ebf gi\u1edbi theo c\u00e1ch c\u1ee7a ri\u00eang m\u00ecnh.<\/figcaption><\/figure>\n<figure id=\"attachment_29597\" class=\"wp-caption aligncenter\" aria-describedby=\"caption-attachment-29597\"><img decoding=\"async\" class=\"wp-image-29597 size-full\" src=\"https:\/\/xedop.com\/wp-content\/uploads\/2025\/06\/xe-dap-giant-2025-xtc-24-d-2-6051-1.jpg\" sizes=\"(max-width: 1100px) 100vw, 1100px\" srcset=\"https:\/\/xedop.com\/wp-content\/uploads\/2025\/06\/xe-dap-giant-2025-xtc-24-d-2-6051-1.jpg 1100w, https:\/\/giantvietnam.vn\/wp-content\/uploads\/2025\/04\/GIANT-2025-XTC-D-2-1-768x419.jpg 768w, https:\/\/giantvietnam.vn\/wp-content\/uploads\/2025\/04\/GIANT-2025-XTC-D-2-1-600x327.jpg 600w\" alt=\"\" width=\"1100\" height=\"600\" \/><figcaption id=\"caption-attachment-29597\" class=\"wp-caption-text\">Khung h\u1ee3p kim nh\u00f4m, thi\u1ebft k\u1ebf t\u1ea1o h\u00ecnh ki\u1ec3u d\u00e1ng v\u1eadn \u0111\u1ed9ng c\u1ee7a Seri XTC ph\u00f9 h\u1ee3p v\u1edbi thanh thi\u1ebfu ni\u00ean v\u1edbi tr\u1ecdng t\u00e2m th\u1ea5p, gi\u00fap c\u00e1c b\u1ea1n nh\u1ecf d\u1ec5 d\u00e0ng \u0111i\u1ec1u khi\u1ec3n xe.<\/figcaption><\/figure>\n<figure id=\"attachment_29598\" class=\"wp-caption aligncenter\" aria-describedby=\"caption-attachment-29598\"><img decoding=\"async\" class=\"wp-image-29598 size-full\" src=\"https:\/\/xedop.com\/wp-content\/uploads\/2025\/06\/xe-dap-giant-2025-xtc-24-d-2-6051-2.jpg\" sizes=\"(max-width: 1100px) 100vw, 1100px\" srcset=\"https:\/\/xedop.com\/wp-content\/uploads\/2025\/06\/xe-dap-giant-2025-xtc-24-d-2-6051-2.jpg 1100w, https:\/\/giantvietnam.vn\/wp-content\/uploads\/2025\/04\/GIANT-2025-XTC-D-2-2-768x419.jpg 768w, https:\/\/giantvietnam.vn\/wp-content\/uploads\/2025\/04\/GIANT-2025-XTC-D-2-2-600x327.jpg 600w\" alt=\"\" width=\"1100\" height=\"600\" \/><figcaption id=\"caption-attachment-29598\" class=\"wp-caption-text\">Xe \u0111\u01b0\u1ee3c thi\u1ebft k\u1ebf ri\u00eang cho thanh thi\u1ebfu ni\u00ean, v\u1edbi tay phanh ng\u1eafn v\u1eeba v\u1eb7n b\u00e0n tay nh\u1ecf \u2013 d\u1ec5 \u0111i\u1ec1u khi\u1ec3n, an to\u00e0n v\u00e0 t\u1ea1o c\u1ea3m gi\u00e1c t\u1ef1 tin ngay t\u1eeb nh\u1eefng h\u00e0nh tr\u00ecnh \u0111\u1ea7u ti\u00ean.<\/figcaption><\/figure>\n<figure id=\"attachment_29599\" class=\"wp-caption aligncenter\" aria-describedby=\"caption-attachment-29599\"><img loading=\"lazy\" decoding=\"async\" class=\"wp-image-29599 size-full\" src=\"https:\/\/xedop.com\/wp-content\/uploads\/2025\/06\/xe-dap-giant-2025-xtc-24-d-2-6051-3.jpg\" sizes=\"(max-width: 1100px) 100vw, 1100px\" srcset=\"https:\/\/xedop.com\/wp-content\/uploads\/2025\/06\/xe-dap-giant-2025-xtc-24-d-2-6051-3.jpg 1100w, https:\/\/giantvietnam.vn\/wp-content\/uploads\/2025\/04\/GIANT-2025-XTC-D-2-3-768x419.jpg 768w, https:\/\/giantvietnam.vn\/wp-content\/uploads\/2025\/04\/GIANT-2025-XTC-D-2-3-600x327.jpg 600w\" alt=\"\" width=\"1100\" height=\"600\" \/><figcaption id=\"caption-attachment-29599\" class=\"wp-caption-text\">\u00cam \u00e1i tr\u00ean t\u1eebng nh\u1ecbp \u0111\u1ea1p, v\u1eefng v\u00e0ng qua m\u1ecdi cung \u0111\u01b0\u1eddng. B\u1ed9 chuy\u1ec3n \u0111\u1ec1 SHIMANO TOURNEY 3\u00d77 t\u1ed1c \u0111\u1ed9 linh ho\u1ea1t, phu\u1ed9c gi\u1ea3m ch\u1ea5n h\u1ee3p kim nh\u00f4m v\u00e0 l\u1ed1p \u0111\u1ecba h\u00ecnh 24\u00d71.95 c\u00f9ng h\u00f2a nh\u1ecbp, mang \u0111\u1ebfn c\u1ea3m gi\u00e1c m\u01b0\u1ee3t m\u00e0, t\u1ef1 tin, d\u00f9 l\u00e0 h\u00e0nh tr\u00ecnh kh\u00e1m ph\u00e1 hay nh\u1eefng ph\u00fat gi\u00e2y th\u1ea3nh th\u01a1i gi\u1eefa ph\u1ed1 quen.<\/figcaption><\/figure>\n<figure id=\"attachment_29600\" class=\"wp-caption aligncenter\" aria-describedby=\"caption-attachment-29600\"><img loading=\"lazy\" decoding=\"async\" class=\"wp-image-29600 size-full\" src=\"https:\/\/xedop.com\/wp-content\/uploads\/2025\/06\/xe-dap-giant-2025-xtc-24-d-2-6051-4.jpg\" sizes=\"(max-width: 1100px) 100vw, 1100px\" srcset=\"https:\/\/xedop.com\/wp-content\/uploads\/2025\/06\/xe-dap-giant-2025-xtc-24-d-2-6051-4.jpg 1100w, https:\/\/giantvietnam.vn\/wp-content\/uploads\/2025\/04\/GIANT-2025-XTC-D-2-4-768x419.jpg 768w, https:\/\/giantvietnam.vn\/wp-content\/uploads\/2025\/04\/GIANT-2025-XTC-D-2-4-600x327.jpg 600w\" alt=\"\" width=\"1100\" height=\"600\" \/><figcaption id=\"caption-attachment-29600\" class=\"wp-caption-text\">An t\u00e2m tr\u00ean t\u1eebng h\u00e0nh tr\u00ecnh. Phanh \u0111\u0129a c\u01a1 h\u1ee3p kim nh\u00f4m an to\u00e0n ch\u00ednh x\u00e1c, ki\u1ec3m so\u00e1t t\u1ed1t c\u1ea3 khi d\u1eebng g\u1ea5p.<\/p>\n<div>\n<h4>KHUNG<\/h4>\n<p>K\u00edch c\u1ee1\/Sizes:24&#8243;<\/p>\n<p>M\u00e0u s\u1eafc\/Colors:Tr\u1eafng, ghi<\/p>\n<p>Ch\u1ea5t li\u1ec7u khung\/Frame:GIANT XTC 24\u201d X12\u201dALUXX<\/p>\n<p>Phu\u1ed9c\/Fork:H\u1ee3p kim nh\u00f4m, c\u00f3 kho\u00e1, h\u00e0nh tr\u00ecnh 50mm<\/p>\n<p>Gi\u1ea3m x\u00f3c\/Shock:N\/A<\/p>\n<h4>H\u00ca\u0323 TH\u00d4\u0301NG BA\u0301NH XE<\/h4>\n<p>V\u00e0nh xe\/Rims:H\u1ee3p kim nh\u00f4m 2 l\u1edbp<\/p>\n<p>Moay \u01a1\/Hubs:H\u1ee3p kim nh\u00f4m<\/p>\n<p>Nan hoa\/Spokes:14G HTSS<\/p>\n<p>L\u1ed1p xe\/Tires:24X1.95 A\/V<\/p>\n<h4>KHA\u0301C<\/h4>\n<p>Th\u00eam\/Extras:C\u00f3 s\u1eb5n ch\u00e2n ch\u1ed1ng h\u1ee3p kim nh\u00f4m, c\u00f3 \u0111i\u1ec3m ch\u1edd l\u1eafp baga, ch\u1eafn b\u00f9n<\/p>\n<\/div>\n<div>\n<h4>CA\u0301C B\u00d4\u0323 PH\u00c2\u0323N<\/h4>\n<p>Ghi \u0111\u00f4ng\/Handlebar:H\u1ee3p kim nh\u00f4m 31.8mm<\/p>\n<p>P\u00f4 t\u0103ng\/Stem:H\u1ee3p kim nh\u00f4m 31.8mm<\/p>\n<p>C\u1ecdc y\u00ean\/Seatpost:H\u1ee3p kim nh\u00f4m 27.2mm<\/p>\n<p>Y\u00ean\/Saddle:Thanh thi\u1ebfu ni\u00ean<\/p>\n<p>Ba\u0300n \u0111a\u0323p\/Pedals:C\u00f3 s\u1eb5n<\/p>\n<h4>B\u00d4\u0323 TRUY\u00ca\u0300N \u0110\u00d4\u0323NG<\/h4>\n<p>Tay \u0111\u1ec1\/Shifters:SHIMANO SL-RV400 3x7s<\/p>\n<p>B\u1ed9 chuy\u1ec3n \u0111\u1ec1 tr\u01b0\u1edbc\/Front Derailleur:SHIMANO FD-TY300 3s<\/p>\n<p>B\u1ed9 chuy\u1ec3n \u0111\u1ec1 sau\/Rear Derailleur:SHIMANO RD-TX800 7s<\/p>\n<p>Phanh\/Brakes:\u0110\u0129a c\u01a1<\/p>\n<p>Tay phanh\/Brake Levers:H\u1ee3p kim nh\u00f4m<\/p>\n<p>L\u00edp\/Cassette:14-34T 7s<\/p>\n<p>X\u00edch\/Chain:KMC 7s<\/p>\n<p>\u0110\u00f9i \u0111\u0129a\/Crankset:H\u1ee3p kim nh\u00f4m 24\/34\/42T<\/p>\n<\/div>\n<\/figcaption><\/figure>\n<\/div>\n","protected":false},"excerpt":{"rendered":"<p>\u0110i\u1ec3m n\u1ed5i b\u1eadt Ai c\u0169ng c\u00f3 nh\u1eefng gi\u1ea5c m\u01a1 \u2013 \u0111\u00f4i khi v\u1ea5p ng\u00e3, \u0111\u00f4i khi th\u00e0nh c\u00f4ng. Hi\u1ec3u \u0111i\u1ec1u \u0111\u00f3, GIANT mang \u0111\u1ebfn d\u00f2ng s\u1ea3n<span class=\"excerpt-hellip\"> [\u2026]<\/span><\/p>\n","protected":false},"featured_media":9565,"comment_status":"closed","ping_status":"closed","template":"","meta":[],"product_cat":[68],"product_tag":[],"class_list":["post-6051","product","type-product","status-publish","has-post-thumbnail","hentry","product_cat-xe-dap-tre-em"],"_links":{"self":[{"href":"https:\/\/xedop.com\/en\/wp-json\/wp\/v2\/product\/6051","targetHints":{"allow":["GET"]}}],"collection":[{"href":"https:\/\/xedop.com\/en\/wp-json\/wp\/v2\/product"}],"about":[{"href":"https:\/\/xedop.com\/en\/wp-json\/wp\/v2\/types\/product"}],"replies":[{"embeddable":true,"href":"https:\/\/xedop.com\/en\/wp-json\/wp\/v2\/comments?post=6051"}],"version-history":[{"count":1,"href":"https:\/\/xedop.com\/en\/wp-json\/wp\/v2\/product\/6051\/revisions"}],"predecessor-version":[{"id":6066,"href":"https:\/\/xedop.com\/en\/wp-json\/wp\/v2\/product\/6051\/revisions\/6066"}],"wp:featuredmedia":[{"embeddable":true,"href":"https:\/\/xedop.com\/en\/wp-json\/wp\/v2\/media\/9565"}],"wp:attachment":[{"href":"https:\/\/xedop.com\/en\/wp-json\/wp\/v2\/media?parent=6051"}],"wp:term":[{"taxonomy":"product_cat","embeddable":true,"href":"https:\/\/xedop.com\/en\/wp-json\/wp\/v2\/product_cat?post=6051"},{"taxonomy":"product_tag","embeddable":true,"href":"https:\/\/xedop.com\/en\/wp-json\/wp\/v2\/product_tag?post=6051"}],"curies":[{"name":"wp","href":"https:\/\/api.w.org\/{rel}","templated":true}]}}