{"id":6067,"date":"2025-06-11T08:24:27","date_gmt":"2025-06-11T01:24:27","guid":{"rendered":"https:\/\/xedop.com\/?post_type=product&#038;p=6067"},"modified":"2026-03-30T14:44:33","modified_gmt":"2026-03-30T07:44:33","slug":"xe-dap-giant-2025-atx-610-24","status":"publish","type":"product","link":"https:\/\/xedop.com\/en\/san-pham\/xe-dap-giant-2025-atx-610-24\/","title":{"rendered":"Xe \u0111\u1ea1p GIANT 2025 ATX 610 24"},"content":{"rendered":"<h2>\u0110i\u1ec3m n\u1ed5i b\u1eadt<\/h2>\n<div>\n<figure id=\"attachment_28933\" class=\"wp-caption aligncenter\" aria-describedby=\"caption-attachment-28933\"><figcaption id=\"caption-attachment-28933\" class=\"wp-caption-text\">\n<figure id=\"attachment_28925\" class=\"wp-caption aligncenter\" aria-describedby=\"caption-attachment-28925\"><img fetchpriority=\"high\" decoding=\"async\" class=\"wp-image-28925 size-full\" src=\"https:\/\/xedop.com\/wp-content\/uploads\/2025\/06\/xe-dap-giant-2025-atx-610-24-6067-20.jpg\" sizes=\"(max-width: 1100px) 100vw, 1100px\" srcset=\"https:\/\/xedop.com\/wp-content\/uploads\/2025\/06\/xe-dap-giant-2025-atx-610-24-6067-20.jpg 1100w, https:\/\/giantvietnam.vn\/wp-content\/uploads\/2025\/02\/GIANT-2025-ATX-610-6-768x419.jpg 768w, https:\/\/giantvietnam.vn\/wp-content\/uploads\/2025\/02\/GIANT-2025-ATX-610-6-600x327.jpg 600w\" alt=\"\" width=\"1100\" height=\"600\" \/><figcaption id=\"caption-attachment-28925\" class=\"wp-caption-text\">Thi\u1ebft k\u1ebf khung h\u1ee3p kim nh\u00f4m ALUXX th\u1ec3 thao d\u00e0nh ri\u00eang cho tr\u1ebb em. T\u1ed1c \u0111\u1ed9 thay \u0111\u1ed5i linh ho\u1ea1t, y\u00ean xe \u0111\u01b0\u1ee3c thi\u1ebft k\u1ebf d\u00e0nh ri\u00eang cho tr\u1ebb em, gi\u00fap tr\u1ebb em t\u1ef1 tin v\u00e0 t\u1eadn h\u01b0\u1edfng ni\u1ec1m vui tr\u1ea3i nghi\u1ec7m khi \u0111\u1ea1p xe.<\/figcaption><\/figure>\n<figure id=\"attachment_28926\" class=\"wp-caption aligncenter\" aria-describedby=\"caption-attachment-28926\"><img decoding=\"async\" class=\"wp-image-28926 size-full\" src=\"https:\/\/xedop.com\/wp-content\/uploads\/2025\/06\/xe-dap-giant-2025-atx-610-24-6067-21.jpg\" sizes=\"(max-width: 1100px) 100vw, 1100px\" srcset=\"https:\/\/xedop.com\/wp-content\/uploads\/2025\/06\/xe-dap-giant-2025-atx-610-24-6067-21.jpg 1100w, https:\/\/giantvietnam.vn\/wp-content\/uploads\/2025\/02\/GIANT-2025-ATX-610-7-768x419.jpg 768w, https:\/\/giantvietnam.vn\/wp-content\/uploads\/2025\/02\/GIANT-2025-ATX-610-7-600x327.jpg 600w\" alt=\"\" width=\"1100\" height=\"600\" \/><figcaption id=\"caption-attachment-28926\" class=\"wp-caption-text\">Phu\u1ed9c gi\u1ea3m ch\u1ea5n th\u00e9p Carbon, gi\u1ea3m ch\u1ea5n h\u00e0nh tr\u00ecnh 40mm k\u1ebft h\u1ee3p c\u00f9ng khung h\u1ee3p kim nh\u00f4m \u1ed5n \u0111\u1ecbnh tr\u00ean c\u00e1c m\u1eb7t \u0111\u01b0\u1eddng ph\u1ee9c t\u1ea1p. Moay \u01a1 l\u1ef1c c\u1ea3n th\u1ea5p l\u1ea1i hi\u1ec7u qu\u1ea3 cao c\u00f9ng v\u00e0nh h\u1ee3p kim nh\u00f4m 2 l\u1edbp, ki\u00ean c\u1ed1, b\u1ec1n b\u1ec9.<\/figcaption><\/figure>\n<figure id=\"attachment_28928\" class=\"wp-caption aligncenter\" aria-describedby=\"caption-attachment-28928\"><img decoding=\"async\" class=\"wp-image-28928 size-full\" src=\"https:\/\/xedop.com\/wp-content\/uploads\/2025\/06\/xe-dap-giant-2025-atx-610-24-6067-22.jpg\" sizes=\"(max-width: 1100px) 100vw, 1100px\" srcset=\"https:\/\/xedop.com\/wp-content\/uploads\/2025\/06\/xe-dap-giant-2025-atx-610-24-6067-22.jpg 1100w, https:\/\/giantvietnam.vn\/wp-content\/uploads\/2025\/02\/GIANT-2025-ATX-610-9-768x292.jpg 768w, https:\/\/giantvietnam.vn\/wp-content\/uploads\/2025\/02\/GIANT-2025-ATX-610-9-600x228.jpg 600w\" alt=\"\" width=\"1100\" height=\"418\" \/><figcaption id=\"caption-attachment-28928\" class=\"wp-caption-text\">B\u1ed9 chuy\u1ec3n \u0111\u1ec1 SHIMANO TOURNEY 3\u00d77 t\u1ed1c \u0111\u1ed9, hi\u1ec3n th\u1ecb b\u1eb1ng s\u1ed1 tr\u1ef1c quan r\u00f5 r\u00e0ng d\u1ec5 \u0111\u1ecdc v\u00e0 t\u1ef1 tin \u0111i\u1ec1u ch\u1ec9nh t\u1ed1c \u0111\u1ed9.<\/figcaption><\/figure>\n<figure id=\"attachment_28930\" class=\"wp-caption aligncenter\" aria-describedby=\"caption-attachment-28930\"><img loading=\"lazy\" decoding=\"async\" class=\"wp-image-28930 size-full\" src=\"https:\/\/xedop.com\/wp-content\/uploads\/2025\/06\/xe-dap-giant-2025-atx-610-24-6067-23.jpg\" sizes=\"(max-width: 1100px) 100vw, 1100px\" srcset=\"https:\/\/xedop.com\/wp-content\/uploads\/2025\/06\/xe-dap-giant-2025-atx-610-24-6067-23.jpg 1100w, https:\/\/giantvietnam.vn\/wp-content\/uploads\/2025\/02\/GIANT-2025-ATX-610-11-768x464.jpg 768w, https:\/\/giantvietnam.vn\/wp-content\/uploads\/2025\/02\/GIANT-2025-ATX-610-11-600x363.jpg 600w\" alt=\"\" width=\"1100\" height=\"665\" \/><figcaption id=\"caption-attachment-28930\" class=\"wp-caption-text\">B\u00e1nh xe 24 inch ph\u00f9 h\u1ee3p tr\u1ebb em c\u00f3 chi\u1ec1u cao 130-150cm. L\u1ed1p 24\u00d71,95 inch gi\u00fap xe c\u00f3 \u0111\u1ed9 b\u00e1n \u0111\u01b0\u1eddng t\u1ed1t h\u01a1n, t\u1ef1 tin h\u01a1n trong nhi\u1ec1u lo\u1ea1i \u0111\u1ecba h\u00ecnh kh\u00e1c nhau.<\/figcaption><\/figure>\n<p>&nbsp;<\/p>\n<p>&nbsp;<\/p>\n<figure id=\"attachment_28933\" class=\"wp-caption aligncenter\" aria-describedby=\"caption-attachment-28933\"><img loading=\"lazy\" decoding=\"async\" class=\"wp-image-28933 size-full\" src=\"https:\/\/xedop.com\/wp-content\/uploads\/2025\/06\/xe-dap-giant-2025-atx-610-24-6067-24.jpg\" sizes=\"(max-width: 1100px) 100vw, 1100px\" srcset=\"https:\/\/xedop.com\/wp-content\/uploads\/2025\/06\/xe-dap-giant-2025-atx-610-24-6067-24.jpg 1100w, https:\/\/giantvietnam.vn\/wp-content\/uploads\/2025\/02\/GIANT-2025-ATX-610-13-768x346.jpg 768w, https:\/\/giantvietnam.vn\/wp-content\/uploads\/2025\/02\/GIANT-2025-ATX-610-13-600x271.jpg 600w\" alt=\"\" width=\"1100\" height=\"496\" \/><figcaption id=\"caption-attachment-28933\" class=\"wp-caption-text\">Phanh \u0111\u0129a c\u01a1 h\u1ee3p kim nh\u00f4m mang l\u1ea1i l\u1ef1c phanh an to\u00e0n.<\/figcaption><\/figure>\n<div>\n<h4>KHUNG<\/h4>\n<p>K\u00edch c\u1ee1\/Sizes:Tr\u1ebb em 24&#8243;<\/p>\n<p>M\u00e0u s\u1eafc\/Colors:\u0110en, Ghi, Tr\u1eafng<\/p>\n<p>Ch\u1ea5t li\u1ec7u khung\/Frame:GIANT h\u1ee3p kim nh\u00f4m 24\u201dx12\u201d<\/p>\n<p>Phu\u1ed9c\/Fork:Th\u00e9p Carbon, gi\u1ea3m ch\u1ea5n h\u00e0nh tr\u00ecnh 40mm<\/p>\n<p>Gi\u1ea3m x\u00f3c\/Shock:N\/A<\/p>\n<h4>H\u00ca\u0323 TH\u00d4\u0301NG BA\u0301NH XE<\/h4>\n<p>V\u00e0nh xe\/Rims:H\u1ee3p kim nh\u00f4m 2 l\u1edbp<\/p>\n<p>Moay \u01a1\/Hubs:H\u1ee3p kim nh\u00f4m<\/p>\n<p>Nan hoa\/Spokes:14G HTSS<\/p>\n<p>L\u1ed1p xe\/Tires:GIANT 24&#215;1.95 A\/V<\/p>\n<h4>KHA\u0301C<\/h4>\n<p>Th\u00eam\/Extras:C\u00f3 s\u1eb5n ch\u00e2n ch\u1ed1ng, c\u00f3 \u0111i\u1ec3m ch\u1edd l\u1eafp baga ch\u1eafn b\u00f9n<\/p>\n<\/div>\n<div>\n<h4>CA\u0301C B\u00d4\u0323 PH\u00c2\u0323N<\/h4>\n<p>Ghi \u0111\u00f4ng\/Handlebar:GIANT h\u1ee3p kim nh\u00f4m<\/p>\n<p>P\u00f4 t\u0103ng\/Stem:H\u1ee3p kim nh\u00f4m, c\u00f3 th\u1ec3 \u0111i\u1ec1u ch\u1ec9nh l\u00ean xu\u1ed1ng 20 \u0111\u1ed9<\/p>\n<p>C\u1ecdc y\u00ean\/Seatpost:H\u1ee3p kim nh\u00f4m, 30.9mm<\/p>\n<p>Y\u00ean\/Saddle:Tr\u1ebb em<\/p>\n<p>Ba\u0300n \u0111a\u0323p\/Pedals:C\u00f3 s\u1eb5n<\/p>\n<h4>B\u00d4\u0323 TRUY\u00ca\u0300N \u0110\u00d4\u0323NG<\/h4>\n<p>Tay \u0111\u1ec1\/Shifters:SHIMANO TOURNEY 3x7s<\/p>\n<p>B\u1ed9 chuy\u1ec3n \u0111\u1ec1 tr\u01b0\u1edbc\/Front Derailleur:SHIMANO TOURNEY 3s<\/p>\n<p>B\u1ed9 chuy\u1ec3n \u0111\u1ec1 sau\/Rear Derailleur:SHIMANO TOURNEY 7s<\/p>\n<p>Phanh\/Brakes:\u0110\u0129a c\u01a1 h\u1ee3p kim nh\u00f4m<\/p>\n<p>Tay phanh\/Brake Levers:H\u1ee3p kim nh\u00f4m<\/p>\n<p>L\u00edp\/Cassette:7S 14-28T<\/p>\n<p>X\u00edch\/Chain:KMC 7s<\/p>\n<p>\u0110\u00f9i \u0111\u0129a\/Crankset:GIANT 42\/34\/24T<\/p>\n<\/div>\n<\/figcaption><\/figure>\n<\/div>\n","protected":false},"excerpt":{"rendered":"<p>\u0110i\u1ec3m n\u1ed5i b\u1eadt Thi\u1ebft k\u1ebf khung h\u1ee3p kim nh\u00f4m ALUXX th\u1ec3 thao d\u00e0nh ri\u00eang cho tr\u1ebb em. T\u1ed1c \u0111\u1ed9 thay \u0111\u1ed5i linh ho\u1ea1t, y\u00ean xe \u0111\u01b0\u1ee3c<span class=\"excerpt-hellip\"> [\u2026]<\/span><\/p>\n","protected":false},"featured_media":9539,"comment_status":"closed","ping_status":"closed","template":"","meta":[],"product_cat":[68],"product_tag":[],"class_list":["post-6067","product","type-product","status-publish","has-post-thumbnail","hentry","product_cat-xe-dap-tre-em"],"_links":{"self":[{"href":"https:\/\/xedop.com\/en\/wp-json\/wp\/v2\/product\/6067","targetHints":{"allow":["GET"]}}],"collection":[{"href":"https:\/\/xedop.com\/en\/wp-json\/wp\/v2\/product"}],"about":[{"href":"https:\/\/xedop.com\/en\/wp-json\/wp\/v2\/types\/product"}],"replies":[{"embeddable":true,"href":"https:\/\/xedop.com\/en\/wp-json\/wp\/v2\/comments?post=6067"}],"version-history":[{"count":6,"href":"https:\/\/xedop.com\/en\/wp-json\/wp\/v2\/product\/6067\/revisions"}],"predecessor-version":[{"id":9564,"href":"https:\/\/xedop.com\/en\/wp-json\/wp\/v2\/product\/6067\/revisions\/9564"}],"wp:featuredmedia":[{"embeddable":true,"href":"https:\/\/xedop.com\/en\/wp-json\/wp\/v2\/media\/9539"}],"wp:attachment":[{"href":"https:\/\/xedop.com\/en\/wp-json\/wp\/v2\/media?parent=6067"}],"wp:term":[{"taxonomy":"product_cat","embeddable":true,"href":"https:\/\/xedop.com\/en\/wp-json\/wp\/v2\/product_cat?post=6067"},{"taxonomy":"product_tag","embeddable":true,"href":"https:\/\/xedop.com\/en\/wp-json\/wp\/v2\/product_tag?post=6067"}],"curies":[{"name":"wp","href":"https:\/\/api.w.org\/{rel}","templated":true}]}}