{"id":611,"date":"2025-06-02T16:29:57","date_gmt":"2025-06-02T09:29:57","guid":{"rendered":"https:\/\/xedop.com\/?post_type=product&#038;p=611"},"modified":"2025-07-14T11:28:35","modified_gmt":"2025-07-14T04:28:35","slug":"xe-dap-dia-hinh-orbea-occam-sl-h30","status":"publish","type":"product","link":"https:\/\/xedop.com\/en\/san-pham\/xe-dap-dia-hinh-orbea-occam-sl-h30\/","title":{"rendered":"Xe \u0111\u1ea1p \u0111\u1ecba h\u00ecnh ORBEA OCCAM SL H30 &#8211; size S"},"content":{"rendered":"<div>\n<div>\n<h3>FRAMES (H\u1ec7 th\u1ed1ng khung)<\/h3>\n<\/div>\n<div><span class=\"reference\">FRAME (Khung): <\/span>Orbea Occam Hydro. Concentric Boost 12&#215;148 rear axle. Pure Trail geometry. Internal cable routing. Asymmetric design. 29&#8243; wheels. Linkage compatible with OC multitool<\/div>\n<div><span class=\"reference\">SHOCK (Phu\u1ed9c sau): <\/span>Fox Float Performance Remote Push-lock Evol custom tune 210x50mm<\/div>\n<div>\n<p><span class=\"reference\">FORK (Phu\u1ed9c tr\u01b0\u1edbc): <\/span>Marzocchi Bomber Z2 140 Remote Push-Lock QR15x110<\/p>\n<div>\n<div><\/div>\n<\/div>\n<\/div>\n<div><span class=\"reference\">HEADSET: <\/span>FSA 1-1\/2&#8243; Integrated Aluminium Cup<\/div>\n<div>\n<p><span class=\"reference\">VINYL FRAME PROTECTOR: <\/span>N\/A<\/p>\n<div>\n<div><span style=\"font-size: 25px;\">DRIVETRAIN (H\u1ec7 th\u1ed1ng truy\u1ec1n \u0111\u1ed9ng)<\/span><\/div>\n<\/div>\n<\/div>\n<\/div>\n<div>\n<div><span class=\"reference\">CRANKSET (\u0110\u00f9i \u0111\u0129a): <\/span>Forged alloy, 32t<\/div>\n<div><span class=\"reference\">SHIFTERS (Tay \u0111\u1ec1): <\/span>Shimano Deore M6100<\/div>\n<div><span class=\"reference\">CASSETTE (L\u00edp): <\/span>Shimano CS-M6100 10-51t 12-Speed<\/div>\n<div><span class=\"reference\">REAR DERAILLEUR (Chuy\u1ec3n \u0111\u1ec1 sau): <\/span>Shimano Deore M6100 SGS Shadow Plus<\/div>\n<div><span class=\"reference\">CHAIN (X\u00edch): <\/span>Shimano M6100<\/div>\n<\/div>\n<div>\n<div>\n<h3>COCKPIT<\/h3>\n<\/div>\n<div><span class=\"reference\">HANDLEBAR (Ghi \u0111\u00f4ng): <\/span>OC Mountain Control MC30, Rise20, Width 800<\/div>\n<div><span class=\"reference\">STEM: <\/span>OC Mountain Control MC20, 0\u00ba<\/div>\n<div>\n<p><span class=\"reference\">COMPUTER MOUNT: <\/span>N\/A<\/p>\n<div>\n<div><\/div>\n<\/div>\n<\/div>\n<\/div>\n<div>\n<div>\n<h3>BRAKES (Phanh)<\/h3>\n<\/div>\n<div>\n<p><span class=\"reference\">BRAKES: <\/span>Shimano MT201 Hydraulic Disc<\/p>\n<div><\/div>\n<\/div>\n<div>\n<div>\n<div><\/div>\n<\/div>\n<\/div>\n<\/div>\n<div>\n<div>\n<h3>WHEELS (H\u1ec7 th\u1ed1ng b\u00e1nh xe)<\/h3>\n<\/div>\n<div>\n<p><span class=\"reference\">WHEELS (V\u00e0nh): <\/span>Alloy, Tubeless, 29&#8243;, 29c, 32H<\/p>\n<div>\n<div><\/div>\n<\/div>\n<\/div>\n<div>\n<p><span class=\"reference\">TYRES (L\u1ed1p): <\/span>Maxxis Dissector 2.40&#8243; 60 TPI 3CMaxxTerra Exo TLR<\/p>\n<div>\n<div>\u00a0 \u00a0 \u00a0 \u00a0 \u00a0 \u00a0 \u00a0 \u00a0 \u00a0 \u00a0 \u00a0 \u00a0Maxxis Rekon 2.40&#8243; FB 60 TPI Dual Exo TR<\/div>\n<\/div>\n<\/div>\n<\/div>\n<div>\n<div>\n<h3>COMPONENTS<\/h3>\n<\/div>\n<div>\n<p><span class=\"reference\">SEATPOST (C\u1ecdc y\u00ean): <\/span>OC Mountain Control MC21, 31.6mm, Dropper<\/p>\n<div>\n<div><\/div>\n<\/div>\n<\/div>\n<div>\n<p><span class=\"reference\">SADDLE (Y\u00ean): <\/span>Selle Royal 2058 DRN<\/p>\n<div>\n<div><\/div>\n<\/div>\n<\/div>\n<div><span class=\"reference\">GRIPS: <\/span>OC Lock On<\/div>\n<div><span class=\"reference\">REMOTE LOCKOUT: <\/span>OC Squidlock MC20 Remote, Dropper, Suspension 2 Pos<\/div>\n<\/div>\n<div>\n<div><\/div>\n<div>\n<div>\n<div>\n<p>&nbsp;<\/p>\n<\/div>\n<\/div>\n<\/div>\n<\/div>\n","protected":false},"excerpt":{"rendered":"<p>FRAMES (H\u1ec7 th\u1ed1ng khung) FRAME (Khung): Orbea Occam Hydro. Concentric Boost 12&#215;148 rear axle. Pure Trail geometry. Internal cable routing. Asymmetric design. 29&#8243; wheels. Linkage compatible<span class=\"excerpt-hellip\"> [\u2026]<\/span><\/p>\n","protected":false},"featured_media":8858,"comment_status":"closed","ping_status":"closed","template":"","meta":[],"product_cat":[63],"product_tag":[],"class_list":["post-611","product","type-product","status-publish","has-post-thumbnail","hentry","product_cat-xe-dap-dia-hinh-mountain-bike"],"_links":{"self":[{"href":"https:\/\/xedop.com\/en\/wp-json\/wp\/v2\/product\/611","targetHints":{"allow":["GET"]}}],"collection":[{"href":"https:\/\/xedop.com\/en\/wp-json\/wp\/v2\/product"}],"about":[{"href":"https:\/\/xedop.com\/en\/wp-json\/wp\/v2\/types\/product"}],"replies":[{"embeddable":true,"href":"https:\/\/xedop.com\/en\/wp-json\/wp\/v2\/comments?post=611"}],"version-history":[{"count":3,"href":"https:\/\/xedop.com\/en\/wp-json\/wp\/v2\/product\/611\/revisions"}],"predecessor-version":[{"id":10222,"href":"https:\/\/xedop.com\/en\/wp-json\/wp\/v2\/product\/611\/revisions\/10222"}],"wp:featuredmedia":[{"embeddable":true,"href":"https:\/\/xedop.com\/en\/wp-json\/wp\/v2\/media\/8858"}],"wp:attachment":[{"href":"https:\/\/xedop.com\/en\/wp-json\/wp\/v2\/media?parent=611"}],"wp:term":[{"taxonomy":"product_cat","embeddable":true,"href":"https:\/\/xedop.com\/en\/wp-json\/wp\/v2\/product_cat?post=611"},{"taxonomy":"product_tag","embeddable":true,"href":"https:\/\/xedop.com\/en\/wp-json\/wp\/v2\/product_tag?post=611"}],"curies":[{"name":"wp","href":"https:\/\/api.w.org\/{rel}","templated":true}]}}