{"id":6190,"date":"2025-06-11T08:43:49","date_gmt":"2025-06-11T01:43:49","guid":{"rendered":"https:\/\/xedop.com\/?post_type=product&#038;p=6190"},"modified":"2025-06-21T06:32:21","modified_gmt":"2025-06-20T23:32:21","slug":"xe-dap-momentum-2024-ineed-1500","status":"publish","type":"product","link":"https:\/\/xedop.com\/en\/san-pham\/xe-dap-momentum-2024-ineed-1500\/","title":{"rendered":"Xe \u0111\u1ea1p MOMENTUM 2024 INEED 1500"},"content":{"rendered":"<div>\n<div>\n<h2>\u0110i\u1ec3m n\u1ed5i b\u1eadt<\/h2>\n<div>\n<figure id=\"attachment_29136\" class=\"wp-caption aligncenter\" aria-describedby=\"caption-attachment-29136\"><img fetchpriority=\"high\" decoding=\"async\" class=\"wp-image-29136 size-full\" src=\"https:\/\/xedop.com\/wp-content\/uploads\/2025\/06\/xe-dap-momentum-2024-ineed-1500-6190.jpg\" sizes=\"(max-width: 1100px) 100vw, 1100px\" srcset=\"https:\/\/xedop.com\/wp-content\/uploads\/2025\/06\/xe-dap-momentum-2024-ineed-1500-6190.jpg 1100w, https:\/\/giantvietnam.vn\/wp-content\/uploads\/2024\/11\/momentum-2025-ineed-1500-768x349.jpg 768w, https:\/\/giantvietnam.vn\/wp-content\/uploads\/2024\/11\/momentum-2025-ineed-1500-600x273.jpg 600w\" alt=\"\" width=\"1100\" height=\"500\" \/><figcaption id=\"caption-attachment-29136\" class=\"wp-caption-text\">Phong c\u00e1ch thi\u1ebft k\u1ebf\u00a0<a href=\"https:\/\/giantvietnam.vn\/san-pham\/momentum-2024-ineed-1500\/\" target=\"_blank\" rel=\"noopener\"><strong>MOMENTUM 2025 INEED 1500<\/strong><\/a>\u00a0\u0111\u01a1n gi\u1ea3n, chuy\u1ec3n \u0111\u1ec1 m\u01b0\u1ee3t m\u00e0, t\u00ednh th\u1ef1c d\u1ee5ng cao, v\u1eeba th\u1eddi th\u01b0\u1ee3ng l\u1ea1i sang tr\u1ecdng.<\/figcaption><\/figure>\n<figure id=\"attachment_29138\" class=\"wp-caption aligncenter\" aria-describedby=\"caption-attachment-29138\"><img decoding=\"async\" class=\"wp-image-29138 size-full\" src=\"https:\/\/xedop.com\/wp-content\/uploads\/2025\/06\/xe-dap-momentum-2024-ineed-1500-6190-1.jpg\" sizes=\"(max-width: 1100px) 100vw, 1100px\" srcset=\"https:\/\/xedop.com\/wp-content\/uploads\/2025\/06\/xe-dap-momentum-2024-ineed-1500-6190-1.jpg 1100w, https:\/\/giantvietnam.vn\/wp-content\/uploads\/2024\/11\/momentum-2025-ineed-1500-1-768x419.jpg 768w, https:\/\/giantvietnam.vn\/wp-content\/uploads\/2024\/11\/momentum-2025-ineed-1500-1-600x327.jpg 600w\" alt=\"\" width=\"1100\" height=\"600\" \/><figcaption id=\"caption-attachment-29138\" class=\"wp-caption-text\">Thi\u1ebft k\u1ebf gi\u00f3ng khung th\u1ea5p gi\u00fap b\u1ea1n d\u1ec5 d\u00e0ng l\u00ean xu\u1ed1ng trong qu\u00e1 tr\u00ecnh \u0111\u1ea1p xe. Ch\u1ea5t li\u1ec7u h\u1ee3p kim nh\u00f4m 24\u2033, 26\u2033 gi\u00fap tr\u1ecdng l\u01b0\u1ee3ng xe nh\u1eb9 h\u01a1n.<\/figcaption><\/figure>\n<figure id=\"attachment_29139\" class=\"wp-caption aligncenter\" aria-describedby=\"caption-attachment-29139\"><img decoding=\"async\" class=\"wp-image-29139 size-full\" src=\"https:\/\/xedop.com\/wp-content\/uploads\/2025\/06\/xe-dap-momentum-2024-ineed-1500-6190-2.jpg\" sizes=\"(max-width: 1100px) 100vw, 1100px\" srcset=\"https:\/\/xedop.com\/wp-content\/uploads\/2025\/06\/xe-dap-momentum-2024-ineed-1500-6190-2.jpg 1100w, https:\/\/giantvietnam.vn\/wp-content\/uploads\/2024\/11\/momentum-2025-ineed-1500-2-768x419.jpg 768w, https:\/\/giantvietnam.vn\/wp-content\/uploads\/2024\/11\/momentum-2025-ineed-1500-2-600x327.jpg 600w\" alt=\"\" width=\"1100\" height=\"600\" \/><figcaption id=\"caption-attachment-29139\" class=\"wp-caption-text\">Thi\u1ebft k\u1ebf \u0111i d\u00e2y \u00e2m khung, v\u1eeba s\u1ea1ch l\u1ea1i \u0111em l\u1ea1i s\u1ef1 tho\u1ea3i m\u00e1i khi \u0111\u1ea1p xe, d\u1ec5 d\u00e0ng lau r\u1eeda h\u00e0ng ng\u00e0y.<\/figcaption><\/figure>\n<figure id=\"attachment_29140\" class=\"wp-caption aligncenter\" aria-describedby=\"caption-attachment-29140\"><img loading=\"lazy\" decoding=\"async\" class=\"wp-image-29140 size-full\" src=\"https:\/\/xedop.com\/wp-content\/uploads\/2025\/06\/xe-dap-momentum-2024-ineed-1500-6190-3.jpg\" sizes=\"(max-width: 1100px) 100vw, 1100px\" srcset=\"https:\/\/xedop.com\/wp-content\/uploads\/2025\/06\/xe-dap-momentum-2024-ineed-1500-6190-3.jpg 1100w, https:\/\/giantvietnam.vn\/wp-content\/uploads\/2024\/11\/momentum-2025-ineed-1500-3-768x419.jpg 768w, https:\/\/giantvietnam.vn\/wp-content\/uploads\/2024\/11\/momentum-2025-ineed-1500-3-600x327.jpg 600w\" alt=\"\" width=\"1100\" height=\"600\" \/><figcaption id=\"caption-attachment-29140\" class=\"wp-caption-text\">B\u1ed9 chuy\u1ec3n \u0111\u1ec1\u00a0<strong>SHIMANO TOURNEY<\/strong>\u00a07 t\u1ed1c \u0111\u1ed9, \u0111\u00e1p \u1ee9ng nhu c\u1ea7u tr\u00ean c\u00e1c cung \u0111\u01b0\u1eddng kh\u00e1c nhau, \u0111\u1ea1p xe nh\u1eb9 nh\u00e0ng, ph\u00f9 h\u1ee3p \u201cv\u1eeba \u0111\u1eb9p l\u1ea1i d\u1ec5 \u0111\u1ea1p\u201d<\/figcaption><\/figure>\n<figure id=\"attachment_29142\" class=\"wp-caption aligncenter\" aria-describedby=\"caption-attachment-29142\"><img loading=\"lazy\" decoding=\"async\" class=\"wp-image-29142 size-full\" src=\"https:\/\/xedop.com\/wp-content\/uploads\/2025\/06\/xe-dap-momentum-2024-ineed-1500-6190-4.jpg\" sizes=\"(max-width: 1100px) 100vw, 1100px\" srcset=\"https:\/\/xedop.com\/wp-content\/uploads\/2025\/06\/xe-dap-momentum-2024-ineed-1500-6190-4.jpg 1100w, https:\/\/giantvietnam.vn\/wp-content\/uploads\/2024\/11\/momentum-2025-ineed-1500-5-768x274.jpg 768w, https:\/\/giantvietnam.vn\/wp-content\/uploads\/2024\/11\/momentum-2025-ineed-1500-5-600x214.jpg 600w\" alt=\"\" width=\"1100\" height=\"393\" \/><figcaption id=\"caption-attachment-29142\" class=\"wp-caption-text\">Tem ch\u1eafn x\u00edch thi\u1ebft k\u1ebf phong c\u00e1ch Bohemian k\u1ebft h\u1ee3p v\u1edbi thi\u1ebft k\u1ebf baga ki\u1ec3u c\u00e1ch, t\u1ea1o n\u00ean m\u1ed9t chi\u1ebfc xe c\u00f3 t\u1ea1o h\u00ecnh \u0111\u1eb9p<\/figcaption><\/figure>\n<figure id=\"attachment_29143\" class=\"wp-caption aligncenter\" aria-describedby=\"caption-attachment-29143\"><img loading=\"lazy\" decoding=\"async\" class=\"wp-image-29143 size-full\" src=\"https:\/\/xedop.com\/wp-content\/uploads\/2025\/06\/xe-dap-momentum-2024-ineed-1500-6190-5.jpg\" sizes=\"(max-width: 1100px) 100vw, 1100px\" srcset=\"https:\/\/xedop.com\/wp-content\/uploads\/2025\/06\/xe-dap-momentum-2024-ineed-1500-6190-5.jpg 1100w, https:\/\/giantvietnam.vn\/wp-content\/uploads\/2024\/11\/momentum-2025-ineed-1500-6-768x274.jpg 768w, https:\/\/giantvietnam.vn\/wp-content\/uploads\/2024\/11\/momentum-2025-ineed-1500-6-600x214.jpg 600w\" alt=\"\" width=\"1100\" height=\"392\" \/><figcaption id=\"caption-attachment-29143\" class=\"wp-caption-text\">Tay n\u1eafm v\u00e0 y\u00ean \u0111\u01b0\u1ee3c l\u00e0m ch\u1ea5t li\u1ec7u kh\u00e1ng khu\u1ea9n \u0111\u1ea1t tr\u00ean 99%, b\u1ea3o v\u1ec7 s\u1ee9c kh\u1ecfe c\u1ee7a b\u1ea1n.<\/figcaption><\/figure>\n<figure id=\"attachment_29144\" class=\"wp-caption aligncenter\" aria-describedby=\"caption-attachment-29144\"><img loading=\"lazy\" decoding=\"async\" class=\"wp-image-29144 size-full\" src=\"https:\/\/xedop.com\/wp-content\/uploads\/2025\/06\/xe-dap-momentum-2024-ineed-1500-6190-6.jpg\" sizes=\"(max-width: 1100px) 100vw, 1100px\" srcset=\"https:\/\/xedop.com\/wp-content\/uploads\/2025\/06\/xe-dap-momentum-2024-ineed-1500-6190-6.jpg 1100w, https:\/\/giantvietnam.vn\/wp-content\/uploads\/2024\/11\/momentum-2025-ineed-1500-7-768x349.jpg 768w, https:\/\/giantvietnam.vn\/wp-content\/uploads\/2024\/11\/momentum-2025-ineed-1500-7-600x273.jpg 600w\" alt=\"\" width=\"1100\" height=\"500\" \/><figcaption id=\"caption-attachment-29144\" class=\"wp-caption-text\">Thi\u1ebft k\u1ebf tinh t\u1ebf, c\u00f3 s\u1eb5n gi\u00e1 l\u1eafp gi\u1ecf, \u0111\u1ea1p xe ch\u1edf \u0111\u1ed3 kh\u00f4ng \u00e2u lo.<\/figcaption><\/figure>\n<p>&nbsp;<\/p>\n<\/div>\n<\/div>\n<\/div>\n<div><\/div>\n<div>\n<div>\n<div>\n<div>\n<div>\n<h4>KHUNG<\/h4>\n<p>K\u00edch c\u1ee1\/Sizes:26<\/p>\n<p>M\u00e0u s\u1eafc\/Colors:Tr\u1eafng<\/p>\n<p>Ch\u1ea5t li\u1ec7u khung\/Frame:H\u1ee3p kim nh\u00f4m 24&#8243;, 26&#8243;<\/p>\n<p>Phu\u1ed9c\/Fork:Th\u00e9p Carbon<\/p>\n<p>Gi\u1ea3m x\u00f3c\/Shock:N\/A<\/p>\n<h4>H\u00ca\u0323 TH\u00d4\u0301NG BA\u0301NH XE<\/h4>\n<p>V\u00e0nh xe\/Rims:H\u1ee3p kim nh\u00f4m<\/p>\n<p>Moay \u01a1\/Hubs:H\u1ee3p kim nh\u00f4m<\/p>\n<p>Nan hoa\/Spokes:14G HTSS<\/p>\n<p>L\u1ed1p xe\/Tires:L\u1ed1p 24\/26*1.25<\/p>\n<h4>KHA\u0301C<\/h4>\n<p>Th\u00eam\/Extras:C\u00f3 s\u1eb5n ch\u1eafn b\u00f9n, ch\u1eafn x\u00edch, ch\u00e2n ch\u1ed1ng, baga<\/p>\n<\/div>\n<div>\n<h4>CA\u0301C B\u00d4\u0323 PH\u00c2\u0323N<\/h4>\n<p>Ghi \u0111\u00f4ng\/Handlebar:H\u1ee3p kim nh\u00f4m<\/p>\n<p>P\u00f4 t\u0103ng\/Stem:H\u1ee3p kim nh\u00f4m, c\u00f3 th\u1ec3 \u0111i\u1ec1u ch\u1ec9nh<\/p>\n<p>C\u1ecdc y\u00ean\/Seatpost:H\u1ee3p kim nh\u00f4m<\/p>\n<p>Y\u00ean\/Saddle:Kh\u00e1ng khu\u1ea9n<\/p>\n<p>Ba\u0300n \u0111a\u0323p\/Pedals:C\u00f3 s\u1eb5n<\/p>\n<h4>B\u00d4\u0323 TRUY\u00ca\u0300N \u0110\u00d4\u0323NG<\/h4>\n<p>Tay \u0111\u1ec1\/Shifters:SHIMANO RV 400 7s<\/p>\n<p>B\u1ed9 chuy\u1ec3n \u0111\u1ec1 tr\u01b0\u1edbc\/Front Derailleur:N\/A<\/p>\n<p>B\u1ed9 chuy\u1ec3n \u0111\u1ec1 sau\/Rear Derailleur:SHIMANO TOURNEY 7S<\/p>\n<p>Phanh\/Brakes:V, h\u1ee3p kim nh\u00f4m<\/p>\n<p>Tay phanh\/Brake Levers:H\u1ee3p kim nh\u00f4m<\/p>\n<p>L\u00edp\/Cassette:14-28T 7s<\/p>\n<p>X\u00edch\/Chain:1\/2X3\/32X106L<\/p>\n<p>\u0110\u00f9i \u0111\u0129a\/Crankset:H\u1ee3p kim nh\u00f4m, 40T<\/p>\n<\/div>\n<\/div>\n<\/div>\n<\/div>\n<\/div>\n","protected":false},"excerpt":{"rendered":"<p>\u0110i\u1ec3m n\u1ed5i b\u1eadt Phong c\u00e1ch thi\u1ebft k\u1ebf\u00a0MOMENTUM 2025 INEED 1500\u00a0\u0111\u01a1n gi\u1ea3n, chuy\u1ec3n \u0111\u1ec1 m\u01b0\u1ee3t m\u00e0, t\u00ednh th\u1ef1c d\u1ee5ng cao, v\u1eeba th\u1eddi th\u01b0\u1ee3ng l\u1ea1i sang tr\u1ecdng. Thi\u1ebft<span class=\"excerpt-hellip\"> [\u2026]<\/span><\/p>\n","protected":false},"featured_media":9686,"comment_status":"closed","ping_status":"closed","template":"","meta":[],"product_cat":[69],"product_tag":[],"class_list":["post-6190","product","type-product","status-publish","has-post-thumbnail","hentry","product_cat-xe-dap-duong-pho"],"_links":{"self":[{"href":"https:\/\/xedop.com\/en\/wp-json\/wp\/v2\/product\/6190","targetHints":{"allow":["GET"]}}],"collection":[{"href":"https:\/\/xedop.com\/en\/wp-json\/wp\/v2\/product"}],"about":[{"href":"https:\/\/xedop.com\/en\/wp-json\/wp\/v2\/types\/product"}],"replies":[{"embeddable":true,"href":"https:\/\/xedop.com\/en\/wp-json\/wp\/v2\/comments?post=6190"}],"version-history":[{"count":1,"href":"https:\/\/xedop.com\/en\/wp-json\/wp\/v2\/product\/6190\/revisions"}],"predecessor-version":[{"id":6207,"href":"https:\/\/xedop.com\/en\/wp-json\/wp\/v2\/product\/6190\/revisions\/6207"}],"wp:featuredmedia":[{"embeddable":true,"href":"https:\/\/xedop.com\/en\/wp-json\/wp\/v2\/media\/9686"}],"wp:attachment":[{"href":"https:\/\/xedop.com\/en\/wp-json\/wp\/v2\/media?parent=6190"}],"wp:term":[{"taxonomy":"product_cat","embeddable":true,"href":"https:\/\/xedop.com\/en\/wp-json\/wp\/v2\/product_cat?post=6190"},{"taxonomy":"product_tag","embeddable":true,"href":"https:\/\/xedop.com\/en\/wp-json\/wp\/v2\/product_tag?post=6190"}],"curies":[{"name":"wp","href":"https:\/\/api.w.org\/{rel}","templated":true}]}}