{"id":6208,"date":"2025-06-11T08:45:34","date_gmt":"2025-06-11T01:45:34","guid":{"rendered":"https:\/\/xedop.com\/?post_type=product&#038;p=6208"},"modified":"2025-06-21T06:30:03","modified_gmt":"2025-06-20T23:30:03","slug":"xe-dap-momentum-2025-ithink-expressway-d1","status":"publish","type":"product","link":"https:\/\/xedop.com\/en\/san-pham\/xe-dap-momentum-2025-ithink-expressway-d1\/","title":{"rendered":"Xe \u0111\u1ea1p MOMENTUM 2025 ITHINK EXPRESSWAY D1"},"content":{"rendered":"<div>\n<div>\n<h2>\u0110i\u1ec3m n\u1ed5i b\u1eadt<\/h2>\n<div>\n<figure id=\"attachment_28499\" class=\"wp-caption aligncenter\" aria-describedby=\"caption-attachment-28499\"><img fetchpriority=\"high\" decoding=\"async\" class=\"wp-image-28499 size-full\" src=\"https:\/\/xedop.com\/wp-content\/uploads\/2025\/06\/xe-dap-momentum-2025-ithink-expressway-d1-6208.jpg\" sizes=\"(max-width: 1100px) 100vw, 1100px\" srcset=\"https:\/\/xedop.com\/wp-content\/uploads\/2025\/06\/xe-dap-momentum-2025-ithink-expressway-d1-6208.jpg 1100w, https:\/\/giantvietnam.vn\/wp-content\/uploads\/2025\/01\/MMT-2025iThinkExpresswayDisc17-768x559.jpg 768w, https:\/\/giantvietnam.vn\/wp-content\/uploads\/2025\/01\/MMT-2025iThinkExpresswayDisc17-600x436.jpg 600w\" alt=\"\" width=\"1100\" height=\"800\" \/><figcaption id=\"caption-attachment-28499\" class=\"wp-caption-text\"><strong>Xe \u0111\u1ea1p g\u1ea5p g\u1ecdn \u0111\u01b0\u1eddng ph\u1ed1\u00a0MOMENTUM 2025 ITHINK EXPRESSWAY D1<\/strong>, c\u00f3 th\u1ec3 mang theo \u0111i t\u00e0u \u0111i\u1ec7n k\u1ebft h\u1ee3p v\u1edbi \u0111i l\u00e0m v\u00e0 nh\u1eefng chuy\u1ebfn \u0111i du l\u1ecbch d\u00e0i ng\u00e0y.<\/figcaption><\/figure>\n<figure id=\"attachment_28481\" class=\"wp-caption aligncenter\" aria-describedby=\"caption-attachment-28481\"><img decoding=\"async\" class=\"wp-image-28481 size-full\" src=\"https:\/\/xedop.com\/wp-content\/uploads\/2025\/06\/xe-dap-momentum-2025-ithink-expressway-d1-6208-1.jpg\" sizes=\"(max-width: 1100px) 100vw, 1100px\" srcset=\"https:\/\/xedop.com\/wp-content\/uploads\/2025\/06\/xe-dap-momentum-2025-ithink-expressway-d1-6208-1.jpg 1100w, https:\/\/giantvietnam.vn\/wp-content\/uploads\/2025\/01\/MMT-2025iThinkExpresswayDisc4-768x489.jpg 768w, https:\/\/giantvietnam.vn\/wp-content\/uploads\/2025\/01\/MMT-2025iThinkExpresswayDisc4-600x382.jpg 600w\" alt=\"\" width=\"1100\" height=\"700\" \/><figcaption id=\"caption-attachment-28481\" class=\"wp-caption-text\">Ngo\u1ea1i quan \u0111\u01a1n gi\u1ea3n, ph\u00f9 h\u1ee3p \u0111\u00f4 th\u1ecb, c\u1ee1 l\u1ed1p nh\u1ecf c\u1ee7a IThink Expressway D1, kh\u00f4ng ch\u1ec9 g\u1ea5p nhanh g\u1ecdn nh\u1eb9 m\u00e0 chi\u1ebfm th\u1ec3 t\u00edch c\u0169ng \u00edt.<\/figcaption><\/figure>\n<figure id=\"attachment_28482\" class=\"wp-caption aligncenter\" aria-describedby=\"caption-attachment-28482\"><img decoding=\"async\" class=\"wp-image-28482 size-full\" src=\"https:\/\/xedop.com\/wp-content\/uploads\/2025\/06\/xe-dap-momentum-2025-ithink-expressway-d1-6208-2.jpg\" sizes=\"(max-width: 1100px) 100vw, 1100px\" srcset=\"https:\/\/xedop.com\/wp-content\/uploads\/2025\/06\/xe-dap-momentum-2025-ithink-expressway-d1-6208-2.jpg 1100w, https:\/\/giantvietnam.vn\/wp-content\/uploads\/2025\/01\/MMT-2025iThinkExpresswayDisc1-2-768x419.jpg 768w, https:\/\/giantvietnam.vn\/wp-content\/uploads\/2025\/01\/MMT-2025iThinkExpresswayDisc1-2-600x327.jpg 600w\" alt=\"\" width=\"1100\" height=\"600\" \/><figcaption id=\"caption-attachment-28482\" class=\"wp-caption-text\">Thi\u1ebft k\u1ebf ch\u1ea1y d\u00e2y ng\u1ea7m tinh t\u1ebf, d\u1ec5 lau ch\u00f9i xe lu\u00f4n \u0111\u1ea3m b\u1ea3o xe s\u1ea1ch s\u1ebd, \u00edt t\u00edch b\u1ee5i.<\/figcaption><\/figure>\n<figure id=\"attachment_28488\" class=\"wp-caption aligncenter\" aria-describedby=\"caption-attachment-28488\"><img loading=\"lazy\" decoding=\"async\" class=\"wp-image-28488 size-full\" src=\"https:\/\/xedop.com\/wp-content\/uploads\/2025\/06\/xe-dap-momentum-2025-ithink-expressway-d1-6208-3.jpg\" sizes=\"(max-width: 1100px) 100vw, 1100px\" srcset=\"https:\/\/xedop.com\/wp-content\/uploads\/2025\/06\/xe-dap-momentum-2025-ithink-expressway-d1-6208-3.jpg 1100w, https:\/\/giantvietnam.vn\/wp-content\/uploads\/2025\/01\/MMT-2025iThinkExpresswayDisc1-3-768x419.jpg 768w, https:\/\/giantvietnam.vn\/wp-content\/uploads\/2025\/01\/MMT-2025iThinkExpresswayDisc1-3-600x327.jpg 600w\" alt=\"\" width=\"1100\" height=\"600\" \/><figcaption id=\"caption-attachment-28488\" class=\"wp-caption-text\">Thi\u1ebft k\u1ebf kh\u1edbp n\u1ed1i \u0111\u01b0\u1ee3c g\u1ea5p g\u1ecdn t\u1ea1o n\u00ean s\u1ef1 tinh t\u1ebf, m\u1ef9 quan \u0111\u01a1n gi\u1ea3n<\/figcaption><\/figure>\n<figure id=\"attachment_28485\" class=\"wp-caption aligncenter\" aria-describedby=\"caption-attachment-28485\"><img loading=\"lazy\" decoding=\"async\" class=\"wp-image-28485 size-full\" src=\"https:\/\/xedop.com\/wp-content\/uploads\/2025\/06\/xe-dap-momentum-2025-ithink-expressway-d1-6208-4.jpg\" sizes=\"(max-width: 1100px) 100vw, 1100px\" srcset=\"https:\/\/xedop.com\/wp-content\/uploads\/2025\/06\/xe-dap-momentum-2025-ithink-expressway-d1-6208-4.jpg 1100w, https:\/\/giantvietnam.vn\/wp-content\/uploads\/2025\/01\/MMT-2025iThinkExpresswayDisc5-768x489.jpg 768w, https:\/\/giantvietnam.vn\/wp-content\/uploads\/2025\/01\/MMT-2025iThinkExpresswayDisc5-600x382.jpg 600w\" alt=\"\" width=\"1100\" height=\"700\" \/><figcaption id=\"caption-attachment-28485\" class=\"wp-caption-text\">Vi\u1ec7c s\u1eeda ch\u1eefa tr\u1edf n\u00ean \u0111\u01a1n gi\u1ea3n khi g\u1ea5p g\u1ecdn, nh\u1edd c\u1ea5u tr\u00fac c\u1ed1 \u0111\u1ecbnh b\u1eb1ng t\u1eeb t\u00ednh<\/figcaption><\/figure>\n<figure id=\"attachment_28486\" class=\"wp-caption aligncenter\" aria-describedby=\"caption-attachment-28486\"><img loading=\"lazy\" decoding=\"async\" class=\"wp-image-28486 size-full\" src=\"https:\/\/xedop.com\/wp-content\/uploads\/2025\/06\/xe-dap-momentum-2025-ithink-expressway-d1-6208-5.jpg\" sizes=\"(max-width: 1100px) 100vw, 1100px\" srcset=\"https:\/\/xedop.com\/wp-content\/uploads\/2025\/06\/xe-dap-momentum-2025-ithink-expressway-d1-6208-5.jpg 1100w, https:\/\/giantvietnam.vn\/wp-content\/uploads\/2025\/01\/MMT-2025iThinkExpresswayDisc6-768x419.jpg 768w, https:\/\/giantvietnam.vn\/wp-content\/uploads\/2025\/01\/MMT-2025iThinkExpresswayDisc6-600x327.jpg 600w\" alt=\"\" width=\"1100\" height=\"600\" \/><figcaption id=\"caption-attachment-28486\" class=\"wp-caption-text\">B\u1ed9 chuy\u1ec3n \u0111\u1ec1 sau Shimano 9S, ph\u00f9 h\u1ee3p nhi\u1ec1u m\u1eb7t \u0111\u01b0\u1eddng \u0111\u00f4 th\u1ecb ph\u1ee9c t\u1ea1p.<\/figcaption><\/figure>\n<figure id=\"attachment_28487\" class=\"wp-caption aligncenter\" aria-describedby=\"caption-attachment-28487\"><img loading=\"lazy\" decoding=\"async\" class=\"wp-image-28487 size-full\" src=\"https:\/\/xedop.com\/wp-content\/uploads\/2025\/06\/xe-dap-momentum-2025-ithink-expressway-d1-6208-6.jpg\" sizes=\"(max-width: 1100px) 100vw, 1100px\" srcset=\"https:\/\/xedop.com\/wp-content\/uploads\/2025\/06\/xe-dap-momentum-2025-ithink-expressway-d1-6208-6.jpg 1100w, https:\/\/giantvietnam.vn\/wp-content\/uploads\/2025\/01\/MMT-2025iThinkExpresswayDisc7-768x559.jpg 768w, https:\/\/giantvietnam.vn\/wp-content\/uploads\/2025\/01\/MMT-2025iThinkExpresswayDisc7-600x436.jpg 600w\" alt=\"\" width=\"1100\" height=\"800\" \/><figcaption id=\"caption-attachment-28487\" class=\"wp-caption-text\">Phanh \u0111\u0129a d\u1ea7u TEKTRO \u0111\u1ed9ng l\u1ef1c m\u1ea1nh, t\u00ednh n\u0103ng \u01b0u vi\u1ec7t, an to\u00e0n khi \u0111\u1ea1p xe \u1edf m\u1ecdi th\u1eddi ti\u1ebft.<\/figcaption><\/figure>\n<\/div>\n<\/div>\n<\/div>\n<div><\/div>\n<div>\n<div>\n<div>\n<div>\n<div>\n<h4>KHUNG<\/h4>\n<p>K\u00edch c\u1ee1\/Sizes:N\/A<\/p>\n<p>M\u00e0u s\u1eafc\/Colors:Ghi, tr\u1eafng<\/p>\n<p>Ch\u1ea5t li\u1ec7u khung\/Frame:H\u1ee3p kim nh\u00f4m GIANT ALUXX<\/p>\n<p>Phu\u1ed9c\/Fork:H\u1ee3p kim nh\u00f4m<\/p>\n<p>Gi\u1ea3m x\u00f3c\/Shock:N\/A<\/p>\n<h4>H\u00ca\u0323 TH\u00d4\u0301NG BA\u0301NH XE<\/h4>\n<p>V\u00e0nh xe\/Rims:H\u1ee3p kim nh\u00f4m<\/p>\n<p>Moay \u01a1\/Hubs:H\u1ee3p kim nh\u00f4m, Peilin<\/p>\n<p>Nan hoa\/Spokes:14G HTSS<\/p>\n<p>L\u1ed1p xe\/Tires:20X1.75 A\/V<\/p>\n<h4>KHA\u0301C<\/h4>\n<p>Th\u00eam\/Extras:C\u00f3 s\u1eb5n ch\u00e2n ch\u1ed1ng, c\u00f3 \u0111i\u1ec3m ch\u1edd l\u1eafp ch\u1eafn b\u00f9n<\/p>\n<\/div>\n<div>\n<h4>CA\u0301C B\u00d4\u0323 PH\u00c2\u0323N<\/h4>\n<p>Ghi \u0111\u00f4ng\/Handlebar:H\u1ee3p kim nh\u00f4m<\/p>\n<p>P\u00f4 t\u0103ng\/Stem:H\u1ee3p kim nh\u00f4m<\/p>\n<p>C\u1ecdc y\u00ean\/Seatpost:H\u1ee3p kim nh\u00f4m<\/p>\n<p>Y\u00ean\/Saddle:Xe g\u1ea5p<\/p>\n<p>Ba\u0300n \u0111a\u0323p\/Pedals:C\u00f3 s\u1eb5n<\/p>\n<h4>B\u00d4\u0323 TRUY\u00ca\u0300N \u0110\u00d4\u0323NG<\/h4>\n<p>Tay \u0111\u1ec1\/Shifters:TS39 9S<\/p>\n<p>B\u1ed9 chuy\u1ec3n \u0111\u1ec1 tr\u01b0\u1edbc\/Front Derailleur:N\/A<\/p>\n<p>B\u1ed9 chuy\u1ec3n \u0111\u1ec1 sau\/Rear Derailleur:SHIMANO Sora R3000 x 9s<\/p>\n<p>Phanh\/Brakes:\u0110\u0129a d\u1ea7u Tektro<\/p>\n<p>Tay phanh\/Brake Levers:SHIMANO Acera<\/p>\n<p>L\u00edp\/Cassette:SHIMANO HG400-9 11-28T<\/p>\n<p>X\u00edch\/Chain:KMC x9<\/p>\n<p>\u0110\u00f9i \u0111\u0129a\/Crankset:H\u1ee3p kim nh\u00f4m 48T<\/p>\n<\/div>\n<\/div>\n<\/div>\n<\/div>\n<\/div>\n","protected":false},"excerpt":{"rendered":"<p>\u0110i\u1ec3m n\u1ed5i b\u1eadt Xe \u0111\u1ea1p g\u1ea5p g\u1ecdn \u0111\u01b0\u1eddng ph\u1ed1\u00a0MOMENTUM 2025 ITHINK EXPRESSWAY D1, c\u00f3 th\u1ec3 mang theo \u0111i t\u00e0u \u0111i\u1ec7n k\u1ebft h\u1ee3p v\u1edbi \u0111i l\u00e0m v\u00e0<span class=\"excerpt-hellip\"> [\u2026]<\/span><\/p>\n","protected":false},"featured_media":9682,"comment_status":"closed","ping_status":"closed","template":"","meta":[],"product_cat":[69],"product_tag":[],"class_list":["post-6208","product","type-product","status-publish","has-post-thumbnail","hentry","product_cat-xe-dap-duong-pho"],"_links":{"self":[{"href":"https:\/\/xedop.com\/en\/wp-json\/wp\/v2\/product\/6208","targetHints":{"allow":["GET"]}}],"collection":[{"href":"https:\/\/xedop.com\/en\/wp-json\/wp\/v2\/product"}],"about":[{"href":"https:\/\/xedop.com\/en\/wp-json\/wp\/v2\/types\/product"}],"replies":[{"embeddable":true,"href":"https:\/\/xedop.com\/en\/wp-json\/wp\/v2\/comments?post=6208"}],"version-history":[{"count":1,"href":"https:\/\/xedop.com\/en\/wp-json\/wp\/v2\/product\/6208\/revisions"}],"predecessor-version":[{"id":6227,"href":"https:\/\/xedop.com\/en\/wp-json\/wp\/v2\/product\/6208\/revisions\/6227"}],"wp:featuredmedia":[{"embeddable":true,"href":"https:\/\/xedop.com\/en\/wp-json\/wp\/v2\/media\/9682"}],"wp:attachment":[{"href":"https:\/\/xedop.com\/en\/wp-json\/wp\/v2\/media?parent=6208"}],"wp:term":[{"taxonomy":"product_cat","embeddable":true,"href":"https:\/\/xedop.com\/en\/wp-json\/wp\/v2\/product_cat?post=6208"},{"taxonomy":"product_tag","embeddable":true,"href":"https:\/\/xedop.com\/en\/wp-json\/wp\/v2\/product_tag?post=6208"}],"curies":[{"name":"wp","href":"https:\/\/api.w.org\/{rel}","templated":true}]}}