{"id":6445,"date":"2026-04-21T09:21:18","date_gmt":"2026-04-21T02:21:18","guid":{"rendered":"https:\/\/xedop.com\/?post_type=product&#038;p=6445"},"modified":"2026-04-21T15:50:12","modified_gmt":"2026-04-21T08:50:12","slug":"xe-dap-liv-2025-meme-1","status":"publish","type":"product","link":"https:\/\/xedop.com\/en\/san-pham\/xe-dap-liv-2025-meme-1\/","title":{"rendered":"Xe \u0111\u1ea1p LIV 2025 MEME 1"},"content":{"rendered":"<div>\n<div>\n<div>\n<figure id=\"attachment_28141\" class=\"wp-caption aligncenter\" aria-describedby=\"caption-attachment-28141\"><img fetchpriority=\"high\" decoding=\"async\" class=\"wp-image-28141 size-full\" src=\"https:\/\/xedop.com\/wp-content\/uploads\/2025\/06\/xe-dap-liv-2025-meme-1-6445.jpg\" sizes=\"(max-width: 1100px) 100vw, 1100px\" srcset=\"https:\/\/xedop.com\/wp-content\/uploads\/2025\/06\/xe-dap-liv-2025-meme-1-6445.jpg 1100w, https:\/\/giantvietnam.vn\/wp-content\/uploads\/2024\/11\/LIV-2025-MEME-1-1-768x489.jpg 768w, https:\/\/giantvietnam.vn\/wp-content\/uploads\/2024\/11\/LIV-2025-MEME-1-1-600x382.jpg 600w\" alt=\"\" width=\"1100\" height=\"700\" \/><figcaption id=\"caption-attachment-28141\" class=\"wp-caption-text\"><strong>Xe \u0111\u1ea1p \u0111\u01b0\u1eddng h\u1ed7n h\u1ee3p\u00a0<\/strong>\u0111\u01b0\u1ee3c thi\u1ebft k\u1ebf d\u00e0nh ri\u00eang cho ph\u00e1i n\u1eef.\u00a0<strong>LIV 2025 MEME 1<\/strong>\u00a0gi\u1ed1ng nh\u01b0 ng\u01b0\u1eddi b\u1ea1n c\u1ee7a b\u1ea1n, c\u00f9ng b\u1ea1n d\u1ea1o ch\u01a1i qua t\u1eebng con ph\u1ed1, t\u1eadp luy\u1ec7n th\u1ec3 d\u1ee5c thao thao v\u00e0 \u0111i l\u00e0m m\u1ed7i ng\u00e0y.<\/figcaption><\/figure>\n<figure id=\"attachment_28144\" class=\"wp-caption aligncenter\" aria-describedby=\"caption-attachment-28144\"><img decoding=\"async\" class=\"wp-image-28144 size-full\" src=\"https:\/\/xedop.com\/wp-content\/uploads\/2025\/06\/xe-dap-liv-2025-meme-1-6445-1.jpg\" sizes=\"(max-width: 1100px) 100vw, 1100px\" srcset=\"https:\/\/xedop.com\/wp-content\/uploads\/2025\/06\/xe-dap-liv-2025-meme-1-6445-1.jpg 1100w, https:\/\/giantvietnam.vn\/wp-content\/uploads\/2024\/11\/LIV-2025-MEME-2-1-768x419.jpg 768w, https:\/\/giantvietnam.vn\/wp-content\/uploads\/2024\/11\/LIV-2025-MEME-2-1-600x327.jpg 600w\" alt=\"\" width=\"1100\" height=\"600\" \/><figcaption id=\"caption-attachment-28144\" class=\"wp-caption-text\">H\u00e3ng thi\u1ebft k\u1ebf khung xe d\u00e0nh ri\u00eang cho ph\u00e1i n\u1eef, ch\u1ea5t li\u1ec7u khung LIV Aluxx h\u1ee3p kim nh\u00f4m nh\u1eb9 v\u00e0 v\u1eabn \u0111\u1ea3m b\u1ea3o \u0111\u1ed9 c\u1ee9ng an to\u00e0n cao trong qu\u00e1 tr\u00ecnh \u0111\u1ea1p xe.<\/figcaption><\/figure>\n<figure id=\"attachment_28145\" class=\"wp-caption aligncenter\" aria-describedby=\"caption-attachment-28145\"><img decoding=\"async\" class=\"wp-image-28145 size-full\" src=\"https:\/\/xedop.com\/wp-content\/uploads\/2025\/06\/xe-dap-liv-2025-meme-1-6445-2.jpg\" sizes=\"(max-width: 1100px) 100vw, 1100px\" srcset=\"https:\/\/xedop.com\/wp-content\/uploads\/2025\/06\/xe-dap-liv-2025-meme-1-6445-2.jpg 1100w, https:\/\/giantvietnam.vn\/wp-content\/uploads\/2024\/11\/LIV-2025-MEME-3-768x419.jpg 768w, https:\/\/giantvietnam.vn\/wp-content\/uploads\/2024\/11\/LIV-2025-MEME-3-600x327.jpg 600w\" alt=\"\" width=\"1100\" height=\"600\" \/><figcaption id=\"caption-attachment-28145\" class=\"wp-caption-text\">Thi\u1ebft k\u1ebf d\u00e2y \u00e2m khung \u0111\u01a1n gi\u1ea3n, d\u1ec5 d\u00e0ng v\u1ec7 sinh sau m\u1ed7i l\u1ea7n \u0111\u1ea1p xe.<\/figcaption><\/figure>\n<figure id=\"attachment_28146\" class=\"wp-caption aligncenter\" aria-describedby=\"caption-attachment-28146\"><img loading=\"lazy\" decoding=\"async\" class=\"wp-image-28146 size-full\" src=\"https:\/\/xedop.com\/wp-content\/uploads\/2025\/06\/xe-dap-liv-2025-meme-1-6445-3.jpg\" sizes=\"(max-width: 1100px) 100vw, 1100px\" srcset=\"https:\/\/xedop.com\/wp-content\/uploads\/2025\/06\/xe-dap-liv-2025-meme-1-6445-3.jpg 1100w, https:\/\/giantvietnam.vn\/wp-content\/uploads\/2024\/11\/LIV-2025-MEME-4-768x349.jpg 768w, https:\/\/giantvietnam.vn\/wp-content\/uploads\/2024\/11\/LIV-2025-MEME-4-600x273.jpg 600w\" alt=\"\" width=\"1100\" height=\"500\" \/><figcaption id=\"caption-attachment-28146\" class=\"wp-caption-text\">B\u1ed9 chuy\u1ec3n \u0111\u1ec1 Shimano Tourney 3\u00d78 t\u1ed1c \u0111\u1ed9, mang l\u1ea1i tr\u1ea3i nghi\u1ec7m linh ho\u1ea1t h\u01a1n, \u00eam \u00e1i h\u01a1n tr\u00ean nhi\u1ec1u lo\u1ea1i \u0111\u1ecba h\u00ecnh.<\/figcaption><\/figure>\n<p>&nbsp;<\/p>\n<figure id=\"attachment_28148\" class=\"wp-caption aligncenter\" aria-describedby=\"caption-attachment-28148\"><img loading=\"lazy\" decoding=\"async\" class=\"wp-image-28148 size-full\" src=\"https:\/\/xedop.com\/wp-content\/uploads\/2025\/06\/xe-dap-liv-2025-meme-1-6445-4.jpg\" sizes=\"(max-width: 1100px) 100vw, 1100px\" srcset=\"https:\/\/xedop.com\/wp-content\/uploads\/2025\/06\/xe-dap-liv-2025-meme-1-6445-4.jpg 1100w, https:\/\/giantvietnam.vn\/wp-content\/uploads\/2024\/11\/LIV-2025-MEME-6-768x419.jpg 768w, https:\/\/giantvietnam.vn\/wp-content\/uploads\/2024\/11\/LIV-2025-MEME-6-600x327.jpg 600w\" alt=\"\" width=\"1100\" height=\"600\" \/><figcaption id=\"caption-attachment-28148\" class=\"wp-caption-text\">H\u1ec7 th\u1ed1ng phanh \u0111\u0129a d\u1ea7u TEKTRO nh\u1eb9 nh\u00e0ng, an to\u00e0n, k\u1ebft h\u1ee3p v\u1edbi phu\u1ed9c h\u01a1i 26\u201d mang l\u1ea1i tr\u1ea3i nghi\u1ec7m \u00eam \u00e1i khi \u0111\u1ea1p xe.<\/figcaption><\/figure>\n<p><strong>K\u00cdCH TH\u01af\u1edaC THAM KH\u1ea2O<\/strong><\/p>\n<p><img loading=\"lazy\" decoding=\"async\" class=\"size-full wp-image-28050 aligncenter\" src=\"https:\/\/xedop.com\/wp-content\/uploads\/2025\/06\/xe-dap-liv-2025-meme-1-6445-5.jpg\" sizes=\"(max-width: 1100px) 100vw, 1100px\" srcset=\"https:\/\/xedop.com\/wp-content\/uploads\/2025\/06\/xe-dap-liv-2025-meme-1-6445-5.jpg 1100w, https:\/\/giantvietnam.vn\/wp-content\/uploads\/2024\/11\/KT-LIV-2025-TEMPT1-768x140.jpg 768w, https:\/\/giantvietnam.vn\/wp-content\/uploads\/2024\/11\/KT-LIV-2025-TEMPT1-600x109.jpg 600w\" alt=\"\" width=\"1100\" height=\"200\" \/><img loading=\"lazy\" decoding=\"async\" class=\"size-full wp-image-28051 aligncenter\" src=\"https:\/\/xedop.com\/wp-content\/uploads\/2025\/06\/xe-dap-liv-2025-meme-1-6445-6.jpg\" sizes=\"(max-width: 1100px) 100vw, 1100px\" srcset=\"https:\/\/xedop.com\/wp-content\/uploads\/2025\/06\/xe-dap-liv-2025-meme-1-6445-6.jpg 1100w, https:\/\/giantvietnam.vn\/wp-content\/uploads\/2024\/11\/KT-LIV-2025-TEMPT1-1-768x419.jpg 768w, https:\/\/giantvietnam.vn\/wp-content\/uploads\/2024\/11\/KT-LIV-2025-TEMPT1-1-600x327.jpg 600w\" alt=\"\" width=\"1100\" height=\"600\" \/><\/p>\n<p><img loading=\"lazy\" decoding=\"async\" class=\"size-full wp-image-28189 aligncenter\" src=\"https:\/\/xedop.com\/wp-content\/uploads\/2025\/06\/xe-dap-liv-2025-meme-1-6445-7.jpg\" sizes=\"(max-width: 1100px) 100vw, 1100px\" srcset=\"https:\/\/xedop.com\/wp-content\/uploads\/2025\/06\/xe-dap-liv-2025-meme-1-6445-7.jpg 1100w, https:\/\/giantvietnam.vn\/wp-content\/uploads\/2024\/11\/KT-XE-LIV-768x505.jpg 768w, https:\/\/giantvietnam.vn\/wp-content\/uploads\/2024\/11\/KT-XE-LIV-600x395.jpg 600w\" alt=\"\" width=\"1100\" height=\"724\" \/><\/p>\n<\/div>\n<\/div>\n<\/div>\n<div><\/div>\n<div>\n<div>\n<div>\n<div>\n<div>\n<h4>KHUNG<\/h4>\n<p>K\u00edch c\u1ee1\/Sizes:S<\/p>\n<p>M\u00e0u s\u1eafc\/Colors:H\u1ed3ng<\/p>\n<p>Ch\u1ea5t li\u1ec7u khung\/Frame:H\u1ee3p kim nh\u00f4m, LIV Meme 26\u201d ALUXX<\/p>\n<p>Phu\u1ed9c\/Fork:H\u01a1i 26&#8221;<\/p>\n<p>Gi\u1ea3m x\u00f3c\/Shock:N\/A<\/p>\n<h4>H\u00ca\u0323 TH\u00d4\u0301NG BA\u0301NH XE<\/h4>\n<p>V\u00e0nh xe\/Rims:H\u1ee3p kim nh\u00f4m 2 l\u1edbp<\/p>\n<p>Moay \u01a1\/Hubs:H\u1ee3p kim nh\u00f4m<\/p>\n<p>Nan hoa\/Spokes:14G HTSS<\/p>\n<p>L\u1ed1p xe\/Tires:26&#215;1.95<\/p>\n<h4>KHA\u0301C<\/h4>\n<p>Th\u00eam\/Extras:M\u1ed9t s\u1ed1 linh ki\u1ec7n c\u00f3 th\u1ec3 thay th\u1ebf lo\u1ea1i t\u01b0\u01a1ng \u0111\u01b0\u01a1ng<\/p>\n<\/div>\n<div>\n<h4>CA\u0301C B\u00d4\u0323 PH\u00c2\u0323N<\/h4>\n<p>Ghi \u0111\u00f4ng\/Handlebar:H\u1ee3p kim nh\u00f4m, 31,8mm<\/p>\n<p>P\u00f4 t\u0103ng\/Stem:H\u1ee3p kim nh\u00f4m, 31,8mm<\/p>\n<p>C\u1ecdc y\u00ean\/Seatpost:H\u1ee3p kim nh\u00f4m, 30,9mm<\/p>\n<p>Y\u00ean\/Saddle:LIV Sport<\/p>\n<p>Ba\u0300n \u0111a\u0323p\/Pedals:C\u00f3 s\u1eb5n<\/p>\n<h4>B\u00d4\u0323 TRUY\u00ca\u0300N \u0110\u00d4\u0323NG<\/h4>\n<p>Tay \u0111\u1ec1\/Shifters:SHIMANO ALTUS 3x8S<\/p>\n<p>B\u1ed9 chuy\u1ec3n \u0111\u1ec1 tr\u01b0\u1edbc\/Front Derailleur:SHIMANO TOURNEY 3S<\/p>\n<p>B\u1ed9 chuy\u1ec3n \u0111\u1ec1 sau\/Rear Derailleur:SHIMANO TOURNEY TX 8S<\/p>\n<p>Phanh\/Brakes:\u0110\u0129a d\u1ea7u TEKTRO<\/p>\n<p>Tay phanh\/Brake Levers:SHIMANO<\/p>\n<p>L\u00edp\/Cassette:SHIMANO 12-32T 8S<\/p>\n<p>X\u00edch\/Chain:KMC 8S<\/p>\n<p>\u0110\u00f9i \u0111\u0129a\/Crankset:24\/34\/42T<\/p>\n<\/div>\n<\/div>\n<\/div>\n<\/div>\n<\/div>\n","protected":false},"excerpt":{"rendered":"<p>Xe \u0111\u1ea1p \u0111\u01b0\u1eddng h\u1ed7n h\u1ee3p\u00a0\u0111\u01b0\u1ee3c thi\u1ebft k\u1ebf d\u00e0nh ri\u00eang cho ph\u00e1i n\u1eef.\u00a0LIV 2025 MEME 1\u00a0gi\u1ed1ng nh\u01b0 ng\u01b0\u1eddi b\u1ea1n c\u1ee7a b\u1ea1n, c\u00f9ng b\u1ea1n d\u1ea1o ch\u01a1i qua t\u1eebng<span class=\"excerpt-hellip\"> [\u2026]<\/span><\/p>\n","protected":false},"featured_media":9451,"comment_status":"closed","ping_status":"closed","template":"","meta":[],"product_cat":[72],"product_tag":[],"class_list":["post-6445","product","type-product","status-publish","has-post-thumbnail","hentry","product_cat-xe-dap-dia-hinh"],"_links":{"self":[{"href":"https:\/\/xedop.com\/en\/wp-json\/wp\/v2\/product\/6445","targetHints":{"allow":["GET"]}}],"collection":[{"href":"https:\/\/xedop.com\/en\/wp-json\/wp\/v2\/product"}],"about":[{"href":"https:\/\/xedop.com\/en\/wp-json\/wp\/v2\/types\/product"}],"replies":[{"embeddable":true,"href":"https:\/\/xedop.com\/en\/wp-json\/wp\/v2\/comments?post=6445"}],"version-history":[{"count":2,"href":"https:\/\/xedop.com\/en\/wp-json\/wp\/v2\/product\/6445\/revisions"}],"predecessor-version":[{"id":9453,"href":"https:\/\/xedop.com\/en\/wp-json\/wp\/v2\/product\/6445\/revisions\/9453"}],"wp:featuredmedia":[{"embeddable":true,"href":"https:\/\/xedop.com\/en\/wp-json\/wp\/v2\/media\/9451"}],"wp:attachment":[{"href":"https:\/\/xedop.com\/en\/wp-json\/wp\/v2\/media?parent=6445"}],"wp:term":[{"taxonomy":"product_cat","embeddable":true,"href":"https:\/\/xedop.com\/en\/wp-json\/wp\/v2\/product_cat?post=6445"},{"taxonomy":"product_tag","embeddable":true,"href":"https:\/\/xedop.com\/en\/wp-json\/wp\/v2\/product_tag?post=6445"}],"curies":[{"name":"wp","href":"https:\/\/api.w.org\/{rel}","templated":true}]}}