{"id":6767,"date":"2025-06-11T09:53:12","date_gmt":"2025-06-11T02:53:12","guid":{"rendered":"https:\/\/xedop.com\/?post_type=product&#038;p=6767"},"modified":"2025-06-21T07:28:00","modified_gmt":"2025-06-21T00:28:00","slug":"xe-dap-giant-2025-revolt-adv-2","status":"publish","type":"product","link":"https:\/\/xedop.com\/en\/san-pham\/xe-dap-giant-2025-revolt-adv-2\/","title":{"rendered":"Xe \u0111\u1ea1p GIANT 2025 REVOLT ADV 2"},"content":{"rendered":"<div>\n<div>\n<div>\n<figure id=\"attachment_29478\" class=\"wp-caption aligncenter\" aria-describedby=\"caption-attachment-29478\"><img fetchpriority=\"high\" decoding=\"async\" class=\"wp-image-29478 size-full\" src=\"https:\/\/xedop.com\/wp-content\/uploads\/2025\/06\/xe-dap-giant-2025-revolt-adv-2-6767.jpg\" sizes=\"(max-width: 1100px) 100vw, 1100px\" srcset=\"https:\/\/xedop.com\/wp-content\/uploads\/2025\/06\/xe-dap-giant-2025-revolt-adv-2-6767.jpg 1100w, https:\/\/giantvietnam.vn\/wp-content\/uploads\/2024\/07\/GIANT-2025-REVOLT-ADV-2-3-768x489.jpg 768w, https:\/\/giantvietnam.vn\/wp-content\/uploads\/2024\/07\/GIANT-2025-REVOLT-ADV-2-3-600x382.jpg 600w\" alt=\"\" width=\"1100\" height=\"700\" \/><figcaption id=\"caption-attachment-29478\" class=\"wp-caption-text\"><strong>Xe \u0111\u1ea1p \u0111\u01b0\u1eddng h\u1ed7n h\u1ee3p\u00a0GIANT 2025 REVOLT ADV 2<\/strong>\u00a0thi\u1ebft k\u1ebf khung v\u00e0 phu\u1ed9c l\u00e0m t\u1eeb ch\u1ea5t li\u1ec7u Carbon v\u00e0 d\u00e2y phanh \u00e2m khung ho\u00e0n to\u00e0n m\u1edbi. Revolt Adv 2 mang \u0111\u1ebfn tr\u1ea3i nghi\u1ec7m \u0111\u1ea1p xe nhanh h\u01a1n tr\u00ean nh\u1eefng con \u0111\u01b0\u1eddng g\u1ed3 gh\u1ec1, s\u1ecfi \u0111\u00e1.<\/figcaption><\/figure>\n<figure id=\"attachment_29479\" class=\"wp-caption aligncenter\" aria-describedby=\"caption-attachment-29479\"><img decoding=\"async\" class=\"wp-image-29479 size-full\" src=\"https:\/\/xedop.com\/wp-content\/uploads\/2025\/06\/xe-dap-giant-2025-revolt-adv-2-6767-1.jpg\" sizes=\"(max-width: 1100px) 100vw, 1100px\" srcset=\"https:\/\/xedop.com\/wp-content\/uploads\/2025\/06\/xe-dap-giant-2025-revolt-adv-2-6767-1.jpg 1100w, https:\/\/giantvietnam.vn\/wp-content\/uploads\/2024\/07\/GIANT-2025-REVOLT-ADV-2-1-1-768x419.jpg 768w, https:\/\/giantvietnam.vn\/wp-content\/uploads\/2024\/07\/GIANT-2025-REVOLT-ADV-2-1-1-600x327.jpg 600w\" alt=\"\" width=\"1100\" height=\"600\" \/><figcaption id=\"caption-attachment-29479\" class=\"wp-caption-text\">B\u1ed9 chuy\u1ec3n \u0111\u1ec1 SHIMANO GRX 2\u00d712 t\u1ed1c \u0111\u1ed9 mang \u0111\u1ebfn tr\u1ea3i nghi\u1ec7m \u0111\u1ea1p xe linh ho\u1ea1t, ch\u00ednh x\u00e1c v\u00e0 m\u01b0\u1ee3t m\u00e0, gi\u00fap ng\u01b0\u1eddi d\u00f9ng d\u1ec5 d\u00e0ng \u0111i\u1ec1u ch\u1ec9nh t\u1ed1c \u0111\u1ed9 v\u00e0 di chuy\u1ec3n m\u01b0\u1ee3t m\u00e0 tr\u00ean m\u1ecdi \u0111\u1ecba h\u00ecnh, t\u1eeb \u0111\u01b0\u1eddng tr\u01b0\u1eddng \u0111\u1ebfn nh\u1eefng cung \u0111\u01b0\u1eddng g\u1ed3 gh\u1ec1.<\/figcaption><\/figure>\n<figure id=\"attachment_29481\" class=\"wp-caption aligncenter\" aria-describedby=\"caption-attachment-29481\"><img decoding=\"async\" class=\"wp-image-29481 size-full\" src=\"https:\/\/xedop.com\/wp-content\/uploads\/2025\/06\/xe-dap-giant-2025-revolt-adv-2-6767-2.jpg\" sizes=\"(max-width: 1100px) 100vw, 1100px\" srcset=\"https:\/\/xedop.com\/wp-content\/uploads\/2025\/06\/xe-dap-giant-2025-revolt-adv-2-6767-2.jpg 1100w, https:\/\/giantvietnam.vn\/wp-content\/uploads\/2024\/07\/GIANT-2025-REVOLT-ADV-2-3-1-768x419.jpg 768w, https:\/\/giantvietnam.vn\/wp-content\/uploads\/2024\/07\/GIANT-2025-REVOLT-ADV-2-3-1-600x327.jpg 600w\" alt=\"\" width=\"1100\" height=\"600\" \/><figcaption id=\"caption-attachment-29481\" class=\"wp-caption-text\">Phanh \u0111\u0129a d\u1ea7u SHIMANO GRX mang l\u1ea1i hi\u1ec7u su\u1ea5t phanh \u1ed5n \u0111\u1ecbnh v\u00e0 an to\u00e0n h\u01a1n khi \u0111\u1ea1p xe tr\u00ean nhi\u1ec1u lo\u1ea1i \u0111\u1ecba h\u00ecnh v\u00e0 trong c\u00e1c \u0111i\u1ec1u ki\u1ec7n th\u1eddi ti\u1ebft kh\u00e1c nhau.<\/figcaption><\/figure>\n<figure id=\"attachment_29480\" class=\"wp-caption aligncenter\" aria-describedby=\"caption-attachment-29480\"><img loading=\"lazy\" decoding=\"async\" class=\"wp-image-29480 size-full\" src=\"https:\/\/xedop.com\/wp-content\/uploads\/2025\/06\/xe-dap-giant-2025-revolt-adv-2-6767-3.jpg\" sizes=\"(max-width: 1100px) 100vw, 1100px\" srcset=\"https:\/\/xedop.com\/wp-content\/uploads\/2025\/06\/xe-dap-giant-2025-revolt-adv-2-6767-3.jpg 1100w, https:\/\/giantvietnam.vn\/wp-content\/uploads\/2024\/07\/GIANT-2025-REVOLT-ADV-2-2-1-768x349.jpg 768w, https:\/\/giantvietnam.vn\/wp-content\/uploads\/2024\/07\/GIANT-2025-REVOLT-ADV-2-2-1-600x273.jpg 600w\" alt=\"\" width=\"1100\" height=\"500\" \/><figcaption id=\"caption-attachment-29480\" class=\"wp-caption-text\">C\u1ecdc y\u00ean D-Fuse gi\u1ea3m ch\u1ea5n \u0111\u1ed9ng m\u1eb7t \u0111\u01b0\u1eddng, gi\u1ea3m m\u1ec7t m\u1ecfi cho \u0111\u01b0\u1eddng d\u00e0i v\u00e0 chinh ph\u1ee5c nhi\u1ec1u m\u1eb7t \u0111\u01b0\u1eddng kh\u00e1c nhau<\/figcaption><\/figure>\n<p><strong>B\u1ea2NG K\u00cdCH TH\u01af\u1edaC THAM KH\u1ea2O<\/strong><\/p>\n<p><img loading=\"lazy\" decoding=\"async\" class=\"size-full wp-image-26478 aligncenter\" src=\"https:\/\/xedop.com\/wp-content\/uploads\/2025\/06\/xe-dap-giant-2025-revolt-adv-2-6767-4.jpg\" sizes=\"(max-width: 1155px) 100vw, 1155px\" srcset=\"https:\/\/xedop.com\/wp-content\/uploads\/2025\/06\/xe-dap-giant-2025-revolt-adv-2-6767-4.jpg 1155w, https:\/\/giantvietnam.vn\/wp-content\/uploads\/2024\/07\/1-2-768x227.jpg 768w, https:\/\/giantvietnam.vn\/wp-content\/uploads\/2024\/07\/1-2-600x178.jpg 600w\" alt=\"\" width=\"1155\" height=\"342\" \/><img loading=\"lazy\" decoding=\"async\" class=\"size-full wp-image-26479 aligncenter\" src=\"https:\/\/xedop.com\/wp-content\/uploads\/2025\/06\/xe-dap-giant-2025-revolt-adv-2-6767-5.jpg\" sizes=\"(max-width: 1155px) 100vw, 1155px\" srcset=\"https:\/\/xedop.com\/wp-content\/uploads\/2025\/06\/xe-dap-giant-2025-revolt-adv-2-6767-5.jpg 1155w, https:\/\/giantvietnam.vn\/wp-content\/uploads\/2024\/07\/2-768x416.jpg 768w, https:\/\/giantvietnam.vn\/wp-content\/uploads\/2024\/07\/2-600x325.jpg 600w\" alt=\"\" width=\"1155\" height=\"625\" \/><\/p>\n<p><img loading=\"lazy\" decoding=\"async\" class=\"size-full wp-image-26705 aligncenter\" src=\"https:\/\/xedop.com\/wp-content\/uploads\/2025\/06\/xe-dap-giant-2025-revolt-adv-2-6767-6.jpg\" sizes=\"(max-width: 1100px) 100vw, 1100px\" srcset=\"https:\/\/xedop.com\/wp-content\/uploads\/2025\/06\/xe-dap-giant-2025-revolt-adv-2-6767-6.jpg 1100w, https:\/\/giantvietnam.vn\/wp-content\/uploads\/2024\/02\/3-GIANT-KT-CHI-TIET-1100X700-768x489.jpg 768w, https:\/\/giantvietnam.vn\/wp-content\/uploads\/2024\/02\/3-GIANT-KT-CHI-TIET-1100X700-600x382.jpg 600w\" alt=\"\" width=\"1100\" height=\"700\" \/><\/p>\n<p>C\u00e1c b\u1ea1n tham kh\u1ea3o th\u00eam c\u00e1c d\u00f2ng\u00a0<strong>xe \u0111\u1ea1p \u0111\u01b0\u1eddng tr\u01b0\u1eddng<\/strong>\u00a0kh\u00e1c, d\u00f2ng\u00a0<strong>xe \u0111\u1ea1p LIV<\/strong>\u00a0d\u00e0nh ri\u00eang cho ph\u00e1i n\u1eef, d\u00f2ng\u00a0<strong>xe \u0111\u1ea1p th\u1eddi trang Momentum<\/strong><\/p>\n<\/div>\n<\/div>\n<\/div>\n<div>\n<div>\n<h2>C\u00f4ng ngh\u1ec7 &amp; t\u00ednh n\u0103ng<\/h2>\n<div>\n<div>\n<div><img decoding=\"async\" src=\"https:\/\/xedop.com\/wp-content\/uploads\/2025\/06\/xe-dap-giant-2025-revolt-adv-2-6767-7.jpg\" \/><\/div>\n<div>\n<div>\n<div>\n<div>\n<figure id=\"attachment_10387\" class=\"wp-caption alignnone\" aria-describedby=\"caption-attachment-10387\"><img loading=\"lazy\" decoding=\"async\" class=\"size-medium wp-image-10387\" src=\"https:\/\/xedop.com\/wp-content\/uploads\/2025\/06\/xe-dap-giant-2025-revolt-adv-2-6767-8.jpg\" sizes=\"(max-width: 800px) 100vw, 800px\" srcset=\"https:\/\/xedop.com\/wp-content\/uploads\/2025\/06\/xe-dap-giant-2025-revolt-adv-2-6767-8.jpg 800w, https:\/\/giantvietnam.vn\/wp-content\/uploads\/2021\/12\/AdvancedComposite_1507879667-768x230.jpg 768w, https:\/\/giantvietnam.vn\/wp-content\/uploads\/2021\/12\/AdvancedComposite_1507879667-600x180.jpg 600w, https:\/\/giantvietnam.vn\/wp-content\/uploads\/2021\/12\/AdvancedComposite_1507879667.jpg 1000w\" alt=\"\" width=\"800\" height=\"240\" \/><figcaption id=\"caption-attachment-10387\" class=\"wp-caption-text\"><\/figcaption><\/figure>\n<\/div>\n<\/div>\n<\/div>\n<\/div>\n<\/div>\n<div>\n<div><img decoding=\"async\" src=\"https:\/\/xedop.com\/wp-content\/uploads\/2025\/06\/xe-dap-giant-2025-revolt-adv-2-6767-9.jpg\" \/><\/div>\n<div>\n<div>\n<div>\n<div>\n<figure id=\"attachment_10891\" class=\"wp-caption alignnone\" aria-describedby=\"caption-attachment-10891\"><img loading=\"lazy\" decoding=\"async\" class=\"size-medium wp-image-10891\" src=\"https:\/\/xedop.com\/wp-content\/uploads\/2025\/06\/xe-dap-giant-2025-revolt-adv-2-6767-10.jpg\" sizes=\"(max-width: 800px) 100vw, 800px\" srcset=\"https:\/\/xedop.com\/wp-content\/uploads\/2025\/06\/xe-dap-giant-2025-revolt-adv-2-6767-10.jpg 800w, https:\/\/giantvietnam.vn\/wp-content\/uploads\/2021\/12\/d-fuse-tech_1534260096-1-768x230.jpg 768w, https:\/\/giantvietnam.vn\/wp-content\/uploads\/2021\/12\/d-fuse-tech_1534260096-1-600x180.jpg 600w, https:\/\/giantvietnam.vn\/wp-content\/uploads\/2021\/12\/d-fuse-tech_1534260096-1.jpg 1000w\" alt=\"\" width=\"800\" height=\"240\" \/><figcaption id=\"caption-attachment-10891\" class=\"wp-caption-text\"><\/figcaption><\/figure>\n<\/div>\n<\/div>\n<\/div>\n<\/div>\n<\/div>\n<div>\n<div><img decoding=\"async\" src=\"https:\/\/xedop.com\/wp-content\/uploads\/2025\/06\/xe-dap-giant-2025-revolt-adv-2-6767-11.jpg\" \/><\/div>\n<div>\n<div>\n<div>\n<div>\n<figure id=\"attachment_10895\" class=\"wp-caption alignnone\" aria-describedby=\"caption-attachment-10895\"><img loading=\"lazy\" decoding=\"async\" class=\"size-medium wp-image-10895\" src=\"https:\/\/xedop.com\/wp-content\/uploads\/2025\/06\/xe-dap-giant-2025-revolt-adv-2-6767-12.jpg\" sizes=\"(max-width: 800px) 100vw, 800px\" srcset=\"https:\/\/xedop.com\/wp-content\/uploads\/2025\/06\/xe-dap-giant-2025-revolt-adv-2-6767-12.jpg 800w, https:\/\/giantvietnam.vn\/wp-content\/uploads\/2021\/12\/OverDrive_1507880152-768x230.jpg 768w, https:\/\/giantvietnam.vn\/wp-content\/uploads\/2021\/12\/OverDrive_1507880152-600x180.jpg 600w, https:\/\/giantvietnam.vn\/wp-content\/uploads\/2021\/12\/OverDrive_1507880152.jpg 1000w\" alt=\"\" width=\"800\" height=\"240\" \/><figcaption id=\"caption-attachment-10895\" class=\"wp-caption-text\"><\/figcaption><\/figure>\n<\/div>\n<\/div>\n<\/div>\n<\/div>\n<\/div>\n<div>\n<div><img decoding=\"async\" src=\"https:\/\/xedop.com\/wp-content\/uploads\/2025\/06\/xe-dap-giant-2025-revolt-adv-2-6767-13.jpg\" \/><\/div>\n<div>\n<div>\n<div>\n<div>\n<figure id=\"attachment_17344\" class=\"wp-caption alignnone\" aria-describedby=\"caption-attachment-17344\"><img loading=\"lazy\" decoding=\"async\" class=\"size-medium wp-image-17344\" src=\"https:\/\/xedop.com\/wp-content\/uploads\/2025\/06\/xe-dap-giant-2025-revolt-adv-2-6767-14.jpg\" sizes=\"(max-width: 800px) 100vw, 800px\" srcset=\"https:\/\/xedop.com\/wp-content\/uploads\/2025\/06\/xe-dap-giant-2025-revolt-adv-2-6767-14.jpg 800w, https:\/\/giantvietnam.vn\/wp-content\/uploads\/2022\/06\/TubelessSystem2_1570664117-768x230.jpg 768w, https:\/\/giantvietnam.vn\/wp-content\/uploads\/2022\/06\/TubelessSystem2_1570664117-600x180.jpg 600w, https:\/\/giantvietnam.vn\/wp-content\/uploads\/2022\/06\/TubelessSystem2_1570664117.jpg 1000w\" alt=\"\" width=\"800\" height=\"240\" \/><figcaption id=\"caption-attachment-17344\" class=\"wp-caption-text\"><\/figcaption><\/figure>\n<\/div>\n<\/div>\n<\/div>\n<\/div>\n<\/div>\n<\/div>\n<\/div>\n<\/div>\n<div><\/div>\n<div>\n<div>\n<div>\n<div>\n<div>\n<h4>KHUNG<\/h4>\n<p>K\u00edch c\u1ee1\/Sizes:M<\/p>\n<p>M\u00e0u s\u1eafc\/Colors:\u0110en<\/p>\n<p>Ch\u1ea5t li\u1ec7u khung\/Frame:Advanced-grade composite, 12x142mm thru-axle, disc<\/p>\n<p>Phu\u1ed9c\/Fork:Advanced-grade composite, full-composite OverDrive steerer, 12mm thru-axle, disc<\/p>\n<p>Gi\u1ea3m x\u00f3c\/Shock:N\/A<\/p>\n<h4>H\u00ca\u0323 TH\u00d4\u0301NG BA\u0301NH XE<\/h4>\n<p>V\u00e0nh xe\/Rims:GIANT P-X2 Disc wheelset, alloy<\/p>\n<p>Moay \u01a1\/Hubs:GIANT alloy, 12mm thru-axle<\/p>\n<p>Nan hoa\/Spokes:Sapim<\/p>\n<p>L\u1ed1p xe\/Tires:GIANT Crosscut Grip TR, 700x40c, tubeless<\/p>\n<h4>KHA\u0301C<\/h4>\n<p>Th\u00eam\/Extras:M\u1ed9t s\u1ed1 linh ki\u1ec7n c\u00f3 th\u1ec3 thay th\u1ebf lo\u1ea1i t\u01b0\u01a1ng \u0111\u01b0\u01a1ng<\/p>\n<\/div>\n<div>\n<h4>CA\u0301C B\u00d4\u0323 PH\u00c2\u0323N<\/h4>\n<p>Ghi \u0111\u00f4ng\/Handlebar:GIANT Contact XR D-Fuse, 31.8mm<\/p>\n<p>P\u00f4 t\u0103ng\/Stem:GIANT Contact AeroLight, -10 degree<\/p>\n<p>C\u1ecdc y\u00ean\/Seatpost:GIANT D-Fuse, composite, 14mm offset<\/p>\n<p>Y\u00ean\/Saddle:GIANT Grit<\/p>\n<p>Ba\u0300n \u0111a\u0323p\/Pedals:C\u00f3 s\u1eb5n<\/p>\n<h4>B\u00d4\u0323 TRUY\u00ca\u0300N \u0110\u00d4\u0323NG<\/h4>\n<p>Tay \u0111\u1ec1\/Shifters:SHIMANO GRX RX-610, 2x12s<\/p>\n<p>B\u1ed9 chuy\u1ec3n \u0111\u1ec1 tr\u01b0\u1edbc\/Front Derailleur:SHIMANO GRX RX-820 2s<\/p>\n<p>B\u1ed9 chuy\u1ec3n \u0111\u1ec1 sau\/Rear Derailleur:SHIMANO GRX RX-820 12s<\/p>\n<p>Phanh\/Brakes:SHIMANO GRX RX-410 hydraulic, GIANT MPH rotors [F]160mm, [R]160mm<\/p>\n<p>Tay phanh\/Brake Levers:SHIMANO GRX RX-610 hydraulic<\/p>\n<p>L\u00edp\/Cassette:SHIMANO CS-HG710, 12s, 11x36T<\/p>\n<p>X\u00edch\/Chain:KMC X12L-1<\/p>\n<p>\u0110\u00f9i \u0111\u0129a\/Crankset:FSA Omega Modular AGX+, 32\/48T<\/p>\n<\/div>\n<\/div>\n<\/div>\n<\/div>\n<\/div>\n","protected":false},"excerpt":{"rendered":"<p>Xe \u0111\u1ea1p \u0111\u01b0\u1eddng h\u1ed7n h\u1ee3p\u00a0GIANT 2025 REVOLT ADV 2\u00a0thi\u1ebft k\u1ebf khung v\u00e0 phu\u1ed9c l\u00e0m t\u1eeb ch\u1ea5t li\u1ec7u Carbon v\u00e0 d\u00e2y phanh \u00e2m khung ho\u00e0n to\u00e0n m\u1edbi.<span class=\"excerpt-hellip\"> [\u2026]<\/span><\/p>\n","protected":false},"featured_media":9746,"comment_status":"closed","ping_status":"closed","template":"","meta":[],"product_cat":[70],"product_tag":[],"class_list":["post-6767","product","type-product","status-publish","has-post-thumbnail","hentry","product_cat-xe-dap-duong-hon-hop"],"_links":{"self":[{"href":"https:\/\/xedop.com\/en\/wp-json\/wp\/v2\/product\/6767","targetHints":{"allow":["GET"]}}],"collection":[{"href":"https:\/\/xedop.com\/en\/wp-json\/wp\/v2\/product"}],"about":[{"href":"https:\/\/xedop.com\/en\/wp-json\/wp\/v2\/types\/product"}],"replies":[{"embeddable":true,"href":"https:\/\/xedop.com\/en\/wp-json\/wp\/v2\/comments?post=6767"}],"version-history":[{"count":1,"href":"https:\/\/xedop.com\/en\/wp-json\/wp\/v2\/product\/6767\/revisions"}],"predecessor-version":[{"id":6800,"href":"https:\/\/xedop.com\/en\/wp-json\/wp\/v2\/product\/6767\/revisions\/6800"}],"wp:featuredmedia":[{"embeddable":true,"href":"https:\/\/xedop.com\/en\/wp-json\/wp\/v2\/media\/9746"}],"wp:attachment":[{"href":"https:\/\/xedop.com\/en\/wp-json\/wp\/v2\/media?parent=6767"}],"wp:term":[{"taxonomy":"product_cat","embeddable":true,"href":"https:\/\/xedop.com\/en\/wp-json\/wp\/v2\/product_cat?post=6767"},{"taxonomy":"product_tag","embeddable":true,"href":"https:\/\/xedop.com\/en\/wp-json\/wp\/v2\/product_tag?post=6767"}],"curies":[{"name":"wp","href":"https:\/\/api.w.org\/{rel}","templated":true}]}}