{"id":6851,"date":"2025-06-11T09:59:01","date_gmt":"2025-06-11T02:59:01","guid":{"rendered":"https:\/\/xedop.com\/?post_type=product&#038;p=6851"},"modified":"2025-06-21T07:17:55","modified_gmt":"2025-06-21T00:17:55","slug":"xe-dap-giant-2025-revolt-2","status":"publish","type":"product","link":"https:\/\/xedop.com\/en\/san-pham\/xe-dap-giant-2025-revolt-2\/","title":{"rendered":"Xe \u0111\u1ea1p GIANT 2025 REVOLT 2"},"content":{"rendered":"<div>\n<div>\n<div>\n<p>REVOLT F v\u1edbi ki\u1ec3u d\u00e1ng thi\u1ebft k\u1ebf Gravel tay ngang \u0111em l\u1ea1i cho ng\u01b0\u1eddi s\u1eed d\u1ee5ng m\u1ed9t d\u00f2ng xe th\u1ec3 thao k\u1ebft h\u1ee3p c\u1ee7a s\u1ef1 hi\u1ec7u qu\u1ea3 gi\u1eefa t\u1ed1c \u0111\u1ed9 v\u00e0 h\u1ec7 th\u1ed1ng l\u00e1i an to\u00e0n. Xe \u0111\u1ea1p Gravel kh\u00f4ng ch\u1ec9 c\u00f3 th\u1ec3 s\u1eed d\u1ee5ng cho nhu c\u1ea7u \u0111i l\u1ea1i trong th\u00e0nh ph\u1ed1 m\u00e0 c\u00f2n c\u00f3 th\u1ec3 \u0111\u00e1p \u1ee9ng t\u1ed1t h\u01a1n v\u1edbi nh\u1eefng chuy\u1ebfn \u0111i d\u00e3 ngo\u1ea1i ng\u1eafn ng\u00e0y.<\/p>\n<figure id=\"attachment_27218\" class=\"wp-caption aligncenter\" aria-describedby=\"caption-attachment-27218\"><img fetchpriority=\"high\" decoding=\"async\" class=\"wp-image-27218 size-full\" src=\"https:\/\/xedop.com\/wp-content\/uploads\/2025\/06\/xe-dap-giant-2025-revolt-2-6851.jpg\" sizes=\"(max-width: 1200px) 100vw, 1200px\" srcset=\"https:\/\/xedop.com\/wp-content\/uploads\/2025\/06\/xe-dap-giant-2025-revolt-2-6851.jpg 1200w, https:\/\/giantvietnam.vn\/wp-content\/uploads\/2024\/08\/GIANT-2025-REVOLT-2-768x576.jpg 768w, https:\/\/giantvietnam.vn\/wp-content\/uploads\/2024\/08\/GIANT-2025-REVOLT-2-600x450.jpg 600w\" alt=\"\" width=\"1200\" height=\"900\" \/><figcaption id=\"caption-attachment-27218\" class=\"wp-caption-text\">Khung xe h\u1ee3p kim nh\u00f4m Aluxx c\u00f3 tr\u1ecdng l\u01b0\u1ee3ng nh\u1eb9, c\u00f9ng c\u00f4ng ngh\u1ec7 \u0111i d\u00e2y \u00e2m khung \u0111\u1ed9c \u0111\u00e1o, g\u1ecdn g\u00e0ng.<\/figcaption><\/figure>\n<figure id=\"attachment_27222\" class=\"wp-caption aligncenter\" aria-describedby=\"caption-attachment-27222\"><img decoding=\"async\" class=\"wp-image-27222 size-full\" src=\"https:\/\/xedop.com\/wp-content\/uploads\/2025\/06\/xe-dap-giant-2025-revolt-2-6851-1.jpg\" alt=\"\" width=\"600\" height=\"400\" \/><figcaption id=\"caption-attachment-27222\" class=\"wp-caption-text\">H\u1ec7 th\u1ed1ng phanh \u0111\u0129a c\u01a1 TEKTRO phanh xe nh\u1eb9 v\u00e0 an to\u00e0n h\u01a1n trong su\u1ed1t qu\u00e1 tr\u00ecnh s\u1eed d\u1ee5ng.<\/figcaption><\/figure>\n<figure id=\"attachment_27223\" class=\"wp-caption aligncenter\" aria-describedby=\"caption-attachment-27223\"><img decoding=\"async\" class=\"wp-image-27223 size-full\" src=\"https:\/\/xedop.com\/wp-content\/uploads\/2025\/06\/xe-dap-giant-2025-revolt-2-6851-2.jpg\" alt=\"\" width=\"600\" height=\"400\" \/><figcaption id=\"caption-attachment-27223\" class=\"wp-caption-text\">B\u1ed9 chuy\u1ec3n \u0111\u1ec1 SHIMANO CLARIS 2\u00d79 t\u1ed1c \u0111\u1ed9 \u0111em l\u1ea1i s\u1ef1 linh ho\u1ea1t v\u00e0 ki\u1ec3m so\u00e1t t\u1ed1c \u0111\u1ed9 m\u1ed9t c\u00e1ch t\u1ed1i \u01b0u trong h\u00e0nh tr\u00ecnh.<\/figcaption><\/figure>\n<\/div>\n<\/div>\n<\/div>\n<div>\n<div>\n<h2>C\u00f4ng ngh\u1ec7 &amp; t\u00ednh n\u0103ng<\/h2>\n<div>\n<div>\n<div><img decoding=\"async\" src=\"https:\/\/xedop.com\/wp-content\/uploads\/2025\/06\/xe-dap-giant-2025-revolt-2-6851-3.jpg\" \/><\/div>\n<div>\n<div>\n<div>\n<div>\n<figure id=\"attachment_17398\" class=\"wp-caption alignnone\" aria-describedby=\"caption-attachment-17398\"><img loading=\"lazy\" decoding=\"async\" class=\"size-medium wp-image-17398\" src=\"https:\/\/xedop.com\/wp-content\/uploads\/2025\/06\/xe-dap-giant-2025-revolt-2-6851-4.jpg\" sizes=\"(max-width: 800px) 100vw, 800px\" srcset=\"https:\/\/xedop.com\/wp-content\/uploads\/2025\/06\/xe-dap-giant-2025-revolt-2-6851-4.jpg 800w, https:\/\/giantvietnam.vn\/wp-content\/uploads\/2022\/06\/ALUXX-ALUMINUM-TECHNOLOGY-768x230.jpg 768w, https:\/\/giantvietnam.vn\/wp-content\/uploads\/2022\/06\/ALUXX-ALUMINUM-TECHNOLOGY-600x180.jpg 600w, https:\/\/giantvietnam.vn\/wp-content\/uploads\/2022\/06\/ALUXX-ALUMINUM-TECHNOLOGY.jpg 1000w\" alt=\"\" width=\"800\" height=\"240\" \/><figcaption id=\"caption-attachment-17398\" class=\"wp-caption-text\"><\/figcaption><\/figure>\n<\/div>\n<\/div>\n<\/div>\n<\/div>\n<\/div>\n<div>\n<div><img decoding=\"async\" src=\"https:\/\/xedop.com\/wp-content\/uploads\/2025\/06\/xe-dap-giant-2025-revolt-2-6851-5.jpg\" \/><\/div>\n<div>\n<div>\n<div>\n<div>\n<figure id=\"attachment_17384\" class=\"wp-caption alignnone\" aria-describedby=\"caption-attachment-17384\"><img loading=\"lazy\" decoding=\"async\" class=\"size-medium wp-image-17384\" src=\"https:\/\/xedop.com\/wp-content\/uploads\/2025\/06\/xe-dap-giant-2025-revolt-2-6851-6.jpg\" sizes=\"(max-width: 800px) 100vw, 800px\" srcset=\"https:\/\/xedop.com\/wp-content\/uploads\/2025\/06\/xe-dap-giant-2025-revolt-2-6851-6.jpg 800w, https:\/\/giantvietnam.vn\/wp-content\/uploads\/2022\/06\/d-fuse-tech_1534260096-768x230.jpg 768w, https:\/\/giantvietnam.vn\/wp-content\/uploads\/2022\/06\/d-fuse-tech_1534260096-600x180.jpg 600w, https:\/\/giantvietnam.vn\/wp-content\/uploads\/2022\/06\/d-fuse-tech_1534260096.jpg 1000w\" alt=\"\" width=\"800\" height=\"240\" \/><figcaption id=\"caption-attachment-17384\" class=\"wp-caption-text\"><\/figcaption><\/figure>\n<\/div>\n<\/div>\n<\/div>\n<\/div>\n<\/div>\n<div>\n<div><img decoding=\"async\" src=\"https:\/\/xedop.com\/wp-content\/uploads\/2025\/06\/xe-dap-giant-2025-revolt-2-6851-7.jpg\" \/><\/div>\n<div>\n<div>\n<div>\n<div>\n<figure id=\"attachment_24894\" class=\"wp-caption alignnone\" aria-describedby=\"caption-attachment-24894\"><img loading=\"lazy\" decoding=\"async\" class=\"size-full wp-image-24894\" src=\"https:\/\/xedop.com\/wp-content\/uploads\/2025\/06\/xe-dap-giant-2025-revolt-2-6851-8.jpg\" sizes=\"(max-width: 1000px) 100vw, 1000px\" srcset=\"https:\/\/xedop.com\/wp-content\/uploads\/2025\/06\/xe-dap-giant-2025-revolt-2-6851-8.jpg 1000w, https:\/\/giantvietnam.vn\/wp-content\/uploads\/2024\/03\/flipchip_maestro3_1669916603-768x230.jpg 768w, https:\/\/giantvietnam.vn\/wp-content\/uploads\/2024\/03\/flipchip_maestro3_1669916603-600x180.jpg 600w\" alt=\"\" width=\"1000\" height=\"300\" \/><figcaption id=\"caption-attachment-24894\" class=\"wp-caption-text\"><\/figcaption><\/figure>\n<\/div>\n<\/div>\n<\/div>\n<\/div>\n<\/div>\n<div>\n<div><img decoding=\"async\" src=\"https:\/\/xedop.com\/wp-content\/uploads\/2025\/06\/xe-dap-giant-2025-revolt-2-6851-9.jpg\" \/><\/div>\n<div>\n<div>\n<div>\n<div>\n<figure id=\"attachment_6934\" class=\"wp-caption alignnone\" aria-describedby=\"caption-attachment-6934\"><img loading=\"lazy\" decoding=\"async\" class=\"size-medium wp-image-6934\" src=\"https:\/\/xedop.com\/wp-content\/uploads\/2025\/06\/xe-dap-giant-2025-revolt-2-6851-10.jpg\" sizes=\"(max-width: 800px) 100vw, 800px\" srcset=\"https:\/\/xedop.com\/wp-content\/uploads\/2025\/06\/xe-dap-giant-2025-revolt-2-6851-10.jpg 800w, https:\/\/giantvietnam.vn\/wp-content\/uploads\/2021\/01\/OverDrive_-768x230.jpg 768w, https:\/\/giantvietnam.vn\/wp-content\/uploads\/2021\/01\/OverDrive_-600x180.jpg 600w, https:\/\/giantvietnam.vn\/wp-content\/uploads\/2021\/01\/OverDrive_.jpg 1000w\" alt=\"\" width=\"800\" height=\"240\" \/><figcaption id=\"caption-attachment-6934\" class=\"wp-caption-text\"><\/figcaption><\/figure>\n<\/div>\n<\/div>\n<\/div>\n<\/div>\n<\/div>\n<div>\n<div><img decoding=\"async\" src=\"https:\/\/xedop.com\/wp-content\/uploads\/2025\/06\/xe-dap-giant-2025-revolt-2-6851-11.jpg\" \/><\/div>\n<div>\n<div>\n<div>\n<div>\n<figure id=\"attachment_17344\" class=\"wp-caption alignnone\" aria-describedby=\"caption-attachment-17344\"><img loading=\"lazy\" decoding=\"async\" class=\"size-medium wp-image-17344\" src=\"https:\/\/xedop.com\/wp-content\/uploads\/2025\/06\/xe-dap-giant-2025-revolt-2-6851-12.jpg\" sizes=\"(max-width: 800px) 100vw, 800px\" srcset=\"https:\/\/xedop.com\/wp-content\/uploads\/2025\/06\/xe-dap-giant-2025-revolt-2-6851-12.jpg 800w, https:\/\/giantvietnam.vn\/wp-content\/uploads\/2022\/06\/TubelessSystem2_1570664117-768x230.jpg 768w, https:\/\/giantvietnam.vn\/wp-content\/uploads\/2022\/06\/TubelessSystem2_1570664117-600x180.jpg 600w, https:\/\/giantvietnam.vn\/wp-content\/uploads\/2022\/06\/TubelessSystem2_1570664117.jpg 1000w\" alt=\"\" width=\"800\" height=\"240\" \/><figcaption id=\"caption-attachment-17344\" class=\"wp-caption-text\"><\/figcaption><\/figure>\n<\/div>\n<\/div>\n<\/div>\n<\/div>\n<\/div>\n<div>\n<div><img decoding=\"async\" src=\"https:\/\/xedop.com\/wp-content\/uploads\/2025\/06\/xe-dap-giant-2025-revolt-2-6851-13.jpg\" \/><\/div>\n<div>\n<div>\n<div>\n<div>\n<figure id=\"attachment_21298\" class=\"wp-caption alignnone\" aria-describedby=\"caption-attachment-21298\"><img loading=\"lazy\" decoding=\"async\" class=\"size-full wp-image-21298\" src=\"https:\/\/xedop.com\/wp-content\/uploads\/2025\/06\/xe-dap-giant-2025-revolt-2-6851-14.jpg\" sizes=\"(max-width: 1000px) 100vw, 1000px\" srcset=\"https:\/\/xedop.com\/wp-content\/uploads\/2025\/06\/xe-dap-giant-2025-revolt-2-6851-14.jpg 1000w, https:\/\/giantvietnam.vn\/wp-content\/uploads\/2023\/03\/PowerCore_1507880097-768x230.jpg 768w, https:\/\/giantvietnam.vn\/wp-content\/uploads\/2023\/03\/PowerCore_1507880097-600x180.jpg 600w\" alt=\"\" width=\"1000\" height=\"300\" \/><figcaption id=\"caption-attachment-21298\" class=\"wp-caption-text\"><\/figcaption><\/figure>\n<\/div>\n<\/div>\n<\/div>\n<\/div>\n<\/div>\n<div>\n<div><img decoding=\"async\" src=\"https:\/\/xedop.com\/wp-content\/uploads\/2025\/06\/xe-dap-giant-2025-revolt-2-6851-15.jpg\" \/><\/div>\n<div>\n<div>\n<div>\n<div>\n<figure id=\"attachment_29583\" class=\"wp-caption aligncenter\" aria-describedby=\"caption-attachment-29583\"><img loading=\"lazy\" decoding=\"async\" class=\"wp-image-29583 size-full\" src=\"https:\/\/xedop.com\/wp-content\/uploads\/2025\/06\/xe-dap-giant-2025-revolt-2-6851-16.jpg\" sizes=\"(max-width: 1000px) 100vw, 1000px\" srcset=\"https:\/\/xedop.com\/wp-content\/uploads\/2025\/06\/xe-dap-giant-2025-revolt-2-6851-16.jpg 1000w, https:\/\/giantvietnam.vn\/wp-content\/uploads\/2024\/08\/MegaDrive-1-768x230.jpg 768w, https:\/\/giantvietnam.vn\/wp-content\/uploads\/2024\/08\/MegaDrive-1-600x180.jpg 600w\" alt=\"\" width=\"1000\" height=\"300\" \/><figcaption id=\"caption-attachment-29583\" class=\"wp-caption-text\"><\/figcaption><\/figure>\n<\/div>\n<\/div>\n<\/div>\n<\/div>\n<\/div>\n<div>\n<div><img decoding=\"async\" src=\"https:\/\/xedop.com\/wp-content\/uploads\/2025\/06\/xe-dap-giant-2025-revolt-2-6851-17.jpg\" \/><\/div>\n<div>\n<div>\n<div>\n<div>\n<figure id=\"attachment_6905\" class=\"wp-caption alignnone\" aria-describedby=\"caption-attachment-6905\"><img loading=\"lazy\" decoding=\"async\" class=\"size-medium wp-image-6905\" src=\"https:\/\/xedop.com\/wp-content\/uploads\/2025\/06\/xe-dap-giant-2025-revolt-2-6851-18.jpg\" sizes=\"(max-width: 800px) 100vw, 800px\" srcset=\"https:\/\/xedop.com\/wp-content\/uploads\/2025\/06\/xe-dap-giant-2025-revolt-2-6851-18.jpg 800w, https:\/\/giantvietnam.vn\/wp-content\/uploads\/2021\/04\/CompactRoad-1-768x230.jpg 768w, https:\/\/giantvietnam.vn\/wp-content\/uploads\/2021\/04\/CompactRoad-1-600x180.jpg 600w, https:\/\/giantvietnam.vn\/wp-content\/uploads\/2021\/04\/CompactRoad-1.jpg 1000w\" alt=\"\" width=\"800\" height=\"240\" \/><figcaption id=\"caption-attachment-6905\" class=\"wp-caption-text\"><\/figcaption><\/figure>\n<\/div>\n<\/div>\n<\/div>\n<\/div>\n<\/div>\n<\/div>\n<\/div>\n<\/div>\n<div><\/div>\n<div>\n<div>\n<div>\n<div>\n<div>\n<h4>KHUNG<\/h4>\n<p>K\u00edch c\u1ee1\/Sizes:S, M<\/p>\n<p>M\u00e0u s\u1eafc\/Colors:Ghi, xanh<\/p>\n<p>Ch\u1ea5t li\u1ec7u khung\/Frame:ALUXX-Grade Aluminium, 12x142mm thru-axle, disc, flip chip dropout<\/p>\n<p>Phu\u1ed9c\/Fork:Advanced-Grade Composite, full-composite OverDrive steerer, 12mm thru-axle, disc<\/p>\n<p>Gi\u1ea3m x\u00f3c\/Shock:N\/A<\/p>\n<h4>H\u00ca\u0323 TH\u00d4\u0301NG BA\u0301NH XE<\/h4>\n<p>V\u00e0nh xe\/Rims:GIANT S-X2 Disc wheelset, alloy<\/p>\n<p>Moay \u01a1\/Hubs:GIANT alloy, 12mm thru-axle<\/p>\n<p>Nan hoa\/Spokes:Stainless<\/p>\n<p>L\u1ed1p xe\/Tires:GIANT CrossCut AT 2, 700x38c, tubeless<\/p>\n<h4>KHA\u0301C<\/h4>\n<p>Th\u00eam\/Extras:M\u1ed9t s\u1ed1 linh ki\u1ec7n c\u00f3 th\u1ec3 thay th\u1ebf lo\u1ea1i t\u01b0\u01a1ng \u0111\u01b0\u01a1ng<\/p>\n<\/div>\n<div>\n<h4>CA\u0301C B\u00d4\u0323 PH\u00c2\u0323N<\/h4>\n<p>Ghi \u0111\u00f4ng\/Handlebar:GIANT Contact XR Ergo-Control, 31.8mm<\/p>\n<p>P\u00f4 t\u0103ng\/Stem:Cork tape with gel<\/p>\n<p>C\u1ecdc y\u00ean\/Seatpost:GIANT D-Fuse, alloy, 14mm offset<\/p>\n<p>Y\u00ean\/Saddle:GIANT Approach<\/p>\n<p>Ba\u0300n \u0111a\u0323p\/Pedals:C\u00f3 s\u1eb5n<\/p>\n<h4>B\u00d4\u0323 TRUY\u00ca\u0300N \u0110\u00d4\u0323NG<\/h4>\n<p>Tay \u0111\u1ec1\/Shifters:SHIMANO SORA 2x9s<\/p>\n<p>B\u1ed9 chuy\u1ec3n \u0111\u1ec1 tr\u01b0\u1edbc\/Front Derailleur:SHIMANO SORA 2s<\/p>\n<p>B\u1ed9 chuy\u1ec3n \u0111\u1ec1 sau\/Rear Derailleur:SHIMANO SORA 9s<\/p>\n<p>Phanh\/Brakes:Tektro MD-C550 mechanical, GIANT MPH rotors<\/p>\n<p>Tay phanh\/Brake Levers:SHIMANO SORA<\/p>\n<p>L\u00edp\/Cassette:SHIMANO HG400, 11x34T<\/p>\n<p>X\u00edch\/Chain:KMC X9<\/p>\n<p>\u0110\u00f9i \u0111\u0129a\/Crankset:FSA Vero Pro, 32\/48T<\/p>\n<\/div>\n<\/div>\n<\/div>\n<\/div>\n<\/div>\n","protected":false},"excerpt":{"rendered":"<p>REVOLT F v\u1edbi ki\u1ec3u d\u00e1ng thi\u1ebft k\u1ebf Gravel tay ngang \u0111em l\u1ea1i cho ng\u01b0\u1eddi s\u1eed d\u1ee5ng m\u1ed9t d\u00f2ng xe th\u1ec3 thao k\u1ebft h\u1ee3p c\u1ee7a s\u1ef1 hi\u1ec7u<span class=\"excerpt-hellip\"> [\u2026]<\/span><\/p>\n","protected":false},"featured_media":9734,"comment_status":"closed","ping_status":"closed","template":"","meta":[],"product_cat":[70],"product_tag":[],"class_list":["post-6851","product","type-product","status-publish","has-post-thumbnail","hentry","product_cat-xe-dap-duong-hon-hop"],"_links":{"self":[{"href":"https:\/\/xedop.com\/en\/wp-json\/wp\/v2\/product\/6851","targetHints":{"allow":["GET"]}}],"collection":[{"href":"https:\/\/xedop.com\/en\/wp-json\/wp\/v2\/product"}],"about":[{"href":"https:\/\/xedop.com\/en\/wp-json\/wp\/v2\/types\/product"}],"replies":[{"embeddable":true,"href":"https:\/\/xedop.com\/en\/wp-json\/wp\/v2\/comments?post=6851"}],"version-history":[{"count":1,"href":"https:\/\/xedop.com\/en\/wp-json\/wp\/v2\/product\/6851\/revisions"}],"predecessor-version":[{"id":6894,"href":"https:\/\/xedop.com\/en\/wp-json\/wp\/v2\/product\/6851\/revisions\/6894"}],"wp:featuredmedia":[{"embeddable":true,"href":"https:\/\/xedop.com\/en\/wp-json\/wp\/v2\/media\/9734"}],"wp:attachment":[{"href":"https:\/\/xedop.com\/en\/wp-json\/wp\/v2\/media?parent=6851"}],"wp:term":[{"taxonomy":"product_cat","embeddable":true,"href":"https:\/\/xedop.com\/en\/wp-json\/wp\/v2\/product_cat?post=6851"},{"taxonomy":"product_tag","embeddable":true,"href":"https:\/\/xedop.com\/en\/wp-json\/wp\/v2\/product_tag?post=6851"}],"curies":[{"name":"wp","href":"https:\/\/api.w.org\/{rel}","templated":true}]}}