{"id":7520,"date":"2025-06-11T11:20:45","date_gmt":"2025-06-11T04:20:45","guid":{"rendered":"https:\/\/xedop.com\/?post_type=product&#038;p=7520"},"modified":"2025-06-21T08:18:59","modified_gmt":"2025-06-21T01:18:59","slug":"xe-dap-giant-2025-propel-adv-pro-0-di2","status":"publish","type":"product","link":"https:\/\/xedop.com\/en\/san-pham\/xe-dap-giant-2025-propel-adv-pro-0-di2\/","title":{"rendered":"Xe \u0111\u1ea1p GIANT 2025 PROPEL ADV PRO 0-DI2"},"content":{"rendered":"<div>\n<div>\n<div>\n<figure id=\"attachment_28811\" class=\"wp-caption aligncenter\" aria-describedby=\"caption-attachment-28811\"><img fetchpriority=\"high\" decoding=\"async\" class=\"wp-image-28811 size-full\" src=\"https:\/\/xedop.com\/wp-content\/uploads\/2025\/06\/xe-dap-giant-2025-propel-adv-pro-0-di2-7520.jpg\" sizes=\"(max-width: 1100px) 100vw, 1100px\" srcset=\"https:\/\/xedop.com\/wp-content\/uploads\/2025\/06\/xe-dap-giant-2025-propel-adv-pro-0-di2-7520.jpg 1100w, https:\/\/giantvietnam.vn\/wp-content\/uploads\/2024\/08\/GIANT-2025-PROPEL-ADV-PRO-0-DI2-768x489.jpg 768w, https:\/\/giantvietnam.vn\/wp-content\/uploads\/2024\/08\/GIANT-2025-PROPEL-ADV-PRO-0-DI2-600x382.jpg 600w\" alt=\"\" width=\"1100\" height=\"700\" \/><figcaption id=\"caption-attachment-28811\" class=\"wp-caption-text\"><strong>Xe \u0111\u1ea1p \u0111ua \u0111\u01b0\u1eddng tr\u01b0\u1eddng<\/strong>\u00a0cao c\u1ea5p v\u1edbi chi\u1ebfn th\u1eafng trong c\u00e1c cu\u1ed9c \u0111ua \u0111\u1ea1p xe, hi\u1ec7u su\u1ea5t t\u0103ng t\u1ed1c khi \u0111\u1ea1p xe n\u01b0\u1edbc r\u00fat t\u1ed1t nh\u1ea5t.\u00a0<strong>GIANT 2025 PROPEL ADV PRO 0-DI2<\/strong>, khung xe propel l\u00e0 m\u1ed9t trong nh\u1eefng chi\u1ebfc xe c\u00f3 thi\u1ebft k\u1ebf kh\u00ed \u0111\u1ed9ng h\u1ecdc nh\u1eb9 nh\u1ea5t hi\u1ec7n nay. Tr\u1ecdng l\u01b0\u1ee3ng xe nh\u1eb9 h\u01a1n, \u0111\u1ed9 c\u1ee9ng cao h\u01a1n gi\u00fap n\u00e2ng cao hi\u1ec7u su\u1ea5t \u0111\u1ea1p xe \u0111\u01b0\u1ee3c t\u1ed1t h\u01a1n.<\/figcaption><\/figure>\n<figure id=\"attachment_28812\" class=\"wp-caption aligncenter\" aria-describedby=\"caption-attachment-28812\"><img decoding=\"async\" class=\"wp-image-28812 size-full\" src=\"https:\/\/xedop.com\/wp-content\/uploads\/2025\/06\/xe-dap-giant-2025-propel-adv-pro-0-di2-7520-1.jpg\" sizes=\"(max-width: 1100px) 100vw, 1100px\" srcset=\"https:\/\/xedop.com\/wp-content\/uploads\/2025\/06\/xe-dap-giant-2025-propel-adv-pro-0-di2-7520-1.jpg 1100w, https:\/\/giantvietnam.vn\/wp-content\/uploads\/2024\/08\/GIANT-2025-PROPEL-ADV-PRO-0-DI2-1-768x489.jpg 768w, https:\/\/giantvietnam.vn\/wp-content\/uploads\/2024\/08\/GIANT-2025-PROPEL-ADV-PRO-0-DI2-1-600x382.jpg 600w\" alt=\"\" width=\"1100\" height=\"700\" \/><figcaption id=\"caption-attachment-28812\" class=\"wp-caption-text\">B\u1ed9 chuy\u1ec3n \u0111\u1ec1 \u0111i\u1ec7n t\u1eed cao c\u1ea5p SHIMANO ULTEGRA Di2, gi\u00fap b\u1ea1n linh ho\u1ea1t chuy\u1ec3n \u0111\u1ed5i t\u1ed1c \u0111\u1ed9 tr\u01a1n m\u01b0\u1ee3t tr\u00ean \u0111\u01b0\u1eddng tr\u01b0\u1eddng v\u00e0 phanh \u0111\u0129a d\u1ea7u SHIMANO ULTEGRA ki\u1ec3m so\u00e1t t\u1ed1c \u0111\u1ed9 an to\u00e0n h\u01a1n.<\/figcaption><\/figure>\n<figure id=\"attachment_28813\" class=\"wp-caption aligncenter\" aria-describedby=\"caption-attachment-28813\"><img decoding=\"async\" class=\"wp-image-28813 size-full\" src=\"https:\/\/xedop.com\/wp-content\/uploads\/2025\/06\/xe-dap-giant-2025-propel-adv-pro-0-di2-7520-2.jpg\" sizes=\"(max-width: 1100px) 100vw, 1100px\" srcset=\"https:\/\/xedop.com\/wp-content\/uploads\/2025\/06\/xe-dap-giant-2025-propel-adv-pro-0-di2-7520-2.jpg 1100w, https:\/\/giantvietnam.vn\/wp-content\/uploads\/2024\/08\/GIANT-2025-PROPEL-ADV-PRO-0-DI2-2-768x489.jpg 768w, https:\/\/giantvietnam.vn\/wp-content\/uploads\/2024\/08\/GIANT-2025-PROPEL-ADV-PRO-0-DI2-2-600x382.jpg 600w\" alt=\"\" width=\"1100\" height=\"700\" \/><figcaption id=\"caption-attachment-28813\" class=\"wp-caption-text\">V\u00e0nh xe \u0111\u01b0\u1ee3c l\u00e0m t\u1eeb Carbon, k\u1ebft h\u1ee3p l\u1ed1p xe \u0111\u1ea1p \u0111\u01b0\u1eddng tr\u01b0\u1eddng c\u00f4ng ngh\u1ec7 l\u1ed1p kh\u00f4ng s\u0103m, b\u00e1m \u0111\u01b0\u1eddng h\u01a1n, gi\u1ea3m l\u1ef1c c\u1ea3n gi\u00f3, \u0111\u1eb7c bi\u1ec7t gi\u1ea3m thi\u1ec3u kh\u1ea3 n\u0103ng th\u1ee7ng l\u1ed1p khi \u0111\u1ea1p xe \u0111\u01b0\u1eddng d\u00e0i.<\/figcaption><\/figure>\n<figure id=\"attachment_28814\" class=\"wp-caption aligncenter\" aria-describedby=\"caption-attachment-28814\"><img loading=\"lazy\" decoding=\"async\" class=\"wp-image-28814 size-full\" src=\"https:\/\/xedop.com\/wp-content\/uploads\/2025\/06\/xe-dap-giant-2025-propel-adv-pro-0-di2-7520-3.jpg\" sizes=\"(max-width: 1100px) 100vw, 1100px\" srcset=\"https:\/\/xedop.com\/wp-content\/uploads\/2025\/06\/xe-dap-giant-2025-propel-adv-pro-0-di2-7520-3.jpg 1100w, https:\/\/giantvietnam.vn\/wp-content\/uploads\/2024\/08\/GIANT-2025-PROPEL-ADV-PRO-0-DI2-3-768x489.jpg 768w, https:\/\/giantvietnam.vn\/wp-content\/uploads\/2024\/08\/GIANT-2025-PROPEL-ADV-PRO-0-DI2-3-600x382.jpg 600w\" alt=\"\" width=\"1100\" height=\"700\" \/><figcaption id=\"caption-attachment-28814\" class=\"wp-caption-text\">Ch\u1ec9 v\u1edbi chi\u1ebfc l\u1ee5c l\u0103ng 4 c\u00f3 th\u1ec3 \u0111i\u1ec1u ch\u1ec9nh ghi \u0111\u00f4ng \u0111\u01a1n gi\u1ea3n h\u01a1n. Thi\u1ebft k\u1ebf v\u1edbi \u1ed1ng D OverDrive Aero, c\u00f9ng v\u1edbi ghi \u0111\u00f4ng v\u00e0 p\u00f4 t\u0103ng Contact SLR Aero P\u00f4 t\u0103ng gi\u1ea5u h\u1ebft d\u00e2y b\u00ean trong, v\u00ec v\u1eady khi thay p\u00f4 t\u0103ng kh\u00f4ng c\u1ea7n ph\u1ea3i \u0111i l\u1ea1i d\u00e2y Ghi \u0111\u00f4ng Contact SLR Aero, c\u00f3 th\u1ec3 \u0111i\u1ec1u ch\u1ec9nh nghi\u00eang 10 \u0111\u1ed9.<\/figcaption><\/figure>\n<p><em><strong>B\u1ea2NG K\u00cdCH TH\u01af\u1edaC THAM KH\u1ea2O<\/strong><\/em><\/p>\n<p><em><strong><img loading=\"lazy\" decoding=\"async\" class=\"size-full wp-image-26703 aligncenter\" src=\"https:\/\/xedop.com\/wp-content\/uploads\/2025\/06\/xe-dap-giant-2025-propel-adv-pro-0-di2-7520-4.jpg\" sizes=\"(max-width: 1100px) 100vw, 1100px\" srcset=\"https:\/\/xedop.com\/wp-content\/uploads\/2025\/06\/xe-dap-giant-2025-propel-adv-pro-0-di2-7520-4.jpg 1100w, https:\/\/giantvietnam.vn\/wp-content\/uploads\/2024\/02\/1-GIANT-KT-XS-XL-1100x280-1-768x195.jpg 768w, https:\/\/giantvietnam.vn\/wp-content\/uploads\/2024\/02\/1-GIANT-KT-XS-XL-1100x280-1-600x153.jpg 600w\" alt=\"\" width=\"1100\" height=\"280\" \/><img loading=\"lazy\" decoding=\"async\" class=\"size-full wp-image-26704 aligncenter\" src=\"https:\/\/xedop.com\/wp-content\/uploads\/2025\/06\/xe-dap-giant-2025-propel-adv-pro-0-di2-7520-5.jpg\" sizes=\"(max-width: 1100px) 100vw, 1100px\" srcset=\"https:\/\/xedop.com\/wp-content\/uploads\/2025\/06\/xe-dap-giant-2025-propel-adv-pro-0-di2-7520-5.jpg 1100w, https:\/\/giantvietnam.vn\/wp-content\/uploads\/2024\/02\/2-GIANT-KT-KHUNG-XE-1100x500-1-768x349.jpg 768w, https:\/\/giantvietnam.vn\/wp-content\/uploads\/2024\/02\/2-GIANT-KT-KHUNG-XE-1100x500-1-600x273.jpg 600w\" alt=\"\" width=\"1100\" height=\"500\" \/><img loading=\"lazy\" decoding=\"async\" class=\"size-full wp-image-26705 aligncenter\" src=\"https:\/\/xedop.com\/wp-content\/uploads\/2025\/06\/xe-dap-giant-2025-propel-adv-pro-0-di2-7520-6.jpg\" sizes=\"(max-width: 1100px) 100vw, 1100px\" srcset=\"https:\/\/xedop.com\/wp-content\/uploads\/2025\/06\/xe-dap-giant-2025-propel-adv-pro-0-di2-7520-6.jpg 1100w, https:\/\/giantvietnam.vn\/wp-content\/uploads\/2024\/02\/3-GIANT-KT-CHI-TIET-1100X700-768x489.jpg 768w, https:\/\/giantvietnam.vn\/wp-content\/uploads\/2024\/02\/3-GIANT-KT-CHI-TIET-1100X700-600x382.jpg 600w\" alt=\"\" width=\"1100\" height=\"700\" \/><\/strong><\/em><\/p>\n<p>Tham kh\u1ea3o th\u00eam c\u00e1c d\u00f2ng\u00a0<strong>xe \u0111\u1ea1p \u0111\u01b0\u1eddng tr\u01b0\u1eddng<\/strong>\u00a0kh\u00e1c, d\u00f2ng\u00a0<strong>xe \u0111\u1ea1p LIV<\/strong>\u00a0d\u00e0nh ri\u00eang cho ph\u00e1i n\u1eef, d\u00f2ng\u00a0<strong>xe \u0111\u1ea1p th\u1eddi trang Momentum<\/strong><\/p>\n<\/div>\n<\/div>\n<\/div>\n<div>\n<div>\n<h2>C\u00f4ng ngh\u1ec7 &amp; t\u00ednh n\u0103ng<\/h2>\n<div>\n<div>\n<div><img decoding=\"async\" src=\"https:\/\/xedop.com\/wp-content\/uploads\/2025\/06\/xe-dap-giant-2025-propel-adv-pro-0-di2-7520-7.jpg\" \/><\/div>\n<div>\n<div>\n<div>\n<div>\n<figure id=\"attachment_10387\" class=\"wp-caption alignnone\" aria-describedby=\"caption-attachment-10387\"><img loading=\"lazy\" decoding=\"async\" class=\"size-medium wp-image-10387\" src=\"https:\/\/xedop.com\/wp-content\/uploads\/2025\/06\/xe-dap-giant-2025-propel-adv-pro-0-di2-7520-8.jpg\" sizes=\"(max-width: 800px) 100vw, 800px\" srcset=\"https:\/\/xedop.com\/wp-content\/uploads\/2025\/06\/xe-dap-giant-2025-propel-adv-pro-0-di2-7520-8.jpg 800w, https:\/\/giantvietnam.vn\/wp-content\/uploads\/2021\/12\/AdvancedComposite_1507879667-768x230.jpg 768w, https:\/\/giantvietnam.vn\/wp-content\/uploads\/2021\/12\/AdvancedComposite_1507879667-600x180.jpg 600w, https:\/\/giantvietnam.vn\/wp-content\/uploads\/2021\/12\/AdvancedComposite_1507879667.jpg 1000w\" alt=\"\" width=\"800\" height=\"240\" \/><figcaption id=\"caption-attachment-10387\" class=\"wp-caption-text\"><\/figcaption><\/figure>\n<\/div>\n<\/div>\n<\/div>\n<\/div>\n<\/div>\n<div>\n<div><img decoding=\"async\" src=\"https:\/\/xedop.com\/wp-content\/uploads\/2025\/06\/xe-dap-giant-2025-propel-adv-pro-0-di2-7520-9.jpg\" \/><\/div>\n<div>\n<div>\n<div>\n<div>\n<figure id=\"attachment_10392\" class=\"wp-caption alignnone\" aria-describedby=\"caption-attachment-10392\"><img loading=\"lazy\" decoding=\"async\" class=\"size-medium wp-image-10392\" src=\"https:\/\/xedop.com\/wp-content\/uploads\/2025\/06\/xe-dap-giant-2025-propel-adv-pro-0-di2-7520-10.jpg\" sizes=\"(max-width: 800px) 100vw, 800px\" srcset=\"https:\/\/xedop.com\/wp-content\/uploads\/2025\/06\/xe-dap-giant-2025-propel-adv-pro-0-di2-7520-10.jpg 800w, https:\/\/giantvietnam.vn\/wp-content\/uploads\/2021\/12\/AeroSystem_1508354631-768x230.jpg 768w, https:\/\/giantvietnam.vn\/wp-content\/uploads\/2021\/12\/AeroSystem_1508354631-600x180.jpg 600w, https:\/\/giantvietnam.vn\/wp-content\/uploads\/2021\/12\/AeroSystem_1508354631.jpg 1000w\" alt=\"\" width=\"800\" height=\"240\" \/><figcaption id=\"caption-attachment-10392\" class=\"wp-caption-text\"><\/figcaption><\/figure>\n<\/div>\n<\/div>\n<\/div>\n<\/div>\n<\/div>\n<div>\n<div><img decoding=\"async\" src=\"https:\/\/xedop.com\/wp-content\/uploads\/2025\/06\/xe-dap-giant-2025-propel-adv-pro-0-di2-7520-11.jpg\" \/><\/div>\n<div>\n<div>\n<div>\n<div>\n<figure id=\"attachment_21294\" class=\"wp-caption alignnone\" aria-describedby=\"caption-attachment-21294\"><img loading=\"lazy\" decoding=\"async\" class=\"size-full wp-image-21294\" src=\"https:\/\/xedop.com\/wp-content\/uploads\/2025\/06\/xe-dap-giant-2025-propel-adv-pro-0-di2-7520-12.jpg\" sizes=\"(max-width: 1000px) 100vw, 1000px\" srcset=\"https:\/\/xedop.com\/wp-content\/uploads\/2025\/06\/xe-dap-giant-2025-propel-adv-pro-0-di2-7520-12.jpg 1000w, https:\/\/giantvietnam.vn\/wp-content\/uploads\/2023\/03\/overdrive_aero_1660334366-1-768x230.jpg 768w, https:\/\/giantvietnam.vn\/wp-content\/uploads\/2023\/03\/overdrive_aero_1660334366-1-600x180.jpg 600w\" alt=\"\" width=\"1000\" height=\"300\" \/><figcaption id=\"caption-attachment-21294\" class=\"wp-caption-text\"><\/figcaption><\/figure>\n<\/div>\n<\/div>\n<\/div>\n<\/div>\n<\/div>\n<div>\n<div><img decoding=\"async\" src=\"https:\/\/xedop.com\/wp-content\/uploads\/2025\/06\/xe-dap-giant-2025-propel-adv-pro-0-di2-7520-13.jpg\" \/><\/div>\n<div>\n<div>\n<div>\n<div>\n<figure id=\"attachment_17344\" class=\"wp-caption alignnone\" aria-describedby=\"caption-attachment-17344\"><img loading=\"lazy\" decoding=\"async\" class=\"size-medium wp-image-17344\" src=\"https:\/\/xedop.com\/wp-content\/uploads\/2025\/06\/xe-dap-giant-2025-propel-adv-pro-0-di2-7520-14.jpg\" sizes=\"(max-width: 800px) 100vw, 800px\" srcset=\"https:\/\/xedop.com\/wp-content\/uploads\/2025\/06\/xe-dap-giant-2025-propel-adv-pro-0-di2-7520-14.jpg 800w, https:\/\/giantvietnam.vn\/wp-content\/uploads\/2022\/06\/TubelessSystem2_1570664117-768x230.jpg 768w, https:\/\/giantvietnam.vn\/wp-content\/uploads\/2022\/06\/TubelessSystem2_1570664117-600x180.jpg 600w, https:\/\/giantvietnam.vn\/wp-content\/uploads\/2022\/06\/TubelessSystem2_1570664117.jpg 1000w\" alt=\"\" width=\"800\" height=\"240\" \/><figcaption id=\"caption-attachment-17344\" class=\"wp-caption-text\"><\/figcaption><\/figure>\n<\/div>\n<\/div>\n<\/div>\n<\/div>\n<\/div>\n<div>\n<div><img decoding=\"async\" src=\"https:\/\/xedop.com\/wp-content\/uploads\/2025\/06\/xe-dap-giant-2025-propel-adv-pro-0-di2-7520-15.jpg\" \/><\/div>\n<div>\n<div>\n<div>\n<div>\n<figure id=\"attachment_27947\" class=\"wp-caption alignnone\" aria-describedby=\"caption-attachment-27947\"><img loading=\"lazy\" decoding=\"async\" class=\"wp-image-27947 size-full\" src=\"https:\/\/xedop.com\/wp-content\/uploads\/2025\/06\/xe-dap-giant-2025-propel-adv-pro-0-di2-7520-16.jpg\" sizes=\"(max-width: 1000px) 100vw, 1000px\" srcset=\"https:\/\/xedop.com\/wp-content\/uploads\/2025\/06\/xe-dap-giant-2025-propel-adv-pro-0-di2-7520-16.jpg 1000w, https:\/\/giantvietnam.vn\/wp-content\/uploads\/2024\/08\/Power-Pro-768x230.jpg 768w, https:\/\/giantvietnam.vn\/wp-content\/uploads\/2024\/08\/Power-Pro-600x180.jpg 600w\" alt=\"\" width=\"1000\" height=\"300\" \/><figcaption id=\"caption-attachment-27947\" class=\"wp-caption-text\"><\/figcaption><\/figure>\n<\/div>\n<\/div>\n<\/div>\n<\/div>\n<\/div>\n<\/div>\n<\/div>\n<\/div>\n<div><\/div>\n<div>\n<div>\n<div>\n<div>\n<div>\n<h4>KHUNG<\/h4>\n<p>K\u00edch c\u1ee1\/Sizes:XS, S<\/p>\n<p>M\u00e0u s\u1eafc\/Colors:Xanh, Xanh \u0110\u1eadm<\/p>\n<p>Ch\u1ea5t li\u1ec7u khung\/Frame:Advanced-Grade Composite, 12x142mm thru-axle, disc<\/p>\n<p>Phu\u1ed9c\/Fork:Advanced SL-Grade Composite, full-composite OverDrive Aero steerer, 12x100mm thru-axle, disc<\/p>\n<p>Gi\u1ea3m x\u00f3c\/Shock:N\/A<\/p>\n<h4>H\u00ca\u0323 TH\u00d4\u0301NG BA\u0301NH XE<\/h4>\n<p>V\u00e0nh xe\/Rims:GIANT SLR 1 50 Carbon Disc WheelSystem<\/p>\n<p>Moay \u01a1\/Hubs:GIANT Low Friction Hub, CenterLock, [R] GIANT Low Friction Hub, 30t ratchet driver, CenterLock, 12mm thru-axle<\/p>\n<p>Nan hoa\/Spokes:Sapim<\/p>\n<p>L\u1ed1p xe\/Tires:CADEX Race, tubeless, 700x25c (26.5mm), folding<\/p>\n<h4>KHA\u0301C<\/h4>\n<p>Th\u00eam\/Extras:M\u1ed9t s\u1ed1 linh ki\u1ec7n c\u00f3 th\u1ec3 thay th\u1ebf lo\u1ea1i t\u01b0\u01a1ng \u0111\u01b0\u01a1ng<\/p>\n<\/div>\n<div>\n<h4>CA\u0301C B\u00d4\u0323 PH\u00c2\u0323N<\/h4>\n<p>Ghi \u0111\u00f4ng\/Handlebar:GIANT Contact SLR Aero<\/p>\n<p>P\u00f4 t\u0103ng\/Stem:GIANT Contact SL Aero<\/p>\n<p>C\u1ecdc y\u00ean\/Seatpost:GIANT Vector, composite<\/p>\n<p>Y\u00ean\/Saddle:GIANT Fleet SL<\/p>\n<p>Ba\u0300n \u0111a\u0323p\/Pedals:N\/A<\/p>\n<h4>B\u00d4\u0323 TRUY\u00ca\u0300N \u0110\u00d4\u0323NG<\/h4>\n<p>Tay \u0111\u1ec1\/Shifters:SHIMANO ULTEGRA Di2 ST-R8170<\/p>\n<p>B\u1ed9 chuy\u1ec3n \u0111\u1ec1 tr\u01b0\u1edbc\/Front Derailleur:SHIMANO ULTEGRA Di2 FD-R8150<\/p>\n<p>B\u1ed9 chuy\u1ec3n \u0111\u1ec1 sau\/Rear Derailleur:SHIMANO ULTEGRA Di2 RD-R8150<\/p>\n<p>Phanh\/Brakes:SHIMANO ULTEGRA Di2 hydraulic, Shimano RT-CL800 rotors<\/p>\n<p>Tay phanh\/Brake Levers:SHIMANO ULTEGRA Di2 hydraulic<\/p>\n<p>L\u00edp\/Cassette:SHIMANO ULTEGRA, 12s, 11x30T<\/p>\n<p>X\u00edch\/Chain:SHIMANO ULTEGRA, CN-M8100<\/p>\n<p>\u0110\u00f9i \u0111\u0129a\/Crankset:SHIMANO ULTEGRA, 36\/52T<\/p>\n<\/div>\n<\/div>\n<\/div>\n<\/div>\n<\/div>\n","protected":false},"excerpt":{"rendered":"<p>Xe \u0111\u1ea1p \u0111ua \u0111\u01b0\u1eddng tr\u01b0\u1eddng\u00a0cao c\u1ea5p v\u1edbi chi\u1ebfn th\u1eafng trong c\u00e1c cu\u1ed9c \u0111ua \u0111\u1ea1p xe, hi\u1ec7u su\u1ea5t t\u0103ng t\u1ed1c khi \u0111\u1ea1p xe n\u01b0\u1edbc r\u00fat t\u1ed1t nh\u1ea5t.\u00a0GIANT<span class=\"excerpt-hellip\"> [\u2026]<\/span><\/p>\n","protected":false},"featured_media":9799,"comment_status":"closed","ping_status":"closed","template":"","meta":[],"product_cat":[71],"product_tag":[],"class_list":["post-7520","product","type-product","status-publish","has-post-thumbnail","hentry","product_cat-xe-dap-dua-duong-truong"],"_links":{"self":[{"href":"https:\/\/xedop.com\/en\/wp-json\/wp\/v2\/product\/7520","targetHints":{"allow":["GET"]}}],"collection":[{"href":"https:\/\/xedop.com\/en\/wp-json\/wp\/v2\/product"}],"about":[{"href":"https:\/\/xedop.com\/en\/wp-json\/wp\/v2\/types\/product"}],"replies":[{"embeddable":true,"href":"https:\/\/xedop.com\/en\/wp-json\/wp\/v2\/comments?post=7520"}],"version-history":[{"count":1,"href":"https:\/\/xedop.com\/en\/wp-json\/wp\/v2\/product\/7520\/revisions"}],"predecessor-version":[{"id":7559,"href":"https:\/\/xedop.com\/en\/wp-json\/wp\/v2\/product\/7520\/revisions\/7559"}],"wp:featuredmedia":[{"embeddable":true,"href":"https:\/\/xedop.com\/en\/wp-json\/wp\/v2\/media\/9799"}],"wp:attachment":[{"href":"https:\/\/xedop.com\/en\/wp-json\/wp\/v2\/media?parent=7520"}],"wp:term":[{"taxonomy":"product_cat","embeddable":true,"href":"https:\/\/xedop.com\/en\/wp-json\/wp\/v2\/product_cat?post=7520"},{"taxonomy":"product_tag","embeddable":true,"href":"https:\/\/xedop.com\/en\/wp-json\/wp\/v2\/product_tag?post=7520"}],"curies":[{"name":"wp","href":"https:\/\/api.w.org\/{rel}","templated":true}]}}