{"id":7794,"date":"2026-04-21T11:42:49","date_gmt":"2026-04-21T04:42:49","guid":{"rendered":"https:\/\/xedop.com\/?post_type=product&#038;p=7794"},"modified":"2026-04-21T16:16:03","modified_gmt":"2026-04-21T09:16:03","slug":"xe-dap-giant-2026-pcr-ltd-3","status":"publish","type":"product","link":"https:\/\/xedop.com\/en\/san-pham\/xe-dap-giant-2026-pcr-ltd-3\/","title":{"rendered":"Xe \u0111\u1ea1p GIANT 2026 PCR LTD 3"},"content":{"rendered":"<div>\n<div>\n<div>\n<figure id=\"attachment_29191\" class=\"wp-caption aligncenter\" aria-describedby=\"caption-attachment-29191\"><img fetchpriority=\"high\" decoding=\"async\" class=\"wp-image-29191 size-full\" src=\"https:\/\/xedop.com\/wp-content\/uploads\/2025\/06\/xe-dap-giant-2026-pcr-ltd-3-7794.jpg\" sizes=\"(max-width: 1100px) 100vw, 1100px\" srcset=\"https:\/\/xedop.com\/wp-content\/uploads\/2025\/06\/xe-dap-giant-2026-pcr-ltd-3-7794.jpg 1100w, https:\/\/giantvietnam.vn\/wp-content\/uploads\/2025\/03\/GIANT-2026-PCR-LTD-3-768x325.jpg 768w, https:\/\/giantvietnam.vn\/wp-content\/uploads\/2025\/03\/GIANT-2026-PCR-LTD-3-600x254.jpg 600w\" alt=\"\" width=\"1100\" height=\"466\" \/><figcaption id=\"caption-attachment-29191\" class=\"wp-caption-text\"><strong>Xe \u0111\u1ea1p \u0111\u01b0\u1eddng tr\u01b0\u1eddng\u00a0GIANT 2026 PCR LTD 3<\/strong>\u00a0\u0111\u1eddi m\u1edbi dung h\u1ee3p A (kh\u00ed \u0111\u1ed9ng l\u1ef1c h\u1ecdc AERO), C (leo d\u1ed1c), E (s\u1ee9c b\u1ec1n), \u0111\u01a1n gi\u1ea3n m\u00e0 hi\u1ec7u qu\u1ea3 cao. Xe nh\u1eb9 h\u01a1n, k\u1ebft h\u1ee3p phanh \u0111\u0129a d\u1ea7u gi\u1ea5u d\u00e2y CD c\u00f9ng \u0111i d\u00e2y \u00e2m OverDrive, \u0111em l\u1ea1i tr\u1ea3i nghi\u1ec7m ho\u00e0n to\u00e0n m\u1edbi.<\/figcaption><\/figure>\n<p>&nbsp;<\/p>\n<figure id=\"attachment_29192\" class=\"wp-caption aligncenter\" aria-describedby=\"caption-attachment-29192\"><img decoding=\"async\" class=\"wp-image-29192 size-full\" src=\"https:\/\/xedop.com\/wp-content\/uploads\/2025\/06\/xe-dap-giant-2026-pcr-ltd-3-7794-1.jpg\" sizes=\"(max-width: 1100px) 100vw, 1100px\" srcset=\"https:\/\/xedop.com\/wp-content\/uploads\/2025\/06\/xe-dap-giant-2026-pcr-ltd-3-7794-1.jpg 1100w, https:\/\/giantvietnam.vn\/wp-content\/uploads\/2025\/03\/GIANT-2026-PCR-LTD-3-1-768x419.jpg 768w, https:\/\/giantvietnam.vn\/wp-content\/uploads\/2025\/03\/GIANT-2026-PCR-LTD-3-1-600x327.jpg 600w\" alt=\"\" width=\"1100\" height=\"600\" \/><figcaption id=\"caption-attachment-29192\" class=\"wp-caption-text\">Khung xe GIANT ALUXX SL si\u00eau nh\u1eb9, c\u1ee1 XS nh\u1eb9 h\u01a1n 152g so v\u1edbi b\u1ea3n 2025. Khung xe x\u1eed l\u00fd h\u00e0n Smooth, b\u1ec1 m\u1eb7t g\u1ea7n t\u1ef1a khung carbon. \u01afu vi\u1ec7t h\u00f3a b\u1ed9 \u0111\u1ea7u xe kh\u00f4ng kh\u00ed \u0111\u1ed9ng l\u1ef1c h\u1ecdc. Phu\u1ed9c GIANT Advanced (carbon) k\u1ebft h\u1ee3p h\u1ec7 th\u1ed1ng \u0111i d\u00e2y \u00e2m to\u00e0n xe OverDrive Steerer.<\/figcaption><\/figure>\n<p><img decoding=\"async\" class=\"size-full wp-image-29193 aligncenter\" src=\"https:\/\/xedop.com\/wp-content\/uploads\/2025\/06\/xe-dap-giant-2026-pcr-ltd-3-7794-2.jpg\" sizes=\"(max-width: 1100px) 100vw, 1100px\" srcset=\"https:\/\/xedop.com\/wp-content\/uploads\/2025\/06\/xe-dap-giant-2026-pcr-ltd-3-7794-2.jpg 1100w, https:\/\/giantvietnam.vn\/wp-content\/uploads\/2025\/03\/GIANT-2026-PCR-LTD-3-2-768x419.jpg 768w, https:\/\/giantvietnam.vn\/wp-content\/uploads\/2025\/03\/GIANT-2026-PCR-LTD-3-2-600x327.jpg 600w\" alt=\"\" width=\"1100\" height=\"600\" \/><\/p>\n<figure id=\"attachment_29003\" class=\"wp-caption aligncenter\" aria-describedby=\"caption-attachment-29003\"><img loading=\"lazy\" decoding=\"async\" class=\"wp-image-29003 size-full\" src=\"https:\/\/xedop.com\/wp-content\/uploads\/2025\/06\/xe-dap-giant-2026-pcr-ltd-3-7794-3.jpg\" sizes=\"(max-width: 1100px) 100vw, 1100px\" srcset=\"https:\/\/xedop.com\/wp-content\/uploads\/2025\/06\/xe-dap-giant-2026-pcr-ltd-3-7794-3.jpg 1100w, https:\/\/giantvietnam.vn\/wp-content\/uploads\/2025\/03\/GIANT-2026-PCR-PTD-1-3-768x248.jpg 768w, https:\/\/giantvietnam.vn\/wp-content\/uploads\/2025\/03\/GIANT-2026-PCR-PTD-1-3-600x194.jpg 600w\" alt=\"\" width=\"1100\" height=\"355\" \/><figcaption id=\"caption-attachment-29003\" class=\"wp-caption-text\"><em>Ghi \u0111\u00f4ng li\u1ec1n kh\u1ed1i<\/em>\u00a0h\u1ee3p kim nh\u00f4m GIANT Contact SL si\u00eau nh\u1eb9. Thi\u1ebft k\u1ebf ki\u1ec3u m\u1edbi ngo\u1ea1i quan \u0111\u01a1n gi\u1ea3n nh\u01b0ng th\u1ef1c d\u1ee5ng ph\u00f9 h\u1ee3p v\u1edbi kh\u00f4ng kh\u00ed \u0111\u1ed9ng l\u1ef1c h\u1ecdc. \u0110i\u1ec1u khi\u1ec3n \u1ed5n \u0111\u1ecbnh h\u01a1n.<\/figcaption><\/figure>\n<p>&nbsp;<\/p>\n<figure id=\"attachment_29059\" class=\"wp-caption aligncenter\" aria-describedby=\"caption-attachment-29059\"><img loading=\"lazy\" decoding=\"async\" class=\"wp-image-29059 size-full\" src=\"https:\/\/xedop.com\/wp-content\/uploads\/2025\/06\/xe-dap-giant-2026-pcr-ltd-3-7794-4.jpg\" sizes=\"(max-width: 1100px) 100vw, 1100px\" srcset=\"https:\/\/xedop.com\/wp-content\/uploads\/2025\/06\/xe-dap-giant-2026-pcr-ltd-3-7794-4.jpg 1100w, https:\/\/giantvietnam.vn\/wp-content\/uploads\/2025\/03\/GIANT-2026-PCR-LTD-2-3-768x419.jpg 768w, https:\/\/giantvietnam.vn\/wp-content\/uploads\/2025\/03\/GIANT-2026-PCR-LTD-2-3-600x327.jpg 600w\" alt=\"\" width=\"1100\" height=\"600\" \/><figcaption id=\"caption-attachment-29059\" class=\"wp-caption-text\">H\u1ec7 th\u1ed1ng \u0111i d\u00e2y \u00e2m khung to\u00e0n xe GIANT OverDrive Steerer. H\u1ec7 th\u1ed1ng phanh \u0111\u0129a d\u1ea7u Conduct Disc gi\u1ea5u d\u00e2y th\u1ebf h\u1ec7 th\u1ee9 2. Ngo\u1ea1i quan \u0111\u01a1n gi\u1ea3n, \u01b0u h\u00f3a t\u00ednh n\u0103ng<\/figcaption><\/figure>\n<p>&nbsp;<\/p>\n<figure id=\"attachment_29197\" class=\"wp-caption aligncenter\" aria-describedby=\"caption-attachment-29197\"><img loading=\"lazy\" decoding=\"async\" class=\"wp-image-29197 size-full\" src=\"https:\/\/xedop.com\/wp-content\/uploads\/2025\/06\/xe-dap-giant-2026-pcr-ltd-3-7794-5.jpg\" sizes=\"(max-width: 1100px) 100vw, 1100px\" srcset=\"https:\/\/xedop.com\/wp-content\/uploads\/2025\/06\/xe-dap-giant-2026-pcr-ltd-3-7794-5.jpg 1100w, https:\/\/giantvietnam.vn\/wp-content\/uploads\/2025\/03\/GIANT-2026-PCR-LTD-3-4-768x384.jpg 768w, https:\/\/giantvietnam.vn\/wp-content\/uploads\/2025\/03\/GIANT-2026-PCR-LTD-3-4-600x300.jpg 600w\" alt=\"\" width=\"1100\" height=\"550\" \/><figcaption id=\"caption-attachment-29197\" class=\"wp-caption-text\">C\u1ecdc y\u00ean D-FUSE thi\u1ebft k\u1ebf chuy\u00ean d\u1ee5ng \u0111\u1ec3 gi\u1ea3m ch\u1ea5n, t\u0103ng \u0111\u1ed9 tho\u1ea3i m\u00e1i h\u01a1n 21,9% so v\u1edbi \u0111\u1eddi tr\u01b0\u1edbc.<\/figcaption><\/figure>\n<figure id=\"attachment_29198\" class=\"wp-caption aligncenter\" aria-describedby=\"caption-attachment-29198\"><img loading=\"lazy\" decoding=\"async\" class=\"wp-image-29198 size-full\" src=\"https:\/\/xedop.com\/wp-content\/uploads\/2025\/06\/xe-dap-giant-2026-pcr-ltd-3-7794-6.jpg\" sizes=\"(max-width: 1100px) 100vw, 1100px\" srcset=\"https:\/\/xedop.com\/wp-content\/uploads\/2025\/06\/xe-dap-giant-2026-pcr-ltd-3-7794-6.jpg 1100w, https:\/\/giantvietnam.vn\/wp-content\/uploads\/2025\/03\/GIANT-2026-PCR-LTD-3-5-768x384.jpg 768w, https:\/\/giantvietnam.vn\/wp-content\/uploads\/2025\/03\/GIANT-2026-PCR-LTD-3-5-600x300.jpg 600w\" alt=\"\" width=\"1100\" height=\"550\" \/><figcaption id=\"caption-attachment-29198\" class=\"wp-caption-text\">B\u1ed9 v\u00e0nh kh\u00ed \u0111\u1ed9ng, tr\u01a1n tru m\u01b0\u1ee3t m\u00e0. PCR LTD 3 s\u1eed d\u1ee5ng v\u00e0nh h\u1ee3p kim nh\u00f4m ALP cao 30mm, tr\u1ee5c th\u00e1o m\u1edf nhanh 12mm nh\u1eb9 h\u01a1n \u0111\u1eddi tr\u01b0\u1edbc 150g. L\u1ed1p GIANT SR1 700x28C ch\u1ed1ng xuy\u00ean t\u1ed1t (t\u01b0\u01a1ng th\u00edch l\u1ed1p c\u1ee1 l\u1edbn nh\u1ea5t l\u00e0 32C)<\/figcaption><\/figure>\n<figure id=\"attachment_29008\" class=\"wp-caption aligncenter\" aria-describedby=\"caption-attachment-29008\"><img loading=\"lazy\" decoding=\"async\" class=\"wp-image-29008 size-full\" src=\"https:\/\/xedop.com\/wp-content\/uploads\/2025\/06\/xe-dap-giant-2026-pcr-ltd-3-7794-7.jpg\" sizes=\"(max-width: 1100px) 100vw, 1100px\" srcset=\"https:\/\/xedop.com\/wp-content\/uploads\/2025\/06\/xe-dap-giant-2026-pcr-ltd-3-7794-7.jpg 1100w, https:\/\/giantvietnam.vn\/wp-content\/uploads\/2025\/03\/GIANT-2026-PCR-PTD-1-8-768x240.jpg 768w, https:\/\/giantvietnam.vn\/wp-content\/uploads\/2025\/03\/GIANT-2026-PCR-PTD-1-8-600x188.jpg 600w\" alt=\"\" width=\"1100\" height=\"344\" \/><figcaption id=\"caption-attachment-29008\" class=\"wp-caption-text\">Y\u00ean xe Road, GIANT GRIT CORE r\u1ed9ng 145mm c\u00f4ng n\u0103ng t\u01b0\u01a1ng \u0111\u01b0\u01a1ng y\u00ean CADEX AMP<\/figcaption><\/figure>\n<figure id=\"attachment_29199\" class=\"wp-caption aligncenter\" aria-describedby=\"caption-attachment-29199\"><img loading=\"lazy\" decoding=\"async\" class=\"wp-image-29199 size-full\" src=\"https:\/\/xedop.com\/wp-content\/uploads\/2025\/06\/xe-dap-giant-2026-pcr-ltd-3-7794-8.jpg\" sizes=\"(max-width: 1100px) 100vw, 1100px\" srcset=\"https:\/\/xedop.com\/wp-content\/uploads\/2025\/06\/xe-dap-giant-2026-pcr-ltd-3-7794-8.jpg 1100w, https:\/\/giantvietnam.vn\/wp-content\/uploads\/2025\/03\/GIANT-2026-PCR-LTD-3-6-768x384.jpg 768w, https:\/\/giantvietnam.vn\/wp-content\/uploads\/2025\/03\/GIANT-2026-PCR-LTD-3-6-600x300.jpg 600w\" alt=\"\" width=\"1100\" height=\"550\" \/><figcaption id=\"caption-attachment-29199\" class=\"wp-caption-text\">H\u1ec7 th\u1ed1ng chuy\u1ec3n \u0111\u1ec1\u00a0<strong>SHIMANO SORA<\/strong>\u00a02x9S. Thi\u1ebft k\u1ebf v\u1edbi nhi\u1ec1u l\u1ef1a ch\u1ecdn t\u1ed1c \u0111\u1ed9 kh\u00e1c nhau, chuy\u1ec3n \u0111\u1ec1 m\u01b0\u1ee3t m\u00e0 kh\u00f4ng lo \u00e2u<\/figcaption><\/figure>\n<figure id=\"attachment_29200\" class=\"wp-caption aligncenter\" aria-describedby=\"caption-attachment-29200\"><img loading=\"lazy\" decoding=\"async\" class=\"wp-image-29200 size-full\" src=\"https:\/\/xedop.com\/wp-content\/uploads\/2025\/06\/xe-dap-giant-2026-pcr-ltd-3-7794-9.jpg\" sizes=\"(max-width: 1100px) 100vw, 1100px\" srcset=\"https:\/\/xedop.com\/wp-content\/uploads\/2025\/06\/xe-dap-giant-2026-pcr-ltd-3-7794-9.jpg 1100w, https:\/\/giantvietnam.vn\/wp-content\/uploads\/2025\/03\/GIANT-2026-PCR-LTD-3-7-768x370.jpg 768w, https:\/\/giantvietnam.vn\/wp-content\/uploads\/2025\/03\/GIANT-2026-PCR-LTD-3-7-600x289.jpg 600w\" alt=\"\" width=\"1100\" height=\"530\" \/><figcaption id=\"caption-attachment-29200\" class=\"wp-caption-text\">Ph\u1ee5 ki\u1ec7n chuy\u00ean d\u1ee5ng: gi\u00e1 \u0111\u1ed3ng h\u1ed3 chuy\u00ean d\u1ee5ng cho PCR LTD (Mua th\u00eam kh\u00f4ng k\u00e8m theo xe)<\/figcaption><\/figure>\n<p><strong>K\u00cdCH TH\u01af\u1edaC THAM KH\u1ea2O<\/strong><\/p>\n<p><img loading=\"lazy\" decoding=\"async\" class=\"size-full wp-image-29021 aligncenter\" src=\"https:\/\/xedop.com\/wp-content\/uploads\/2025\/06\/xe-dap-giant-2026-pcr-ltd-3-7794-10.jpg\" sizes=\"(max-width: 1100px) 100vw, 1100px\" srcset=\"https:\/\/xedop.com\/wp-content\/uploads\/2025\/06\/xe-dap-giant-2026-pcr-ltd-3-7794-10.jpg 1100w, https:\/\/giantvietnam.vn\/wp-content\/uploads\/2025\/03\/kt-pcr-ltd-768x179.jpg 768w, https:\/\/giantvietnam.vn\/wp-content\/uploads\/2025\/03\/kt-pcr-ltd-600x140.jpg 600w\" alt=\"\" width=\"1100\" height=\"256\" \/><img loading=\"lazy\" decoding=\"async\" class=\"size-medium wp-image-29022 aligncenter\" src=\"https:\/\/xedop.com\/wp-content\/uploads\/2025\/06\/xe-dap-giant-2026-pcr-ltd-3-7794-11.jpg\" sizes=\"(max-width: 1100px) 100vw, 1100px\" srcset=\"https:\/\/xedop.com\/wp-content\/uploads\/2025\/06\/xe-dap-giant-2026-pcr-ltd-3-7794-11.jpg 1100w, https:\/\/giantvietnam.vn\/wp-content\/uploads\/2025\/03\/kt-pcr-ltd-1-768x424.jpg 768w, https:\/\/giantvietnam.vn\/wp-content\/uploads\/2025\/03\/kt-pcr-ltd-1-600x332.jpg 600w\" alt=\"\" width=\"1100\" height=\"608\" \/><img loading=\"lazy\" decoding=\"async\" class=\"size-medium wp-image-29023 aligncenter\" src=\"https:\/\/xedop.com\/wp-content\/uploads\/2025\/06\/xe-dap-giant-2026-pcr-ltd-3-7794-12.jpg\" sizes=\"(max-width: 1100px) 100vw, 1100px\" srcset=\"https:\/\/xedop.com\/wp-content\/uploads\/2025\/06\/xe-dap-giant-2026-pcr-ltd-3-7794-12.jpg 1100w, https:\/\/giantvietnam.vn\/wp-content\/uploads\/2025\/03\/kt-pcr-ltd-2-768x485.jpg 768w, https:\/\/giantvietnam.vn\/wp-content\/uploads\/2025\/03\/kt-pcr-ltd-2-600x379.jpg 600w\" alt=\"\" width=\"1100\" height=\"694\" \/><\/p>\n<\/div>\n<\/div>\n<\/div>\n<div>\n<div>\n<h2>C\u00f4ng ngh\u1ec7 &amp; t\u00ednh n\u0103ng<\/h2>\n<div>\n<div>\n<div><img decoding=\"async\" src=\"https:\/\/xedop.com\/wp-content\/uploads\/2025\/06\/xe-dap-giant-2026-pcr-ltd-3-7794-13.jpg\" \/><\/div>\n<div>\n<div>\n<div>\n<div>\n<figure id=\"attachment_8453\" class=\"wp-caption alignnone\" aria-describedby=\"caption-attachment-8453\"><img loading=\"lazy\" decoding=\"async\" class=\"size-medium wp-image-8453\" src=\"https:\/\/xedop.com\/wp-content\/uploads\/2025\/06\/xe-dap-giant-2026-pcr-ltd-3-7794-14.jpg\" sizes=\"(max-width: 800px) 100vw, 800px\" srcset=\"https:\/\/xedop.com\/wp-content\/uploads\/2025\/06\/xe-dap-giant-2026-pcr-ltd-3-7794-14.jpg 800w, https:\/\/giantvietnam.vn\/wp-content\/uploads\/2021\/09\/aluxx_sl-768x230.jpg 768w, https:\/\/giantvietnam.vn\/wp-content\/uploads\/2021\/09\/aluxx_sl-600x180.jpg 600w, https:\/\/giantvietnam.vn\/wp-content\/uploads\/2021\/09\/aluxx_sl.jpg 1000w\" alt=\"\" width=\"800\" height=\"240\" \/><figcaption id=\"caption-attachment-8453\" class=\"wp-caption-text\"><\/figcaption><\/figure>\n<\/div>\n<\/div>\n<\/div>\n<\/div>\n<\/div>\n<div>\n<div><img decoding=\"async\" src=\"https:\/\/xedop.com\/wp-content\/uploads\/2025\/06\/xe-dap-giant-2026-pcr-ltd-3-7794-15.jpg\" \/><\/div>\n<div>\n<div>\n<div>\n<div>\n<figure id=\"attachment_28043\" class=\"wp-caption alignnone\" aria-describedby=\"caption-attachment-28043\"><img loading=\"lazy\" decoding=\"async\" class=\"size-full wp-image-28043\" src=\"https:\/\/xedop.com\/wp-content\/uploads\/2025\/06\/xe-dap-giant-2026-pcr-ltd-3-7794-16.jpg\" sizes=\"(max-width: 1000px) 100vw, 1000px\" srcset=\"https:\/\/xedop.com\/wp-content\/uploads\/2025\/06\/xe-dap-giant-2026-pcr-ltd-3-7794-16.jpg 1000w, https:\/\/giantvietnam.vn\/wp-content\/uploads\/2024\/08\/overdrive_aero_1709680359-768x230.jpg 768w, https:\/\/giantvietnam.vn\/wp-content\/uploads\/2024\/08\/overdrive_aero_1709680359-600x180.jpg 600w\" alt=\"\" width=\"1000\" height=\"300\" \/><figcaption id=\"caption-attachment-28043\" class=\"wp-caption-text\"><\/figcaption><\/figure>\n<\/div>\n<\/div>\n<\/div>\n<\/div>\n<\/div>\n<div>\n<div><img decoding=\"async\" src=\"https:\/\/xedop.com\/wp-content\/uploads\/2025\/06\/xe-dap-giant-2026-pcr-ltd-3-7794-17.jpg\" \/><\/div>\n<div>\n<div>\n<div>\n<div>\n<figure id=\"attachment_17384\" class=\"wp-caption alignnone\" aria-describedby=\"caption-attachment-17384\"><img loading=\"lazy\" decoding=\"async\" class=\"size-medium wp-image-17384\" src=\"https:\/\/xedop.com\/wp-content\/uploads\/2025\/06\/xe-dap-giant-2026-pcr-ltd-3-7794-18.jpg\" sizes=\"(max-width: 800px) 100vw, 800px\" srcset=\"https:\/\/xedop.com\/wp-content\/uploads\/2025\/06\/xe-dap-giant-2026-pcr-ltd-3-7794-18.jpg 800w, https:\/\/giantvietnam.vn\/wp-content\/uploads\/2022\/06\/d-fuse-tech_1534260096-768x230.jpg 768w, https:\/\/giantvietnam.vn\/wp-content\/uploads\/2022\/06\/d-fuse-tech_1534260096-600x180.jpg 600w, https:\/\/giantvietnam.vn\/wp-content\/uploads\/2022\/06\/d-fuse-tech_1534260096.jpg 1000w\" alt=\"\" width=\"800\" height=\"240\" \/><figcaption id=\"caption-attachment-17384\" class=\"wp-caption-text\"><\/figcaption><\/figure>\n<\/div>\n<\/div>\n<\/div>\n<\/div>\n<\/div>\n<\/div>\n<\/div>\n<\/div>\n<div><\/div>\n<div>\n<div>\n<div>\n<div>\n<div>\n<h4>KHUNG<\/h4>\n<p>K\u00edch c\u1ee1\/Sizes:S, M<\/p>\n<p>M\u00e0u s\u1eafc\/Colors:Ghi, tr\u1eafng<\/p>\n<p>Ch\u1ea5t li\u1ec7u khung\/Frame:GIANT ALUXX SL<\/p>\n<p>Phu\u1ed9c\/Fork:GIANT h\u1ee3p kim nh\u00f4m<\/p>\n<p>Gi\u1ea3m x\u00f3c\/Shock:N\/A<\/p>\n<h4>H\u00ca\u0323 TH\u00d4\u0301NG BA\u0301NH XE<\/h4>\n<p>V\u00e0nh xe\/Rims:H\u1ee3p kim nh\u00f4m, GIANT GL30 Disc,Tubeless ready<\/p>\n<p>Moay \u01a1\/Hubs:H\u1ee3p kim nh\u00f4m GIANT, Peilin<\/p>\n<p>Nan hoa\/Spokes:14G HTSS<\/p>\n<p>L\u1ed1p xe\/Tires:GIANT SR1 700X28C 60TPI<\/p>\n<h4>KHA\u0301C<\/h4>\n<p>Th\u00eam\/Extras:M\u1ed9t s\u1ed1 linh ki\u1ec7n c\u00f3 th\u1ec3 thay \u0111\u1ed5i lo\u1ea1i t\u01b0\u01a1ng \u0111\u01b0\u01a1ng<\/p>\n<\/div>\n<div>\n<h4>CA\u0301C B\u00d4\u0323 PH\u00c2\u0323N<\/h4>\n<p>Ghi \u0111\u00f4ng\/Handlebar:GIANT Contact SL 28.6mm<\/p>\n<p>P\u00f4 t\u0103ng\/Stem:GIANT Contact SL -6\u00b0<\/p>\n<p>C\u1ecdc y\u00ean\/Seatpost:GIANT D-Fuse<\/p>\n<p>Y\u00ean\/Saddle:GIANT GRIT CORE<\/p>\n<p>Ba\u0300n \u0111a\u0323p\/Pedals:C\u00f3 s\u1eb5n<\/p>\n<h4>B\u00d4\u0323 TRUY\u00ca\u0300N \u0110\u00d4\u0323NG<\/h4>\n<p>Tay \u0111\u1ec1\/Shifters:SHIMANO SORA, 2x9s<\/p>\n<p>B\u1ed9 chuy\u1ec3n \u0111\u1ec1 tr\u01b0\u1edbc\/Front Derailleur:SHIMANO SORA, 2s<\/p>\n<p>B\u1ed9 chuy\u1ec3n \u0111\u1ec1 sau\/Rear Derailleur:SHIMANO SORA, 9s<\/p>\n<p>Phanh\/Brakes:\u0110\u0129a d\u1ea7u GIANT CD<\/p>\n<p>Tay phanh\/Brake Levers:SHIMANO SORA<\/p>\n<p>L\u00edp\/Cassette:SHIMANO, 11-34T 9s<\/p>\n<p>X\u00edch\/Chain:KMC 9s<\/p>\n<p>\u0110\u00f9i \u0111\u0129a\/Crankset:H\u1ee3p kim nh\u00f4m 34\/50T<\/p>\n<\/div>\n<\/div>\n<\/div>\n<\/div>\n<\/div>\n","protected":false},"excerpt":{"rendered":"<p>Xe \u0111\u1ea1p \u0111\u01b0\u1eddng tr\u01b0\u1eddng\u00a0GIANT 2026 PCR LTD 3\u00a0\u0111\u1eddi m\u1edbi dung h\u1ee3p A (kh\u00ed \u0111\u1ed9ng l\u1ef1c h\u1ecdc AERO), C (leo d\u1ed1c), E (s\u1ee9c b\u1ec1n), \u0111\u01a1n gi\u1ea3n m\u00e0<span class=\"excerpt-hellip\"> [\u2026]<\/span><\/p>\n","protected":false},"featured_media":9775,"comment_status":"closed","ping_status":"closed","template":"","meta":[],"product_cat":[71],"product_tag":[],"class_list":["post-7794","product","type-product","status-publish","has-post-thumbnail","hentry","product_cat-xe-dap-dua-duong-truong"],"_links":{"self":[{"href":"https:\/\/xedop.com\/en\/wp-json\/wp\/v2\/product\/7794","targetHints":{"allow":["GET"]}}],"collection":[{"href":"https:\/\/xedop.com\/en\/wp-json\/wp\/v2\/product"}],"about":[{"href":"https:\/\/xedop.com\/en\/wp-json\/wp\/v2\/types\/product"}],"replies":[{"embeddable":true,"href":"https:\/\/xedop.com\/en\/wp-json\/wp\/v2\/comments?post=7794"}],"version-history":[{"count":1,"href":"https:\/\/xedop.com\/en\/wp-json\/wp\/v2\/product\/7794\/revisions"}],"predecessor-version":[{"id":7837,"href":"https:\/\/xedop.com\/en\/wp-json\/wp\/v2\/product\/7794\/revisions\/7837"}],"wp:featuredmedia":[{"embeddable":true,"href":"https:\/\/xedop.com\/en\/wp-json\/wp\/v2\/media\/9775"}],"wp:attachment":[{"href":"https:\/\/xedop.com\/en\/wp-json\/wp\/v2\/media?parent=7794"}],"wp:term":[{"taxonomy":"product_cat","embeddable":true,"href":"https:\/\/xedop.com\/en\/wp-json\/wp\/v2\/product_cat?post=7794"},{"taxonomy":"product_tag","embeddable":true,"href":"https:\/\/xedop.com\/en\/wp-json\/wp\/v2\/product_tag?post=7794"}],"curies":[{"name":"wp","href":"https:\/\/api.w.org\/{rel}","templated":true}]}}