{"id":7993,"date":"2025-06-11T15:08:32","date_gmt":"2025-06-11T08:08:32","guid":{"rendered":"https:\/\/xedopcom719.mbws.vn\/?post_type=product&#038;p=7993"},"modified":"2025-06-20T15:31:31","modified_gmt":"2025-06-20T08:31:31","slug":"xe-dap-giant-2024-xtc-800-27-5","status":"publish","type":"product","link":"https:\/\/xedop.com\/en\/san-pham\/xe-dap-giant-2024-xtc-800-27-5\/","title":{"rendered":"Xe \u0111\u1ea1p GIANT 2024 XTC 800 27.5"},"content":{"rendered":"<div>\n<h4>KHUNG<\/h4>\n<p>K\u00edch c\u1ee1\/Sizes:XS, S, M<\/p>\n<p>M\u00e0u s\u1eafc\/Colors:\u0110en, Ghi, R\u00eau<\/p>\n<p>Ch\u1ea5t li\u1ec7u khung\/Frame:Aluxx SL 27.5&#8243; &#8211; H\u1ee3p kim nh\u00f4m nh\u1eb9<\/p>\n<p>Phu\u1ed9c\/Fork:Giant SXC 2<\/p>\n<p>Gi\u1ea3m x\u00f3c\/Shock:-<\/p>\n<h4>H\u00ca\u0323 TH\u00d4\u0301NG BA\u0301NH XE<\/h4>\n<p>V\u00e0nh xe\/Rims:GIANT Pianeta, h\u1ee3p kim nh\u00f4m<\/p>\n<p>Moay \u01a1\/Hubs:H\u1ee3p kim nh\u00f4m<\/p>\n<p>Nan hoa\/Spokes:14G HTSS<\/p>\n<p>L\u1ed1p xe\/Tires:QUICKSAND 27.5 x2.0 30TPI<\/p>\n<h4>KHA\u0301C<\/h4>\n<p>Th\u00eam\/Extras:M\u1ed9t s\u1ed1 linh ki\u1ec7n c\u00f3 th\u1ec3 thay th\u1ebf lo\u1ea1i t\u01b0\u01a1ng \u0111\u01b0\u01a1ng<\/p>\n<\/div>\n<div>\n<h4>CA\u0301C B\u00d4\u0323 PH\u00c2\u0323N<\/h4>\n<p>Ghi \u0111\u00f4ng\/Handlebar:H\u1ee3p kim nh\u00f4m 31.8mm<\/p>\n<p>P\u00f4 t\u0103ng\/Stem:H\u1ee3p kim nh\u00f4m 31.8mm, c\u00f3 th\u1ec3 ng\u1eeda 8 \u0111\u1ed9<\/p>\n<p>C\u1ecdc y\u00ean\/Seatpost:H\u1ee3p kim nh\u00f4m 30.9mm<\/p>\n<p>Y\u00ean\/Saddle:Th\u1ec3 thao<\/p>\n<p>Ba\u0300n \u0111a\u0323p\/Pedals:C\u00f3 s\u1eb5n<\/p>\n<h4>B\u00d4\u0323 TRUY\u00ca\u0300N \u0110\u00d4\u0323NG<\/h4>\n<p>Tay \u0111\u1ec1\/Shifters:Shimano CUES 2x11S<\/p>\n<p>B\u1ed9 chuy\u1ec3n \u0111\u1ec1 tr\u01b0\u1edbc\/Front Derailleur:Shimano CUES 2S<\/p>\n<p>B\u1ed9 chuy\u1ec3n \u0111\u1ec1 sau\/Rear Derailleur:Shimano CUES 11S<\/p>\n<p>Phanh\/Brakes:\u0110\u0129a d\u1ea7u Shimano<\/p>\n<p>Tay phanh\/Brake Levers:Shimano<\/p>\n<p>L\u00edp\/Cassette:Shimano 11-45T 11S<\/p>\n<p>X\u00edch\/Chain:KMC<\/p>\n<p>\u0110\u00f9i \u0111\u0129a\/Crankset:H\u1ee3p kim nh\u00f4m 26\/40T 2-PC<\/p>\n<\/div>\n","protected":false},"excerpt":{"rendered":"<p>KHUNG K\u00edch c\u1ee1\/Sizes:XS, S, M M\u00e0u s\u1eafc\/Colors:\u0110en, Ghi, R\u00eau Ch\u1ea5t li\u1ec7u khung\/Frame:Aluxx SL 27.5&#8243; &#8211; H\u1ee3p kim nh\u00f4m nh\u1eb9 Phu\u1ed9c\/Fork:Giant SXC 2 Gi\u1ea3m x\u00f3c\/Shock:- H\u00ca\u0323 TH\u00d4\u0301NG<span class=\"excerpt-hellip\"> [\u2026]<\/span><\/p>\n","protected":false},"featured_media":9397,"comment_status":"closed","ping_status":"closed","template":"","meta":[],"product_cat":[72],"product_tag":[],"class_list":["post-7993","product","type-product","status-publish","has-post-thumbnail","hentry","product_cat-xe-dap-dia-hinh"],"_links":{"self":[{"href":"https:\/\/xedop.com\/en\/wp-json\/wp\/v2\/product\/7993","targetHints":{"allow":["GET"]}}],"collection":[{"href":"https:\/\/xedop.com\/en\/wp-json\/wp\/v2\/product"}],"about":[{"href":"https:\/\/xedop.com\/en\/wp-json\/wp\/v2\/types\/product"}],"replies":[{"embeddable":true,"href":"https:\/\/xedop.com\/en\/wp-json\/wp\/v2\/comments?post=7993"}],"version-history":[{"count":2,"href":"https:\/\/xedop.com\/en\/wp-json\/wp\/v2\/product\/7993\/revisions"}],"predecessor-version":[{"id":8001,"href":"https:\/\/xedop.com\/en\/wp-json\/wp\/v2\/product\/7993\/revisions\/8001"}],"wp:featuredmedia":[{"embeddable":true,"href":"https:\/\/xedop.com\/en\/wp-json\/wp\/v2\/media\/9397"}],"wp:attachment":[{"href":"https:\/\/xedop.com\/en\/wp-json\/wp\/v2\/media?parent=7993"}],"wp:term":[{"taxonomy":"product_cat","embeddable":true,"href":"https:\/\/xedop.com\/en\/wp-json\/wp\/v2\/product_cat?post=7993"},{"taxonomy":"product_tag","embeddable":true,"href":"https:\/\/xedop.com\/en\/wp-json\/wp\/v2\/product_tag?post=7993"}],"curies":[{"name":"wp","href":"https:\/\/api.w.org\/{rel}","templated":true}]}}